{"id":13643,"date":"2025-01-14T18:54:42","date_gmt":"2025-01-14T16:54:42","guid":{"rendered":"https:\/\/arvutipunkt.ee\/pood\/uncategorized\/asus-intel-i5-16gb-512gb-ssd\/"},"modified":"2025-01-15T14:39:37","modified_gmt":"2025-01-15T12:39:37","slug":"asus-intel-i5-16gb-512gb-ssd","status":"publish","type":"product","link":"https:\/\/arvutipunkt.ee\/ru\/pood\/%d0%bd%d0%be%d1%83%d1%82%d0%b1%d1%83%d0%ba%d0%b8\/asus-intel-i5-16gb-512gb-ssd\/","title":{"rendered":"ASUS VivoBook Series 14&#8243;"},"content":{"rendered":"<table class=\"nsv-table-native is-nsv-table-horizontal ns_b_b\" style=\"height: 772px;\" width=\"702\">\n<tbody class=\"nsv-table-body\">\n<tr class=\"nsv-table-native-row isDraggable\" tabindex=\"-1\">\n<th id=\"nsvTableHeader-0.0\" class=\"nsv-table-cell is-header-cell is-nsv-table-column-scrolled-right nsv-table-cell--odd_row nsv-keyvalue-table-header ns_font_title_7 specification-tab-key_column ns_font_title_7 ns_font_title_6 ns_p_v_4\" title=\"Product Description\" scope=\"row\">\n<div class=\"\">\n<div class=\"\">Produkt<\/div>\n<\/div>\n<\/th>\n<td class=\"nsv-table-cell is-nsv-table-column-scrolled-right nsv-table-cell--odd_row ns_font_details\" headers=\"nsvTableHeader-0.0\">\n<div class=\"ns_m_v_4 ns_p_h_3\">\n<p>ASUS | VivoBook Series | X1404VA | 90NB10I2-M00LB0<\/p>\n<\/div>\n<\/td>\n<\/tr>\n<tr class=\"nsv-table-native-row isDraggable\" tabindex=\"-1\">\n<th id=\"nsvTableHeader-0.1\" class=\"nsv-table-cell is-header-cell is-nsv-table-column-scrolled-right nsv-table-cell--even_row nsv-keyvalue-table-header ns_font_title_7 specification-tab-key_column ns_font_title_7 ns_font_title_6 ns_p_v_4\" title=\"Product Type\" scope=\"row\">\n<div class=\"\">\n<div class=\"\">Produkti T\u00fc\u00fcp<\/div>\n<\/div>\n<\/th>\n<td class=\"nsv-table-cell is-nsv-table-column-scrolled-right nsv-table-cell--even_row ns_font_details\" headers=\"nsvTableHeader-0.1\">\n<div>\n<div class=\"ns_m_v_4 ns_p_h_3\">Notebook<\/div>\n<\/div>\n<\/td>\n<\/tr>\n<tr class=\"nsv-table-native-row isDraggable\" tabindex=\"-1\">\n<th id=\"nsvTableHeader-0.2\" class=\"nsv-table-cell is-header-cell is-nsv-table-column-scrolled-right nsv-table-cell--odd_row nsv-keyvalue-table-header ns_font_title_7 specification-tab-key_column ns_font_title_7 ns_font_title_6 ns_p_v_4\" title=\"Operating System\" scope=\"row\">\n<div class=\"\">\n<div class=\"\">OS<\/div>\n<\/div>\n<\/th>\n<td class=\"nsv-table-cell is-nsv-table-column-scrolled-right nsv-table-cell--odd_row ns_font_details\" headers=\"nsvTableHeader-0.2\">\n<div>\n<div class=\"ns_m_v_4 ns_p_h_3\">Win 11 Home<\/div>\n<\/div>\n<\/td>\n<\/tr>\n<tr class=\"nsv-table-native-row isDraggable\" tabindex=\"-1\">\n<th id=\"nsvTableHeader-0.3\" class=\"nsv-table-cell is-header-cell is-nsv-table-column-scrolled-right nsv-table-cell--even_row nsv-keyvalue-table-header ns_font_title_7 specification-tab-key_column ns_font_title_7 ns_font_title_6 ns_p_v_4\" title=\"Processor\" scope=\"row\">\n<div class=\"\">\n<div class=\"\">Protsessor<\/div>\n<\/div>\n<\/th>\n<td class=\"nsv-table-cell is-nsv-table-column-scrolled-right nsv-table-cell--even_row ns_font_details\" headers=\"nsvTableHeader-0.3\">\n<div class=\"ns_m_v_4 ns_p_h_3\">Intel Core\u2122 i5-1335U\u00a012M cache, up to 4.60 GHz<\/div>\n<\/td>\n<\/tr>\n<tr class=\"nsv-table-native-row isDraggable\" tabindex=\"-1\">\n<th id=\"nsvTableHeader-0.4\" class=\"nsv-table-cell is-header-cell is-nsv-table-column-scrolled-right nsv-table-cell--odd_row nsv-keyvalue-table-header ns_font_title_7 specification-tab-key_column ns_font_title_7 ns_font_title_6 ns_p_v_4\" title=\"Memory\" scope=\"row\">\n<div class=\"\">\n<div class=\"\">M\u00e4lu<\/div>\n<\/div>\n<\/th>\n<td class=\"nsv-table-cell is-nsv-table-column-scrolled-right nsv-table-cell--odd_row ns_font_details\" headers=\"nsvTableHeader-0.4\">\n<div>\n<div class=\"ns_m_v_4 ns_p_h_3\">16 GB DDR4<\/div>\n<\/div>\n<\/td>\n<\/tr>\n<tr class=\"nsv-table-native-row isDraggable\" tabindex=\"-1\">\n<th id=\"nsvTableHeader-0.5\" class=\"nsv-table-cell is-header-cell is-nsv-table-column-scrolled-right nsv-table-cell--even_row nsv-keyvalue-table-header ns_font_title_7 specification-tab-key_column ns_font_title_7 ns_font_title_6 ns_p_v_4\" title=\"Storage\" scope=\"row\">\n<div class=\"\">\n<div class=\"\">Salvestusruum<\/div>\n<\/div>\n<\/th>\n<td class=\"nsv-table-cell is-nsv-table-column-scrolled-right nsv-table-cell--even_row ns_font_details\" headers=\"nsvTableHeader-0.5\">\n<div>\n<div class=\"ns_m_v_4 ns_p_h_3\">512 Gb SSD NVMe<\/div>\n<\/div>\n<\/td>\n<\/tr>\n<tr class=\"nsv-table-native-row isDraggable\" tabindex=\"-1\">\n<th id=\"nsvTableHeader-0.6\" class=\"nsv-table-cell is-header-cell is-nsv-table-column-scrolled-right nsv-table-cell--odd_row nsv-keyvalue-table-header ns_font_title_7 specification-tab-key_column ns_font_title_7 ns_font_title_6 ns_p_v_4\" title=\"Display\" scope=\"row\">\n<div class=\"\">\n<div class=\"\">Ekraan<\/div>\n<\/div>\n<\/th>\n<td class=\"nsv-table-cell is-nsv-table-column-scrolled-right nsv-table-cell--odd_row ns_font_details\" headers=\"nsvTableHeader-0.6\">\n<div>\n<div class=\"ns_m_v_4 ns_p_h_3\">14&#8243; 1920 x 1080 \/ 60 Hz<\/div>\n<\/div>\n<\/td>\n<\/tr>\n<tr class=\"nsv-table-native-row isDraggable\" tabindex=\"-1\">\n<th id=\"nsvTableHeader-0.7\" class=\"nsv-table-cell is-header-cell is-nsv-table-column-scrolled-right nsv-table-cell--even_row nsv-keyvalue-table-header ns_font_title_7 specification-tab-key_column ns_font_title_7 ns_font_title_6 ns_p_v_4\" title=\"Graphics\" scope=\"row\">\n<div class=\"\">\n<div class=\"\">VGA<\/div>\n<\/div>\n<\/th>\n<td class=\"nsv-table-cell is-nsv-table-column-scrolled-right nsv-table-cell--even_row ns_font_details\" headers=\"nsvTableHeader-0.7\">\n<div class=\"ns_m_v_4 ns_p_h_3\">Intel Iris X\u1d49 Graphics<\/div>\n<\/td>\n<\/tr>\n<tr class=\"nsv-table-native-row isDraggable\" tabindex=\"-1\">\n<th id=\"nsvTableHeader-0.8\" class=\"nsv-table-cell is-header-cell is-nsv-table-column-scrolled-right nsv-table-cell--odd_row nsv-keyvalue-table-header ns_font_title_7 specification-tab-key_column ns_font_title_7 ns_font_title_6 ns_p_v_4\" title=\"Video Memory\" scope=\"row\">\n<div class=\"\">\n<div class=\"\">Video M\u00e4lu<\/div>\n<\/div>\n<\/th>\n<td class=\"nsv-table-cell is-nsv-table-column-scrolled-right nsv-table-cell--odd_row ns_font_details\" headers=\"nsvTableHeader-0.8\">\n<div>\n<div class=\"ns_m_v_4 ns_p_h_3\">Integreeritud<\/div>\n<\/div>\n<\/td>\n<\/tr>\n<tr class=\"nsv-table-native-row isDraggable\" tabindex=\"-1\">\n<th id=\"nsvTableHeader-0.9\" class=\"nsv-table-cell is-header-cell is-nsv-table-column-scrolled-right nsv-table-cell--even_row nsv-keyvalue-table-header ns_font_title_7 specification-tab-key_column ns_font_title_7 ns_font_title_6 ns_p_v_4\" title=\"VR Ready\" scope=\"row\">Videokaart<\/th>\n<td class=\"nsv-table-cell is-nsv-table-column-scrolled-right nsv-table-cell--even_row ns_font_details\" headers=\"nsvTableHeader-0.9\">Integreeritud<\/td>\n<\/tr>\n<tr class=\"nsv-table-native-row isDraggable\" tabindex=\"-1\">\n<th id=\"nsvTableHeader-0.10\" class=\"nsv-table-cell is-header-cell is-nsv-table-column-scrolled-right nsv-table-cell--odd_row nsv-keyvalue-table-header ns_font_title_7 specification-tab-key_column ns_font_title_7 ns_font_title_6 ns_p_v_4\" title=\"Keyboard\" scope=\"row\">\n<div class=\"\">\n<div class=\"\">Klaviatuur<\/div>\n<\/div>\n<\/th>\n<td class=\"nsv-table-cell is-nsv-table-column-scrolled-right nsv-table-cell--odd_row ns_font_details\" headers=\"nsvTableHeader-0.10\">\n<div>\n<div class=\"ns_m_v_4 ns_p_h_3\">ENG<\/div>\n<\/div>\n<\/td>\n<\/tr>\n<tr class=\"nsv-table-native-row isDraggable\" tabindex=\"-1\">\n<th id=\"nsvTableHeader-0.11\" class=\"nsv-table-cell is-header-cell is-nsv-table-column-scrolled-right nsv-table-cell--even_row nsv-keyvalue-table-header ns_font_title_7 specification-tab-key_column ns_font_title_7 ns_font_title_6 ns_p_v_4\" title=\"Keyboard Backlight\" scope=\"row\">\n<div class=\"\">\n<div class=\"\">Klaviatuuri valgus<\/div>\n<\/div>\n<\/th>\n<td class=\"nsv-table-cell is-nsv-table-column-scrolled-right nsv-table-cell--even_row ns_font_details\" headers=\"nsvTableHeader-0.11\">\n<div class=\"ns_m_v_4 ns_p_h_3\">Ja<\/div>\n<\/td>\n<\/tr>\n<tr class=\"nsv-table-native-row isDraggable\" tabindex=\"-1\">\n<th id=\"nsvTableHeader-0.12\" class=\"nsv-table-cell is-header-cell is-nsv-table-column-scrolled-right nsv-table-cell--odd_row nsv-keyvalue-table-header ns_font_title_7 specification-tab-key_column ns_font_title_7 ns_font_title_6 ns_p_v_4\" title=\"Numeric Keypad\" scope=\"row\">\n<div class=\"\">\n<div class=\"\">Numbriklahvistik<\/div>\n<\/div>\n<\/th>\n<td class=\"nsv-table-cell is-nsv-table-column-scrolled-right nsv-table-cell--odd_row ns_font_details\" headers=\"nsvTableHeader-0.12\">\n<div class=\"ns_m_v_4 ns_p_h_3\">Ja<\/div>\n<\/td>\n<\/tr>\n<tr class=\"nsv-table-native-row isDraggable\" tabindex=\"-1\">\n<th id=\"nsvTableHeader-0.13\" class=\"nsv-table-cell is-header-cell is-nsv-table-column-scrolled-right nsv-table-cell--even_row nsv-keyvalue-table-header ns_font_title_7 specification-tab-key_column ns_font_title_7 ns_font_title_6 ns_p_v_4\" title=\"Integrated Webcam\" scope=\"row\">\n<div class=\"\">\n<div class=\"\">Integreeritud Kaamera<\/div>\n<\/div>\n<\/th>\n<td class=\"nsv-table-cell is-nsv-table-column-scrolled-right nsv-table-cell--even_row ns_font_details\" headers=\"nsvTableHeader-0.13\">\n<div class=\"ns_m_v_4 ns_p_h_3\">Ja<\/div>\n<\/td>\n<\/tr>\n<tr class=\"nsv-table-native-row isDraggable\" tabindex=\"-1\">\n<th id=\"nsvTableHeader-0.14\" class=\"nsv-table-cell is-header-cell is-nsv-table-column-scrolled-right nsv-table-cell--odd_row nsv-keyvalue-table-header ns_font_title_7 specification-tab-key_column ns_font_title_7 ns_font_title_6 ns_p_v_4\" title=\"Networking\" scope=\"row\">\n<div class=\"\">\n<div class=\"\">V\u00f5rgu\u00fchendus<\/div>\n<\/div>\n<\/th>\n<td class=\"nsv-table-cell is-nsv-table-column-scrolled-right nsv-table-cell--odd_row ns_font_details\" headers=\"nsvTableHeader-0.14\">\n<div class=\"ns_m_v_4 ns_p_h_3\">Bluetooth, Wifi<\/div>\n<\/td>\n<\/tr>\n<tr class=\"nsv-table-native-row isDraggable\" tabindex=\"-1\">\n<th id=\"nsvTableHeader-0.15\" class=\"nsv-table-cell is-header-cell is-nsv-table-column-scrolled-right nsv-table-cell--even_row nsv-keyvalue-table-header ns_font_title_7 specification-tab-key_column ns_font_title_7 ns_font_title_6 ns_p_v_4\" title=\"Battery\" scope=\"row\">\n<div class=\"\">\n<div class=\"\">V\u00e4rvus<\/div>\n<\/div>\n<\/th>\n<td class=\"nsv-table-cell is-nsv-table-column-scrolled-right nsv-table-cell--even_row ns_font_details\" headers=\"nsvTableHeader-0.15\">\n<div class=\"ns_m_v_4 ns_p_h_3\">H\u00f5be<\/div>\n<\/td>\n<\/tr>\n<tr class=\"nsv-table-native-row isDraggable\" tabindex=\"-1\">\n<th id=\"nsvTableHeader-0.16\" class=\"nsv-table-cell is-header-cell is-nsv-table-column-scrolled-right nsv-table-cell--odd_row nsv-keyvalue-table-header ns_font_title_7 specification-tab-key_column ns_font_title_7 ns_font_title_6 ns_p_v_4\" title=\"Security\" scope=\"row\">Suurus<\/th>\n<td class=\"nsv-table-cell is-nsv-table-column-scrolled-right nsv-table-cell--odd_row ns_font_details\" headers=\"nsvTableHeader-0.16\">213.9 mm x 17.9 mm x 324.9 mm<\/td>\n<\/tr>\n<tr class=\"nsv-table-native-row isDraggable\" tabindex=\"-1\">\n<th id=\"nsvTableHeader-0.17\" class=\"nsv-table-cell is-header-cell is-nsv-table-column-scrolled-right nsv-table-cell--even_row nsv-keyvalue-table-header ns_font_title_7 specification-tab-key_column ns_font_title_7 ns_font_title_6 ns_p_v_4\" title=\"Colour\" scope=\"row\">\n<div class=\"\">\n<div class=\"\">Kaal<\/div>\n<\/div>\n<\/th>\n<td class=\"nsv-table-cell is-nsv-table-column-scrolled-right nsv-table-cell--even_row ns_font_details\" headers=\"nsvTableHeader-0.17\">\n<div class=\"ns_m_v_4 ns_p_h_3\">1.4 kg<\/div>\n<\/td>\n<\/tr>\n<tr class=\"nsv-table-native-row isDraggable\" tabindex=\"-1\">\n<th id=\"nsvTableHeader-0.18\" class=\"nsv-table-cell is-header-cell is-nsv-table-column-scrolled-right nsv-table-cell--odd_row nsv-keyvalue-table-header ns_font_title_7 specification-tab-key_column ns_font_title_7 ns_font_title_6 ns_p_v_4\" title=\"Dimensions (WxDxH)\" scope=\"row\">Mikrofon<\/th>\n<td class=\"nsv-table-cell is-nsv-table-column-scrolled-right nsv-table-cell--odd_row ns_font_details\" headers=\"nsvTableHeader-0.18\">Ja<\/td>\n<\/tr>\n<tr class=\"nsv-table-native-row isDraggable\" tabindex=\"-1\">\n<th id=\"nsvTableHeader-0.19\" class=\"nsv-table-cell is-header-cell is-nsv-table-column-scrolled-right nsv-table-cell--even_row nsv-keyvalue-table-header ns_font_title_7 specification-tab-key_column ns_font_title_7 ns_font_title_6 ns_p_v_4\" title=\"Weight\" scope=\"row\">K\u00f5larid<\/th>\n<td class=\"nsv-table-cell is-nsv-table-column-scrolled-right nsv-table-cell--even_row ns_font_details\" headers=\"nsvTableHeader-0.19\">Ja<\/td>\n<\/tr>\n<\/tbody>\n<\/table>\n","protected":false},"excerpt":{"rendered":"<p>ASUS s\u00fclearvuti Intel Core i5 protsessori ja 16GB muutm\u00e4luga, mis tagavad sujuva ja kiire t\u00f6\u00f6. 512GB SSD v\u00f5imaldab mahukat salvestusruumi ja kiiret andmet\u00f6\u00f6tlust. Ideaalne nii t\u00f6\u00f6ks kui ka igap\u00e4evaseks kasutamiseks.<\/p>\n","protected":false},"featured_media":13637,"template":"","meta":{"_acf_changed":false},"product_brand":[],"product_cat":[287],"product_tag":[],"class_list":{"0":"post-13643","1":"product","2":"type-product","3":"status-publish","4":"has-post-thumbnail","6":"product_cat-287","7":"pa_suurus-14-ru","9":"first","10":"instock","11":"taxable","12":"shipping-taxable","13":"purchasable","14":"product-type-simple"},"acf":[],"yoast_head":"<!-- This site is optimized with the Yoast SEO plugin v25.3.1 - https:\/\/yoast.com\/wordpress\/plugins\/seo\/ -->\n<title>ASUS VivoBook Series 14&quot; - Arvutipunkt - Parim valik m\u00e4nguri s\u00fclearvutid ja m\u00e4nguarvutid<\/title>\n<meta name=\"description\" content=\"ASUS s\u00fclearvuti Intel Core i5 protsessori, 16GB RAM-i ja 512GB SSD-ga. Ideaalne t\u00f6\u00f6ks, \u00f5ppimiseks ja igap\u00e4evaseks kasutamiseks.\" \/>\n<meta name=\"robots\" content=\"index, follow, max-snippet:-1, max-image-preview:large, max-video-preview:-1\" \/>\n<link rel=\"canonical\" href=\"https:\/\/arvutipunkt.ee\/ru\/pood\/%d0%bd%d0%be%d1%83%d1%82%d0%b1%d1%83%d0%ba%d0%b8\/asus-intel-i5-16gb-512gb-ssd\/\" \/>\n<meta property=\"og:locale\" content=\"ru_RU\" \/>\n<meta property=\"og:type\" content=\"article\" \/>\n<meta property=\"og:title\" content=\"ASUS VivoBook Series 14&quot; - Arvutipunkt - Parim valik m\u00e4nguri s\u00fclearvutid ja m\u00e4nguarvutid\" \/>\n<meta property=\"og:description\" content=\"ASUS s\u00fclearvuti Intel Core i5 protsessori, 16GB RAM-i ja 512GB SSD-ga. Ideaalne t\u00f6\u00f6ks, \u00f5ppimiseks ja igap\u00e4evaseks kasutamiseks.\" \/>\n<meta property=\"og:url\" content=\"https:\/\/arvutipunkt.ee\/ru\/pood\/%d0%bd%d0%be%d1%83%d1%82%d0%b1%d1%83%d0%ba%d0%b8\/asus-intel-i5-16gb-512gb-ssd\/\" \/>\n<meta property=\"og:site_name\" content=\"Arvutipunkt - Parim valik m\u00e4nguri s\u00fclearvutid ja m\u00e4nguarvutid\" \/>\n<meta property=\"article:modified_time\" content=\"2025-01-15T12:39:37+00:00\" \/>\n<meta property=\"og:image\" content=\"https:\/\/arvutipunkt.ee\/wp-content\/uploads\/2025\/01\/lp2-3.jpeg\" \/>\n\t<meta property=\"og:image:width\" content=\"800\" \/>\n\t<meta property=\"og:image:height\" content=\"800\" \/>\n\t<meta property=\"og:image:type\" content=\"image\/jpeg\" \/>\n<meta name=\"twitter:card\" content=\"summary_large_image\" \/>\n<script type=\"application\/ld+json\" class=\"yoast-schema-graph\">{\"@context\":\"https:\/\/schema.org\",\"@graph\":[{\"@type\":\"WebPage\",\"@id\":\"https:\/\/arvutipunkt.ee\/ru\/pood\/%d0%bd%d0%be%d1%83%d1%82%d0%b1%d1%83%d0%ba%d0%b8\/asus-intel-i5-16gb-512gb-ssd\/\",\"url\":\"https:\/\/arvutipunkt.ee\/ru\/pood\/%d0%bd%d0%be%d1%83%d1%82%d0%b1%d1%83%d0%ba%d0%b8\/asus-intel-i5-16gb-512gb-ssd\/\",\"name\":\"ASUS VivoBook Series 14\\\" - Arvutipunkt - Parim valik m\u00e4nguri s\u00fclearvutid ja m\u00e4nguarvutid\",\"isPartOf\":{\"@id\":\"https:\/\/arvutipunkt.ee\/ru\/#website\"},\"primaryImageOfPage\":{\"@id\":\"https:\/\/arvutipunkt.ee\/ru\/pood\/%d0%bd%d0%be%d1%83%d1%82%d0%b1%d1%83%d0%ba%d0%b8\/asus-intel-i5-16gb-512gb-ssd\/#primaryimage\"},\"image\":{\"@id\":\"https:\/\/arvutipunkt.ee\/ru\/pood\/%d0%bd%d0%be%d1%83%d1%82%d0%b1%d1%83%d0%ba%d0%b8\/asus-intel-i5-16gb-512gb-ssd\/#primaryimage\"},\"thumbnailUrl\":\"https:\/\/arvutipunkt.ee\/wp-content\/uploads\/2025\/01\/lp2-3.jpeg\",\"datePublished\":\"2025-01-14T16:54:42+00:00\",\"dateModified\":\"2025-01-15T12:39:37+00:00\",\"description\":\"ASUS s\u00fclearvuti Intel Core i5 protsessori, 16GB RAM-i ja 512GB SSD-ga. Ideaalne t\u00f6\u00f6ks, \u00f5ppimiseks ja igap\u00e4evaseks kasutamiseks.\",\"breadcrumb\":{\"@id\":\"https:\/\/arvutipunkt.ee\/ru\/pood\/%d0%bd%d0%be%d1%83%d1%82%d0%b1%d1%83%d0%ba%d0%b8\/asus-intel-i5-16gb-512gb-ssd\/#breadcrumb\"},\"inLanguage\":\"ru-RU\",\"potentialAction\":[{\"@type\":\"ReadAction\",\"target\":[\"https:\/\/arvutipunkt.ee\/ru\/pood\/%d0%bd%d0%be%d1%83%d1%82%d0%b1%d1%83%d0%ba%d0%b8\/asus-intel-i5-16gb-512gb-ssd\/\"]}]},{\"@type\":\"ImageObject\",\"inLanguage\":\"ru-RU\",\"@id\":\"https:\/\/arvutipunkt.ee\/ru\/pood\/%d0%bd%d0%be%d1%83%d1%82%d0%b1%d1%83%d0%ba%d0%b8\/asus-intel-i5-16gb-512gb-ssd\/#primaryimage\",\"url\":\"https:\/\/arvutipunkt.ee\/wp-content\/uploads\/2025\/01\/lp2-3.jpeg\",\"contentUrl\":\"https:\/\/arvutipunkt.ee\/wp-content\/uploads\/2025\/01\/lp2-3.jpeg\",\"width\":800,\"height\":800},{\"@type\":\"BreadcrumbList\",\"@id\":\"https:\/\/arvutipunkt.ee\/ru\/pood\/%d0%bd%d0%be%d1%83%d1%82%d0%b1%d1%83%d0%ba%d0%b8\/asus-intel-i5-16gb-512gb-ssd\/#breadcrumb\",\"itemListElement\":[{\"@type\":\"ListItem\",\"position\":1,\"name\":\"Home\",\"item\":\"https:\/\/arvutipunkt.ee\/ru\/\"},{\"@type\":\"ListItem\",\"position\":2,\"name\":\"Shop\",\"item\":\"https:\/\/arvutipunkt.ee\/ru\/shop\/\"},{\"@type\":\"ListItem\",\"position\":3,\"name\":\"ASUS VivoBook Series 14&#8243;\"}]},{\"@type\":\"WebSite\",\"@id\":\"https:\/\/arvutipunkt.ee\/ru\/#website\",\"url\":\"https:\/\/arvutipunkt.ee\/ru\/\",\"name\":\"Arvutipunkt - Parim valik m\u00e4nguri s\u00fclearvutid ja m\u00e4nguarvutid\",\"description\":\"Avar valik m\u00e4nguri s\u00fclearvutid ja m\u00e4nguarvutid. Parimad gaming PC-d, m\u00e4nguri komplektid ja t\u00f6\u00f6jaamad. Lauaarvutite komplekteerimine vastavalt kliendi soovile.\",\"publisher\":{\"@id\":\"https:\/\/arvutipunkt.ee\/ru\/#organization\"},\"potentialAction\":[{\"@type\":\"SearchAction\",\"target\":{\"@type\":\"EntryPoint\",\"urlTemplate\":\"https:\/\/arvutipunkt.ee\/ru\/?s={search_term_string}\"},\"query-input\":{\"@type\":\"PropertyValueSpecification\",\"valueRequired\":true,\"valueName\":\"search_term_string\"}}],\"inLanguage\":\"ru-RU\"},{\"@type\":\"Organization\",\"@id\":\"https:\/\/arvutipunkt.ee\/ru\/#organization\",\"name\":\"Arvutipunkt - Parim valik m\u00e4nguri s\u00fclearvutid ja m\u00e4nguarvutid\",\"url\":\"https:\/\/arvutipunkt.ee\/ru\/\",\"logo\":{\"@type\":\"ImageObject\",\"inLanguage\":\"ru-RU\",\"@id\":\"https:\/\/arvutipunkt.ee\/ru\/#\/schema\/logo\/image\/\",\"url\":\"https:\/\/arvutipunkt.ee\/wp-content\/uploads\/2023\/12\/cropped-ARVUTIPUNKT_LOGO_FINALE-2048x190-1.png\",\"contentUrl\":\"https:\/\/arvutipunkt.ee\/wp-content\/uploads\/2023\/12\/cropped-ARVUTIPUNKT_LOGO_FINALE-2048x190-1.png\",\"width\":2048,\"height\":190,\"caption\":\"Arvutipunkt - Parim valik m\u00e4nguri s\u00fclearvutid ja m\u00e4nguarvutid\"},\"image\":{\"@id\":\"https:\/\/arvutipunkt.ee\/ru\/#\/schema\/logo\/image\/\"}}]}<\/script>\n<!-- \/ Yoast SEO plugin. -->","yoast_head_json":{"title":"ASUS VivoBook Series 14\" - Arvutipunkt - Parim valik m\u00e4nguri s\u00fclearvutid ja m\u00e4nguarvutid","description":"ASUS s\u00fclearvuti Intel Core i5 protsessori, 16GB RAM-i ja 512GB SSD-ga. Ideaalne t\u00f6\u00f6ks, \u00f5ppimiseks ja igap\u00e4evaseks kasutamiseks.","robots":{"index":"index","follow":"follow","max-snippet":"max-snippet:-1","max-image-preview":"max-image-preview:large","max-video-preview":"max-video-preview:-1"},"canonical":"https:\/\/arvutipunkt.ee\/ru\/pood\/%d0%bd%d0%be%d1%83%d1%82%d0%b1%d1%83%d0%ba%d0%b8\/asus-intel-i5-16gb-512gb-ssd\/","og_locale":"ru_RU","og_type":"article","og_title":"ASUS VivoBook Series 14\" - Arvutipunkt - Parim valik m\u00e4nguri s\u00fclearvutid ja m\u00e4nguarvutid","og_description":"ASUS s\u00fclearvuti Intel Core i5 protsessori, 16GB RAM-i ja 512GB SSD-ga. Ideaalne t\u00f6\u00f6ks, \u00f5ppimiseks ja igap\u00e4evaseks kasutamiseks.","og_url":"https:\/\/arvutipunkt.ee\/ru\/pood\/%d0%bd%d0%be%d1%83%d1%82%d0%b1%d1%83%d0%ba%d0%b8\/asus-intel-i5-16gb-512gb-ssd\/","og_site_name":"Arvutipunkt - Parim valik m\u00e4nguri s\u00fclearvutid ja m\u00e4nguarvutid","article_modified_time":"2025-01-15T12:39:37+00:00","og_image":[{"width":800,"height":800,"url":"https:\/\/arvutipunkt.ee\/wp-content\/uploads\/2025\/01\/lp2-3.jpeg","type":"image\/jpeg"}],"twitter_card":"summary_large_image","schema":{"@context":"https:\/\/schema.org","@graph":[{"@type":"WebPage","@id":"https:\/\/arvutipunkt.ee\/ru\/pood\/%d0%bd%d0%be%d1%83%d1%82%d0%b1%d1%83%d0%ba%d0%b8\/asus-intel-i5-16gb-512gb-ssd\/","url":"https:\/\/arvutipunkt.ee\/ru\/pood\/%d0%bd%d0%be%d1%83%d1%82%d0%b1%d1%83%d0%ba%d0%b8\/asus-intel-i5-16gb-512gb-ssd\/","name":"ASUS VivoBook Series 14\" - Arvutipunkt - Parim valik m\u00e4nguri s\u00fclearvutid ja m\u00e4nguarvutid","isPartOf":{"@id":"https:\/\/arvutipunkt.ee\/ru\/#website"},"primaryImageOfPage":{"@id":"https:\/\/arvutipunkt.ee\/ru\/pood\/%d0%bd%d0%be%d1%83%d1%82%d0%b1%d1%83%d0%ba%d0%b8\/asus-intel-i5-16gb-512gb-ssd\/#primaryimage"},"image":{"@id":"https:\/\/arvutipunkt.ee\/ru\/pood\/%d0%bd%d0%be%d1%83%d1%82%d0%b1%d1%83%d0%ba%d0%b8\/asus-intel-i5-16gb-512gb-ssd\/#primaryimage"},"thumbnailUrl":"https:\/\/arvutipunkt.ee\/wp-content\/uploads\/2025\/01\/lp2-3.jpeg","datePublished":"2025-01-14T16:54:42+00:00","dateModified":"2025-01-15T12:39:37+00:00","description":"ASUS s\u00fclearvuti Intel Core i5 protsessori, 16GB RAM-i ja 512GB SSD-ga. Ideaalne t\u00f6\u00f6ks, \u00f5ppimiseks ja igap\u00e4evaseks kasutamiseks.","breadcrumb":{"@id":"https:\/\/arvutipunkt.ee\/ru\/pood\/%d0%bd%d0%be%d1%83%d1%82%d0%b1%d1%83%d0%ba%d0%b8\/asus-intel-i5-16gb-512gb-ssd\/#breadcrumb"},"inLanguage":"ru-RU","potentialAction":[{"@type":"ReadAction","target":["https:\/\/arvutipunkt.ee\/ru\/pood\/%d0%bd%d0%be%d1%83%d1%82%d0%b1%d1%83%d0%ba%d0%b8\/asus-intel-i5-16gb-512gb-ssd\/"]}]},{"@type":"ImageObject","inLanguage":"ru-RU","@id":"https:\/\/arvutipunkt.ee\/ru\/pood\/%d0%bd%d0%be%d1%83%d1%82%d0%b1%d1%83%d0%ba%d0%b8\/asus-intel-i5-16gb-512gb-ssd\/#primaryimage","url":"https:\/\/arvutipunkt.ee\/wp-content\/uploads\/2025\/01\/lp2-3.jpeg","contentUrl":"https:\/\/arvutipunkt.ee\/wp-content\/uploads\/2025\/01\/lp2-3.jpeg","width":800,"height":800},{"@type":"BreadcrumbList","@id":"https:\/\/arvutipunkt.ee\/ru\/pood\/%d0%bd%d0%be%d1%83%d1%82%d0%b1%d1%83%d0%ba%d0%b8\/asus-intel-i5-16gb-512gb-ssd\/#breadcrumb","itemListElement":[{"@type":"ListItem","position":1,"name":"Home","item":"https:\/\/arvutipunkt.ee\/ru\/"},{"@type":"ListItem","position":2,"name":"Shop","item":"https:\/\/arvutipunkt.ee\/ru\/shop\/"},{"@type":"ListItem","position":3,"name":"ASUS VivoBook Series 14&#8243;"}]},{"@type":"WebSite","@id":"https:\/\/arvutipunkt.ee\/ru\/#website","url":"https:\/\/arvutipunkt.ee\/ru\/","name":"Arvutipunkt - Parim valik m\u00e4nguri s\u00fclearvutid ja m\u00e4nguarvutid","description":"Avar valik m\u00e4nguri s\u00fclearvutid ja m\u00e4nguarvutid. Parimad gaming PC-d, m\u00e4nguri komplektid ja t\u00f6\u00f6jaamad. Lauaarvutite komplekteerimine vastavalt kliendi soovile.","publisher":{"@id":"https:\/\/arvutipunkt.ee\/ru\/#organization"},"potentialAction":[{"@type":"SearchAction","target":{"@type":"EntryPoint","urlTemplate":"https:\/\/arvutipunkt.ee\/ru\/?s={search_term_string}"},"query-input":{"@type":"PropertyValueSpecification","valueRequired":true,"valueName":"search_term_string"}}],"inLanguage":"ru-RU"},{"@type":"Organization","@id":"https:\/\/arvutipunkt.ee\/ru\/#organization","name":"Arvutipunkt - Parim valik m\u00e4nguri s\u00fclearvutid ja m\u00e4nguarvutid","url":"https:\/\/arvutipunkt.ee\/ru\/","logo":{"@type":"ImageObject","inLanguage":"ru-RU","@id":"https:\/\/arvutipunkt.ee\/ru\/#\/schema\/logo\/image\/","url":"https:\/\/arvutipunkt.ee\/wp-content\/uploads\/2023\/12\/cropped-ARVUTIPUNKT_LOGO_FINALE-2048x190-1.png","contentUrl":"https:\/\/arvutipunkt.ee\/wp-content\/uploads\/2023\/12\/cropped-ARVUTIPUNKT_LOGO_FINALE-2048x190-1.png","width":2048,"height":190,"caption":"Arvutipunkt - Parim valik m\u00e4nguri s\u00fclearvutid ja m\u00e4nguarvutid"},"image":{"@id":"https:\/\/arvutipunkt.ee\/ru\/#\/schema\/logo\/image\/"}}]}},"_links":{"self":[{"href":"https:\/\/arvutipunkt.ee\/ru\/wp-json\/wp\/v2\/product\/13643","targetHints":{"allow":["GET"]}}],"collection":[{"href":"https:\/\/arvutipunkt.ee\/ru\/wp-json\/wp\/v2\/product"}],"about":[{"href":"https:\/\/arvutipunkt.ee\/ru\/wp-json\/wp\/v2\/types\/product"}],"version-history":[{"count":2,"href":"https:\/\/arvutipunkt.ee\/ru\/wp-json\/wp\/v2\/product\/13643\/revisions"}],"predecessor-version":[{"id":13706,"href":"https:\/\/arvutipunkt.ee\/ru\/wp-json\/wp\/v2\/product\/13643\/revisions\/13706"}],"wp:featuredmedia":[{"embeddable":true,"href":"https:\/\/arvutipunkt.ee\/ru\/wp-json\/wp\/v2\/media\/13637"}],"wp:attachment":[{"href":"https:\/\/arvutipunkt.ee\/ru\/wp-json\/wp\/v2\/media?parent=13643"}],"wp:term":[{"taxonomy":"product_brand","embeddable":true,"href":"https:\/\/arvutipunkt.ee\/ru\/wp-json\/wp\/v2\/product_brand?post=13643"},{"taxonomy":"product_cat","embeddable":true,"href":"https:\/\/arvutipunkt.ee\/ru\/wp-json\/wp\/v2\/product_cat?post=13643"},{"taxonomy":"product_tag","embeddable":true,"href":"https:\/\/arvutipunkt.ee\/ru\/wp-json\/wp\/v2\/product_tag?post=13643"}],"curies":[{"name":"wp","href":"https:\/\/api.w.org\/{rel}","templated":true}]}}