{"id":12176,"date":"2024-02-12T17:37:14","date_gmt":"2024-02-12T15:37:14","guid":{"rendered":"https:\/\/arvutipunkt.ee\/pood\/uncategorized\/lithium-li-intel-i3-12100f-rtx-3050-8gb-16gb-ddr4-512gb-nvme-windows-11-pro\/"},"modified":"2024-02-12T17:37:14","modified_gmt":"2024-02-12T15:37:14","slug":"lithium-li-intel-i3-12100f-rtx-3050-8gb-16gb-ddr4-512gb-nvme-windows-11-pro","status":"publish","type":"product","link":"https:\/\/arvutipunkt.ee\/ru\/pood\/%d0%ba%d0%be%d0%bc%d0%bf%d1%8c%d1%8e%d1%82%d0%b5%d1%80%d1%8b-%d0%b4%d0%bb%d1%8f-%d0%b3%d0%b5%d0%b9%d0%bc%d0%b5%d1%80%d0%be%d0%b2\/%d0%b4%d0%bb%d1%8f-%d0%bd%d0%b0%d1%87%d0%b8%d0%bd%d0%b0%d1%8e%d1%89%d0%b8%d1%85\/lithium-li-intel-i3-12100f-rtx-3050-8gb-16gb-ddr4-512gb-nvme-windows-11-pro\/","title":{"rendered":"Lithium (Li) | INTEL I3 12100F | RTX 3050 8GB | 16GB DDR4 | 512GB NVME | WINDOWS 11 PRO"},"content":{"rendered":"<table dir=\"ltr\" style=\"height: 353px;\" border=\"1\" width=\"571\" cellspacing=\"0\" cellpadding=\"0\" data-sheets-root=\"1\">\n<colgroup>\n<col width=\"100\" \/><\/colgroup>\n<tbody>\n<tr>\n<td data-sheets-value=\"{&quot;1&quot;:2,&quot;2&quot;:&quot;1. Intel\u00ae Core\u2122 i3 12400F 4-Core, 8-Thread, up to 4.3GHz&quot;}\">\n<div>\n<div>1. Intel\u00ae Core\u2122 i3 12400F 4-Core, 8-Thread, up to 4.3GHz<\/div>\n<\/div>\n<\/td>\n<\/tr>\n<tr>\n<td data-sheets-value=\"{&quot;1&quot;:2,&quot;2&quot;:&quot;2. MB (Intel H610 chipset)&quot;}\">\n<div>\n<div>2. MB (Intel H610 chipset)<\/div>\n<\/div>\n<\/td>\n<\/tr>\n<tr>\n<td data-sheets-value=\"{&quot;1&quot;:2,&quot;2&quot;:&quot;3. 16GB DDR4 RAM 3200Mhz&quot;}\">\n<div>\n<div>3. 16GB DDR4 RAM 3200Mhz<\/div>\n<\/div>\n<\/td>\n<\/tr>\n<tr>\n<td data-sheets-value=\"{&quot;1&quot;:2,&quot;2&quot;:&quot;4. 512GB SSD NVMe &quot;}\">\n<div>\n<div>4. 512GB SSD NVMe<\/div>\n<\/div>\n<\/td>\n<\/tr>\n<tr>\n<td data-sheets-value=\"{&quot;1&quot;:2,&quot;2&quot;:&quot;5. NVIDIA GeForce RTX\u2122 3050 8GB GDDR6&quot;}\">\n<div>\n<div>5. NVIDIA GeForce RTX\u2122 3050 8GB GDDR6<\/div>\n<\/div>\n<\/td>\n<\/tr>\n<tr>\n<td data-sheets-value=\"{&quot;1&quot;:2,&quot;2&quot;:&quot;6. Windows 11 PRO license&quot;}\">\n<div>\n<div>6. Windows 11 PRO license<\/div>\n<\/div>\n<\/td>\n<\/tr>\n<\/tbody>\n<\/table>\n<p><em>Toote pildid on illustratiivsed ja n\u00e4itlikud. Originaaltoote omadused v\u00f5ivad nende tegelikust v\u00e4ljan\u00e4gemisest erineda, seega palun tutvuge tootekirjelduses toodud tootespetsifikatsioonidega.<\/em><\/p>\n","protected":false},"excerpt":{"rendered":"<p><span data-sheets-root=\"1\" data-sheets-value=\"{&quot;1&quot;:2,&quot;2&quot;:&quot;Lithium (Li) - Light and versatile, good for budget-friendly options.&quot;}\" data-sheets-userformat=\"{&quot;2&quot;:513,&quot;3&quot;:{&quot;1&quot;:0},&quot;12&quot;:0}\">Lithium (Li) &#8212; Light and versatile, good for budget-friendly options.<\/span><\/p>\n","protected":false},"featured_media":11630,"template":"","meta":{"_acf_changed":false},"product_brand":[],"product_cat":[278,276],"product_tag":[],"class_list":{"0":"post-12176","1":"product","2":"type-product","3":"status-publish","4":"has-post-thumbnail","6":"product_cat-278","7":"product_cat-276","9":"first","10":"instock","11":"taxable","12":"shipping-taxable","13":"purchasable","14":"product-type-simple"},"acf":[],"yoast_head":"<!-- This site is optimized with the Yoast SEO plugin v25.3.1 - https:\/\/yoast.com\/wordpress\/plugins\/seo\/ -->\n<title>Lithium (Li) | INTEL I3 12100F | RTX 3050 8GB | 16GB DDR4 | 512GB NVME | WINDOWS 11 PRO - Arvutipunkt - Parim valik m\u00e4nguri s\u00fclearvutid ja m\u00e4nguarvutid<\/title>\n<meta name=\"robots\" content=\"index, follow, max-snippet:-1, max-image-preview:large, max-video-preview:-1\" \/>\n<link rel=\"canonical\" href=\"https:\/\/arvutipunkt.ee\/ru\/pood\/%d0%ba%d0%be%d0%bc%d0%bf%d1%8c%d1%8e%d1%82%d0%b5%d1%80%d1%8b-%d0%b4%d0%bb%d1%8f-%d0%b3%d0%b5%d0%b9%d0%bc%d0%b5%d1%80%d0%be%d0%b2\/%d0%b4%d0%bb%d1%8f-%d0%bd%d0%b0%d1%87%d0%b8%d0%bd%d0%b0%d1%8e%d1%89%d0%b8%d1%85\/lithium-li-intel-i3-12100f-rtx-3050-8gb-16gb-ddr4-512gb-nvme-windows-11-pro\/\" \/>\n<meta property=\"og:locale\" content=\"ru_RU\" \/>\n<meta property=\"og:type\" content=\"article\" \/>\n<meta property=\"og:title\" content=\"Lithium (Li) | INTEL I3 12100F | RTX 3050 8GB | 16GB DDR4 | 512GB NVME | WINDOWS 11 PRO - Arvutipunkt - Parim valik m\u00e4nguri s\u00fclearvutid ja m\u00e4nguarvutid\" \/>\n<meta property=\"og:description\" content=\"Lithium (Li) - Light and versatile, good for budget-friendly options.\" \/>\n<meta property=\"og:url\" content=\"https:\/\/arvutipunkt.ee\/ru\/pood\/%d0%ba%d0%be%d0%bc%d0%bf%d1%8c%d1%8e%d1%82%d0%b5%d1%80%d1%8b-%d0%b4%d0%bb%d1%8f-%d0%b3%d0%b5%d0%b9%d0%bc%d0%b5%d1%80%d0%be%d0%b2\/%d0%b4%d0%bb%d1%8f-%d0%bd%d0%b0%d1%87%d0%b8%d0%bd%d0%b0%d1%8e%d1%89%d0%b8%d1%85\/lithium-li-intel-i3-12100f-rtx-3050-8gb-16gb-ddr4-512gb-nvme-windows-11-pro\/\" \/>\n<meta property=\"og:site_name\" content=\"Arvutipunkt - Parim valik m\u00e4nguri s\u00fclearvutid ja m\u00e4nguarvutid\" \/>\n<meta property=\"og:image\" content=\"https:\/\/arvutipunkt.ee\/wp-content\/uploads\/2024\/02\/687403_5CLargeImage_5C8.webp\" \/>\n\t<meta property=\"og:image:width\" content=\"800\" \/>\n\t<meta property=\"og:image:height\" content=\"800\" \/>\n\t<meta property=\"og:image:type\" content=\"image\/webp\" \/>\n<meta name=\"twitter:card\" content=\"summary_large_image\" \/>\n<script type=\"application\/ld+json\" class=\"yoast-schema-graph\">{\"@context\":\"https:\/\/schema.org\",\"@graph\":[{\"@type\":\"WebPage\",\"@id\":\"https:\/\/arvutipunkt.ee\/ru\/pood\/%d0%ba%d0%be%d0%bc%d0%bf%d1%8c%d1%8e%d1%82%d0%b5%d1%80%d1%8b-%d0%b4%d0%bb%d1%8f-%d0%b3%d0%b5%d0%b9%d0%bc%d0%b5%d1%80%d0%be%d0%b2\/%d0%b4%d0%bb%d1%8f-%d0%bd%d0%b0%d1%87%d0%b8%d0%bd%d0%b0%d1%8e%d1%89%d0%b8%d1%85\/lithium-li-intel-i3-12100f-rtx-3050-8gb-16gb-ddr4-512gb-nvme-windows-11-pro\/\",\"url\":\"https:\/\/arvutipunkt.ee\/ru\/pood\/%d0%ba%d0%be%d0%bc%d0%bf%d1%8c%d1%8e%d1%82%d0%b5%d1%80%d1%8b-%d0%b4%d0%bb%d1%8f-%d0%b3%d0%b5%d0%b9%d0%bc%d0%b5%d1%80%d0%be%d0%b2\/%d0%b4%d0%bb%d1%8f-%d0%bd%d0%b0%d1%87%d0%b8%d0%bd%d0%b0%d1%8e%d1%89%d0%b8%d1%85\/lithium-li-intel-i3-12100f-rtx-3050-8gb-16gb-ddr4-512gb-nvme-windows-11-pro\/\",\"name\":\"Lithium (Li) | INTEL I3 12100F | RTX 3050 8GB | 16GB DDR4 | 512GB NVME | WINDOWS 11 PRO - Arvutipunkt - Parim valik m\u00e4nguri s\u00fclearvutid ja m\u00e4nguarvutid\",\"isPartOf\":{\"@id\":\"https:\/\/arvutipunkt.ee\/ru\/#website\"},\"primaryImageOfPage\":{\"@id\":\"https:\/\/arvutipunkt.ee\/ru\/pood\/%d0%ba%d0%be%d0%bc%d0%bf%d1%8c%d1%8e%d1%82%d0%b5%d1%80%d1%8b-%d0%b4%d0%bb%d1%8f-%d0%b3%d0%b5%d0%b9%d0%bc%d0%b5%d1%80%d0%be%d0%b2\/%d0%b4%d0%bb%d1%8f-%d0%bd%d0%b0%d1%87%d0%b8%d0%bd%d0%b0%d1%8e%d1%89%d0%b8%d1%85\/lithium-li-intel-i3-12100f-rtx-3050-8gb-16gb-ddr4-512gb-nvme-windows-11-pro\/#primaryimage\"},\"image\":{\"@id\":\"https:\/\/arvutipunkt.ee\/ru\/pood\/%d0%ba%d0%be%d0%bc%d0%bf%d1%8c%d1%8e%d1%82%d0%b5%d1%80%d1%8b-%d0%b4%d0%bb%d1%8f-%d0%b3%d0%b5%d0%b9%d0%bc%d0%b5%d1%80%d0%be%d0%b2\/%d0%b4%d0%bb%d1%8f-%d0%bd%d0%b0%d1%87%d0%b8%d0%bd%d0%b0%d1%8e%d1%89%d0%b8%d1%85\/lithium-li-intel-i3-12100f-rtx-3050-8gb-16gb-ddr4-512gb-nvme-windows-11-pro\/#primaryimage\"},\"thumbnailUrl\":\"https:\/\/arvutipunkt.ee\/wp-content\/uploads\/2024\/02\/687403_5CLargeImage_5C8.webp\",\"datePublished\":\"2024-02-12T15:37:14+00:00\",\"breadcrumb\":{\"@id\":\"https:\/\/arvutipunkt.ee\/ru\/pood\/%d0%ba%d0%be%d0%bc%d0%bf%d1%8c%d1%8e%d1%82%d0%b5%d1%80%d1%8b-%d0%b4%d0%bb%d1%8f-%d0%b3%d0%b5%d0%b9%d0%bc%d0%b5%d1%80%d0%be%d0%b2\/%d0%b4%d0%bb%d1%8f-%d0%bd%d0%b0%d1%87%d0%b8%d0%bd%d0%b0%d1%8e%d1%89%d0%b8%d1%85\/lithium-li-intel-i3-12100f-rtx-3050-8gb-16gb-ddr4-512gb-nvme-windows-11-pro\/#breadcrumb\"},\"inLanguage\":\"ru-RU\",\"potentialAction\":[{\"@type\":\"ReadAction\",\"target\":[\"https:\/\/arvutipunkt.ee\/ru\/pood\/%d0%ba%d0%be%d0%bc%d0%bf%d1%8c%d1%8e%d1%82%d0%b5%d1%80%d1%8b-%d0%b4%d0%bb%d1%8f-%d0%b3%d0%b5%d0%b9%d0%bc%d0%b5%d1%80%d0%be%d0%b2\/%d0%b4%d0%bb%d1%8f-%d0%bd%d0%b0%d1%87%d0%b8%d0%bd%d0%b0%d1%8e%d1%89%d0%b8%d1%85\/lithium-li-intel-i3-12100f-rtx-3050-8gb-16gb-ddr4-512gb-nvme-windows-11-pro\/\"]}]},{\"@type\":\"ImageObject\",\"inLanguage\":\"ru-RU\",\"@id\":\"https:\/\/arvutipunkt.ee\/ru\/pood\/%d0%ba%d0%be%d0%bc%d0%bf%d1%8c%d1%8e%d1%82%d0%b5%d1%80%d1%8b-%d0%b4%d0%bb%d1%8f-%d0%b3%d0%b5%d0%b9%d0%bc%d0%b5%d1%80%d0%be%d0%b2\/%d0%b4%d0%bb%d1%8f-%d0%bd%d0%b0%d1%87%d0%b8%d0%bd%d0%b0%d1%8e%d1%89%d0%b8%d1%85\/lithium-li-intel-i3-12100f-rtx-3050-8gb-16gb-ddr4-512gb-nvme-windows-11-pro\/#primaryimage\",\"url\":\"https:\/\/arvutipunkt.ee\/wp-content\/uploads\/2024\/02\/687403_5CLargeImage_5C8.webp\",\"contentUrl\":\"https:\/\/arvutipunkt.ee\/wp-content\/uploads\/2024\/02\/687403_5CLargeImage_5C8.webp\",\"width\":800,\"height\":800},{\"@type\":\"BreadcrumbList\",\"@id\":\"https:\/\/arvutipunkt.ee\/ru\/pood\/%d0%ba%d0%be%d0%bc%d0%bf%d1%8c%d1%8e%d1%82%d0%b5%d1%80%d1%8b-%d0%b4%d0%bb%d1%8f-%d0%b3%d0%b5%d0%b9%d0%bc%d0%b5%d1%80%d0%be%d0%b2\/%d0%b4%d0%bb%d1%8f-%d0%bd%d0%b0%d1%87%d0%b8%d0%bd%d0%b0%d1%8e%d1%89%d0%b8%d1%85\/lithium-li-intel-i3-12100f-rtx-3050-8gb-16gb-ddr4-512gb-nvme-windows-11-pro\/#breadcrumb\",\"itemListElement\":[{\"@type\":\"ListItem\",\"position\":1,\"name\":\"Home\",\"item\":\"https:\/\/arvutipunkt.ee\/ru\/\"},{\"@type\":\"ListItem\",\"position\":2,\"name\":\"Shop\",\"item\":\"https:\/\/arvutipunkt.ee\/ru\/shop\/\"},{\"@type\":\"ListItem\",\"position\":3,\"name\":\"Lithium (Li) | INTEL I3 12100F | RTX 3050 8GB | 16GB DDR4 | 512GB NVME | WINDOWS 11 PRO\"}]},{\"@type\":\"WebSite\",\"@id\":\"https:\/\/arvutipunkt.ee\/ru\/#website\",\"url\":\"https:\/\/arvutipunkt.ee\/ru\/\",\"name\":\"Arvutipunkt - Parim valik m\u00e4nguri s\u00fclearvutid ja m\u00e4nguarvutid\",\"description\":\"Avar valik m\u00e4nguri s\u00fclearvutid ja m\u00e4nguarvutid. Parimad gaming PC-d, m\u00e4nguri komplektid ja t\u00f6\u00f6jaamad. Lauaarvutite komplekteerimine vastavalt kliendi soovile.\",\"publisher\":{\"@id\":\"https:\/\/arvutipunkt.ee\/ru\/#organization\"},\"potentialAction\":[{\"@type\":\"SearchAction\",\"target\":{\"@type\":\"EntryPoint\",\"urlTemplate\":\"https:\/\/arvutipunkt.ee\/ru\/?s={search_term_string}\"},\"query-input\":{\"@type\":\"PropertyValueSpecification\",\"valueRequired\":true,\"valueName\":\"search_term_string\"}}],\"inLanguage\":\"ru-RU\"},{\"@type\":\"Organization\",\"@id\":\"https:\/\/arvutipunkt.ee\/ru\/#organization\",\"name\":\"Arvutipunkt - Parim valik m\u00e4nguri s\u00fclearvutid ja m\u00e4nguarvutid\",\"url\":\"https:\/\/arvutipunkt.ee\/ru\/\",\"logo\":{\"@type\":\"ImageObject\",\"inLanguage\":\"ru-RU\",\"@id\":\"https:\/\/arvutipunkt.ee\/ru\/#\/schema\/logo\/image\/\",\"url\":\"https:\/\/arvutipunkt.ee\/wp-content\/uploads\/2023\/12\/cropped-ARVUTIPUNKT_LOGO_FINALE-2048x190-1.png\",\"contentUrl\":\"https:\/\/arvutipunkt.ee\/wp-content\/uploads\/2023\/12\/cropped-ARVUTIPUNKT_LOGO_FINALE-2048x190-1.png\",\"width\":2048,\"height\":190,\"caption\":\"Arvutipunkt - Parim valik m\u00e4nguri s\u00fclearvutid ja m\u00e4nguarvutid\"},\"image\":{\"@id\":\"https:\/\/arvutipunkt.ee\/ru\/#\/schema\/logo\/image\/\"}}]}<\/script>\n<!-- \/ Yoast SEO plugin. -->","yoast_head_json":{"title":"Lithium (Li) | INTEL I3 12100F | RTX 3050 8GB | 16GB DDR4 | 512GB NVME | WINDOWS 11 PRO - Arvutipunkt - Parim valik m\u00e4nguri s\u00fclearvutid ja m\u00e4nguarvutid","robots":{"index":"index","follow":"follow","max-snippet":"max-snippet:-1","max-image-preview":"max-image-preview:large","max-video-preview":"max-video-preview:-1"},"canonical":"https:\/\/arvutipunkt.ee\/ru\/pood\/%d0%ba%d0%be%d0%bc%d0%bf%d1%8c%d1%8e%d1%82%d0%b5%d1%80%d1%8b-%d0%b4%d0%bb%d1%8f-%d0%b3%d0%b5%d0%b9%d0%bc%d0%b5%d1%80%d0%be%d0%b2\/%d0%b4%d0%bb%d1%8f-%d0%bd%d0%b0%d1%87%d0%b8%d0%bd%d0%b0%d1%8e%d1%89%d0%b8%d1%85\/lithium-li-intel-i3-12100f-rtx-3050-8gb-16gb-ddr4-512gb-nvme-windows-11-pro\/","og_locale":"ru_RU","og_type":"article","og_title":"Lithium (Li) | INTEL I3 12100F | RTX 3050 8GB | 16GB DDR4 | 512GB NVME | WINDOWS 11 PRO - Arvutipunkt - Parim valik m\u00e4nguri s\u00fclearvutid ja m\u00e4nguarvutid","og_description":"Lithium (Li) - Light and versatile, good for budget-friendly options.","og_url":"https:\/\/arvutipunkt.ee\/ru\/pood\/%d0%ba%d0%be%d0%bc%d0%bf%d1%8c%d1%8e%d1%82%d0%b5%d1%80%d1%8b-%d0%b4%d0%bb%d1%8f-%d0%b3%d0%b5%d0%b9%d0%bc%d0%b5%d1%80%d0%be%d0%b2\/%d0%b4%d0%bb%d1%8f-%d0%bd%d0%b0%d1%87%d0%b8%d0%bd%d0%b0%d1%8e%d1%89%d0%b8%d1%85\/lithium-li-intel-i3-12100f-rtx-3050-8gb-16gb-ddr4-512gb-nvme-windows-11-pro\/","og_site_name":"Arvutipunkt - Parim valik m\u00e4nguri s\u00fclearvutid ja m\u00e4nguarvutid","og_image":[{"width":800,"height":800,"url":"https:\/\/arvutipunkt.ee\/wp-content\/uploads\/2024\/02\/687403_5CLargeImage_5C8.webp","type":"image\/webp"}],"twitter_card":"summary_large_image","schema":{"@context":"https:\/\/schema.org","@graph":[{"@type":"WebPage","@id":"https:\/\/arvutipunkt.ee\/ru\/pood\/%d0%ba%d0%be%d0%bc%d0%bf%d1%8c%d1%8e%d1%82%d0%b5%d1%80%d1%8b-%d0%b4%d0%bb%d1%8f-%d0%b3%d0%b5%d0%b9%d0%bc%d0%b5%d1%80%d0%be%d0%b2\/%d0%b4%d0%bb%d1%8f-%d0%bd%d0%b0%d1%87%d0%b8%d0%bd%d0%b0%d1%8e%d1%89%d0%b8%d1%85\/lithium-li-intel-i3-12100f-rtx-3050-8gb-16gb-ddr4-512gb-nvme-windows-11-pro\/","url":"https:\/\/arvutipunkt.ee\/ru\/pood\/%d0%ba%d0%be%d0%bc%d0%bf%d1%8c%d1%8e%d1%82%d0%b5%d1%80%d1%8b-%d0%b4%d0%bb%d1%8f-%d0%b3%d0%b5%d0%b9%d0%bc%d0%b5%d1%80%d0%be%d0%b2\/%d0%b4%d0%bb%d1%8f-%d0%bd%d0%b0%d1%87%d0%b8%d0%bd%d0%b0%d1%8e%d1%89%d0%b8%d1%85\/lithium-li-intel-i3-12100f-rtx-3050-8gb-16gb-ddr4-512gb-nvme-windows-11-pro\/","name":"Lithium (Li) | INTEL I3 12100F | RTX 3050 8GB | 16GB DDR4 | 512GB NVME | WINDOWS 11 PRO - Arvutipunkt - Parim valik m\u00e4nguri s\u00fclearvutid ja m\u00e4nguarvutid","isPartOf":{"@id":"https:\/\/arvutipunkt.ee\/ru\/#website"},"primaryImageOfPage":{"@id":"https:\/\/arvutipunkt.ee\/ru\/pood\/%d0%ba%d0%be%d0%bc%d0%bf%d1%8c%d1%8e%d1%82%d0%b5%d1%80%d1%8b-%d0%b4%d0%bb%d1%8f-%d0%b3%d0%b5%d0%b9%d0%bc%d0%b5%d1%80%d0%be%d0%b2\/%d0%b4%d0%bb%d1%8f-%d0%bd%d0%b0%d1%87%d0%b8%d0%bd%d0%b0%d1%8e%d1%89%d0%b8%d1%85\/lithium-li-intel-i3-12100f-rtx-3050-8gb-16gb-ddr4-512gb-nvme-windows-11-pro\/#primaryimage"},"image":{"@id":"https:\/\/arvutipunkt.ee\/ru\/pood\/%d0%ba%d0%be%d0%bc%d0%bf%d1%8c%d1%8e%d1%82%d0%b5%d1%80%d1%8b-%d0%b4%d0%bb%d1%8f-%d0%b3%d0%b5%d0%b9%d0%bc%d0%b5%d1%80%d0%be%d0%b2\/%d0%b4%d0%bb%d1%8f-%d0%bd%d0%b0%d1%87%d0%b8%d0%bd%d0%b0%d1%8e%d1%89%d0%b8%d1%85\/lithium-li-intel-i3-12100f-rtx-3050-8gb-16gb-ddr4-512gb-nvme-windows-11-pro\/#primaryimage"},"thumbnailUrl":"https:\/\/arvutipunkt.ee\/wp-content\/uploads\/2024\/02\/687403_5CLargeImage_5C8.webp","datePublished":"2024-02-12T15:37:14+00:00","breadcrumb":{"@id":"https:\/\/arvutipunkt.ee\/ru\/pood\/%d0%ba%d0%be%d0%bc%d0%bf%d1%8c%d1%8e%d1%82%d0%b5%d1%80%d1%8b-%d0%b4%d0%bb%d1%8f-%d0%b3%d0%b5%d0%b9%d0%bc%d0%b5%d1%80%d0%be%d0%b2\/%d0%b4%d0%bb%d1%8f-%d0%bd%d0%b0%d1%87%d0%b8%d0%bd%d0%b0%d1%8e%d1%89%d0%b8%d1%85\/lithium-li-intel-i3-12100f-rtx-3050-8gb-16gb-ddr4-512gb-nvme-windows-11-pro\/#breadcrumb"},"inLanguage":"ru-RU","potentialAction":[{"@type":"ReadAction","target":["https:\/\/arvutipunkt.ee\/ru\/pood\/%d0%ba%d0%be%d0%bc%d0%bf%d1%8c%d1%8e%d1%82%d0%b5%d1%80%d1%8b-%d0%b4%d0%bb%d1%8f-%d0%b3%d0%b5%d0%b9%d0%bc%d0%b5%d1%80%d0%be%d0%b2\/%d0%b4%d0%bb%d1%8f-%d0%bd%d0%b0%d1%87%d0%b8%d0%bd%d0%b0%d1%8e%d1%89%d0%b8%d1%85\/lithium-li-intel-i3-12100f-rtx-3050-8gb-16gb-ddr4-512gb-nvme-windows-11-pro\/"]}]},{"@type":"ImageObject","inLanguage":"ru-RU","@id":"https:\/\/arvutipunkt.ee\/ru\/pood\/%d0%ba%d0%be%d0%bc%d0%bf%d1%8c%d1%8e%d1%82%d0%b5%d1%80%d1%8b-%d0%b4%d0%bb%d1%8f-%d0%b3%d0%b5%d0%b9%d0%bc%d0%b5%d1%80%d0%be%d0%b2\/%d0%b4%d0%bb%d1%8f-%d0%bd%d0%b0%d1%87%d0%b8%d0%bd%d0%b0%d1%8e%d1%89%d0%b8%d1%85\/lithium-li-intel-i3-12100f-rtx-3050-8gb-16gb-ddr4-512gb-nvme-windows-11-pro\/#primaryimage","url":"https:\/\/arvutipunkt.ee\/wp-content\/uploads\/2024\/02\/687403_5CLargeImage_5C8.webp","contentUrl":"https:\/\/arvutipunkt.ee\/wp-content\/uploads\/2024\/02\/687403_5CLargeImage_5C8.webp","width":800,"height":800},{"@type":"BreadcrumbList","@id":"https:\/\/arvutipunkt.ee\/ru\/pood\/%d0%ba%d0%be%d0%bc%d0%bf%d1%8c%d1%8e%d1%82%d0%b5%d1%80%d1%8b-%d0%b4%d0%bb%d1%8f-%d0%b3%d0%b5%d0%b9%d0%bc%d0%b5%d1%80%d0%be%d0%b2\/%d0%b4%d0%bb%d1%8f-%d0%bd%d0%b0%d1%87%d0%b8%d0%bd%d0%b0%d1%8e%d1%89%d0%b8%d1%85\/lithium-li-intel-i3-12100f-rtx-3050-8gb-16gb-ddr4-512gb-nvme-windows-11-pro\/#breadcrumb","itemListElement":[{"@type":"ListItem","position":1,"name":"Home","item":"https:\/\/arvutipunkt.ee\/ru\/"},{"@type":"ListItem","position":2,"name":"Shop","item":"https:\/\/arvutipunkt.ee\/ru\/shop\/"},{"@type":"ListItem","position":3,"name":"Lithium (Li) | INTEL I3 12100F | RTX 3050 8GB | 16GB DDR4 | 512GB NVME | WINDOWS 11 PRO"}]},{"@type":"WebSite","@id":"https:\/\/arvutipunkt.ee\/ru\/#website","url":"https:\/\/arvutipunkt.ee\/ru\/","name":"Arvutipunkt - Parim valik m\u00e4nguri s\u00fclearvutid ja m\u00e4nguarvutid","description":"Avar valik m\u00e4nguri s\u00fclearvutid ja m\u00e4nguarvutid. Parimad gaming PC-d, m\u00e4nguri komplektid ja t\u00f6\u00f6jaamad. Lauaarvutite komplekteerimine vastavalt kliendi soovile.","publisher":{"@id":"https:\/\/arvutipunkt.ee\/ru\/#organization"},"potentialAction":[{"@type":"SearchAction","target":{"@type":"EntryPoint","urlTemplate":"https:\/\/arvutipunkt.ee\/ru\/?s={search_term_string}"},"query-input":{"@type":"PropertyValueSpecification","valueRequired":true,"valueName":"search_term_string"}}],"inLanguage":"ru-RU"},{"@type":"Organization","@id":"https:\/\/arvutipunkt.ee\/ru\/#organization","name":"Arvutipunkt - Parim valik m\u00e4nguri s\u00fclearvutid ja m\u00e4nguarvutid","url":"https:\/\/arvutipunkt.ee\/ru\/","logo":{"@type":"ImageObject","inLanguage":"ru-RU","@id":"https:\/\/arvutipunkt.ee\/ru\/#\/schema\/logo\/image\/","url":"https:\/\/arvutipunkt.ee\/wp-content\/uploads\/2023\/12\/cropped-ARVUTIPUNKT_LOGO_FINALE-2048x190-1.png","contentUrl":"https:\/\/arvutipunkt.ee\/wp-content\/uploads\/2023\/12\/cropped-ARVUTIPUNKT_LOGO_FINALE-2048x190-1.png","width":2048,"height":190,"caption":"Arvutipunkt - Parim valik m\u00e4nguri s\u00fclearvutid ja m\u00e4nguarvutid"},"image":{"@id":"https:\/\/arvutipunkt.ee\/ru\/#\/schema\/logo\/image\/"}}]}},"_links":{"self":[{"href":"https:\/\/arvutipunkt.ee\/ru\/wp-json\/wp\/v2\/product\/12176","targetHints":{"allow":["GET"]}}],"collection":[{"href":"https:\/\/arvutipunkt.ee\/ru\/wp-json\/wp\/v2\/product"}],"about":[{"href":"https:\/\/arvutipunkt.ee\/ru\/wp-json\/wp\/v2\/types\/product"}],"version-history":[{"count":0,"href":"https:\/\/arvutipunkt.ee\/ru\/wp-json\/wp\/v2\/product\/12176\/revisions"}],"wp:featuredmedia":[{"embeddable":true,"href":"https:\/\/arvutipunkt.ee\/ru\/wp-json\/wp\/v2\/media\/11630"}],"wp:attachment":[{"href":"https:\/\/arvutipunkt.ee\/ru\/wp-json\/wp\/v2\/media?parent=12176"}],"wp:term":[{"taxonomy":"product_brand","embeddable":true,"href":"https:\/\/arvutipunkt.ee\/ru\/wp-json\/wp\/v2\/product_brand?post=12176"},{"taxonomy":"product_cat","embeddable":true,"href":"https:\/\/arvutipunkt.ee\/ru\/wp-json\/wp\/v2\/product_cat?post=12176"},{"taxonomy":"product_tag","embeddable":true,"href":"https:\/\/arvutipunkt.ee\/ru\/wp-json\/wp\/v2\/product_tag?post=12176"}],"curies":[{"name":"wp","href":"https:\/\/api.w.org\/{rel}","templated":true}]}}