{"id":12174,"date":"2024-02-12T17:46:56","date_gmt":"2024-02-12T15:46:56","guid":{"rendered":"https:\/\/arvutipunkt.ee\/pood\/uncategorized\/acer-nitro-an16-41-r30h-16-ryzen-7-7735hs-rtx-4050-16gb-ddr5-512gb-ssd\/"},"modified":"2025-01-16T16:32:02","modified_gmt":"2025-01-16T14:32:02","slug":"acer-nitro-16-ryzen7-rtx4050-16gb-512gb","status":"publish","type":"product","link":"https:\/\/arvutipunkt.ee\/ru\/pood\/%d0%bd%d0%be%d1%83%d1%82%d0%b1%d1%83%d0%ba%d0%b8\/acer-nitro-16-ryzen7-rtx4050-16gb-512gb\/","title":{"rendered":"ACER Nitro AN16 16&#8243;"},"content":{"rendered":"<table class=\"nsv-table-native is-nsv-table-horizontal ns_b_b\">\n<tbody class=\"nsv-table-body\">\n<tr class=\"nsv-table-native-row isDraggable\" tabindex=\"-1\">\n<th id=\"nsvTableHeader-0.0\" class=\"nsv-table-cell is-header-cell is-nsv-table-column-scrolled-right nsv-table-cell--odd_row nsv-keyvalue-table-header ns_font_title_7 specification-tab-key_column ns_font_title_7 ns_font_title_6 ns_p_v_4\" title=\"Product Description\" scope=\"row\">\n<div class=\"\">\n<div class=\"\">Produkt<\/div>\n<\/div>\n<\/th>\n<td class=\"nsv-table-cell is-nsv-table-column-scrolled-right nsv-table-cell--odd_row ns_font_details\" headers=\"nsvTableHeader-0.0\">\n<div class=\"ns_m_v_4 ns_p_h_3\">\n<p>ACER | Nitro | AN16-41-R30H<\/p>\n<\/div>\n<\/td>\n<\/tr>\n<tr class=\"nsv-table-native-row isDraggable\" tabindex=\"-1\">\n<th id=\"nsvTableHeader-0.1\" class=\"nsv-table-cell is-header-cell is-nsv-table-column-scrolled-right nsv-table-cell--even_row nsv-keyvalue-table-header ns_font_title_7 specification-tab-key_column ns_font_title_7 ns_font_title_6 ns_p_v_4\" title=\"Product Type\" scope=\"row\">\n<div class=\"\">\n<div class=\"\">Produkti T\u00fc\u00fcp<\/div>\n<\/div>\n<\/th>\n<td class=\"nsv-table-cell is-nsv-table-column-scrolled-right nsv-table-cell--even_row ns_font_details\" headers=\"nsvTableHeader-0.1\">\n<div>\n<div class=\"ns_m_v_4 ns_p_h_3\">Notebook<\/div>\n<\/div>\n<\/td>\n<\/tr>\n<tr class=\"nsv-table-native-row isDraggable\" tabindex=\"-1\">\n<th id=\"nsvTableHeader-0.2\" class=\"nsv-table-cell is-header-cell is-nsv-table-column-scrolled-right nsv-table-cell--odd_row nsv-keyvalue-table-header ns_font_title_7 specification-tab-key_column ns_font_title_7 ns_font_title_6 ns_p_v_4\" title=\"Operating System\" scope=\"row\">\n<div class=\"\">\n<div class=\"\">OS<\/div>\n<\/div>\n<\/th>\n<td class=\"nsv-table-cell is-nsv-table-column-scrolled-right nsv-table-cell--odd_row ns_font_details\" headers=\"nsvTableHeader-0.2\">\n<div>\n<div class=\"ns_m_v_4 ns_p_h_3\">Windows 11 Home<\/div>\n<\/div>\n<\/td>\n<\/tr>\n<tr class=\"nsv-table-native-row isDraggable\" tabindex=\"-1\">\n<th id=\"nsvTableHeader-0.3\" class=\"nsv-table-cell is-header-cell is-nsv-table-column-scrolled-right nsv-table-cell--even_row nsv-keyvalue-table-header ns_font_title_7 specification-tab-key_column ns_font_title_7 ns_font_title_6 ns_p_v_4\" title=\"Processor\" scope=\"row\">\n<div class=\"\">\n<div class=\"\">Protsessor<\/div>\n<\/div>\n<\/th>\n<td class=\"nsv-table-cell is-nsv-table-column-scrolled-right nsv-table-cell--even_row ns_font_details\" headers=\"nsvTableHeader-0.3\">\n<div>\n<div class=\"ns_m_v_4 ns_p_h_3\">AMD Ryzen 7 7735HS, Up to 4.75 GHz \/ 16 MB Cache<\/div>\n<\/div>\n<\/td>\n<\/tr>\n<tr class=\"nsv-table-native-row isDraggable\" tabindex=\"-1\">\n<th id=\"nsvTableHeader-0.4\" class=\"nsv-table-cell is-header-cell is-nsv-table-column-scrolled-right nsv-table-cell--odd_row nsv-keyvalue-table-header ns_font_title_7 specification-tab-key_column ns_font_title_7 ns_font_title_6 ns_p_v_4\" title=\"Memory\" scope=\"row\">\n<div class=\"\">\n<div class=\"\">M\u00e4lu<\/div>\n<\/div>\n<\/th>\n<td class=\"nsv-table-cell is-nsv-table-column-scrolled-right nsv-table-cell--odd_row ns_font_details\" headers=\"nsvTableHeader-0.4\">\n<div>\n<div class=\"ns_m_v_4 ns_p_h_3\">16 GB DDR5 (2 x 8 GB)<\/div>\n<\/div>\n<\/td>\n<\/tr>\n<tr class=\"nsv-table-native-row isDraggable\" tabindex=\"-1\">\n<th id=\"nsvTableHeader-0.5\" class=\"nsv-table-cell is-header-cell is-nsv-table-column-scrolled-right nsv-table-cell--even_row nsv-keyvalue-table-header ns_font_title_7 specification-tab-key_column ns_font_title_7 ns_font_title_6 ns_p_v_4\" title=\"Storage\" scope=\"row\">\n<div class=\"\">\n<div class=\"\">Salvestusruum<\/div>\n<\/div>\n<\/th>\n<td class=\"nsv-table-cell is-nsv-table-column-scrolled-right nsv-table-cell--even_row ns_font_details\" headers=\"nsvTableHeader-0.5\">\n<div>\n<div class=\"ns_m_v_4 ns_p_h_3\">512 GB SSD &#8212; NVMe<\/div>\n<\/div>\n<\/td>\n<\/tr>\n<tr class=\"nsv-table-native-row isDraggable\" tabindex=\"-1\">\n<th id=\"nsvTableHeader-0.6\" class=\"nsv-table-cell is-header-cell is-nsv-table-column-scrolled-right nsv-table-cell--odd_row nsv-keyvalue-table-header ns_font_title_7 specification-tab-key_column ns_font_title_7 ns_font_title_6 ns_p_v_4\" title=\"Display\" scope=\"row\">\n<div class=\"\">\n<div class=\"\">Ekraan<\/div>\n<\/div>\n<\/th>\n<td class=\"nsv-table-cell is-nsv-table-column-scrolled-right nsv-table-cell--odd_row ns_font_details\" headers=\"nsvTableHeader-0.6\">\n<div>\n<div class=\"ns_m_v_4 ns_p_h_3\">16&#8243; 1920 x 1200 \/ 165 Hz<\/div>\n<\/div>\n<\/td>\n<\/tr>\n<tr class=\"nsv-table-native-row isDraggable\" tabindex=\"-1\">\n<th id=\"nsvTableHeader-0.7\" class=\"nsv-table-cell is-header-cell is-nsv-table-column-scrolled-right nsv-table-cell--even_row nsv-keyvalue-table-header ns_font_title_7 specification-tab-key_column ns_font_title_7 ns_font_title_6 ns_p_v_4\" title=\"Graphics\" scope=\"row\">\n<div class=\"\">\n<div class=\"\">Videokaart<\/div>\n<\/div>\n<\/th>\n<td class=\"nsv-table-cell is-nsv-table-column-scrolled-right nsv-table-cell--even_row ns_font_details\" headers=\"nsvTableHeader-0.7\">\n<div>\n<div class=\"ns_m_v_4 ns_p_h_3\">NVIDIA GeForce RTX 4050<\/div>\n<\/div>\n<\/td>\n<\/tr>\n<tr class=\"nsv-table-native-row isDraggable\" tabindex=\"-1\">\n<th id=\"nsvTableHeader-0.8\" class=\"nsv-table-cell is-header-cell is-nsv-table-column-scrolled-right nsv-table-cell--odd_row nsv-keyvalue-table-header ns_font_title_7 specification-tab-key_column ns_font_title_7 ns_font_title_6 ns_p_v_4\" title=\"Video Memory\" scope=\"row\">\n<div class=\"\">\n<div class=\"\">Video M\u00e4lu<\/div>\n<\/div>\n<\/th>\n<td class=\"nsv-table-cell is-nsv-table-column-scrolled-right nsv-table-cell--odd_row ns_font_details\" headers=\"nsvTableHeader-0.8\">\n<div>\n<div class=\"ns_m_v_4 ns_p_h_3\">6 GB GDDR6 SDRAM<\/div>\n<\/div>\n<\/td>\n<\/tr>\n<tr class=\"nsv-table-native-row isDraggable\" tabindex=\"-1\">\n<th id=\"nsvTableHeader-0.9\" class=\"nsv-table-cell is-header-cell is-nsv-table-column-scrolled-right nsv-table-cell--even_row nsv-keyvalue-table-header ns_font_title_7 specification-tab-key_column ns_font_title_7 ns_font_title_6 ns_p_v_4\" title=\"VR Ready\" scope=\"row\">\n<div class=\"\">\n<div class=\"\">VR Valmidus<\/div>\n<\/div>\n<\/th>\n<td class=\"nsv-table-cell is-nsv-table-column-scrolled-right nsv-table-cell--even_row ns_font_details\" headers=\"nsvTableHeader-0.9\">\n<div class=\"ns_m_v_4 ns_p_h_3\">Ja<\/div>\n<\/td>\n<\/tr>\n<tr class=\"nsv-table-native-row isDraggable\" tabindex=\"-1\">\n<th id=\"nsvTableHeader-0.10\" class=\"nsv-table-cell is-header-cell is-nsv-table-column-scrolled-right nsv-table-cell--odd_row nsv-keyvalue-table-header ns_font_title_7 specification-tab-key_column ns_font_title_7 ns_font_title_6 ns_p_v_4\" title=\"Keyboard\" scope=\"row\">\n<div class=\"\">\n<div class=\"\">Klaviatuur<\/div>\n<\/div>\n<\/th>\n<td class=\"nsv-table-cell is-nsv-table-column-scrolled-right nsv-table-cell--odd_row ns_font_details\" headers=\"nsvTableHeader-0.10\">\n<div>\n<div class=\"ns_m_v_4 ns_p_h_3\">ENG<\/div>\n<\/div>\n<\/td>\n<\/tr>\n<tr class=\"nsv-table-native-row isDraggable\" tabindex=\"-1\">\n<th id=\"nsvTableHeader-0.11\" class=\"nsv-table-cell is-header-cell is-nsv-table-column-scrolled-right nsv-table-cell--even_row nsv-keyvalue-table-header ns_font_title_7 specification-tab-key_column ns_font_title_7 ns_font_title_6 ns_p_v_4\" title=\"Keyboard Backlight\" scope=\"row\">\n<div class=\"\">\n<div class=\"\">Klaviatuuri Valgus<\/div>\n<\/div>\n<\/th>\n<td class=\"nsv-table-cell is-nsv-table-column-scrolled-right nsv-table-cell--even_row ns_font_details\" headers=\"nsvTableHeader-0.11\">\n<div class=\"ns_m_v_4 ns_p_h_3\">Ja<\/div>\n<\/td>\n<\/tr>\n<tr class=\"nsv-table-native-row isDraggable\" tabindex=\"-1\">\n<th id=\"nsvTableHeader-0.12\" class=\"nsv-table-cell is-header-cell is-nsv-table-column-scrolled-right nsv-table-cell--odd_row nsv-keyvalue-table-header ns_font_title_7 specification-tab-key_column ns_font_title_7 ns_font_title_6 ns_p_v_4\" title=\"Numeric Keypad\" scope=\"row\">\n<div class=\"\">\n<div class=\"\">Numbriklahvistik<\/div>\n<\/div>\n<\/th>\n<td class=\"nsv-table-cell is-nsv-table-column-scrolled-right nsv-table-cell--odd_row ns_font_details\" headers=\"nsvTableHeader-0.12\">\n<div class=\"ns_m_v_4 ns_p_h_3\">Ja<\/div>\n<\/td>\n<\/tr>\n<tr class=\"nsv-table-native-row isDraggable\" tabindex=\"-1\">\n<th id=\"nsvTableHeader-0.13\" class=\"nsv-table-cell is-header-cell is-nsv-table-column-scrolled-right nsv-table-cell--even_row nsv-keyvalue-table-header ns_font_title_7 specification-tab-key_column ns_font_title_7 ns_font_title_6 ns_p_v_4\" title=\"Integrated Webcam\" scope=\"row\">\n<div class=\"\">\n<div class=\"\">Integreeritud Kaamera<\/div>\n<\/div>\n<\/th>\n<td class=\"nsv-table-cell is-nsv-table-column-scrolled-right nsv-table-cell--even_row ns_font_details\" headers=\"nsvTableHeader-0.13\">\n<div class=\"ns_m_v_4 ns_p_h_3\">Ja<\/div>\n<\/td>\n<\/tr>\n<tr class=\"nsv-table-native-row isDraggable\" tabindex=\"-1\">\n<th id=\"nsvTableHeader-0.14\" class=\"nsv-table-cell is-header-cell is-nsv-table-column-scrolled-right nsv-table-cell--odd_row nsv-keyvalue-table-header ns_font_title_7 specification-tab-key_column ns_font_title_7 ns_font_title_6 ns_p_v_4\" title=\"Networking\" scope=\"row\">\n<div class=\"\">\n<div class=\"\">V\u00f5rgu\u00fchendus<\/div>\n<\/div>\n<\/th>\n<td class=\"nsv-table-cell is-nsv-table-column-scrolled-right nsv-table-cell--odd_row ns_font_details\" headers=\"nsvTableHeader-0.14\">\n<div>\n<div class=\"ns_m_v_4 ns_p_h_3\">802.11ax, Bluetooth 5.1, Gigabit Ethernet<\/div>\n<\/div>\n<\/td>\n<\/tr>\n<tr class=\"nsv-table-native-row isDraggable\" tabindex=\"-1\">\n<th id=\"nsvTableHeader-0.15\" class=\"nsv-table-cell is-header-cell is-nsv-table-column-scrolled-right nsv-table-cell--even_row nsv-keyvalue-table-header ns_font_title_7 specification-tab-key_column ns_font_title_7 ns_font_title_6 ns_p_v_4\" title=\"Battery\" scope=\"row\">\n<div class=\"\">\n<div class=\"\">Aku<\/div>\n<\/div>\n<\/th>\n<td class=\"nsv-table-cell is-nsv-table-column-scrolled-right nsv-table-cell--even_row ns_font_details\" headers=\"nsvTableHeader-0.15\">Kuni 10 tundi<\/td>\n<\/tr>\n<tr class=\"nsv-table-native-row isDraggable\" tabindex=\"-1\">\n<th id=\"nsvTableHeader-0.16\" class=\"nsv-table-cell is-header-cell is-nsv-table-column-scrolled-right nsv-table-cell--odd_row nsv-keyvalue-table-header ns_font_title_7 specification-tab-key_column ns_font_title_7 ns_font_title_6 ns_p_v_4\" title=\"Security\" scope=\"row\">Energia<\/th>\n<td class=\"nsv-table-cell is-nsv-table-column-scrolled-right nsv-table-cell--odd_row ns_font_details\" headers=\"nsvTableHeader-0.16\">\u00a090Wh<\/td>\n<\/tr>\n<tr class=\"nsv-table-native-row isDraggable\" tabindex=\"-1\">\n<th id=\"nsvTableHeader-0.17\" class=\"nsv-table-cell is-header-cell is-nsv-table-column-scrolled-right nsv-table-cell--even_row nsv-keyvalue-table-header ns_font_title_7 specification-tab-key_column ns_font_title_7 ns_font_title_6 ns_p_v_4\" title=\"Colour\" scope=\"row\">\n<div class=\"\">\n<div class=\"\">V\u00e4rv<\/div>\n<\/div>\n<\/th>\n<td class=\"nsv-table-cell is-nsv-table-column-scrolled-right nsv-table-cell--even_row ns_font_details\" headers=\"nsvTableHeader-0.17\">Must<\/td>\n<\/tr>\n<tr class=\"nsv-table-native-row isDraggable\" tabindex=\"-1\">\n<th id=\"nsvTableHeader-0.18\" class=\"nsv-table-cell is-header-cell is-nsv-table-column-scrolled-right nsv-table-cell--odd_row nsv-keyvalue-table-header ns_font_title_7 specification-tab-key_column ns_font_title_7 ns_font_title_6 ns_p_v_4\" title=\"Dimensions (WxDxH)\" scope=\"row\">\n<div class=\"\">\n<div class=\"\">Suurus<\/div>\n<\/div>\n<\/th>\n<td class=\"nsv-table-cell is-nsv-table-column-scrolled-right nsv-table-cell--odd_row ns_font_details\" headers=\"nsvTableHeader-0.18\">\n<div>\n<div class=\"ns_m_v_4 ns_p_h_3\">36.01 cm x 27.99 cm x 2.79 cm<\/div>\n<\/div>\n<\/td>\n<\/tr>\n<tr class=\"nsv-table-native-row isDraggable\" tabindex=\"-1\">\n<th id=\"nsvTableHeader-0.19\" class=\"nsv-table-cell is-header-cell is-nsv-table-column-scrolled-right nsv-table-cell--even_row nsv-keyvalue-table-header ns_font_title_7 specification-tab-key_column ns_font_title_7 ns_font_title_6 ns_p_v_4\" title=\"Weight\" scope=\"row\">\n<div class=\"\">\n<div class=\"\">Kaal<\/div>\n<\/div>\n<\/th>\n<td class=\"nsv-table-cell is-nsv-table-column-scrolled-right nsv-table-cell--even_row ns_font_details\" headers=\"nsvTableHeader-0.19\">\n<div>\n<div class=\"ns_m_v_4 ns_p_h_3\">2.7 kg<\/div>\n<\/div>\n<\/td>\n<\/tr>\n<\/tbody>\n<\/table>\n","protected":false},"excerpt":{"rendered":"<p>Acer Nitro 16 AMD koos DLSS 3-ga on ideaalne s\u00fclearvuti nii m\u00e4ngimiseks kui ka koolit\u00f6\u00f6ks, pakkudes uusimat tehnoloogiat. Sellega saad sujuvalt vestelda, sirvida, voogesitada, t\u00f6\u00f6delda, salvestada ja m\u00e4ngida ilma katkestusteta.<\/p>\n","protected":false},"featured_media":13800,"template":"","meta":{"_acf_changed":false},"product_brand":[],"product_cat":[287],"product_tag":[],"class_list":{"0":"post-12174","1":"product","2":"type-product","3":"status-publish","4":"has-post-thumbnail","6":"product_cat-287","7":"pa_suurus-16-ru","9":"first","10":"outofstock","11":"taxable","12":"shipping-taxable","13":"purchasable","14":"product-type-simple"},"acf":[],"yoast_head":"<!-- This site is optimized with the Yoast SEO plugin v25.3.1 - https:\/\/yoast.com\/wordpress\/plugins\/seo\/ -->\n<title>ACER Nitro AN16 16&quot; - Arvutipunkt - Parim valik m\u00e4nguri s\u00fclearvutid ja m\u00e4nguarvutid<\/title>\n<meta name=\"robots\" content=\"index, follow, max-snippet:-1, max-image-preview:large, max-video-preview:-1\" \/>\n<link rel=\"canonical\" href=\"https:\/\/arvutipunkt.ee\/ru\/pood\/%d0%bd%d0%be%d1%83%d1%82%d0%b1%d1%83%d0%ba%d0%b8\/acer-nitro-16-ryzen7-rtx4050-16gb-512gb\/\" \/>\n<meta property=\"og:locale\" content=\"ru_RU\" \/>\n<meta property=\"og:type\" content=\"article\" \/>\n<meta property=\"og:title\" content=\"ACER Nitro AN16 16&quot; - Arvutipunkt - Parim valik m\u00e4nguri s\u00fclearvutid ja m\u00e4nguarvutid\" \/>\n<meta property=\"og:description\" content=\"Acer Nitro 16 AMD koos DLSS 3-ga on ideaalne s\u00fclearvuti nii m\u00e4ngimiseks kui ka koolit\u00f6\u00f6ks, pakkudes uusimat tehnoloogiat. Sellega saad sujuvalt vestelda, sirvida, voogesitada, t\u00f6\u00f6delda, salvestada ja m\u00e4ngida ilma katkestusteta.\" \/>\n<meta property=\"og:url\" content=\"https:\/\/arvutipunkt.ee\/ru\/pood\/%d0%bd%d0%be%d1%83%d1%82%d0%b1%d1%83%d0%ba%d0%b8\/acer-nitro-16-ryzen7-rtx4050-16gb-512gb\/\" \/>\n<meta property=\"og:site_name\" content=\"Arvutipunkt - Parim valik m\u00e4nguri s\u00fclearvutid ja m\u00e4nguarvutid\" \/>\n<meta property=\"article:modified_time\" content=\"2025-01-16T14:32:02+00:00\" \/>\n<meta property=\"og:image\" content=\"https:\/\/arvutipunkt.ee\/wp-content\/uploads\/2024\/02\/acer-nitro-1.jpg\" \/>\n\t<meta property=\"og:image:width\" content=\"1080\" \/>\n\t<meta property=\"og:image:height\" content=\"1080\" \/>\n\t<meta property=\"og:image:type\" content=\"image\/jpeg\" \/>\n<meta name=\"twitter:card\" content=\"summary_large_image\" \/>\n<script type=\"application\/ld+json\" class=\"yoast-schema-graph\">{\"@context\":\"https:\/\/schema.org\",\"@graph\":[{\"@type\":\"WebPage\",\"@id\":\"https:\/\/arvutipunkt.ee\/ru\/pood\/%d0%bd%d0%be%d1%83%d1%82%d0%b1%d1%83%d0%ba%d0%b8\/acer-nitro-16-ryzen7-rtx4050-16gb-512gb\/\",\"url\":\"https:\/\/arvutipunkt.ee\/ru\/pood\/%d0%bd%d0%be%d1%83%d1%82%d0%b1%d1%83%d0%ba%d0%b8\/acer-nitro-16-ryzen7-rtx4050-16gb-512gb\/\",\"name\":\"ACER Nitro AN16 16\\\" - Arvutipunkt - Parim valik m\u00e4nguri s\u00fclearvutid ja m\u00e4nguarvutid\",\"isPartOf\":{\"@id\":\"https:\/\/arvutipunkt.ee\/ru\/#website\"},\"primaryImageOfPage\":{\"@id\":\"https:\/\/arvutipunkt.ee\/ru\/pood\/%d0%bd%d0%be%d1%83%d1%82%d0%b1%d1%83%d0%ba%d0%b8\/acer-nitro-16-ryzen7-rtx4050-16gb-512gb\/#primaryimage\"},\"image\":{\"@id\":\"https:\/\/arvutipunkt.ee\/ru\/pood\/%d0%bd%d0%be%d1%83%d1%82%d0%b1%d1%83%d0%ba%d0%b8\/acer-nitro-16-ryzen7-rtx4050-16gb-512gb\/#primaryimage\"},\"thumbnailUrl\":\"https:\/\/arvutipunkt.ee\/wp-content\/uploads\/2024\/02\/acer-nitro-1.jpg\",\"datePublished\":\"2024-02-12T15:46:56+00:00\",\"dateModified\":\"2025-01-16T14:32:02+00:00\",\"breadcrumb\":{\"@id\":\"https:\/\/arvutipunkt.ee\/ru\/pood\/%d0%bd%d0%be%d1%83%d1%82%d0%b1%d1%83%d0%ba%d0%b8\/acer-nitro-16-ryzen7-rtx4050-16gb-512gb\/#breadcrumb\"},\"inLanguage\":\"ru-RU\",\"potentialAction\":[{\"@type\":\"ReadAction\",\"target\":[\"https:\/\/arvutipunkt.ee\/ru\/pood\/%d0%bd%d0%be%d1%83%d1%82%d0%b1%d1%83%d0%ba%d0%b8\/acer-nitro-16-ryzen7-rtx4050-16gb-512gb\/\"]}]},{\"@type\":\"ImageObject\",\"inLanguage\":\"ru-RU\",\"@id\":\"https:\/\/arvutipunkt.ee\/ru\/pood\/%d0%bd%d0%be%d1%83%d1%82%d0%b1%d1%83%d0%ba%d0%b8\/acer-nitro-16-ryzen7-rtx4050-16gb-512gb\/#primaryimage\",\"url\":\"https:\/\/arvutipunkt.ee\/wp-content\/uploads\/2024\/02\/acer-nitro-1.jpg\",\"contentUrl\":\"https:\/\/arvutipunkt.ee\/wp-content\/uploads\/2024\/02\/acer-nitro-1.jpg\",\"width\":1080,\"height\":1080},{\"@type\":\"BreadcrumbList\",\"@id\":\"https:\/\/arvutipunkt.ee\/ru\/pood\/%d0%bd%d0%be%d1%83%d1%82%d0%b1%d1%83%d0%ba%d0%b8\/acer-nitro-16-ryzen7-rtx4050-16gb-512gb\/#breadcrumb\",\"itemListElement\":[{\"@type\":\"ListItem\",\"position\":1,\"name\":\"Home\",\"item\":\"https:\/\/arvutipunkt.ee\/ru\/\"},{\"@type\":\"ListItem\",\"position\":2,\"name\":\"Shop\",\"item\":\"https:\/\/arvutipunkt.ee\/ru\/shop\/\"},{\"@type\":\"ListItem\",\"position\":3,\"name\":\"ACER Nitro AN16 16&#8243;\"}]},{\"@type\":\"WebSite\",\"@id\":\"https:\/\/arvutipunkt.ee\/ru\/#website\",\"url\":\"https:\/\/arvutipunkt.ee\/ru\/\",\"name\":\"Arvutipunkt - Parim valik m\u00e4nguri s\u00fclearvutid ja m\u00e4nguarvutid\",\"description\":\"Avar valik m\u00e4nguri s\u00fclearvutid ja m\u00e4nguarvutid. Parimad gaming PC-d, m\u00e4nguri komplektid ja t\u00f6\u00f6jaamad. Lauaarvutite komplekteerimine vastavalt kliendi soovile.\",\"publisher\":{\"@id\":\"https:\/\/arvutipunkt.ee\/ru\/#organization\"},\"potentialAction\":[{\"@type\":\"SearchAction\",\"target\":{\"@type\":\"EntryPoint\",\"urlTemplate\":\"https:\/\/arvutipunkt.ee\/ru\/?s={search_term_string}\"},\"query-input\":{\"@type\":\"PropertyValueSpecification\",\"valueRequired\":true,\"valueName\":\"search_term_string\"}}],\"inLanguage\":\"ru-RU\"},{\"@type\":\"Organization\",\"@id\":\"https:\/\/arvutipunkt.ee\/ru\/#organization\",\"name\":\"Arvutipunkt - Parim valik m\u00e4nguri s\u00fclearvutid ja m\u00e4nguarvutid\",\"url\":\"https:\/\/arvutipunkt.ee\/ru\/\",\"logo\":{\"@type\":\"ImageObject\",\"inLanguage\":\"ru-RU\",\"@id\":\"https:\/\/arvutipunkt.ee\/ru\/#\/schema\/logo\/image\/\",\"url\":\"https:\/\/arvutipunkt.ee\/wp-content\/uploads\/2023\/12\/cropped-ARVUTIPUNKT_LOGO_FINALE-2048x190-1.png\",\"contentUrl\":\"https:\/\/arvutipunkt.ee\/wp-content\/uploads\/2023\/12\/cropped-ARVUTIPUNKT_LOGO_FINALE-2048x190-1.png\",\"width\":2048,\"height\":190,\"caption\":\"Arvutipunkt - Parim valik m\u00e4nguri s\u00fclearvutid ja m\u00e4nguarvutid\"},\"image\":{\"@id\":\"https:\/\/arvutipunkt.ee\/ru\/#\/schema\/logo\/image\/\"}}]}<\/script>\n<!-- \/ Yoast SEO plugin. -->","yoast_head_json":{"title":"ACER Nitro AN16 16\" - Arvutipunkt - Parim valik m\u00e4nguri s\u00fclearvutid ja m\u00e4nguarvutid","robots":{"index":"index","follow":"follow","max-snippet":"max-snippet:-1","max-image-preview":"max-image-preview:large","max-video-preview":"max-video-preview:-1"},"canonical":"https:\/\/arvutipunkt.ee\/ru\/pood\/%d0%bd%d0%be%d1%83%d1%82%d0%b1%d1%83%d0%ba%d0%b8\/acer-nitro-16-ryzen7-rtx4050-16gb-512gb\/","og_locale":"ru_RU","og_type":"article","og_title":"ACER Nitro AN16 16\" - Arvutipunkt - Parim valik m\u00e4nguri s\u00fclearvutid ja m\u00e4nguarvutid","og_description":"Acer Nitro 16 AMD koos DLSS 3-ga on ideaalne s\u00fclearvuti nii m\u00e4ngimiseks kui ka koolit\u00f6\u00f6ks, pakkudes uusimat tehnoloogiat. Sellega saad sujuvalt vestelda, sirvida, voogesitada, t\u00f6\u00f6delda, salvestada ja m\u00e4ngida ilma katkestusteta.","og_url":"https:\/\/arvutipunkt.ee\/ru\/pood\/%d0%bd%d0%be%d1%83%d1%82%d0%b1%d1%83%d0%ba%d0%b8\/acer-nitro-16-ryzen7-rtx4050-16gb-512gb\/","og_site_name":"Arvutipunkt - Parim valik m\u00e4nguri s\u00fclearvutid ja m\u00e4nguarvutid","article_modified_time":"2025-01-16T14:32:02+00:00","og_image":[{"width":1080,"height":1080,"url":"https:\/\/arvutipunkt.ee\/wp-content\/uploads\/2024\/02\/acer-nitro-1.jpg","type":"image\/jpeg"}],"twitter_card":"summary_large_image","schema":{"@context":"https:\/\/schema.org","@graph":[{"@type":"WebPage","@id":"https:\/\/arvutipunkt.ee\/ru\/pood\/%d0%bd%d0%be%d1%83%d1%82%d0%b1%d1%83%d0%ba%d0%b8\/acer-nitro-16-ryzen7-rtx4050-16gb-512gb\/","url":"https:\/\/arvutipunkt.ee\/ru\/pood\/%d0%bd%d0%be%d1%83%d1%82%d0%b1%d1%83%d0%ba%d0%b8\/acer-nitro-16-ryzen7-rtx4050-16gb-512gb\/","name":"ACER Nitro AN16 16\" - Arvutipunkt - Parim valik m\u00e4nguri s\u00fclearvutid ja m\u00e4nguarvutid","isPartOf":{"@id":"https:\/\/arvutipunkt.ee\/ru\/#website"},"primaryImageOfPage":{"@id":"https:\/\/arvutipunkt.ee\/ru\/pood\/%d0%bd%d0%be%d1%83%d1%82%d0%b1%d1%83%d0%ba%d0%b8\/acer-nitro-16-ryzen7-rtx4050-16gb-512gb\/#primaryimage"},"image":{"@id":"https:\/\/arvutipunkt.ee\/ru\/pood\/%d0%bd%d0%be%d1%83%d1%82%d0%b1%d1%83%d0%ba%d0%b8\/acer-nitro-16-ryzen7-rtx4050-16gb-512gb\/#primaryimage"},"thumbnailUrl":"https:\/\/arvutipunkt.ee\/wp-content\/uploads\/2024\/02\/acer-nitro-1.jpg","datePublished":"2024-02-12T15:46:56+00:00","dateModified":"2025-01-16T14:32:02+00:00","breadcrumb":{"@id":"https:\/\/arvutipunkt.ee\/ru\/pood\/%d0%bd%d0%be%d1%83%d1%82%d0%b1%d1%83%d0%ba%d0%b8\/acer-nitro-16-ryzen7-rtx4050-16gb-512gb\/#breadcrumb"},"inLanguage":"ru-RU","potentialAction":[{"@type":"ReadAction","target":["https:\/\/arvutipunkt.ee\/ru\/pood\/%d0%bd%d0%be%d1%83%d1%82%d0%b1%d1%83%d0%ba%d0%b8\/acer-nitro-16-ryzen7-rtx4050-16gb-512gb\/"]}]},{"@type":"ImageObject","inLanguage":"ru-RU","@id":"https:\/\/arvutipunkt.ee\/ru\/pood\/%d0%bd%d0%be%d1%83%d1%82%d0%b1%d1%83%d0%ba%d0%b8\/acer-nitro-16-ryzen7-rtx4050-16gb-512gb\/#primaryimage","url":"https:\/\/arvutipunkt.ee\/wp-content\/uploads\/2024\/02\/acer-nitro-1.jpg","contentUrl":"https:\/\/arvutipunkt.ee\/wp-content\/uploads\/2024\/02\/acer-nitro-1.jpg","width":1080,"height":1080},{"@type":"BreadcrumbList","@id":"https:\/\/arvutipunkt.ee\/ru\/pood\/%d0%bd%d0%be%d1%83%d1%82%d0%b1%d1%83%d0%ba%d0%b8\/acer-nitro-16-ryzen7-rtx4050-16gb-512gb\/#breadcrumb","itemListElement":[{"@type":"ListItem","position":1,"name":"Home","item":"https:\/\/arvutipunkt.ee\/ru\/"},{"@type":"ListItem","position":2,"name":"Shop","item":"https:\/\/arvutipunkt.ee\/ru\/shop\/"},{"@type":"ListItem","position":3,"name":"ACER Nitro AN16 16&#8243;"}]},{"@type":"WebSite","@id":"https:\/\/arvutipunkt.ee\/ru\/#website","url":"https:\/\/arvutipunkt.ee\/ru\/","name":"Arvutipunkt - Parim valik m\u00e4nguri s\u00fclearvutid ja m\u00e4nguarvutid","description":"Avar valik m\u00e4nguri s\u00fclearvutid ja m\u00e4nguarvutid. Parimad gaming PC-d, m\u00e4nguri komplektid ja t\u00f6\u00f6jaamad. Lauaarvutite komplekteerimine vastavalt kliendi soovile.","publisher":{"@id":"https:\/\/arvutipunkt.ee\/ru\/#organization"},"potentialAction":[{"@type":"SearchAction","target":{"@type":"EntryPoint","urlTemplate":"https:\/\/arvutipunkt.ee\/ru\/?s={search_term_string}"},"query-input":{"@type":"PropertyValueSpecification","valueRequired":true,"valueName":"search_term_string"}}],"inLanguage":"ru-RU"},{"@type":"Organization","@id":"https:\/\/arvutipunkt.ee\/ru\/#organization","name":"Arvutipunkt - Parim valik m\u00e4nguri s\u00fclearvutid ja m\u00e4nguarvutid","url":"https:\/\/arvutipunkt.ee\/ru\/","logo":{"@type":"ImageObject","inLanguage":"ru-RU","@id":"https:\/\/arvutipunkt.ee\/ru\/#\/schema\/logo\/image\/","url":"https:\/\/arvutipunkt.ee\/wp-content\/uploads\/2023\/12\/cropped-ARVUTIPUNKT_LOGO_FINALE-2048x190-1.png","contentUrl":"https:\/\/arvutipunkt.ee\/wp-content\/uploads\/2023\/12\/cropped-ARVUTIPUNKT_LOGO_FINALE-2048x190-1.png","width":2048,"height":190,"caption":"Arvutipunkt - Parim valik m\u00e4nguri s\u00fclearvutid ja m\u00e4nguarvutid"},"image":{"@id":"https:\/\/arvutipunkt.ee\/ru\/#\/schema\/logo\/image\/"}}]}},"_links":{"self":[{"href":"https:\/\/arvutipunkt.ee\/ru\/wp-json\/wp\/v2\/product\/12174","targetHints":{"allow":["GET"]}}],"collection":[{"href":"https:\/\/arvutipunkt.ee\/ru\/wp-json\/wp\/v2\/product"}],"about":[{"href":"https:\/\/arvutipunkt.ee\/ru\/wp-json\/wp\/v2\/types\/product"}],"version-history":[{"count":2,"href":"https:\/\/arvutipunkt.ee\/ru\/wp-json\/wp\/v2\/product\/12174\/revisions"}],"predecessor-version":[{"id":13796,"href":"https:\/\/arvutipunkt.ee\/ru\/wp-json\/wp\/v2\/product\/12174\/revisions\/13796"}],"wp:featuredmedia":[{"embeddable":true,"href":"https:\/\/arvutipunkt.ee\/ru\/wp-json\/wp\/v2\/media\/13800"}],"wp:attachment":[{"href":"https:\/\/arvutipunkt.ee\/ru\/wp-json\/wp\/v2\/media?parent=12174"}],"wp:term":[{"taxonomy":"product_brand","embeddable":true,"href":"https:\/\/arvutipunkt.ee\/ru\/wp-json\/wp\/v2\/product_brand?post=12174"},{"taxonomy":"product_cat","embeddable":true,"href":"https:\/\/arvutipunkt.ee\/ru\/wp-json\/wp\/v2\/product_cat?post=12174"},{"taxonomy":"product_tag","embeddable":true,"href":"https:\/\/arvutipunkt.ee\/ru\/wp-json\/wp\/v2\/product_tag?post=12174"}],"curies":[{"name":"wp","href":"https:\/\/api.w.org\/{rel}","templated":true}]}}