{"id":12148,"date":"2024-02-13T22:06:57","date_gmt":"2024-02-13T20:06:57","guid":{"rendered":"https:\/\/arvutipunkt.ee\/pood\/uncategorized\/magnesium-mg-amd-r7-5800x-rtx4060-ti-8gb-16gb-ddr4-1tb-nvme-windows-11-pro\/"},"modified":"2024-02-13T22:06:57","modified_gmt":"2024-02-13T20:06:57","slug":"magnesium-mg-amd-r7-5800x-rtx4060-ti-8gb-16gb-ddr4-1tb-nvme-windows-11-pro","status":"publish","type":"product","link":"https:\/\/arvutipunkt.ee\/ru\/pood\/%d0%ba%d0%be%d0%bc%d0%bf%d1%8c%d1%8e%d1%82%d0%b5%d1%80%d1%8b-%d0%b4%d0%bb%d1%8f-%d0%b3%d0%b5%d0%b9%d0%bc%d0%b5%d1%80%d0%be%d0%b2\/%d0%b4%d0%bb%d1%8f-%d0%bf%d1%80%d0%be%d0%b4%d0%b2%d0%b8%d0%bd%d1%83%d1%82%d1%8b%d1%85\/magnesium-mg-amd-r7-5800x-rtx4060-ti-8gb-16gb-ddr4-1tb-nvme-windows-11-pro\/","title":{"rendered":"Magnesium (Mg) | AMD R7 5800X | RTX4060 TI 8GB | 16GB DDR4 | 1TB NVME | WINDOWS 11 PRO"},"content":{"rendered":"<table dir=\"ltr\" style=\"height: 259px;\" border=\"1\" width=\"761\" cellspacing=\"0\" cellpadding=\"0\" data-sheets-root=\"1\">\n<colgroup>\n<col width=\"100\" \/><\/colgroup>\n<tbody>\n<tr>\n<td data-sheets-value=\"{&quot;1&quot;:2,&quot;2&quot;:&quot;1. AMD Ryzen\u2122 7 5800X 8-Core, 16-Thread, Up to 4.7Ghz&quot;}\">\n<div>\n<div>1. AMD Ryzen\u2122 7 5800X 8-Core, 16-Thread, Up to 4.7Ghz<\/div>\n<\/div>\n<\/td>\n<\/tr>\n<tr>\n<td data-sheets-value=\"{&quot;1&quot;:2,&quot;2&quot;:&quot;2. MB (AMD B550 chipset)&quot;}\">\n<div>\n<div>2. MB (AMD B550 chipset)<\/div>\n<\/div>\n<\/td>\n<\/tr>\n<tr>\n<td data-sheets-value=\"{&quot;1&quot;:2,&quot;2&quot;:&quot;3. 16GB DDR4 RAM 3200Mhz&quot;}\">\n<div>\n<div>3. 16GB DDR4 RAM 3200Mhz<\/div>\n<\/div>\n<\/td>\n<\/tr>\n<tr>\n<td data-sheets-value=\"{&quot;1&quot;:2,&quot;2&quot;:&quot;4. 1TB SSD NVMe Gen.3 high speed disk&quot;}\">\n<div>\n<div>4. 1TB SSD NVMe Gen.3 high speed disk<\/div>\n<\/div>\n<\/td>\n<\/tr>\n<tr>\n<td data-sheets-value=\"{&quot;1&quot;:2,&quot;2&quot;:&quot;5. NVIDIA GeForce RTX\u2122 4060 TI 8GB GDDR6&quot;}\">\n<div>\n<div>5. NVIDIA GeForce RTX\u2122 4060 TI 8GB GDDR6<\/div>\n<\/div>\n<\/td>\n<\/tr>\n<tr>\n<td data-sheets-value=\"{&quot;1&quot;:2,&quot;2&quot;:&quot;6. ATX Case + PSU 650W &quot;}\">\n<div>\n<div>6. ATX Case + PSU 650W<\/div>\n<\/div>\n<\/td>\n<\/tr>\n<tr>\n<td data-sheets-value=\"{&quot;1&quot;:2,&quot;2&quot;:&quot;7. Windows 11 Pro license&quot;}\">\n<div>\n<div>7. Windows 11 Pro license<\/div>\n<\/div>\n<\/td>\n<\/tr>\n<\/tbody>\n<\/table>\n<p><em>Toote pildid on illustratiivsed ja n\u00e4itlikud. Originaaltoote omadused v\u00f5ivad nende tegelikust v\u00e4ljan\u00e4gemisest erineda, seega palun tutvuge tootekirjelduses toodud tootespetsifikatsioonidega.<\/em><\/p>\n","protected":false},"excerpt":{"rendered":"<p><span data-sheets-root=\"1\" data-sheets-value=\"{&quot;1&quot;:2,&quot;2&quot;:&quot;Magnesium (Mg) - Lightweight yet powerful, great for on-the-go computing.&quot;}\" data-sheets-userformat=\"{&quot;2&quot;:513,&quot;3&quot;:{&quot;1&quot;:0},&quot;12&quot;:0}\">Magnesium (Mg) &#8212; Lightweight yet powerful, great for on-the-go computing.<\/span><\/p>\n","protected":false},"featured_media":11728,"template":"","meta":{"_acf_changed":false},"product_brand":[],"product_cat":[280,276],"product_tag":[],"class_list":{"0":"post-12148","1":"product","2":"type-product","3":"status-publish","4":"has-post-thumbnail","6":"product_cat-280","7":"product_cat-276","9":"first","10":"instock","11":"taxable","12":"shipping-taxable","13":"purchasable","14":"product-type-simple"},"acf":[],"yoast_head":"<!-- This site is optimized with the Yoast SEO plugin v25.3.1 - https:\/\/yoast.com\/wordpress\/plugins\/seo\/ -->\n<title>Magnesium (Mg) | AMD R7 5800X | RTX4060 TI 8GB | 16GB DDR4 | 1TB NVME | WINDOWS 11 PRO - Arvutipunkt - Parim valik m\u00e4nguri s\u00fclearvutid ja m\u00e4nguarvutid<\/title>\n<meta name=\"robots\" content=\"index, follow, max-snippet:-1, max-image-preview:large, max-video-preview:-1\" \/>\n<link rel=\"canonical\" href=\"https:\/\/arvutipunkt.ee\/ru\/pood\/%d0%ba%d0%be%d0%bc%d0%bf%d1%8c%d1%8e%d1%82%d0%b5%d1%80%d1%8b-%d0%b4%d0%bb%d1%8f-%d0%b3%d0%b5%d0%b9%d0%bc%d0%b5%d1%80%d0%be%d0%b2\/%d0%b4%d0%bb%d1%8f-%d0%bf%d1%80%d0%be%d0%b4%d0%b2%d0%b8%d0%bd%d1%83%d1%82%d1%8b%d1%85\/magnesium-mg-amd-r7-5800x-rtx4060-ti-8gb-16gb-ddr4-1tb-nvme-windows-11-pro\/\" \/>\n<meta property=\"og:locale\" content=\"ru_RU\" \/>\n<meta property=\"og:type\" content=\"article\" \/>\n<meta property=\"og:title\" content=\"Magnesium (Mg) | AMD R7 5800X | RTX4060 TI 8GB | 16GB DDR4 | 1TB NVME | WINDOWS 11 PRO - Arvutipunkt - Parim valik m\u00e4nguri s\u00fclearvutid ja m\u00e4nguarvutid\" \/>\n<meta property=\"og:description\" content=\"Magnesium (Mg) - Lightweight yet powerful, great for on-the-go computing.\" \/>\n<meta property=\"og:url\" content=\"https:\/\/arvutipunkt.ee\/ru\/pood\/%d0%ba%d0%be%d0%bc%d0%bf%d1%8c%d1%8e%d1%82%d0%b5%d1%80%d1%8b-%d0%b4%d0%bb%d1%8f-%d0%b3%d0%b5%d0%b9%d0%bc%d0%b5%d1%80%d0%be%d0%b2\/%d0%b4%d0%bb%d1%8f-%d0%bf%d1%80%d0%be%d0%b4%d0%b2%d0%b8%d0%bd%d1%83%d1%82%d1%8b%d1%85\/magnesium-mg-amd-r7-5800x-rtx4060-ti-8gb-16gb-ddr4-1tb-nvme-windows-11-pro\/\" \/>\n<meta property=\"og:site_name\" content=\"Arvutipunkt - Parim valik m\u00e4nguri s\u00fclearvutid ja m\u00e4nguarvutid\" \/>\n<meta property=\"og:image\" content=\"https:\/\/arvutipunkt.ee\/wp-content\/uploads\/2024\/02\/oige8.jpg\" \/>\n\t<meta property=\"og:image:width\" content=\"800\" \/>\n\t<meta property=\"og:image:height\" content=\"800\" \/>\n\t<meta property=\"og:image:type\" content=\"image\/jpeg\" \/>\n<meta name=\"twitter:card\" content=\"summary_large_image\" \/>\n<script type=\"application\/ld+json\" class=\"yoast-schema-graph\">{\"@context\":\"https:\/\/schema.org\",\"@graph\":[{\"@type\":\"WebPage\",\"@id\":\"https:\/\/arvutipunkt.ee\/ru\/pood\/%d0%ba%d0%be%d0%bc%d0%bf%d1%8c%d1%8e%d1%82%d0%b5%d1%80%d1%8b-%d0%b4%d0%bb%d1%8f-%d0%b3%d0%b5%d0%b9%d0%bc%d0%b5%d1%80%d0%be%d0%b2\/%d0%b4%d0%bb%d1%8f-%d0%bf%d1%80%d0%be%d0%b4%d0%b2%d0%b8%d0%bd%d1%83%d1%82%d1%8b%d1%85\/magnesium-mg-amd-r7-5800x-rtx4060-ti-8gb-16gb-ddr4-1tb-nvme-windows-11-pro\/\",\"url\":\"https:\/\/arvutipunkt.ee\/ru\/pood\/%d0%ba%d0%be%d0%bc%d0%bf%d1%8c%d1%8e%d1%82%d0%b5%d1%80%d1%8b-%d0%b4%d0%bb%d1%8f-%d0%b3%d0%b5%d0%b9%d0%bc%d0%b5%d1%80%d0%be%d0%b2\/%d0%b4%d0%bb%d1%8f-%d0%bf%d1%80%d0%be%d0%b4%d0%b2%d0%b8%d0%bd%d1%83%d1%82%d1%8b%d1%85\/magnesium-mg-amd-r7-5800x-rtx4060-ti-8gb-16gb-ddr4-1tb-nvme-windows-11-pro\/\",\"name\":\"Magnesium (Mg) | AMD R7 5800X | RTX4060 TI 8GB | 16GB DDR4 | 1TB NVME | WINDOWS 11 PRO - Arvutipunkt - Parim valik m\u00e4nguri s\u00fclearvutid ja m\u00e4nguarvutid\",\"isPartOf\":{\"@id\":\"https:\/\/arvutipunkt.ee\/ru\/#website\"},\"primaryImageOfPage\":{\"@id\":\"https:\/\/arvutipunkt.ee\/ru\/pood\/%d0%ba%d0%be%d0%bc%d0%bf%d1%8c%d1%8e%d1%82%d0%b5%d1%80%d1%8b-%d0%b4%d0%bb%d1%8f-%d0%b3%d0%b5%d0%b9%d0%bc%d0%b5%d1%80%d0%be%d0%b2\/%d0%b4%d0%bb%d1%8f-%d0%bf%d1%80%d0%be%d0%b4%d0%b2%d0%b8%d0%bd%d1%83%d1%82%d1%8b%d1%85\/magnesium-mg-amd-r7-5800x-rtx4060-ti-8gb-16gb-ddr4-1tb-nvme-windows-11-pro\/#primaryimage\"},\"image\":{\"@id\":\"https:\/\/arvutipunkt.ee\/ru\/pood\/%d0%ba%d0%be%d0%bc%d0%bf%d1%8c%d1%8e%d1%82%d0%b5%d1%80%d1%8b-%d0%b4%d0%bb%d1%8f-%d0%b3%d0%b5%d0%b9%d0%bc%d0%b5%d1%80%d0%be%d0%b2\/%d0%b4%d0%bb%d1%8f-%d0%bf%d1%80%d0%be%d0%b4%d0%b2%d0%b8%d0%bd%d1%83%d1%82%d1%8b%d1%85\/magnesium-mg-amd-r7-5800x-rtx4060-ti-8gb-16gb-ddr4-1tb-nvme-windows-11-pro\/#primaryimage\"},\"thumbnailUrl\":\"https:\/\/arvutipunkt.ee\/wp-content\/uploads\/2024\/02\/oige8.jpg\",\"datePublished\":\"2024-02-13T20:06:57+00:00\",\"breadcrumb\":{\"@id\":\"https:\/\/arvutipunkt.ee\/ru\/pood\/%d0%ba%d0%be%d0%bc%d0%bf%d1%8c%d1%8e%d1%82%d0%b5%d1%80%d1%8b-%d0%b4%d0%bb%d1%8f-%d0%b3%d0%b5%d0%b9%d0%bc%d0%b5%d1%80%d0%be%d0%b2\/%d0%b4%d0%bb%d1%8f-%d0%bf%d1%80%d0%be%d0%b4%d0%b2%d0%b8%d0%bd%d1%83%d1%82%d1%8b%d1%85\/magnesium-mg-amd-r7-5800x-rtx4060-ti-8gb-16gb-ddr4-1tb-nvme-windows-11-pro\/#breadcrumb\"},\"inLanguage\":\"ru-RU\",\"potentialAction\":[{\"@type\":\"ReadAction\",\"target\":[\"https:\/\/arvutipunkt.ee\/ru\/pood\/%d0%ba%d0%be%d0%bc%d0%bf%d1%8c%d1%8e%d1%82%d0%b5%d1%80%d1%8b-%d0%b4%d0%bb%d1%8f-%d0%b3%d0%b5%d0%b9%d0%bc%d0%b5%d1%80%d0%be%d0%b2\/%d0%b4%d0%bb%d1%8f-%d0%bf%d1%80%d0%be%d0%b4%d0%b2%d0%b8%d0%bd%d1%83%d1%82%d1%8b%d1%85\/magnesium-mg-amd-r7-5800x-rtx4060-ti-8gb-16gb-ddr4-1tb-nvme-windows-11-pro\/\"]}]},{\"@type\":\"ImageObject\",\"inLanguage\":\"ru-RU\",\"@id\":\"https:\/\/arvutipunkt.ee\/ru\/pood\/%d0%ba%d0%be%d0%bc%d0%bf%d1%8c%d1%8e%d1%82%d0%b5%d1%80%d1%8b-%d0%b4%d0%bb%d1%8f-%d0%b3%d0%b5%d0%b9%d0%bc%d0%b5%d1%80%d0%be%d0%b2\/%d0%b4%d0%bb%d1%8f-%d0%bf%d1%80%d0%be%d0%b4%d0%b2%d0%b8%d0%bd%d1%83%d1%82%d1%8b%d1%85\/magnesium-mg-amd-r7-5800x-rtx4060-ti-8gb-16gb-ddr4-1tb-nvme-windows-11-pro\/#primaryimage\",\"url\":\"https:\/\/arvutipunkt.ee\/wp-content\/uploads\/2024\/02\/oige8.jpg\",\"contentUrl\":\"https:\/\/arvutipunkt.ee\/wp-content\/uploads\/2024\/02\/oige8.jpg\",\"width\":800,\"height\":800},{\"@type\":\"BreadcrumbList\",\"@id\":\"https:\/\/arvutipunkt.ee\/ru\/pood\/%d0%ba%d0%be%d0%bc%d0%bf%d1%8c%d1%8e%d1%82%d0%b5%d1%80%d1%8b-%d0%b4%d0%bb%d1%8f-%d0%b3%d0%b5%d0%b9%d0%bc%d0%b5%d1%80%d0%be%d0%b2\/%d0%b4%d0%bb%d1%8f-%d0%bf%d1%80%d0%be%d0%b4%d0%b2%d0%b8%d0%bd%d1%83%d1%82%d1%8b%d1%85\/magnesium-mg-amd-r7-5800x-rtx4060-ti-8gb-16gb-ddr4-1tb-nvme-windows-11-pro\/#breadcrumb\",\"itemListElement\":[{\"@type\":\"ListItem\",\"position\":1,\"name\":\"Home\",\"item\":\"https:\/\/arvutipunkt.ee\/ru\/\"},{\"@type\":\"ListItem\",\"position\":2,\"name\":\"Shop\",\"item\":\"https:\/\/arvutipunkt.ee\/ru\/shop\/\"},{\"@type\":\"ListItem\",\"position\":3,\"name\":\"Magnesium (Mg) | AMD R7 5800X | RTX4060 TI 8GB | 16GB DDR4 | 1TB NVME | WINDOWS 11 PRO\"}]},{\"@type\":\"WebSite\",\"@id\":\"https:\/\/arvutipunkt.ee\/ru\/#website\",\"url\":\"https:\/\/arvutipunkt.ee\/ru\/\",\"name\":\"Arvutipunkt - Parim valik m\u00e4nguri s\u00fclearvutid ja m\u00e4nguarvutid\",\"description\":\"Avar valik m\u00e4nguri s\u00fclearvutid ja m\u00e4nguarvutid. Parimad gaming PC-d, m\u00e4nguri komplektid ja t\u00f6\u00f6jaamad. Lauaarvutite komplekteerimine vastavalt kliendi soovile.\",\"publisher\":{\"@id\":\"https:\/\/arvutipunkt.ee\/ru\/#organization\"},\"potentialAction\":[{\"@type\":\"SearchAction\",\"target\":{\"@type\":\"EntryPoint\",\"urlTemplate\":\"https:\/\/arvutipunkt.ee\/ru\/?s={search_term_string}\"},\"query-input\":{\"@type\":\"PropertyValueSpecification\",\"valueRequired\":true,\"valueName\":\"search_term_string\"}}],\"inLanguage\":\"ru-RU\"},{\"@type\":\"Organization\",\"@id\":\"https:\/\/arvutipunkt.ee\/ru\/#organization\",\"name\":\"Arvutipunkt - Parim valik m\u00e4nguri s\u00fclearvutid ja m\u00e4nguarvutid\",\"url\":\"https:\/\/arvutipunkt.ee\/ru\/\",\"logo\":{\"@type\":\"ImageObject\",\"inLanguage\":\"ru-RU\",\"@id\":\"https:\/\/arvutipunkt.ee\/ru\/#\/schema\/logo\/image\/\",\"url\":\"https:\/\/arvutipunkt.ee\/wp-content\/uploads\/2023\/12\/cropped-ARVUTIPUNKT_LOGO_FINALE-2048x190-1.png\",\"contentUrl\":\"https:\/\/arvutipunkt.ee\/wp-content\/uploads\/2023\/12\/cropped-ARVUTIPUNKT_LOGO_FINALE-2048x190-1.png\",\"width\":2048,\"height\":190,\"caption\":\"Arvutipunkt - Parim valik m\u00e4nguri s\u00fclearvutid ja m\u00e4nguarvutid\"},\"image\":{\"@id\":\"https:\/\/arvutipunkt.ee\/ru\/#\/schema\/logo\/image\/\"}}]}<\/script>\n<!-- \/ Yoast SEO plugin. -->","yoast_head_json":{"title":"Magnesium (Mg) | AMD R7 5800X | RTX4060 TI 8GB | 16GB DDR4 | 1TB NVME | WINDOWS 11 PRO - Arvutipunkt - Parim valik m\u00e4nguri s\u00fclearvutid ja m\u00e4nguarvutid","robots":{"index":"index","follow":"follow","max-snippet":"max-snippet:-1","max-image-preview":"max-image-preview:large","max-video-preview":"max-video-preview:-1"},"canonical":"https:\/\/arvutipunkt.ee\/ru\/pood\/%d0%ba%d0%be%d0%bc%d0%bf%d1%8c%d1%8e%d1%82%d0%b5%d1%80%d1%8b-%d0%b4%d0%bb%d1%8f-%d0%b3%d0%b5%d0%b9%d0%bc%d0%b5%d1%80%d0%be%d0%b2\/%d0%b4%d0%bb%d1%8f-%d0%bf%d1%80%d0%be%d0%b4%d0%b2%d0%b8%d0%bd%d1%83%d1%82%d1%8b%d1%85\/magnesium-mg-amd-r7-5800x-rtx4060-ti-8gb-16gb-ddr4-1tb-nvme-windows-11-pro\/","og_locale":"ru_RU","og_type":"article","og_title":"Magnesium (Mg) | AMD R7 5800X | RTX4060 TI 8GB | 16GB DDR4 | 1TB NVME | WINDOWS 11 PRO - Arvutipunkt - Parim valik m\u00e4nguri s\u00fclearvutid ja m\u00e4nguarvutid","og_description":"Magnesium (Mg) - Lightweight yet powerful, great for on-the-go computing.","og_url":"https:\/\/arvutipunkt.ee\/ru\/pood\/%d0%ba%d0%be%d0%bc%d0%bf%d1%8c%d1%8e%d1%82%d0%b5%d1%80%d1%8b-%d0%b4%d0%bb%d1%8f-%d0%b3%d0%b5%d0%b9%d0%bc%d0%b5%d1%80%d0%be%d0%b2\/%d0%b4%d0%bb%d1%8f-%d0%bf%d1%80%d0%be%d0%b4%d0%b2%d0%b8%d0%bd%d1%83%d1%82%d1%8b%d1%85\/magnesium-mg-amd-r7-5800x-rtx4060-ti-8gb-16gb-ddr4-1tb-nvme-windows-11-pro\/","og_site_name":"Arvutipunkt - Parim valik m\u00e4nguri s\u00fclearvutid ja m\u00e4nguarvutid","og_image":[{"width":800,"height":800,"url":"https:\/\/arvutipunkt.ee\/wp-content\/uploads\/2024\/02\/oige8.jpg","type":"image\/jpeg"}],"twitter_card":"summary_large_image","schema":{"@context":"https:\/\/schema.org","@graph":[{"@type":"WebPage","@id":"https:\/\/arvutipunkt.ee\/ru\/pood\/%d0%ba%d0%be%d0%bc%d0%bf%d1%8c%d1%8e%d1%82%d0%b5%d1%80%d1%8b-%d0%b4%d0%bb%d1%8f-%d0%b3%d0%b5%d0%b9%d0%bc%d0%b5%d1%80%d0%be%d0%b2\/%d0%b4%d0%bb%d1%8f-%d0%bf%d1%80%d0%be%d0%b4%d0%b2%d0%b8%d0%bd%d1%83%d1%82%d1%8b%d1%85\/magnesium-mg-amd-r7-5800x-rtx4060-ti-8gb-16gb-ddr4-1tb-nvme-windows-11-pro\/","url":"https:\/\/arvutipunkt.ee\/ru\/pood\/%d0%ba%d0%be%d0%bc%d0%bf%d1%8c%d1%8e%d1%82%d0%b5%d1%80%d1%8b-%d0%b4%d0%bb%d1%8f-%d0%b3%d0%b5%d0%b9%d0%bc%d0%b5%d1%80%d0%be%d0%b2\/%d0%b4%d0%bb%d1%8f-%d0%bf%d1%80%d0%be%d0%b4%d0%b2%d0%b8%d0%bd%d1%83%d1%82%d1%8b%d1%85\/magnesium-mg-amd-r7-5800x-rtx4060-ti-8gb-16gb-ddr4-1tb-nvme-windows-11-pro\/","name":"Magnesium (Mg) | AMD R7 5800X | RTX4060 TI 8GB | 16GB DDR4 | 1TB NVME | WINDOWS 11 PRO - Arvutipunkt - Parim valik m\u00e4nguri s\u00fclearvutid ja m\u00e4nguarvutid","isPartOf":{"@id":"https:\/\/arvutipunkt.ee\/ru\/#website"},"primaryImageOfPage":{"@id":"https:\/\/arvutipunkt.ee\/ru\/pood\/%d0%ba%d0%be%d0%bc%d0%bf%d1%8c%d1%8e%d1%82%d0%b5%d1%80%d1%8b-%d0%b4%d0%bb%d1%8f-%d0%b3%d0%b5%d0%b9%d0%bc%d0%b5%d1%80%d0%be%d0%b2\/%d0%b4%d0%bb%d1%8f-%d0%bf%d1%80%d0%be%d0%b4%d0%b2%d0%b8%d0%bd%d1%83%d1%82%d1%8b%d1%85\/magnesium-mg-amd-r7-5800x-rtx4060-ti-8gb-16gb-ddr4-1tb-nvme-windows-11-pro\/#primaryimage"},"image":{"@id":"https:\/\/arvutipunkt.ee\/ru\/pood\/%d0%ba%d0%be%d0%bc%d0%bf%d1%8c%d1%8e%d1%82%d0%b5%d1%80%d1%8b-%d0%b4%d0%bb%d1%8f-%d0%b3%d0%b5%d0%b9%d0%bc%d0%b5%d1%80%d0%be%d0%b2\/%d0%b4%d0%bb%d1%8f-%d0%bf%d1%80%d0%be%d0%b4%d0%b2%d0%b8%d0%bd%d1%83%d1%82%d1%8b%d1%85\/magnesium-mg-amd-r7-5800x-rtx4060-ti-8gb-16gb-ddr4-1tb-nvme-windows-11-pro\/#primaryimage"},"thumbnailUrl":"https:\/\/arvutipunkt.ee\/wp-content\/uploads\/2024\/02\/oige8.jpg","datePublished":"2024-02-13T20:06:57+00:00","breadcrumb":{"@id":"https:\/\/arvutipunkt.ee\/ru\/pood\/%d0%ba%d0%be%d0%bc%d0%bf%d1%8c%d1%8e%d1%82%d0%b5%d1%80%d1%8b-%d0%b4%d0%bb%d1%8f-%d0%b3%d0%b5%d0%b9%d0%bc%d0%b5%d1%80%d0%be%d0%b2\/%d0%b4%d0%bb%d1%8f-%d0%bf%d1%80%d0%be%d0%b4%d0%b2%d0%b8%d0%bd%d1%83%d1%82%d1%8b%d1%85\/magnesium-mg-amd-r7-5800x-rtx4060-ti-8gb-16gb-ddr4-1tb-nvme-windows-11-pro\/#breadcrumb"},"inLanguage":"ru-RU","potentialAction":[{"@type":"ReadAction","target":["https:\/\/arvutipunkt.ee\/ru\/pood\/%d0%ba%d0%be%d0%bc%d0%bf%d1%8c%d1%8e%d1%82%d0%b5%d1%80%d1%8b-%d0%b4%d0%bb%d1%8f-%d0%b3%d0%b5%d0%b9%d0%bc%d0%b5%d1%80%d0%be%d0%b2\/%d0%b4%d0%bb%d1%8f-%d0%bf%d1%80%d0%be%d0%b4%d0%b2%d0%b8%d0%bd%d1%83%d1%82%d1%8b%d1%85\/magnesium-mg-amd-r7-5800x-rtx4060-ti-8gb-16gb-ddr4-1tb-nvme-windows-11-pro\/"]}]},{"@type":"ImageObject","inLanguage":"ru-RU","@id":"https:\/\/arvutipunkt.ee\/ru\/pood\/%d0%ba%d0%be%d0%bc%d0%bf%d1%8c%d1%8e%d1%82%d0%b5%d1%80%d1%8b-%d0%b4%d0%bb%d1%8f-%d0%b3%d0%b5%d0%b9%d0%bc%d0%b5%d1%80%d0%be%d0%b2\/%d0%b4%d0%bb%d1%8f-%d0%bf%d1%80%d0%be%d0%b4%d0%b2%d0%b8%d0%bd%d1%83%d1%82%d1%8b%d1%85\/magnesium-mg-amd-r7-5800x-rtx4060-ti-8gb-16gb-ddr4-1tb-nvme-windows-11-pro\/#primaryimage","url":"https:\/\/arvutipunkt.ee\/wp-content\/uploads\/2024\/02\/oige8.jpg","contentUrl":"https:\/\/arvutipunkt.ee\/wp-content\/uploads\/2024\/02\/oige8.jpg","width":800,"height":800},{"@type":"BreadcrumbList","@id":"https:\/\/arvutipunkt.ee\/ru\/pood\/%d0%ba%d0%be%d0%bc%d0%bf%d1%8c%d1%8e%d1%82%d0%b5%d1%80%d1%8b-%d0%b4%d0%bb%d1%8f-%d0%b3%d0%b5%d0%b9%d0%bc%d0%b5%d1%80%d0%be%d0%b2\/%d0%b4%d0%bb%d1%8f-%d0%bf%d1%80%d0%be%d0%b4%d0%b2%d0%b8%d0%bd%d1%83%d1%82%d1%8b%d1%85\/magnesium-mg-amd-r7-5800x-rtx4060-ti-8gb-16gb-ddr4-1tb-nvme-windows-11-pro\/#breadcrumb","itemListElement":[{"@type":"ListItem","position":1,"name":"Home","item":"https:\/\/arvutipunkt.ee\/ru\/"},{"@type":"ListItem","position":2,"name":"Shop","item":"https:\/\/arvutipunkt.ee\/ru\/shop\/"},{"@type":"ListItem","position":3,"name":"Magnesium (Mg) | AMD R7 5800X | RTX4060 TI 8GB | 16GB DDR4 | 1TB NVME | WINDOWS 11 PRO"}]},{"@type":"WebSite","@id":"https:\/\/arvutipunkt.ee\/ru\/#website","url":"https:\/\/arvutipunkt.ee\/ru\/","name":"Arvutipunkt - Parim valik m\u00e4nguri s\u00fclearvutid ja m\u00e4nguarvutid","description":"Avar valik m\u00e4nguri s\u00fclearvutid ja m\u00e4nguarvutid. Parimad gaming PC-d, m\u00e4nguri komplektid ja t\u00f6\u00f6jaamad. Lauaarvutite komplekteerimine vastavalt kliendi soovile.","publisher":{"@id":"https:\/\/arvutipunkt.ee\/ru\/#organization"},"potentialAction":[{"@type":"SearchAction","target":{"@type":"EntryPoint","urlTemplate":"https:\/\/arvutipunkt.ee\/ru\/?s={search_term_string}"},"query-input":{"@type":"PropertyValueSpecification","valueRequired":true,"valueName":"search_term_string"}}],"inLanguage":"ru-RU"},{"@type":"Organization","@id":"https:\/\/arvutipunkt.ee\/ru\/#organization","name":"Arvutipunkt - Parim valik m\u00e4nguri s\u00fclearvutid ja m\u00e4nguarvutid","url":"https:\/\/arvutipunkt.ee\/ru\/","logo":{"@type":"ImageObject","inLanguage":"ru-RU","@id":"https:\/\/arvutipunkt.ee\/ru\/#\/schema\/logo\/image\/","url":"https:\/\/arvutipunkt.ee\/wp-content\/uploads\/2023\/12\/cropped-ARVUTIPUNKT_LOGO_FINALE-2048x190-1.png","contentUrl":"https:\/\/arvutipunkt.ee\/wp-content\/uploads\/2023\/12\/cropped-ARVUTIPUNKT_LOGO_FINALE-2048x190-1.png","width":2048,"height":190,"caption":"Arvutipunkt - Parim valik m\u00e4nguri s\u00fclearvutid ja m\u00e4nguarvutid"},"image":{"@id":"https:\/\/arvutipunkt.ee\/ru\/#\/schema\/logo\/image\/"}}]}},"_links":{"self":[{"href":"https:\/\/arvutipunkt.ee\/ru\/wp-json\/wp\/v2\/product\/12148","targetHints":{"allow":["GET"]}}],"collection":[{"href":"https:\/\/arvutipunkt.ee\/ru\/wp-json\/wp\/v2\/product"}],"about":[{"href":"https:\/\/arvutipunkt.ee\/ru\/wp-json\/wp\/v2\/types\/product"}],"version-history":[{"count":0,"href":"https:\/\/arvutipunkt.ee\/ru\/wp-json\/wp\/v2\/product\/12148\/revisions"}],"wp:featuredmedia":[{"embeddable":true,"href":"https:\/\/arvutipunkt.ee\/ru\/wp-json\/wp\/v2\/media\/11728"}],"wp:attachment":[{"href":"https:\/\/arvutipunkt.ee\/ru\/wp-json\/wp\/v2\/media?parent=12148"}],"wp:term":[{"taxonomy":"product_brand","embeddable":true,"href":"https:\/\/arvutipunkt.ee\/ru\/wp-json\/wp\/v2\/product_brand?post=12148"},{"taxonomy":"product_cat","embeddable":true,"href":"https:\/\/arvutipunkt.ee\/ru\/wp-json\/wp\/v2\/product_cat?post=12148"},{"taxonomy":"product_tag","embeddable":true,"href":"https:\/\/arvutipunkt.ee\/ru\/wp-json\/wp\/v2\/product_tag?post=12148"}],"curies":[{"name":"wp","href":"https:\/\/api.w.org\/{rel}","templated":true}]}}