{"id":12124,"date":"2024-02-14T18:02:06","date_gmt":"2024-02-14T16:02:06","guid":{"rendered":"https:\/\/arvutipunkt.ee\/pood\/uncategorized\/chromium-cr-intel-i7-14700kf-rtx4080-16gb-32gb-ddr5-2tb-nvme-windows-11-pro\/"},"modified":"2024-02-14T18:02:06","modified_gmt":"2024-02-14T16:02:06","slug":"chromium-cr-intel-i7-14700kf-rtx4080-16gb-32gb-ddr5-2tb-nvme-windows-11-pro","status":"publish","type":"product","link":"https:\/\/arvutipunkt.ee\/ru\/pood\/%d0%ba%d0%be%d0%bc%d0%bf%d1%8c%d1%8e%d1%82%d0%b5%d1%80%d1%8b-%d0%b4%d0%bb%d1%8f-%d0%b3%d0%b5%d0%b9%d0%bc%d0%b5%d1%80%d0%be%d0%b2\/%d0%b4%d0%bb%d1%8f-%d0%bf%d1%80%d0%be%d1%84%d0%b5%d1%81%d1%81%d0%b8%d0%be%d0%bd%d0%b0%d0%bb%d0%be%d0%b2\/chromium-cr-intel-i7-14700kf-rtx4080-16gb-32gb-ddr5-2tb-nvme-windows-11-pro\/","title":{"rendered":"Chromium (Cr) | INTEL I7 14700KF | RTX4080 16GB | 32GB DDR5 | 2TB NVME | WINDOWS 11 PRO"},"content":{"rendered":"<table dir=\"ltr\" style=\"height: 289px;\" border=\"1\" width=\"704\" cellspacing=\"0\" cellpadding=\"0\" data-sheets-root=\"1\">\n<colgroup>\n<col width=\"100\" \/><\/colgroup>\n<tbody>\n<tr>\n<td data-sheets-value=\"{&quot;1&quot;:2,&quot;2&quot;:&quot;1. Intel\u00ae Core\u2122 i7 14700KF 20-Core, 28-Thread, up to 5.6 GHz + Radiator Liquid CPU Cooling&quot;}\">\n<div>\n<div>1. Intel\u00ae Core\u2122 i7 14700KF 20-Core, 28-Thread, up to 5.6 GHz + Radiator Liquid CPU Cooling<\/div>\n<\/div>\n<\/td>\n<\/tr>\n<tr>\n<td data-sheets-value=\"{&quot;1&quot;:2,&quot;2&quot;:&quot;2. MB (Intel Z790 chipset)&quot;}\">\n<div>\n<div>2. MB (Intel Z790 chipset)<\/div>\n<\/div>\n<\/td>\n<\/tr>\n<tr>\n<td data-sheets-value=\"{&quot;1&quot;:2,&quot;2&quot;:&quot;3. 32GB DDR5 RAM 6000Mhz&quot;}\">\n<div>\n<div>3. 32GB DDR5 RAM 6000Mhz<\/div>\n<\/div>\n<\/td>\n<\/tr>\n<tr>\n<td data-sheets-value=\"{&quot;1&quot;:2,&quot;2&quot;:&quot;4. 2TB SSD NVMe&quot;}\">4. 2TB SSD NVMe<\/td>\n<\/tr>\n<tr>\n<td data-sheets-value=\"{&quot;1&quot;:2,&quot;2&quot;:&quot;5. NVIDIA GeForce RTX\u2122 4080 16GB GDDR6&quot;}\">\n<div>\n<div>5. NVIDIA GeForce RTX\u2122 4080 16GB GDDR6<\/div>\n<\/div>\n<\/td>\n<\/tr>\n<tr>\n<td data-sheets-value=\"{&quot;1&quot;:2,&quot;2&quot;:&quot;6. ATX Case + PSU 850W GOLD&quot;}\">\n<div>\n<div>6. ATX Case + PSU 850W GOLD<\/div>\n<\/div>\n<\/td>\n<\/tr>\n<tr>\n<td data-sheets-value=\"{&quot;1&quot;:2,&quot;2&quot;:&quot;7. Windows 11 PRO license&quot;}\">\n<div>\n<div>7. Windows 11 PRO license<\/div>\n<\/div>\n<\/td>\n<\/tr>\n<\/tbody>\n<\/table>\n<div class=\"elementor-column elementor-col-50 elementor-top-column elementor-element elementor-element-849fa95\" data-id=\"849fa95\" data-element_type=\"column\" data-settings=\"{&quot;background_background&quot;:&quot;classic&quot;}\">\n<div class=\"elementor-widget-wrap elementor-element-populated\">\n<div class=\"elementor-element elementor-element-e24b901 wd-single-content elementor-widget elementor-widget-wd_single_product_content\" data-id=\"e24b901\" data-element_type=\"widget\" data-widget_type=\"wd_single_product_content.default\">\n<div class=\"elementor-widget-container\">\n<p><em>Toote pildid on illustratiivsed ja n\u00e4itlikud. Originaaltoote omadused v\u00f5ivad nende tegelikust v\u00e4ljan\u00e4gemisest erineda, seega palun tutvuge tootekirjelduses toodud tootespetsifikatsioonidega.<\/em><\/p>\n<\/div>\n<\/div>\n<\/div>\n<\/div>\n<div class=\"elementor-column elementor-col-50 elementor-top-column elementor-element elementor-element-1560502 wd-elementor-sticky-column wd_sticky_offset_150\" data-id=\"1560502\" data-element_type=\"column\" data-settings=\"{&quot;background_background&quot;:&quot;classic&quot;}\">\n<div class=\"elementor-widget-wrap elementor-element-populated\">\n<section class=\"wd-negative-gap elementor-section elementor-inner-section elementor-element elementor-element-df8339e elementor-section-boxed elementor-section-height-default elementor-section-height-default wd-section-disabled\" data-id=\"df8339e\" data-element_type=\"section\" data-settings=\"{&quot;background_background&quot;:&quot;classic&quot;}\">\n<div class=\"elementor-container elementor-column-gap-default\">\n<div class=\"elementor-column elementor-col-100 elementor-inner-column elementor-element elementor-element-f56d956\" data-id=\"f56d956\" data-element_type=\"column\"><\/div>\n<\/div>\n<\/section>\n<\/div>\n<\/div>\n","protected":false},"excerpt":{"rendered":"<p><span data-sheets-root=\"1\" data-sheets-value=\"{&quot;1&quot;:2,&quot;2&quot;:&quot;Chromium (Cr) - Shiny and powerful, perfect for high-speed operations.&quot;}\" data-sheets-userformat=\"{&quot;2&quot;:513,&quot;3&quot;:{&quot;1&quot;:0},&quot;12&quot;:0}\">Chromium (Cr) &#8212; Shiny and powerful, perfect for high-speed operations.<\/span><\/p>\n","protected":false},"featured_media":11754,"template":"","meta":{"_acf_changed":false},"product_brand":[],"product_cat":[283,276],"product_tag":[],"class_list":{"0":"post-12124","1":"product","2":"type-product","3":"status-publish","4":"has-post-thumbnail","6":"product_cat-283","7":"product_cat-276","9":"first","10":"instock","11":"sale","12":"taxable","13":"shipping-taxable","14":"purchasable","15":"product-type-simple"},"acf":[],"yoast_head":"<!-- This site is optimized with the Yoast SEO plugin v25.3.1 - https:\/\/yoast.com\/wordpress\/plugins\/seo\/ -->\n<title>Chromium (Cr) | INTEL I7 14700KF | RTX4080 16GB | 32GB DDR5 | 2TB NVME | WINDOWS 11 PRO - Arvutipunkt - Parim valik m\u00e4nguri s\u00fclearvutid ja m\u00e4nguarvutid<\/title>\n<meta name=\"robots\" content=\"index, follow, max-snippet:-1, max-image-preview:large, max-video-preview:-1\" \/>\n<link rel=\"canonical\" href=\"https:\/\/arvutipunkt.ee\/ru\/pood\/%d0%ba%d0%be%d0%bc%d0%bf%d1%8c%d1%8e%d1%82%d0%b5%d1%80%d1%8b-%d0%b4%d0%bb%d1%8f-%d0%b3%d0%b5%d0%b9%d0%bc%d0%b5%d1%80%d0%be%d0%b2\/%d0%b4%d0%bb%d1%8f-%d0%bf%d1%80%d0%be%d1%84%d0%b5%d1%81%d1%81%d0%b8%d0%be%d0%bd%d0%b0%d0%bb%d0%be%d0%b2\/chromium-cr-intel-i7-14700kf-rtx4080-16gb-32gb-ddr5-2tb-nvme-windows-11-pro\/\" \/>\n<meta property=\"og:locale\" content=\"ru_RU\" \/>\n<meta property=\"og:type\" content=\"article\" \/>\n<meta property=\"og:title\" content=\"Chromium (Cr) | INTEL I7 14700KF | RTX4080 16GB | 32GB DDR5 | 2TB NVME | WINDOWS 11 PRO - Arvutipunkt - Parim valik m\u00e4nguri s\u00fclearvutid ja m\u00e4nguarvutid\" \/>\n<meta property=\"og:description\" content=\"Chromium (Cr) - Shiny and powerful, perfect for high-speed operations.\" \/>\n<meta property=\"og:url\" content=\"https:\/\/arvutipunkt.ee\/ru\/pood\/%d0%ba%d0%be%d0%bc%d0%bf%d1%8c%d1%8e%d1%82%d0%b5%d1%80%d1%8b-%d0%b4%d0%bb%d1%8f-%d0%b3%d0%b5%d0%b9%d0%bc%d0%b5%d1%80%d0%be%d0%b2\/%d0%b4%d0%bb%d1%8f-%d0%bf%d1%80%d0%be%d1%84%d0%b5%d1%81%d1%81%d0%b8%d0%be%d0%bd%d0%b0%d0%bb%d0%be%d0%b2\/chromium-cr-intel-i7-14700kf-rtx4080-16gb-32gb-ddr5-2tb-nvme-windows-11-pro\/\" \/>\n<meta property=\"og:site_name\" content=\"Arvutipunkt - Parim valik m\u00e4nguri s\u00fclearvutid ja m\u00e4nguarvutid\" \/>\n<meta property=\"og:image\" content=\"https:\/\/arvutipunkt.ee\/wp-content\/uploads\/2024\/02\/oige20.jpg\" \/>\n\t<meta property=\"og:image:width\" content=\"800\" \/>\n\t<meta property=\"og:image:height\" content=\"800\" \/>\n\t<meta property=\"og:image:type\" content=\"image\/jpeg\" \/>\n<meta name=\"twitter:card\" content=\"summary_large_image\" \/>\n<script type=\"application\/ld+json\" class=\"yoast-schema-graph\">{\"@context\":\"https:\/\/schema.org\",\"@graph\":[{\"@type\":\"WebPage\",\"@id\":\"https:\/\/arvutipunkt.ee\/ru\/pood\/%d0%ba%d0%be%d0%bc%d0%bf%d1%8c%d1%8e%d1%82%d0%b5%d1%80%d1%8b-%d0%b4%d0%bb%d1%8f-%d0%b3%d0%b5%d0%b9%d0%bc%d0%b5%d1%80%d0%be%d0%b2\/%d0%b4%d0%bb%d1%8f-%d0%bf%d1%80%d0%be%d1%84%d0%b5%d1%81%d1%81%d0%b8%d0%be%d0%bd%d0%b0%d0%bb%d0%be%d0%b2\/chromium-cr-intel-i7-14700kf-rtx4080-16gb-32gb-ddr5-2tb-nvme-windows-11-pro\/\",\"url\":\"https:\/\/arvutipunkt.ee\/ru\/pood\/%d0%ba%d0%be%d0%bc%d0%bf%d1%8c%d1%8e%d1%82%d0%b5%d1%80%d1%8b-%d0%b4%d0%bb%d1%8f-%d0%b3%d0%b5%d0%b9%d0%bc%d0%b5%d1%80%d0%be%d0%b2\/%d0%b4%d0%bb%d1%8f-%d0%bf%d1%80%d0%be%d1%84%d0%b5%d1%81%d1%81%d0%b8%d0%be%d0%bd%d0%b0%d0%bb%d0%be%d0%b2\/chromium-cr-intel-i7-14700kf-rtx4080-16gb-32gb-ddr5-2tb-nvme-windows-11-pro\/\",\"name\":\"Chromium (Cr) | INTEL I7 14700KF | RTX4080 16GB | 32GB DDR5 | 2TB NVME | WINDOWS 11 PRO - Arvutipunkt - Parim valik m\u00e4nguri s\u00fclearvutid ja m\u00e4nguarvutid\",\"isPartOf\":{\"@id\":\"https:\/\/arvutipunkt.ee\/ru\/#website\"},\"primaryImageOfPage\":{\"@id\":\"https:\/\/arvutipunkt.ee\/ru\/pood\/%d0%ba%d0%be%d0%bc%d0%bf%d1%8c%d1%8e%d1%82%d0%b5%d1%80%d1%8b-%d0%b4%d0%bb%d1%8f-%d0%b3%d0%b5%d0%b9%d0%bc%d0%b5%d1%80%d0%be%d0%b2\/%d0%b4%d0%bb%d1%8f-%d0%bf%d1%80%d0%be%d1%84%d0%b5%d1%81%d1%81%d0%b8%d0%be%d0%bd%d0%b0%d0%bb%d0%be%d0%b2\/chromium-cr-intel-i7-14700kf-rtx4080-16gb-32gb-ddr5-2tb-nvme-windows-11-pro\/#primaryimage\"},\"image\":{\"@id\":\"https:\/\/arvutipunkt.ee\/ru\/pood\/%d0%ba%d0%be%d0%bc%d0%bf%d1%8c%d1%8e%d1%82%d0%b5%d1%80%d1%8b-%d0%b4%d0%bb%d1%8f-%d0%b3%d0%b5%d0%b9%d0%bc%d0%b5%d1%80%d0%be%d0%b2\/%d0%b4%d0%bb%d1%8f-%d0%bf%d1%80%d0%be%d1%84%d0%b5%d1%81%d1%81%d0%b8%d0%be%d0%bd%d0%b0%d0%bb%d0%be%d0%b2\/chromium-cr-intel-i7-14700kf-rtx4080-16gb-32gb-ddr5-2tb-nvme-windows-11-pro\/#primaryimage\"},\"thumbnailUrl\":\"https:\/\/arvutipunkt.ee\/wp-content\/uploads\/2024\/02\/oige20.jpg\",\"datePublished\":\"2024-02-14T16:02:06+00:00\",\"breadcrumb\":{\"@id\":\"https:\/\/arvutipunkt.ee\/ru\/pood\/%d0%ba%d0%be%d0%bc%d0%bf%d1%8c%d1%8e%d1%82%d0%b5%d1%80%d1%8b-%d0%b4%d0%bb%d1%8f-%d0%b3%d0%b5%d0%b9%d0%bc%d0%b5%d1%80%d0%be%d0%b2\/%d0%b4%d0%bb%d1%8f-%d0%bf%d1%80%d0%be%d1%84%d0%b5%d1%81%d1%81%d0%b8%d0%be%d0%bd%d0%b0%d0%bb%d0%be%d0%b2\/chromium-cr-intel-i7-14700kf-rtx4080-16gb-32gb-ddr5-2tb-nvme-windows-11-pro\/#breadcrumb\"},\"inLanguage\":\"ru-RU\",\"potentialAction\":[{\"@type\":\"ReadAction\",\"target\":[\"https:\/\/arvutipunkt.ee\/ru\/pood\/%d0%ba%d0%be%d0%bc%d0%bf%d1%8c%d1%8e%d1%82%d0%b5%d1%80%d1%8b-%d0%b4%d0%bb%d1%8f-%d0%b3%d0%b5%d0%b9%d0%bc%d0%b5%d1%80%d0%be%d0%b2\/%d0%b4%d0%bb%d1%8f-%d0%bf%d1%80%d0%be%d1%84%d0%b5%d1%81%d1%81%d0%b8%d0%be%d0%bd%d0%b0%d0%bb%d0%be%d0%b2\/chromium-cr-intel-i7-14700kf-rtx4080-16gb-32gb-ddr5-2tb-nvme-windows-11-pro\/\"]}]},{\"@type\":\"ImageObject\",\"inLanguage\":\"ru-RU\",\"@id\":\"https:\/\/arvutipunkt.ee\/ru\/pood\/%d0%ba%d0%be%d0%bc%d0%bf%d1%8c%d1%8e%d1%82%d0%b5%d1%80%d1%8b-%d0%b4%d0%bb%d1%8f-%d0%b3%d0%b5%d0%b9%d0%bc%d0%b5%d1%80%d0%be%d0%b2\/%d0%b4%d0%bb%d1%8f-%d0%bf%d1%80%d0%be%d1%84%d0%b5%d1%81%d1%81%d0%b8%d0%be%d0%bd%d0%b0%d0%bb%d0%be%d0%b2\/chromium-cr-intel-i7-14700kf-rtx4080-16gb-32gb-ddr5-2tb-nvme-windows-11-pro\/#primaryimage\",\"url\":\"https:\/\/arvutipunkt.ee\/wp-content\/uploads\/2024\/02\/oige20.jpg\",\"contentUrl\":\"https:\/\/arvutipunkt.ee\/wp-content\/uploads\/2024\/02\/oige20.jpg\",\"width\":800,\"height\":800},{\"@type\":\"BreadcrumbList\",\"@id\":\"https:\/\/arvutipunkt.ee\/ru\/pood\/%d0%ba%d0%be%d0%bc%d0%bf%d1%8c%d1%8e%d1%82%d0%b5%d1%80%d1%8b-%d0%b4%d0%bb%d1%8f-%d0%b3%d0%b5%d0%b9%d0%bc%d0%b5%d1%80%d0%be%d0%b2\/%d0%b4%d0%bb%d1%8f-%d0%bf%d1%80%d0%be%d1%84%d0%b5%d1%81%d1%81%d0%b8%d0%be%d0%bd%d0%b0%d0%bb%d0%be%d0%b2\/chromium-cr-intel-i7-14700kf-rtx4080-16gb-32gb-ddr5-2tb-nvme-windows-11-pro\/#breadcrumb\",\"itemListElement\":[{\"@type\":\"ListItem\",\"position\":1,\"name\":\"Home\",\"item\":\"https:\/\/arvutipunkt.ee\/ru\/\"},{\"@type\":\"ListItem\",\"position\":2,\"name\":\"Shop\",\"item\":\"https:\/\/arvutipunkt.ee\/ru\/shop\/\"},{\"@type\":\"ListItem\",\"position\":3,\"name\":\"Chromium (Cr) | INTEL I7 14700KF | RTX4080 16GB | 32GB DDR5 | 2TB NVME | WINDOWS 11 PRO\"}]},{\"@type\":\"WebSite\",\"@id\":\"https:\/\/arvutipunkt.ee\/ru\/#website\",\"url\":\"https:\/\/arvutipunkt.ee\/ru\/\",\"name\":\"Arvutipunkt - Parim valik m\u00e4nguri s\u00fclearvutid ja m\u00e4nguarvutid\",\"description\":\"Avar valik m\u00e4nguri s\u00fclearvutid ja m\u00e4nguarvutid. Parimad gaming PC-d, m\u00e4nguri komplektid ja t\u00f6\u00f6jaamad. Lauaarvutite komplekteerimine vastavalt kliendi soovile.\",\"publisher\":{\"@id\":\"https:\/\/arvutipunkt.ee\/ru\/#organization\"},\"potentialAction\":[{\"@type\":\"SearchAction\",\"target\":{\"@type\":\"EntryPoint\",\"urlTemplate\":\"https:\/\/arvutipunkt.ee\/ru\/?s={search_term_string}\"},\"query-input\":{\"@type\":\"PropertyValueSpecification\",\"valueRequired\":true,\"valueName\":\"search_term_string\"}}],\"inLanguage\":\"ru-RU\"},{\"@type\":\"Organization\",\"@id\":\"https:\/\/arvutipunkt.ee\/ru\/#organization\",\"name\":\"Arvutipunkt - Parim valik m\u00e4nguri s\u00fclearvutid ja m\u00e4nguarvutid\",\"url\":\"https:\/\/arvutipunkt.ee\/ru\/\",\"logo\":{\"@type\":\"ImageObject\",\"inLanguage\":\"ru-RU\",\"@id\":\"https:\/\/arvutipunkt.ee\/ru\/#\/schema\/logo\/image\/\",\"url\":\"https:\/\/arvutipunkt.ee\/wp-content\/uploads\/2023\/12\/cropped-ARVUTIPUNKT_LOGO_FINALE-2048x190-1.png\",\"contentUrl\":\"https:\/\/arvutipunkt.ee\/wp-content\/uploads\/2023\/12\/cropped-ARVUTIPUNKT_LOGO_FINALE-2048x190-1.png\",\"width\":2048,\"height\":190,\"caption\":\"Arvutipunkt - Parim valik m\u00e4nguri s\u00fclearvutid ja m\u00e4nguarvutid\"},\"image\":{\"@id\":\"https:\/\/arvutipunkt.ee\/ru\/#\/schema\/logo\/image\/\"}}]}<\/script>\n<!-- \/ Yoast SEO plugin. -->","yoast_head_json":{"title":"Chromium (Cr) | INTEL I7 14700KF | RTX4080 16GB | 32GB DDR5 | 2TB NVME | WINDOWS 11 PRO - Arvutipunkt - Parim valik m\u00e4nguri s\u00fclearvutid ja m\u00e4nguarvutid","robots":{"index":"index","follow":"follow","max-snippet":"max-snippet:-1","max-image-preview":"max-image-preview:large","max-video-preview":"max-video-preview:-1"},"canonical":"https:\/\/arvutipunkt.ee\/ru\/pood\/%d0%ba%d0%be%d0%bc%d0%bf%d1%8c%d1%8e%d1%82%d0%b5%d1%80%d1%8b-%d0%b4%d0%bb%d1%8f-%d0%b3%d0%b5%d0%b9%d0%bc%d0%b5%d1%80%d0%be%d0%b2\/%d0%b4%d0%bb%d1%8f-%d0%bf%d1%80%d0%be%d1%84%d0%b5%d1%81%d1%81%d0%b8%d0%be%d0%bd%d0%b0%d0%bb%d0%be%d0%b2\/chromium-cr-intel-i7-14700kf-rtx4080-16gb-32gb-ddr5-2tb-nvme-windows-11-pro\/","og_locale":"ru_RU","og_type":"article","og_title":"Chromium (Cr) | INTEL I7 14700KF | RTX4080 16GB | 32GB DDR5 | 2TB NVME | WINDOWS 11 PRO - Arvutipunkt - Parim valik m\u00e4nguri s\u00fclearvutid ja m\u00e4nguarvutid","og_description":"Chromium (Cr) - Shiny and powerful, perfect for high-speed operations.","og_url":"https:\/\/arvutipunkt.ee\/ru\/pood\/%d0%ba%d0%be%d0%bc%d0%bf%d1%8c%d1%8e%d1%82%d0%b5%d1%80%d1%8b-%d0%b4%d0%bb%d1%8f-%d0%b3%d0%b5%d0%b9%d0%bc%d0%b5%d1%80%d0%be%d0%b2\/%d0%b4%d0%bb%d1%8f-%d0%bf%d1%80%d0%be%d1%84%d0%b5%d1%81%d1%81%d0%b8%d0%be%d0%bd%d0%b0%d0%bb%d0%be%d0%b2\/chromium-cr-intel-i7-14700kf-rtx4080-16gb-32gb-ddr5-2tb-nvme-windows-11-pro\/","og_site_name":"Arvutipunkt - Parim valik m\u00e4nguri s\u00fclearvutid ja m\u00e4nguarvutid","og_image":[{"width":800,"height":800,"url":"https:\/\/arvutipunkt.ee\/wp-content\/uploads\/2024\/02\/oige20.jpg","type":"image\/jpeg"}],"twitter_card":"summary_large_image","schema":{"@context":"https:\/\/schema.org","@graph":[{"@type":"WebPage","@id":"https:\/\/arvutipunkt.ee\/ru\/pood\/%d0%ba%d0%be%d0%bc%d0%bf%d1%8c%d1%8e%d1%82%d0%b5%d1%80%d1%8b-%d0%b4%d0%bb%d1%8f-%d0%b3%d0%b5%d0%b9%d0%bc%d0%b5%d1%80%d0%be%d0%b2\/%d0%b4%d0%bb%d1%8f-%d0%bf%d1%80%d0%be%d1%84%d0%b5%d1%81%d1%81%d0%b8%d0%be%d0%bd%d0%b0%d0%bb%d0%be%d0%b2\/chromium-cr-intel-i7-14700kf-rtx4080-16gb-32gb-ddr5-2tb-nvme-windows-11-pro\/","url":"https:\/\/arvutipunkt.ee\/ru\/pood\/%d0%ba%d0%be%d0%bc%d0%bf%d1%8c%d1%8e%d1%82%d0%b5%d1%80%d1%8b-%d0%b4%d0%bb%d1%8f-%d0%b3%d0%b5%d0%b9%d0%bc%d0%b5%d1%80%d0%be%d0%b2\/%d0%b4%d0%bb%d1%8f-%d0%bf%d1%80%d0%be%d1%84%d0%b5%d1%81%d1%81%d0%b8%d0%be%d0%bd%d0%b0%d0%bb%d0%be%d0%b2\/chromium-cr-intel-i7-14700kf-rtx4080-16gb-32gb-ddr5-2tb-nvme-windows-11-pro\/","name":"Chromium (Cr) | INTEL I7 14700KF | RTX4080 16GB | 32GB DDR5 | 2TB NVME | WINDOWS 11 PRO - Arvutipunkt - Parim valik m\u00e4nguri s\u00fclearvutid ja m\u00e4nguarvutid","isPartOf":{"@id":"https:\/\/arvutipunkt.ee\/ru\/#website"},"primaryImageOfPage":{"@id":"https:\/\/arvutipunkt.ee\/ru\/pood\/%d0%ba%d0%be%d0%bc%d0%bf%d1%8c%d1%8e%d1%82%d0%b5%d1%80%d1%8b-%d0%b4%d0%bb%d1%8f-%d0%b3%d0%b5%d0%b9%d0%bc%d0%b5%d1%80%d0%be%d0%b2\/%d0%b4%d0%bb%d1%8f-%d0%bf%d1%80%d0%be%d1%84%d0%b5%d1%81%d1%81%d0%b8%d0%be%d0%bd%d0%b0%d0%bb%d0%be%d0%b2\/chromium-cr-intel-i7-14700kf-rtx4080-16gb-32gb-ddr5-2tb-nvme-windows-11-pro\/#primaryimage"},"image":{"@id":"https:\/\/arvutipunkt.ee\/ru\/pood\/%d0%ba%d0%be%d0%bc%d0%bf%d1%8c%d1%8e%d1%82%d0%b5%d1%80%d1%8b-%d0%b4%d0%bb%d1%8f-%d0%b3%d0%b5%d0%b9%d0%bc%d0%b5%d1%80%d0%be%d0%b2\/%d0%b4%d0%bb%d1%8f-%d0%bf%d1%80%d0%be%d1%84%d0%b5%d1%81%d1%81%d0%b8%d0%be%d0%bd%d0%b0%d0%bb%d0%be%d0%b2\/chromium-cr-intel-i7-14700kf-rtx4080-16gb-32gb-ddr5-2tb-nvme-windows-11-pro\/#primaryimage"},"thumbnailUrl":"https:\/\/arvutipunkt.ee\/wp-content\/uploads\/2024\/02\/oige20.jpg","datePublished":"2024-02-14T16:02:06+00:00","breadcrumb":{"@id":"https:\/\/arvutipunkt.ee\/ru\/pood\/%d0%ba%d0%be%d0%bc%d0%bf%d1%8c%d1%8e%d1%82%d0%b5%d1%80%d1%8b-%d0%b4%d0%bb%d1%8f-%d0%b3%d0%b5%d0%b9%d0%bc%d0%b5%d1%80%d0%be%d0%b2\/%d0%b4%d0%bb%d1%8f-%d0%bf%d1%80%d0%be%d1%84%d0%b5%d1%81%d1%81%d0%b8%d0%be%d0%bd%d0%b0%d0%bb%d0%be%d0%b2\/chromium-cr-intel-i7-14700kf-rtx4080-16gb-32gb-ddr5-2tb-nvme-windows-11-pro\/#breadcrumb"},"inLanguage":"ru-RU","potentialAction":[{"@type":"ReadAction","target":["https:\/\/arvutipunkt.ee\/ru\/pood\/%d0%ba%d0%be%d0%bc%d0%bf%d1%8c%d1%8e%d1%82%d0%b5%d1%80%d1%8b-%d0%b4%d0%bb%d1%8f-%d0%b3%d0%b5%d0%b9%d0%bc%d0%b5%d1%80%d0%be%d0%b2\/%d0%b4%d0%bb%d1%8f-%d0%bf%d1%80%d0%be%d1%84%d0%b5%d1%81%d1%81%d0%b8%d0%be%d0%bd%d0%b0%d0%bb%d0%be%d0%b2\/chromium-cr-intel-i7-14700kf-rtx4080-16gb-32gb-ddr5-2tb-nvme-windows-11-pro\/"]}]},{"@type":"ImageObject","inLanguage":"ru-RU","@id":"https:\/\/arvutipunkt.ee\/ru\/pood\/%d0%ba%d0%be%d0%bc%d0%bf%d1%8c%d1%8e%d1%82%d0%b5%d1%80%d1%8b-%d0%b4%d0%bb%d1%8f-%d0%b3%d0%b5%d0%b9%d0%bc%d0%b5%d1%80%d0%be%d0%b2\/%d0%b4%d0%bb%d1%8f-%d0%bf%d1%80%d0%be%d1%84%d0%b5%d1%81%d1%81%d0%b8%d0%be%d0%bd%d0%b0%d0%bb%d0%be%d0%b2\/chromium-cr-intel-i7-14700kf-rtx4080-16gb-32gb-ddr5-2tb-nvme-windows-11-pro\/#primaryimage","url":"https:\/\/arvutipunkt.ee\/wp-content\/uploads\/2024\/02\/oige20.jpg","contentUrl":"https:\/\/arvutipunkt.ee\/wp-content\/uploads\/2024\/02\/oige20.jpg","width":800,"height":800},{"@type":"BreadcrumbList","@id":"https:\/\/arvutipunkt.ee\/ru\/pood\/%d0%ba%d0%be%d0%bc%d0%bf%d1%8c%d1%8e%d1%82%d0%b5%d1%80%d1%8b-%d0%b4%d0%bb%d1%8f-%d0%b3%d0%b5%d0%b9%d0%bc%d0%b5%d1%80%d0%be%d0%b2\/%d0%b4%d0%bb%d1%8f-%d0%bf%d1%80%d0%be%d1%84%d0%b5%d1%81%d1%81%d0%b8%d0%be%d0%bd%d0%b0%d0%bb%d0%be%d0%b2\/chromium-cr-intel-i7-14700kf-rtx4080-16gb-32gb-ddr5-2tb-nvme-windows-11-pro\/#breadcrumb","itemListElement":[{"@type":"ListItem","position":1,"name":"Home","item":"https:\/\/arvutipunkt.ee\/ru\/"},{"@type":"ListItem","position":2,"name":"Shop","item":"https:\/\/arvutipunkt.ee\/ru\/shop\/"},{"@type":"ListItem","position":3,"name":"Chromium (Cr) | INTEL I7 14700KF | RTX4080 16GB | 32GB DDR5 | 2TB NVME | WINDOWS 11 PRO"}]},{"@type":"WebSite","@id":"https:\/\/arvutipunkt.ee\/ru\/#website","url":"https:\/\/arvutipunkt.ee\/ru\/","name":"Arvutipunkt - Parim valik m\u00e4nguri s\u00fclearvutid ja m\u00e4nguarvutid","description":"Avar valik m\u00e4nguri s\u00fclearvutid ja m\u00e4nguarvutid. Parimad gaming PC-d, m\u00e4nguri komplektid ja t\u00f6\u00f6jaamad. Lauaarvutite komplekteerimine vastavalt kliendi soovile.","publisher":{"@id":"https:\/\/arvutipunkt.ee\/ru\/#organization"},"potentialAction":[{"@type":"SearchAction","target":{"@type":"EntryPoint","urlTemplate":"https:\/\/arvutipunkt.ee\/ru\/?s={search_term_string}"},"query-input":{"@type":"PropertyValueSpecification","valueRequired":true,"valueName":"search_term_string"}}],"inLanguage":"ru-RU"},{"@type":"Organization","@id":"https:\/\/arvutipunkt.ee\/ru\/#organization","name":"Arvutipunkt - Parim valik m\u00e4nguri s\u00fclearvutid ja m\u00e4nguarvutid","url":"https:\/\/arvutipunkt.ee\/ru\/","logo":{"@type":"ImageObject","inLanguage":"ru-RU","@id":"https:\/\/arvutipunkt.ee\/ru\/#\/schema\/logo\/image\/","url":"https:\/\/arvutipunkt.ee\/wp-content\/uploads\/2023\/12\/cropped-ARVUTIPUNKT_LOGO_FINALE-2048x190-1.png","contentUrl":"https:\/\/arvutipunkt.ee\/wp-content\/uploads\/2023\/12\/cropped-ARVUTIPUNKT_LOGO_FINALE-2048x190-1.png","width":2048,"height":190,"caption":"Arvutipunkt - Parim valik m\u00e4nguri s\u00fclearvutid ja m\u00e4nguarvutid"},"image":{"@id":"https:\/\/arvutipunkt.ee\/ru\/#\/schema\/logo\/image\/"}}]}},"_links":{"self":[{"href":"https:\/\/arvutipunkt.ee\/ru\/wp-json\/wp\/v2\/product\/12124","targetHints":{"allow":["GET"]}}],"collection":[{"href":"https:\/\/arvutipunkt.ee\/ru\/wp-json\/wp\/v2\/product"}],"about":[{"href":"https:\/\/arvutipunkt.ee\/ru\/wp-json\/wp\/v2\/types\/product"}],"version-history":[{"count":0,"href":"https:\/\/arvutipunkt.ee\/ru\/wp-json\/wp\/v2\/product\/12124\/revisions"}],"wp:featuredmedia":[{"embeddable":true,"href":"https:\/\/arvutipunkt.ee\/ru\/wp-json\/wp\/v2\/media\/11754"}],"wp:attachment":[{"href":"https:\/\/arvutipunkt.ee\/ru\/wp-json\/wp\/v2\/media?parent=12124"}],"wp:term":[{"taxonomy":"product_brand","embeddable":true,"href":"https:\/\/arvutipunkt.ee\/ru\/wp-json\/wp\/v2\/product_brand?post=12124"},{"taxonomy":"product_cat","embeddable":true,"href":"https:\/\/arvutipunkt.ee\/ru\/wp-json\/wp\/v2\/product_cat?post=12124"},{"taxonomy":"product_tag","embeddable":true,"href":"https:\/\/arvutipunkt.ee\/ru\/wp-json\/wp\/v2\/product_tag?post=12124"}],"curies":[{"name":"wp","href":"https:\/\/api.w.org\/{rel}","templated":true}]}}