{"id":12104,"date":"2024-02-22T22:25:01","date_gmt":"2024-02-22T20:25:01","guid":{"rendered":"https:\/\/arvutipunkt.ee\/pood\/uncategorized\/lg-29wp500-b-29-ultrawide-lcd-display-75hz\/"},"modified":"2025-01-13T17:43:12","modified_gmt":"2025-01-13T15:43:12","slug":"lg-29wp500-b-29-ultrawide-lcd-display-75hz","status":"publish","type":"product","link":"https:\/\/arvutipunkt.ee\/ru\/pood\/%d0%bc%d0%be%d0%bd%d0%b8%d1%82%d0%be%d1%80%d1%8b\/lg-29wp500-b-29-ultrawide-lcd-display-75hz\/","title":{"rendered":"LG 29WP500-B 29&#8243; 75Hz Ultrawide"},"content":{"rendered":"<p><b>Tehnilised andmed:<\/b><\/p>\n<p>Ekraani suurus: 29&#8243;<\/p>\n<p><span class=\"product-specification-new__line_title\">Paneeli t\u00fc\u00fcp<\/span>: IPS<\/p>\n<p>Eraldusv\u00f5ime: UWFHD 2560 x 1080<\/p>\n<p>Kuvasuhe: 21:9<\/p>\n<p>V\u00e4rskendussagedus:\u00a075 Hz<\/p>\n<p>Reageerimis aeg: 5 ms<\/p>\n<p><b>\u00dchenduvus:<\/b><\/p>\n<p>Sisend\u00fchendused: 2x HDMI<\/p>\n<p><b>M\u00f5\u00f5tmed:\u00a0<\/b><\/p>\n<p>S\u00fcgavus: 223.8 mm<\/p>\n<p>K\u00f5rgus: 400.5 mm<\/p>\n<p>Laius: 688.5 mm<\/p>\n","protected":false},"excerpt":{"rendered":"<ul class=\"feature-list on\">\n<li>29-inch UWFHD Display (2560 x 1080)<\/li>\n<li>Refresh rate 75Hz<\/li>\n<li>5ms Response time<\/li>\n<li>21:9 Ultrawide<\/li>\n<li>16,7 Miljonit v\u00e4rvi<\/li>\n<\/ul>\n","protected":false},"featured_media":11792,"template":"","meta":{"_acf_changed":false},"product_brand":[],"product_cat":[277],"product_tag":[],"class_list":{"0":"post-12104","1":"product","2":"type-product","3":"status-publish","4":"has-post-thumbnail","6":"product_cat-277","7":"pa_suurus-29-ru","9":"first","10":"outofstock","11":"taxable","12":"shipping-taxable","13":"purchasable","14":"product-type-simple"},"acf":[],"yoast_head":"<!-- This site is optimized with the Yoast SEO plugin v25.3.1 - https:\/\/yoast.com\/wordpress\/plugins\/seo\/ -->\n<title>LG 29WP500-B 29&quot; 75Hz Ultrawide - Arvutipunkt - Parim valik m\u00e4nguri s\u00fclearvutid ja m\u00e4nguarvutid<\/title>\n<meta name=\"robots\" content=\"index, follow, max-snippet:-1, max-image-preview:large, max-video-preview:-1\" \/>\n<link rel=\"canonical\" href=\"https:\/\/arvutipunkt.ee\/ru\/pood\/%d0%bc%d0%be%d0%bd%d0%b8%d1%82%d0%be%d1%80%d1%8b\/lg-29wp500-b-29-ultrawide-lcd-display-75hz\/\" \/>\n<meta property=\"og:locale\" content=\"ru_RU\" \/>\n<meta property=\"og:type\" content=\"article\" \/>\n<meta property=\"og:title\" content=\"LG 29WP500-B 29&quot; 75Hz Ultrawide - Arvutipunkt - Parim valik m\u00e4nguri s\u00fclearvutid ja m\u00e4nguarvutid\" \/>\n<meta property=\"og:description\" content=\"29-inch UWFHD Display (2560 x 1080)  Refresh rate 75Hz  5ms Response time  21:9 Ultrawide  16,7 Miljonit v\u00e4rvi\" \/>\n<meta property=\"og:url\" content=\"https:\/\/arvutipunkt.ee\/ru\/pood\/%d0%bc%d0%be%d0%bd%d0%b8%d1%82%d0%be%d1%80%d1%8b\/lg-29wp500-b-29-ultrawide-lcd-display-75hz\/\" \/>\n<meta property=\"og:site_name\" content=\"Arvutipunkt - Parim valik m\u00e4nguri s\u00fclearvutid ja m\u00e4nguarvutid\" \/>\n<meta property=\"article:modified_time\" content=\"2025-01-13T15:43:12+00:00\" \/>\n<meta property=\"og:image\" content=\"https:\/\/arvutipunkt.ee\/wp-content\/uploads\/2024\/02\/mon4.jpg\" \/>\n\t<meta property=\"og:image:width\" content=\"1200\" \/>\n\t<meta property=\"og:image:height\" content=\"900\" \/>\n\t<meta property=\"og:image:type\" content=\"image\/jpeg\" \/>\n<meta name=\"twitter:card\" content=\"summary_large_image\" \/>\n<script type=\"application\/ld+json\" class=\"yoast-schema-graph\">{\"@context\":\"https:\/\/schema.org\",\"@graph\":[{\"@type\":\"WebPage\",\"@id\":\"https:\/\/arvutipunkt.ee\/ru\/pood\/%d0%bc%d0%be%d0%bd%d0%b8%d1%82%d0%be%d1%80%d1%8b\/lg-29wp500-b-29-ultrawide-lcd-display-75hz\/\",\"url\":\"https:\/\/arvutipunkt.ee\/ru\/pood\/%d0%bc%d0%be%d0%bd%d0%b8%d1%82%d0%be%d1%80%d1%8b\/lg-29wp500-b-29-ultrawide-lcd-display-75hz\/\",\"name\":\"LG 29WP500-B 29\\\" 75Hz Ultrawide - Arvutipunkt - Parim valik m\u00e4nguri s\u00fclearvutid ja m\u00e4nguarvutid\",\"isPartOf\":{\"@id\":\"https:\/\/arvutipunkt.ee\/ru\/#website\"},\"primaryImageOfPage\":{\"@id\":\"https:\/\/arvutipunkt.ee\/ru\/pood\/%d0%bc%d0%be%d0%bd%d0%b8%d1%82%d0%be%d1%80%d1%8b\/lg-29wp500-b-29-ultrawide-lcd-display-75hz\/#primaryimage\"},\"image\":{\"@id\":\"https:\/\/arvutipunkt.ee\/ru\/pood\/%d0%bc%d0%be%d0%bd%d0%b8%d1%82%d0%be%d1%80%d1%8b\/lg-29wp500-b-29-ultrawide-lcd-display-75hz\/#primaryimage\"},\"thumbnailUrl\":\"https:\/\/arvutipunkt.ee\/wp-content\/uploads\/2024\/02\/mon4.jpg\",\"datePublished\":\"2024-02-22T20:25:01+00:00\",\"dateModified\":\"2025-01-13T15:43:12+00:00\",\"breadcrumb\":{\"@id\":\"https:\/\/arvutipunkt.ee\/ru\/pood\/%d0%bc%d0%be%d0%bd%d0%b8%d1%82%d0%be%d1%80%d1%8b\/lg-29wp500-b-29-ultrawide-lcd-display-75hz\/#breadcrumb\"},\"inLanguage\":\"ru-RU\",\"potentialAction\":[{\"@type\":\"ReadAction\",\"target\":[\"https:\/\/arvutipunkt.ee\/ru\/pood\/%d0%bc%d0%be%d0%bd%d0%b8%d1%82%d0%be%d1%80%d1%8b\/lg-29wp500-b-29-ultrawide-lcd-display-75hz\/\"]}]},{\"@type\":\"ImageObject\",\"inLanguage\":\"ru-RU\",\"@id\":\"https:\/\/arvutipunkt.ee\/ru\/pood\/%d0%bc%d0%be%d0%bd%d0%b8%d1%82%d0%be%d1%80%d1%8b\/lg-29wp500-b-29-ultrawide-lcd-display-75hz\/#primaryimage\",\"url\":\"https:\/\/arvutipunkt.ee\/wp-content\/uploads\/2024\/02\/mon4.jpg\",\"contentUrl\":\"https:\/\/arvutipunkt.ee\/wp-content\/uploads\/2024\/02\/mon4.jpg\",\"width\":1200,\"height\":900},{\"@type\":\"BreadcrumbList\",\"@id\":\"https:\/\/arvutipunkt.ee\/ru\/pood\/%d0%bc%d0%be%d0%bd%d0%b8%d1%82%d0%be%d1%80%d1%8b\/lg-29wp500-b-29-ultrawide-lcd-display-75hz\/#breadcrumb\",\"itemListElement\":[{\"@type\":\"ListItem\",\"position\":1,\"name\":\"Home\",\"item\":\"https:\/\/arvutipunkt.ee\/ru\/\"},{\"@type\":\"ListItem\",\"position\":2,\"name\":\"Shop\",\"item\":\"https:\/\/arvutipunkt.ee\/ru\/shop\/\"},{\"@type\":\"ListItem\",\"position\":3,\"name\":\"LG 29WP500-B 29&#8243; 75Hz Ultrawide\"}]},{\"@type\":\"WebSite\",\"@id\":\"https:\/\/arvutipunkt.ee\/ru\/#website\",\"url\":\"https:\/\/arvutipunkt.ee\/ru\/\",\"name\":\"Arvutipunkt - Parim valik m\u00e4nguri s\u00fclearvutid ja m\u00e4nguarvutid\",\"description\":\"Avar valik m\u00e4nguri s\u00fclearvutid ja m\u00e4nguarvutid. Parimad gaming PC-d, m\u00e4nguri komplektid ja t\u00f6\u00f6jaamad. Lauaarvutite komplekteerimine vastavalt kliendi soovile.\",\"publisher\":{\"@id\":\"https:\/\/arvutipunkt.ee\/ru\/#organization\"},\"potentialAction\":[{\"@type\":\"SearchAction\",\"target\":{\"@type\":\"EntryPoint\",\"urlTemplate\":\"https:\/\/arvutipunkt.ee\/ru\/?s={search_term_string}\"},\"query-input\":{\"@type\":\"PropertyValueSpecification\",\"valueRequired\":true,\"valueName\":\"search_term_string\"}}],\"inLanguage\":\"ru-RU\"},{\"@type\":\"Organization\",\"@id\":\"https:\/\/arvutipunkt.ee\/ru\/#organization\",\"name\":\"Arvutipunkt - Parim valik m\u00e4nguri s\u00fclearvutid ja m\u00e4nguarvutid\",\"url\":\"https:\/\/arvutipunkt.ee\/ru\/\",\"logo\":{\"@type\":\"ImageObject\",\"inLanguage\":\"ru-RU\",\"@id\":\"https:\/\/arvutipunkt.ee\/ru\/#\/schema\/logo\/image\/\",\"url\":\"https:\/\/arvutipunkt.ee\/wp-content\/uploads\/2023\/12\/cropped-ARVUTIPUNKT_LOGO_FINALE-2048x190-1.png\",\"contentUrl\":\"https:\/\/arvutipunkt.ee\/wp-content\/uploads\/2023\/12\/cropped-ARVUTIPUNKT_LOGO_FINALE-2048x190-1.png\",\"width\":2048,\"height\":190,\"caption\":\"Arvutipunkt - Parim valik m\u00e4nguri s\u00fclearvutid ja m\u00e4nguarvutid\"},\"image\":{\"@id\":\"https:\/\/arvutipunkt.ee\/ru\/#\/schema\/logo\/image\/\"}}]}<\/script>\n<!-- \/ Yoast SEO plugin. -->","yoast_head_json":{"title":"LG 29WP500-B 29\" 75Hz Ultrawide - Arvutipunkt - Parim valik m\u00e4nguri s\u00fclearvutid ja m\u00e4nguarvutid","robots":{"index":"index","follow":"follow","max-snippet":"max-snippet:-1","max-image-preview":"max-image-preview:large","max-video-preview":"max-video-preview:-1"},"canonical":"https:\/\/arvutipunkt.ee\/ru\/pood\/%d0%bc%d0%be%d0%bd%d0%b8%d1%82%d0%be%d1%80%d1%8b\/lg-29wp500-b-29-ultrawide-lcd-display-75hz\/","og_locale":"ru_RU","og_type":"article","og_title":"LG 29WP500-B 29\" 75Hz Ultrawide - Arvutipunkt - Parim valik m\u00e4nguri s\u00fclearvutid ja m\u00e4nguarvutid","og_description":"29-inch UWFHD Display (2560 x 1080)  Refresh rate 75Hz  5ms Response time  21:9 Ultrawide  16,7 Miljonit v\u00e4rvi","og_url":"https:\/\/arvutipunkt.ee\/ru\/pood\/%d0%bc%d0%be%d0%bd%d0%b8%d1%82%d0%be%d1%80%d1%8b\/lg-29wp500-b-29-ultrawide-lcd-display-75hz\/","og_site_name":"Arvutipunkt - Parim valik m\u00e4nguri s\u00fclearvutid ja m\u00e4nguarvutid","article_modified_time":"2025-01-13T15:43:12+00:00","og_image":[{"width":1200,"height":900,"url":"https:\/\/arvutipunkt.ee\/wp-content\/uploads\/2024\/02\/mon4.jpg","type":"image\/jpeg"}],"twitter_card":"summary_large_image","schema":{"@context":"https:\/\/schema.org","@graph":[{"@type":"WebPage","@id":"https:\/\/arvutipunkt.ee\/ru\/pood\/%d0%bc%d0%be%d0%bd%d0%b8%d1%82%d0%be%d1%80%d1%8b\/lg-29wp500-b-29-ultrawide-lcd-display-75hz\/","url":"https:\/\/arvutipunkt.ee\/ru\/pood\/%d0%bc%d0%be%d0%bd%d0%b8%d1%82%d0%be%d1%80%d1%8b\/lg-29wp500-b-29-ultrawide-lcd-display-75hz\/","name":"LG 29WP500-B 29\" 75Hz Ultrawide - Arvutipunkt - Parim valik m\u00e4nguri s\u00fclearvutid ja m\u00e4nguarvutid","isPartOf":{"@id":"https:\/\/arvutipunkt.ee\/ru\/#website"},"primaryImageOfPage":{"@id":"https:\/\/arvutipunkt.ee\/ru\/pood\/%d0%bc%d0%be%d0%bd%d0%b8%d1%82%d0%be%d1%80%d1%8b\/lg-29wp500-b-29-ultrawide-lcd-display-75hz\/#primaryimage"},"image":{"@id":"https:\/\/arvutipunkt.ee\/ru\/pood\/%d0%bc%d0%be%d0%bd%d0%b8%d1%82%d0%be%d1%80%d1%8b\/lg-29wp500-b-29-ultrawide-lcd-display-75hz\/#primaryimage"},"thumbnailUrl":"https:\/\/arvutipunkt.ee\/wp-content\/uploads\/2024\/02\/mon4.jpg","datePublished":"2024-02-22T20:25:01+00:00","dateModified":"2025-01-13T15:43:12+00:00","breadcrumb":{"@id":"https:\/\/arvutipunkt.ee\/ru\/pood\/%d0%bc%d0%be%d0%bd%d0%b8%d1%82%d0%be%d1%80%d1%8b\/lg-29wp500-b-29-ultrawide-lcd-display-75hz\/#breadcrumb"},"inLanguage":"ru-RU","potentialAction":[{"@type":"ReadAction","target":["https:\/\/arvutipunkt.ee\/ru\/pood\/%d0%bc%d0%be%d0%bd%d0%b8%d1%82%d0%be%d1%80%d1%8b\/lg-29wp500-b-29-ultrawide-lcd-display-75hz\/"]}]},{"@type":"ImageObject","inLanguage":"ru-RU","@id":"https:\/\/arvutipunkt.ee\/ru\/pood\/%d0%bc%d0%be%d0%bd%d0%b8%d1%82%d0%be%d1%80%d1%8b\/lg-29wp500-b-29-ultrawide-lcd-display-75hz\/#primaryimage","url":"https:\/\/arvutipunkt.ee\/wp-content\/uploads\/2024\/02\/mon4.jpg","contentUrl":"https:\/\/arvutipunkt.ee\/wp-content\/uploads\/2024\/02\/mon4.jpg","width":1200,"height":900},{"@type":"BreadcrumbList","@id":"https:\/\/arvutipunkt.ee\/ru\/pood\/%d0%bc%d0%be%d0%bd%d0%b8%d1%82%d0%be%d1%80%d1%8b\/lg-29wp500-b-29-ultrawide-lcd-display-75hz\/#breadcrumb","itemListElement":[{"@type":"ListItem","position":1,"name":"Home","item":"https:\/\/arvutipunkt.ee\/ru\/"},{"@type":"ListItem","position":2,"name":"Shop","item":"https:\/\/arvutipunkt.ee\/ru\/shop\/"},{"@type":"ListItem","position":3,"name":"LG 29WP500-B 29&#8243; 75Hz Ultrawide"}]},{"@type":"WebSite","@id":"https:\/\/arvutipunkt.ee\/ru\/#website","url":"https:\/\/arvutipunkt.ee\/ru\/","name":"Arvutipunkt - Parim valik m\u00e4nguri s\u00fclearvutid ja m\u00e4nguarvutid","description":"Avar valik m\u00e4nguri s\u00fclearvutid ja m\u00e4nguarvutid. Parimad gaming PC-d, m\u00e4nguri komplektid ja t\u00f6\u00f6jaamad. Lauaarvutite komplekteerimine vastavalt kliendi soovile.","publisher":{"@id":"https:\/\/arvutipunkt.ee\/ru\/#organization"},"potentialAction":[{"@type":"SearchAction","target":{"@type":"EntryPoint","urlTemplate":"https:\/\/arvutipunkt.ee\/ru\/?s={search_term_string}"},"query-input":{"@type":"PropertyValueSpecification","valueRequired":true,"valueName":"search_term_string"}}],"inLanguage":"ru-RU"},{"@type":"Organization","@id":"https:\/\/arvutipunkt.ee\/ru\/#organization","name":"Arvutipunkt - Parim valik m\u00e4nguri s\u00fclearvutid ja m\u00e4nguarvutid","url":"https:\/\/arvutipunkt.ee\/ru\/","logo":{"@type":"ImageObject","inLanguage":"ru-RU","@id":"https:\/\/arvutipunkt.ee\/ru\/#\/schema\/logo\/image\/","url":"https:\/\/arvutipunkt.ee\/wp-content\/uploads\/2023\/12\/cropped-ARVUTIPUNKT_LOGO_FINALE-2048x190-1.png","contentUrl":"https:\/\/arvutipunkt.ee\/wp-content\/uploads\/2023\/12\/cropped-ARVUTIPUNKT_LOGO_FINALE-2048x190-1.png","width":2048,"height":190,"caption":"Arvutipunkt - Parim valik m\u00e4nguri s\u00fclearvutid ja m\u00e4nguarvutid"},"image":{"@id":"https:\/\/arvutipunkt.ee\/ru\/#\/schema\/logo\/image\/"}}]}},"_links":{"self":[{"href":"https:\/\/arvutipunkt.ee\/ru\/wp-json\/wp\/v2\/product\/12104","targetHints":{"allow":["GET"]}}],"collection":[{"href":"https:\/\/arvutipunkt.ee\/ru\/wp-json\/wp\/v2\/product"}],"about":[{"href":"https:\/\/arvutipunkt.ee\/ru\/wp-json\/wp\/v2\/types\/product"}],"version-history":[{"count":1,"href":"https:\/\/arvutipunkt.ee\/ru\/wp-json\/wp\/v2\/product\/12104\/revisions"}],"predecessor-version":[{"id":12224,"href":"https:\/\/arvutipunkt.ee\/ru\/wp-json\/wp\/v2\/product\/12104\/revisions\/12224"}],"wp:featuredmedia":[{"embeddable":true,"href":"https:\/\/arvutipunkt.ee\/ru\/wp-json\/wp\/v2\/media\/11792"}],"wp:attachment":[{"href":"https:\/\/arvutipunkt.ee\/ru\/wp-json\/wp\/v2\/media?parent=12104"}],"wp:term":[{"taxonomy":"product_brand","embeddable":true,"href":"https:\/\/arvutipunkt.ee\/ru\/wp-json\/wp\/v2\/product_brand?post=12104"},{"taxonomy":"product_cat","embeddable":true,"href":"https:\/\/arvutipunkt.ee\/ru\/wp-json\/wp\/v2\/product_cat?post=12104"},{"taxonomy":"product_tag","embeddable":true,"href":"https:\/\/arvutipunkt.ee\/ru\/wp-json\/wp\/v2\/product_tag?post=12104"}],"curies":[{"name":"wp","href":"https:\/\/api.w.org\/{rel}","templated":true}]}}