{"id":12098,"date":"2024-02-24T15:15:29","date_gmt":"2024-02-24T13:15:29","guid":{"rendered":"https:\/\/arvutipunkt.ee\/pood\/uncategorized\/dell-g2723h-27240hz-fullhd\/"},"modified":"2024-10-23T11:09:28","modified_gmt":"2024-10-23T08:09:28","slug":"dell-g2723h-27240hz-fullhd","status":"publish","type":"product","link":"https:\/\/arvutipunkt.ee\/ru\/pood\/%d0%bc%d0%be%d0%bd%d0%b8%d1%82%d0%be%d1%80%d1%8b\/dell-g2723h-27240hz-fullhd\/","title":{"rendered":"DELL G2723H 27&#8243;240Hz FullHD"},"content":{"rendered":"<h5>Dell 27 Gaming Monitor &#8212; G2723H Push limits and enjoy smooth, stutter-free gaming with a 27-inch monitor capable of up to 280Hz OC refresh rates.<\/h5>\n<p><b>Tehnilised andmed:<\/b><\/p>\n<p>Ekraani suurus: 27\u2033<\/p>\n<p><span class=\"product-specification-new__line_title\">Paneeli t\u00fc\u00fcp<\/span>: IPS<\/p>\n<p>Eraldusv\u00f5ime: <span class=\"product-specification-new__line_description\">1920&#215;1080<\/span><\/p>\n<p>Kuvasuhe: 16:9<\/p>\n<p>V\u00e4rskendussagedus: 240Hz<\/p>\n<p>Reageerimis aeg: 1 ms<\/p>\n<p><b>\u00dchenduvus:<\/b><\/p>\n<p>Displayport: 1<\/p>\n<p>HDMI: 2<\/p>\n<p>Headphones jack: 1<\/p>\n<p>USB 3.2: 4<\/p>\n<p>USB 3.2 type B: 1<\/p>\n<p><b>M\u00f5\u00f5tmed:\u00a0<\/b><\/p>\n<p>S\u00fcgavus: 200.3 mm<\/p>\n<p>K\u00f5rgus: 393.85 mm<\/p>\n<p>Laius: 611.6\u00a0mm<\/p>\n","protected":false},"excerpt":{"rendered":"<ul class=\"feature-list on\">\n<li>27-inch UWFHD Display (2560 x 1080)<\/li>\n<li>Refresh rate 240Hz<\/li>\n<li>5ms Response time<\/li>\n<li>16:9 Kuvasuhe<\/li>\n<li>16,7 Miljonit v\u00e4rvi<\/li>\n<\/ul>\n","protected":false},"featured_media":11860,"template":"","meta":{"_acf_changed":false},"product_brand":[],"product_cat":[277],"product_tag":[],"class_list":{"0":"post-12098","1":"product","2":"type-product","3":"status-publish","4":"has-post-thumbnail","6":"product_cat-277","7":"pa_suurus-27-ru","9":"first","10":"outofstock","11":"taxable","12":"shipping-taxable","13":"purchasable","14":"product-type-simple"},"acf":[],"yoast_head":"<!-- This site is optimized with the Yoast SEO plugin v25.3.1 - https:\/\/yoast.com\/wordpress\/plugins\/seo\/ -->\n<title>DELL G2723H 27&quot;240Hz FullHD - Arvutipunkt - Parim valik m\u00e4nguri s\u00fclearvutid ja m\u00e4nguarvutid<\/title>\n<meta name=\"robots\" content=\"index, follow, max-snippet:-1, max-image-preview:large, max-video-preview:-1\" \/>\n<link rel=\"canonical\" href=\"https:\/\/arvutipunkt.ee\/ru\/pood\/%d0%bc%d0%be%d0%bd%d0%b8%d1%82%d0%be%d1%80%d1%8b\/dell-g2723h-27240hz-fullhd\/\" \/>\n<meta property=\"og:locale\" content=\"ru_RU\" \/>\n<meta property=\"og:type\" content=\"article\" \/>\n<meta property=\"og:title\" content=\"DELL G2723H 27&quot;240Hz FullHD - Arvutipunkt - Parim valik m\u00e4nguri s\u00fclearvutid ja m\u00e4nguarvutid\" \/>\n<meta property=\"og:description\" content=\"27-inch UWFHD Display (2560 x 1080)  Refresh rate 240Hz  5ms Response time  16:9 Kuvasuhe  16,7 Miljonit v\u00e4rvi\" \/>\n<meta property=\"og:url\" content=\"https:\/\/arvutipunkt.ee\/ru\/pood\/%d0%bc%d0%be%d0%bd%d0%b8%d1%82%d0%be%d1%80%d1%8b\/dell-g2723h-27240hz-fullhd\/\" \/>\n<meta property=\"og:site_name\" content=\"Arvutipunkt - Parim valik m\u00e4nguri s\u00fclearvutid ja m\u00e4nguarvutid\" \/>\n<meta property=\"article:modified_time\" content=\"2024-10-23T08:09:28+00:00\" \/>\n<meta property=\"og:image\" content=\"https:\/\/arvutipunkt.ee\/wp-content\/uploads\/2024\/02\/done1.jpg\" \/>\n\t<meta property=\"og:image:width\" content=\"800\" \/>\n\t<meta property=\"og:image:height\" content=\"800\" \/>\n\t<meta property=\"og:image:type\" content=\"image\/jpeg\" \/>\n<meta name=\"twitter:card\" content=\"summary_large_image\" \/>\n<script type=\"application\/ld+json\" class=\"yoast-schema-graph\">{\"@context\":\"https:\/\/schema.org\",\"@graph\":[{\"@type\":\"WebPage\",\"@id\":\"https:\/\/arvutipunkt.ee\/ru\/pood\/%d0%bc%d0%be%d0%bd%d0%b8%d1%82%d0%be%d1%80%d1%8b\/dell-g2723h-27240hz-fullhd\/\",\"url\":\"https:\/\/arvutipunkt.ee\/ru\/pood\/%d0%bc%d0%be%d0%bd%d0%b8%d1%82%d0%be%d1%80%d1%8b\/dell-g2723h-27240hz-fullhd\/\",\"name\":\"DELL G2723H 27\\\"240Hz FullHD - Arvutipunkt - Parim valik m\u00e4nguri s\u00fclearvutid ja m\u00e4nguarvutid\",\"isPartOf\":{\"@id\":\"https:\/\/arvutipunkt.ee\/ru\/#website\"},\"primaryImageOfPage\":{\"@id\":\"https:\/\/arvutipunkt.ee\/ru\/pood\/%d0%bc%d0%be%d0%bd%d0%b8%d1%82%d0%be%d1%80%d1%8b\/dell-g2723h-27240hz-fullhd\/#primaryimage\"},\"image\":{\"@id\":\"https:\/\/arvutipunkt.ee\/ru\/pood\/%d0%bc%d0%be%d0%bd%d0%b8%d1%82%d0%be%d1%80%d1%8b\/dell-g2723h-27240hz-fullhd\/#primaryimage\"},\"thumbnailUrl\":\"https:\/\/arvutipunkt.ee\/wp-content\/uploads\/2024\/02\/done1.jpg\",\"datePublished\":\"2024-02-24T13:15:29+00:00\",\"dateModified\":\"2024-10-23T08:09:28+00:00\",\"breadcrumb\":{\"@id\":\"https:\/\/arvutipunkt.ee\/ru\/pood\/%d0%bc%d0%be%d0%bd%d0%b8%d1%82%d0%be%d1%80%d1%8b\/dell-g2723h-27240hz-fullhd\/#breadcrumb\"},\"inLanguage\":\"ru-RU\",\"potentialAction\":[{\"@type\":\"ReadAction\",\"target\":[\"https:\/\/arvutipunkt.ee\/ru\/pood\/%d0%bc%d0%be%d0%bd%d0%b8%d1%82%d0%be%d1%80%d1%8b\/dell-g2723h-27240hz-fullhd\/\"]}]},{\"@type\":\"ImageObject\",\"inLanguage\":\"ru-RU\",\"@id\":\"https:\/\/arvutipunkt.ee\/ru\/pood\/%d0%bc%d0%be%d0%bd%d0%b8%d1%82%d0%be%d1%80%d1%8b\/dell-g2723h-27240hz-fullhd\/#primaryimage\",\"url\":\"https:\/\/arvutipunkt.ee\/wp-content\/uploads\/2024\/02\/done1.jpg\",\"contentUrl\":\"https:\/\/arvutipunkt.ee\/wp-content\/uploads\/2024\/02\/done1.jpg\",\"width\":800,\"height\":800},{\"@type\":\"BreadcrumbList\",\"@id\":\"https:\/\/arvutipunkt.ee\/ru\/pood\/%d0%bc%d0%be%d0%bd%d0%b8%d1%82%d0%be%d1%80%d1%8b\/dell-g2723h-27240hz-fullhd\/#breadcrumb\",\"itemListElement\":[{\"@type\":\"ListItem\",\"position\":1,\"name\":\"Home\",\"item\":\"https:\/\/arvutipunkt.ee\/ru\/\"},{\"@type\":\"ListItem\",\"position\":2,\"name\":\"Shop\",\"item\":\"https:\/\/arvutipunkt.ee\/ru\/shop\/\"},{\"@type\":\"ListItem\",\"position\":3,\"name\":\"DELL G2723H 27&#8243;240Hz FullHD\"}]},{\"@type\":\"WebSite\",\"@id\":\"https:\/\/arvutipunkt.ee\/ru\/#website\",\"url\":\"https:\/\/arvutipunkt.ee\/ru\/\",\"name\":\"Arvutipunkt - Parim valik m\u00e4nguri s\u00fclearvutid ja m\u00e4nguarvutid\",\"description\":\"Avar valik m\u00e4nguri s\u00fclearvutid ja m\u00e4nguarvutid. Parimad gaming PC-d, m\u00e4nguri komplektid ja t\u00f6\u00f6jaamad. Lauaarvutite komplekteerimine vastavalt kliendi soovile.\",\"publisher\":{\"@id\":\"https:\/\/arvutipunkt.ee\/ru\/#organization\"},\"potentialAction\":[{\"@type\":\"SearchAction\",\"target\":{\"@type\":\"EntryPoint\",\"urlTemplate\":\"https:\/\/arvutipunkt.ee\/ru\/?s={search_term_string}\"},\"query-input\":{\"@type\":\"PropertyValueSpecification\",\"valueRequired\":true,\"valueName\":\"search_term_string\"}}],\"inLanguage\":\"ru-RU\"},{\"@type\":\"Organization\",\"@id\":\"https:\/\/arvutipunkt.ee\/ru\/#organization\",\"name\":\"Arvutipunkt - Parim valik m\u00e4nguri s\u00fclearvutid ja m\u00e4nguarvutid\",\"url\":\"https:\/\/arvutipunkt.ee\/ru\/\",\"logo\":{\"@type\":\"ImageObject\",\"inLanguage\":\"ru-RU\",\"@id\":\"https:\/\/arvutipunkt.ee\/ru\/#\/schema\/logo\/image\/\",\"url\":\"https:\/\/arvutipunkt.ee\/wp-content\/uploads\/2023\/12\/cropped-ARVUTIPUNKT_LOGO_FINALE-2048x190-1.png\",\"contentUrl\":\"https:\/\/arvutipunkt.ee\/wp-content\/uploads\/2023\/12\/cropped-ARVUTIPUNKT_LOGO_FINALE-2048x190-1.png\",\"width\":2048,\"height\":190,\"caption\":\"Arvutipunkt - Parim valik m\u00e4nguri s\u00fclearvutid ja m\u00e4nguarvutid\"},\"image\":{\"@id\":\"https:\/\/arvutipunkt.ee\/ru\/#\/schema\/logo\/image\/\"}}]}<\/script>\n<!-- \/ Yoast SEO plugin. -->","yoast_head_json":{"title":"DELL G2723H 27\"240Hz FullHD - Arvutipunkt - Parim valik m\u00e4nguri s\u00fclearvutid ja m\u00e4nguarvutid","robots":{"index":"index","follow":"follow","max-snippet":"max-snippet:-1","max-image-preview":"max-image-preview:large","max-video-preview":"max-video-preview:-1"},"canonical":"https:\/\/arvutipunkt.ee\/ru\/pood\/%d0%bc%d0%be%d0%bd%d0%b8%d1%82%d0%be%d1%80%d1%8b\/dell-g2723h-27240hz-fullhd\/","og_locale":"ru_RU","og_type":"article","og_title":"DELL G2723H 27\"240Hz FullHD - Arvutipunkt - Parim valik m\u00e4nguri s\u00fclearvutid ja m\u00e4nguarvutid","og_description":"27-inch UWFHD Display (2560 x 1080)  Refresh rate 240Hz  5ms Response time  16:9 Kuvasuhe  16,7 Miljonit v\u00e4rvi","og_url":"https:\/\/arvutipunkt.ee\/ru\/pood\/%d0%bc%d0%be%d0%bd%d0%b8%d1%82%d0%be%d1%80%d1%8b\/dell-g2723h-27240hz-fullhd\/","og_site_name":"Arvutipunkt - Parim valik m\u00e4nguri s\u00fclearvutid ja m\u00e4nguarvutid","article_modified_time":"2024-10-23T08:09:28+00:00","og_image":[{"width":800,"height":800,"url":"https:\/\/arvutipunkt.ee\/wp-content\/uploads\/2024\/02\/done1.jpg","type":"image\/jpeg"}],"twitter_card":"summary_large_image","schema":{"@context":"https:\/\/schema.org","@graph":[{"@type":"WebPage","@id":"https:\/\/arvutipunkt.ee\/ru\/pood\/%d0%bc%d0%be%d0%bd%d0%b8%d1%82%d0%be%d1%80%d1%8b\/dell-g2723h-27240hz-fullhd\/","url":"https:\/\/arvutipunkt.ee\/ru\/pood\/%d0%bc%d0%be%d0%bd%d0%b8%d1%82%d0%be%d1%80%d1%8b\/dell-g2723h-27240hz-fullhd\/","name":"DELL G2723H 27\"240Hz FullHD - Arvutipunkt - Parim valik m\u00e4nguri s\u00fclearvutid ja m\u00e4nguarvutid","isPartOf":{"@id":"https:\/\/arvutipunkt.ee\/ru\/#website"},"primaryImageOfPage":{"@id":"https:\/\/arvutipunkt.ee\/ru\/pood\/%d0%bc%d0%be%d0%bd%d0%b8%d1%82%d0%be%d1%80%d1%8b\/dell-g2723h-27240hz-fullhd\/#primaryimage"},"image":{"@id":"https:\/\/arvutipunkt.ee\/ru\/pood\/%d0%bc%d0%be%d0%bd%d0%b8%d1%82%d0%be%d1%80%d1%8b\/dell-g2723h-27240hz-fullhd\/#primaryimage"},"thumbnailUrl":"https:\/\/arvutipunkt.ee\/wp-content\/uploads\/2024\/02\/done1.jpg","datePublished":"2024-02-24T13:15:29+00:00","dateModified":"2024-10-23T08:09:28+00:00","breadcrumb":{"@id":"https:\/\/arvutipunkt.ee\/ru\/pood\/%d0%bc%d0%be%d0%bd%d0%b8%d1%82%d0%be%d1%80%d1%8b\/dell-g2723h-27240hz-fullhd\/#breadcrumb"},"inLanguage":"ru-RU","potentialAction":[{"@type":"ReadAction","target":["https:\/\/arvutipunkt.ee\/ru\/pood\/%d0%bc%d0%be%d0%bd%d0%b8%d1%82%d0%be%d1%80%d1%8b\/dell-g2723h-27240hz-fullhd\/"]}]},{"@type":"ImageObject","inLanguage":"ru-RU","@id":"https:\/\/arvutipunkt.ee\/ru\/pood\/%d0%bc%d0%be%d0%bd%d0%b8%d1%82%d0%be%d1%80%d1%8b\/dell-g2723h-27240hz-fullhd\/#primaryimage","url":"https:\/\/arvutipunkt.ee\/wp-content\/uploads\/2024\/02\/done1.jpg","contentUrl":"https:\/\/arvutipunkt.ee\/wp-content\/uploads\/2024\/02\/done1.jpg","width":800,"height":800},{"@type":"BreadcrumbList","@id":"https:\/\/arvutipunkt.ee\/ru\/pood\/%d0%bc%d0%be%d0%bd%d0%b8%d1%82%d0%be%d1%80%d1%8b\/dell-g2723h-27240hz-fullhd\/#breadcrumb","itemListElement":[{"@type":"ListItem","position":1,"name":"Home","item":"https:\/\/arvutipunkt.ee\/ru\/"},{"@type":"ListItem","position":2,"name":"Shop","item":"https:\/\/arvutipunkt.ee\/ru\/shop\/"},{"@type":"ListItem","position":3,"name":"DELL G2723H 27&#8243;240Hz FullHD"}]},{"@type":"WebSite","@id":"https:\/\/arvutipunkt.ee\/ru\/#website","url":"https:\/\/arvutipunkt.ee\/ru\/","name":"Arvutipunkt - Parim valik m\u00e4nguri s\u00fclearvutid ja m\u00e4nguarvutid","description":"Avar valik m\u00e4nguri s\u00fclearvutid ja m\u00e4nguarvutid. Parimad gaming PC-d, m\u00e4nguri komplektid ja t\u00f6\u00f6jaamad. Lauaarvutite komplekteerimine vastavalt kliendi soovile.","publisher":{"@id":"https:\/\/arvutipunkt.ee\/ru\/#organization"},"potentialAction":[{"@type":"SearchAction","target":{"@type":"EntryPoint","urlTemplate":"https:\/\/arvutipunkt.ee\/ru\/?s={search_term_string}"},"query-input":{"@type":"PropertyValueSpecification","valueRequired":true,"valueName":"search_term_string"}}],"inLanguage":"ru-RU"},{"@type":"Organization","@id":"https:\/\/arvutipunkt.ee\/ru\/#organization","name":"Arvutipunkt - Parim valik m\u00e4nguri s\u00fclearvutid ja m\u00e4nguarvutid","url":"https:\/\/arvutipunkt.ee\/ru\/","logo":{"@type":"ImageObject","inLanguage":"ru-RU","@id":"https:\/\/arvutipunkt.ee\/ru\/#\/schema\/logo\/image\/","url":"https:\/\/arvutipunkt.ee\/wp-content\/uploads\/2023\/12\/cropped-ARVUTIPUNKT_LOGO_FINALE-2048x190-1.png","contentUrl":"https:\/\/arvutipunkt.ee\/wp-content\/uploads\/2023\/12\/cropped-ARVUTIPUNKT_LOGO_FINALE-2048x190-1.png","width":2048,"height":190,"caption":"Arvutipunkt - Parim valik m\u00e4nguri s\u00fclearvutid ja m\u00e4nguarvutid"},"image":{"@id":"https:\/\/arvutipunkt.ee\/ru\/#\/schema\/logo\/image\/"}}]}},"_links":{"self":[{"href":"https:\/\/arvutipunkt.ee\/ru\/wp-json\/wp\/v2\/product\/12098","targetHints":{"allow":["GET"]}}],"collection":[{"href":"https:\/\/arvutipunkt.ee\/ru\/wp-json\/wp\/v2\/product"}],"about":[{"href":"https:\/\/arvutipunkt.ee\/ru\/wp-json\/wp\/v2\/types\/product"}],"version-history":[{"count":1,"href":"https:\/\/arvutipunkt.ee\/ru\/wp-json\/wp\/v2\/product\/12098\/revisions"}],"predecessor-version":[{"id":12218,"href":"https:\/\/arvutipunkt.ee\/ru\/wp-json\/wp\/v2\/product\/12098\/revisions\/12218"}],"wp:featuredmedia":[{"embeddable":true,"href":"https:\/\/arvutipunkt.ee\/ru\/wp-json\/wp\/v2\/media\/11860"}],"wp:attachment":[{"href":"https:\/\/arvutipunkt.ee\/ru\/wp-json\/wp\/v2\/media?parent=12098"}],"wp:term":[{"taxonomy":"product_brand","embeddable":true,"href":"https:\/\/arvutipunkt.ee\/ru\/wp-json\/wp\/v2\/product_brand?post=12098"},{"taxonomy":"product_cat","embeddable":true,"href":"https:\/\/arvutipunkt.ee\/ru\/wp-json\/wp\/v2\/product_cat?post=12098"},{"taxonomy":"product_tag","embeddable":true,"href":"https:\/\/arvutipunkt.ee\/ru\/wp-json\/wp\/v2\/product_tag?post=12098"}],"curies":[{"name":"wp","href":"https:\/\/api.w.org\/{rel}","templated":true}]}}