{"id":11964,"date":"2022-12-01T13:36:28","date_gmt":"2022-12-01T11:36:28","guid":{"rendered":"https:\/\/arvutipunkt.ee\/%d1%81%d0%bf%d0%b8%d1%81%d0%be%d0%ba-%d0%b6%d0%b5%d0%bb%d0%b0%d0%bd%d0%b8%d0%b9\/"},"modified":"2024-04-07T20:08:03","modified_gmt":"2024-04-07T17:08:03","slug":"%d1%81%d0%bf%d0%b8%d1%81%d0%be%d0%ba-%d0%b6%d0%b5%d0%bb%d0%b0%d0%bd%d0%b8%d0%b9","status":"publish","type":"page","link":"https:\/\/arvutipunkt.ee\/ru\/%d1%81%d0%bf%d0%b8%d1%81%d0%be%d0%ba-%d0%b6%d0%b5%d0%bb%d0%b0%d0%bd%d0%b8%d0%b9\/","title":{"rendered":"\u0421\u043f\u0438\u0441\u043e\u043a \u0436\u0435\u043b\u0430\u043d\u0438\u0439"},"content":{"rendered":"\t\t<div data-elementor-type=\"wp-page\" data-elementor-id=\"11964\" class=\"elementor elementor-11964 elementor-118\" data-elementor-post-type=\"page\">\n\t\t\t\t\t\t<section class=\"elementor-section elementor-top-section elementor-element elementor-element-f8863df elementor-section-boxed elementor-section-height-default elementor-section-height-default wd-section-disabled\" data-id=\"f8863df\" data-element_type=\"section\" data-settings=\"{&quot;jet_parallax_layout_list&quot;:[]}\">\n\t\t\t\t\t\t<div class=\"elementor-container elementor-column-gap-default\">\n\t\t\t\t\t<div class=\"elementor-column elementor-col-100 elementor-top-column elementor-element elementor-element-521f086\" data-id=\"521f086\" data-element_type=\"column\">\n\t\t\t<div class=\"elementor-widget-wrap elementor-element-populated\">\n\t\t\t\t\t\t<div class=\"elementor-element elementor-element-e2ed285 elementor-widget elementor-widget-wd_wishlist\" data-id=\"e2ed285\" data-element_type=\"widget\" data-widget_type=\"wd_wishlist.default\">\n\t\t\t\t<div class=\"elementor-widget-container\">\n\t\t\t\t\t\n\t\t\n\t\t<div class=\"\">\n\t\t\t\t\t\t<div class=\"wd-wishlist-content\">\n\t\t\t\t\t\t\t\t\t\t\t\n\t\t<p class=\"wd-empty-wishlist wd-empty-page\">\n\t\t\tThis wishlist is empty.\t\t<\/p>\n\n\t\t\t\t\t<div class=\"wd-empty-page-text\">\n\t\t\t\tYou don't have any products in the wishlist yet. <br> You will find a lot of interesting products on our \"Shop\" page.\t\t\t<\/div>\n\t\t\n\t\t\n\t\t\t\t\t<p class=\"return-to-shop\">\n\t\t\t\t<a class=\"button\" href=\"https:\/\/arvutipunkt.ee\/ru\/shop\/\">\n\t\t\t\t\t\u0412\u0435\u0440\u043d\u0443\u0442\u044c\u0441\u044f \u0432 \u043c\u0430\u0433\u0430\u0437\u0438\u043d\t\t\t\t<\/a>\n\t\t\t<\/p>\n\t\t\t\t\t\t\t\t\t\t\t<\/div>\n\t\t\t\t<\/div>\n\t\t\t\t<\/div>\n\t\t\t\t<\/div>\n\t\t\t\t\t<\/div>\n\t\t<\/div>\n\t\t\t\t\t<\/div>\n\t\t<\/section>\n\t\t\t\t<\/div>\n\t\t","protected":false},"excerpt":{"rendered":"<p>Minu konto T\u00f6\u00f6laud Tellimused Allalaadimised Aadressid Konto andmed Soovinimekiri Logi v\u00e4lja Soovinimekiri on t\u00fchi. You don&#8217;t have any products in<\/p>\n","protected":false},"author":1,"featured_media":0,"parent":0,"menu_order":0,"comment_status":"closed","ping_status":"closed","template":"","meta":{"_acf_changed":false,"footnotes":""},"class_list":["post-11964","page","type-page","status-publish","hentry"],"acf":[],"yoast_head":"<!-- This site is optimized with the Yoast SEO plugin v25.3.1 - https:\/\/yoast.com\/wordpress\/plugins\/seo\/ -->\n<title>\u0421\u043f\u0438\u0441\u043e\u043a \u0436\u0435\u043b\u0430\u043d\u0438\u0439 - Arvutipunkt - Parim valik m\u00e4nguri s\u00fclearvutid ja m\u00e4nguarvutid<\/title>\n<meta name=\"robots\" content=\"index, follow, max-snippet:-1, max-image-preview:large, max-video-preview:-1\" \/>\n<link rel=\"canonical\" href=\"https:\/\/arvutipunkt.ee\/ru\/%d1%81%d0%bf%d0%b8%d1%81%d0%be%d0%ba-%d0%b6%d0%b5%d0%bb%d0%b0%d0%bd%d0%b8%d0%b9\/\" \/>\n<meta property=\"og:locale\" content=\"ru_RU\" \/>\n<meta property=\"og:type\" content=\"article\" \/>\n<meta property=\"og:title\" content=\"\u0421\u043f\u0438\u0441\u043e\u043a \u0436\u0435\u043b\u0430\u043d\u0438\u0439 - Arvutipunkt - Parim valik m\u00e4nguri s\u00fclearvutid ja m\u00e4nguarvutid\" \/>\n<meta property=\"og:description\" content=\"Minu konto T\u00f6\u00f6laud Tellimused Allalaadimised Aadressid Konto andmed Soovinimekiri Logi v\u00e4lja Soovinimekiri on t\u00fchi. You don&#8217;t have any products in\" \/>\n<meta property=\"og:url\" content=\"https:\/\/arvutipunkt.ee\/ru\/%d1%81%d0%bf%d0%b8%d1%81%d0%be%d0%ba-%d0%b6%d0%b5%d0%bb%d0%b0%d0%bd%d0%b8%d0%b9\/\" \/>\n<meta property=\"og:site_name\" content=\"Arvutipunkt - Parim valik m\u00e4nguri s\u00fclearvutid ja m\u00e4nguarvutid\" \/>\n<meta property=\"article:modified_time\" content=\"2024-04-07T17:08:03+00:00\" \/>\n<meta name=\"twitter:card\" content=\"summary_large_image\" \/>\n<script type=\"application\/ld+json\" class=\"yoast-schema-graph\">{\"@context\":\"https:\/\/schema.org\",\"@graph\":[{\"@type\":\"WebPage\",\"@id\":\"https:\/\/arvutipunkt.ee\/ru\/%d1%81%d0%bf%d0%b8%d1%81%d0%be%d0%ba-%d0%b6%d0%b5%d0%bb%d0%b0%d0%bd%d0%b8%d0%b9\/\",\"url\":\"https:\/\/arvutipunkt.ee\/ru\/%d1%81%d0%bf%d0%b8%d1%81%d0%be%d0%ba-%d0%b6%d0%b5%d0%bb%d0%b0%d0%bd%d0%b8%d0%b9\/\",\"name\":\"\u0421\u043f\u0438\u0441\u043e\u043a \u0436\u0435\u043b\u0430\u043d\u0438\u0439 - Arvutipunkt - Parim valik m\u00e4nguri s\u00fclearvutid ja m\u00e4nguarvutid\",\"isPartOf\":{\"@id\":\"https:\/\/arvutipunkt.ee\/ru\/#website\"},\"datePublished\":\"2022-12-01T11:36:28+00:00\",\"dateModified\":\"2024-04-07T17:08:03+00:00\",\"breadcrumb\":{\"@id\":\"https:\/\/arvutipunkt.ee\/ru\/%d1%81%d0%bf%d0%b8%d1%81%d0%be%d0%ba-%d0%b6%d0%b5%d0%bb%d0%b0%d0%bd%d0%b8%d0%b9\/#breadcrumb\"},\"inLanguage\":\"ru-RU\",\"potentialAction\":[{\"@type\":\"ReadAction\",\"target\":[\"https:\/\/arvutipunkt.ee\/ru\/%d1%81%d0%bf%d0%b8%d1%81%d0%be%d0%ba-%d0%b6%d0%b5%d0%bb%d0%b0%d0%bd%d0%b8%d0%b9\/\"]}]},{\"@type\":\"BreadcrumbList\",\"@id\":\"https:\/\/arvutipunkt.ee\/ru\/%d1%81%d0%bf%d0%b8%d1%81%d0%be%d0%ba-%d0%b6%d0%b5%d0%bb%d0%b0%d0%bd%d0%b8%d0%b9\/#breadcrumb\",\"itemListElement\":[{\"@type\":\"ListItem\",\"position\":1,\"name\":\"Home\",\"item\":\"https:\/\/arvutipunkt.ee\/ru\/\"},{\"@type\":\"ListItem\",\"position\":2,\"name\":\"\u0421\u043f\u0438\u0441\u043e\u043a \u0436\u0435\u043b\u0430\u043d\u0438\u0439\"}]},{\"@type\":\"WebSite\",\"@id\":\"https:\/\/arvutipunkt.ee\/ru\/#website\",\"url\":\"https:\/\/arvutipunkt.ee\/ru\/\",\"name\":\"Arvutipunkt - Parim valik m\u00e4nguri s\u00fclearvutid ja m\u00e4nguarvutid\",\"description\":\"Avar valik m\u00e4nguri s\u00fclearvutid ja m\u00e4nguarvutid. Parimad gaming PC-d, m\u00e4nguri komplektid ja t\u00f6\u00f6jaamad. Lauaarvutite komplekteerimine vastavalt kliendi soovile.\",\"publisher\":{\"@id\":\"https:\/\/arvutipunkt.ee\/ru\/#organization\"},\"potentialAction\":[{\"@type\":\"SearchAction\",\"target\":{\"@type\":\"EntryPoint\",\"urlTemplate\":\"https:\/\/arvutipunkt.ee\/ru\/?s={search_term_string}\"},\"query-input\":{\"@type\":\"PropertyValueSpecification\",\"valueRequired\":true,\"valueName\":\"search_term_string\"}}],\"inLanguage\":\"ru-RU\"},{\"@type\":\"Organization\",\"@id\":\"https:\/\/arvutipunkt.ee\/ru\/#organization\",\"name\":\"Arvutipunkt - Parim valik m\u00e4nguri s\u00fclearvutid ja m\u00e4nguarvutid\",\"url\":\"https:\/\/arvutipunkt.ee\/ru\/\",\"logo\":{\"@type\":\"ImageObject\",\"inLanguage\":\"ru-RU\",\"@id\":\"https:\/\/arvutipunkt.ee\/ru\/#\/schema\/logo\/image\/\",\"url\":\"https:\/\/arvutipunkt.ee\/wp-content\/uploads\/2023\/12\/cropped-ARVUTIPUNKT_LOGO_FINALE-2048x190-1.png\",\"contentUrl\":\"https:\/\/arvutipunkt.ee\/wp-content\/uploads\/2023\/12\/cropped-ARVUTIPUNKT_LOGO_FINALE-2048x190-1.png\",\"width\":2048,\"height\":190,\"caption\":\"Arvutipunkt - Parim valik m\u00e4nguri s\u00fclearvutid ja m\u00e4nguarvutid\"},\"image\":{\"@id\":\"https:\/\/arvutipunkt.ee\/ru\/#\/schema\/logo\/image\/\"}}]}<\/script>\n<!-- \/ Yoast SEO plugin. -->","yoast_head_json":{"title":"\u0421\u043f\u0438\u0441\u043e\u043a \u0436\u0435\u043b\u0430\u043d\u0438\u0439 - Arvutipunkt - Parim valik m\u00e4nguri s\u00fclearvutid ja m\u00e4nguarvutid","robots":{"index":"index","follow":"follow","max-snippet":"max-snippet:-1","max-image-preview":"max-image-preview:large","max-video-preview":"max-video-preview:-1"},"canonical":"https:\/\/arvutipunkt.ee\/ru\/%d1%81%d0%bf%d0%b8%d1%81%d0%be%d0%ba-%d0%b6%d0%b5%d0%bb%d0%b0%d0%bd%d0%b8%d0%b9\/","og_locale":"ru_RU","og_type":"article","og_title":"\u0421\u043f\u0438\u0441\u043e\u043a \u0436\u0435\u043b\u0430\u043d\u0438\u0439 - Arvutipunkt - Parim valik m\u00e4nguri s\u00fclearvutid ja m\u00e4nguarvutid","og_description":"Minu konto T\u00f6\u00f6laud Tellimused Allalaadimised Aadressid Konto andmed Soovinimekiri Logi v\u00e4lja Soovinimekiri on t\u00fchi. You don&#8217;t have any products in","og_url":"https:\/\/arvutipunkt.ee\/ru\/%d1%81%d0%bf%d0%b8%d1%81%d0%be%d0%ba-%d0%b6%d0%b5%d0%bb%d0%b0%d0%bd%d0%b8%d0%b9\/","og_site_name":"Arvutipunkt - Parim valik m\u00e4nguri s\u00fclearvutid ja m\u00e4nguarvutid","article_modified_time":"2024-04-07T17:08:03+00:00","twitter_card":"summary_large_image","schema":{"@context":"https:\/\/schema.org","@graph":[{"@type":"WebPage","@id":"https:\/\/arvutipunkt.ee\/ru\/%d1%81%d0%bf%d0%b8%d1%81%d0%be%d0%ba-%d0%b6%d0%b5%d0%bb%d0%b0%d0%bd%d0%b8%d0%b9\/","url":"https:\/\/arvutipunkt.ee\/ru\/%d1%81%d0%bf%d0%b8%d1%81%d0%be%d0%ba-%d0%b6%d0%b5%d0%bb%d0%b0%d0%bd%d0%b8%d0%b9\/","name":"\u0421\u043f\u0438\u0441\u043e\u043a \u0436\u0435\u043b\u0430\u043d\u0438\u0439 - Arvutipunkt - Parim valik m\u00e4nguri s\u00fclearvutid ja m\u00e4nguarvutid","isPartOf":{"@id":"https:\/\/arvutipunkt.ee\/ru\/#website"},"datePublished":"2022-12-01T11:36:28+00:00","dateModified":"2024-04-07T17:08:03+00:00","breadcrumb":{"@id":"https:\/\/arvutipunkt.ee\/ru\/%d1%81%d0%bf%d0%b8%d1%81%d0%be%d0%ba-%d0%b6%d0%b5%d0%bb%d0%b0%d0%bd%d0%b8%d0%b9\/#breadcrumb"},"inLanguage":"ru-RU","potentialAction":[{"@type":"ReadAction","target":["https:\/\/arvutipunkt.ee\/ru\/%d1%81%d0%bf%d0%b8%d1%81%d0%be%d0%ba-%d0%b6%d0%b5%d0%bb%d0%b0%d0%bd%d0%b8%d0%b9\/"]}]},{"@type":"BreadcrumbList","@id":"https:\/\/arvutipunkt.ee\/ru\/%d1%81%d0%bf%d0%b8%d1%81%d0%be%d0%ba-%d0%b6%d0%b5%d0%bb%d0%b0%d0%bd%d0%b8%d0%b9\/#breadcrumb","itemListElement":[{"@type":"ListItem","position":1,"name":"Home","item":"https:\/\/arvutipunkt.ee\/ru\/"},{"@type":"ListItem","position":2,"name":"\u0421\u043f\u0438\u0441\u043e\u043a \u0436\u0435\u043b\u0430\u043d\u0438\u0439"}]},{"@type":"WebSite","@id":"https:\/\/arvutipunkt.ee\/ru\/#website","url":"https:\/\/arvutipunkt.ee\/ru\/","name":"Arvutipunkt - Parim valik m\u00e4nguri s\u00fclearvutid ja m\u00e4nguarvutid","description":"Avar valik m\u00e4nguri s\u00fclearvutid ja m\u00e4nguarvutid. Parimad gaming PC-d, m\u00e4nguri komplektid ja t\u00f6\u00f6jaamad. Lauaarvutite komplekteerimine vastavalt kliendi soovile.","publisher":{"@id":"https:\/\/arvutipunkt.ee\/ru\/#organization"},"potentialAction":[{"@type":"SearchAction","target":{"@type":"EntryPoint","urlTemplate":"https:\/\/arvutipunkt.ee\/ru\/?s={search_term_string}"},"query-input":{"@type":"PropertyValueSpecification","valueRequired":true,"valueName":"search_term_string"}}],"inLanguage":"ru-RU"},{"@type":"Organization","@id":"https:\/\/arvutipunkt.ee\/ru\/#organization","name":"Arvutipunkt - Parim valik m\u00e4nguri s\u00fclearvutid ja m\u00e4nguarvutid","url":"https:\/\/arvutipunkt.ee\/ru\/","logo":{"@type":"ImageObject","inLanguage":"ru-RU","@id":"https:\/\/arvutipunkt.ee\/ru\/#\/schema\/logo\/image\/","url":"https:\/\/arvutipunkt.ee\/wp-content\/uploads\/2023\/12\/cropped-ARVUTIPUNKT_LOGO_FINALE-2048x190-1.png","contentUrl":"https:\/\/arvutipunkt.ee\/wp-content\/uploads\/2023\/12\/cropped-ARVUTIPUNKT_LOGO_FINALE-2048x190-1.png","width":2048,"height":190,"caption":"Arvutipunkt - Parim valik m\u00e4nguri s\u00fclearvutid ja m\u00e4nguarvutid"},"image":{"@id":"https:\/\/arvutipunkt.ee\/ru\/#\/schema\/logo\/image\/"}}]}},"_links":{"self":[{"href":"https:\/\/arvutipunkt.ee\/ru\/wp-json\/wp\/v2\/pages\/11964","targetHints":{"allow":["GET"]}}],"collection":[{"href":"https:\/\/arvutipunkt.ee\/ru\/wp-json\/wp\/v2\/pages"}],"about":[{"href":"https:\/\/arvutipunkt.ee\/ru\/wp-json\/wp\/v2\/types\/page"}],"author":[{"embeddable":true,"href":"https:\/\/arvutipunkt.ee\/ru\/wp-json\/wp\/v2\/users\/1"}],"replies":[{"embeddable":true,"href":"https:\/\/arvutipunkt.ee\/ru\/wp-json\/wp\/v2\/comments?post=11964"}],"version-history":[{"count":1,"href":"https:\/\/arvutipunkt.ee\/ru\/wp-json\/wp\/v2\/pages\/11964\/revisions"}],"predecessor-version":[{"id":11965,"href":"https:\/\/arvutipunkt.ee\/ru\/wp-json\/wp\/v2\/pages\/11964\/revisions\/11965"}],"wp:attachment":[{"href":"https:\/\/arvutipunkt.ee\/ru\/wp-json\/wp\/v2\/media?parent=11964"}],"curies":[{"name":"wp","href":"https:\/\/api.w.org\/{rel}","templated":true}]}}