{"id":11372,"date":"2023-12-11T10:27:23","date_gmt":"2023-12-11T08:27:23","guid":{"rendered":"https:\/\/arvutipunkt.ee\/cart\/"},"modified":"2024-04-05T17:54:24","modified_gmt":"2024-04-05T14:54:24","slug":"cart","status":"publish","type":"page","link":"https:\/\/arvutipunkt.ee\/ru\/cart\/","title":{"rendered":"Cart"},"content":{"rendered":"\n<div data-block-name=\"woocommerce\/cart\" class=\"wp-block-woocommerce-cart alignwide is-loading\">\n<div data-block-name=\"woocommerce\/filled-cart-block\" class=\"wp-block-woocommerce-filled-cart-block\">\n<div data-block-name=\"woocommerce\/cart-items-block\" class=\"wp-block-woocommerce-cart-items-block\">\n<div data-block-name=\"woocommerce\/cart-line-items-block\" class=\"wp-block-woocommerce-cart-line-items-block\"><\/div>\n\n\n\n<div data-block-name=\"woocommerce\/cart-cross-sells-block\" class=\"wp-block-woocommerce-cart-cross-sells-block\">\n<h2 class=\"wp-block-heading has-large-font-size\">Sa v\u00f5id olla huvitatud ka&#8230;<\/h2>\n\n\n\n<div data-block-name=\"woocommerce\/cart-cross-sells-products-block\" class=\"wp-block-woocommerce-cart-cross-sells-products-block\"><\/div>\n<\/div>\n<\/div>\n\n\n\n<div data-block-name=\"woocommerce\/cart-totals-block\" class=\"wp-block-woocommerce-cart-totals-block\">\n<div data-block-name=\"woocommerce\/cart-order-summary-block\" class=\"wp-block-woocommerce-cart-order-summary-block\">\n<div data-block-name=\"woocommerce\/cart-order-summary-heading-block\" class=\"wp-block-woocommerce-cart-order-summary-heading-block\"><\/div><div data-block-name=\"woocommerce\/cart-order-summary-coupon-form-block\" class=\"wp-block-woocommerce-cart-order-summary-coupon-form-block\"><\/div><div data-block-name=\"woocommerce\/cart-order-summary-totals-block\" class=\"wp-block-woocommerce-cart-order-summary-totals-block\">\n<div data-block-name=\"woocommerce\/cart-order-summary-subtotal-block\" class=\"wp-block-woocommerce-cart-order-summary-subtotal-block\"><\/div>\n<div data-block-name=\"woocommerce\/cart-order-summary-discount-block\" class=\"wp-block-woocommerce-cart-order-summary-discount-block\"><\/div>\n<div data-block-name=\"woocommerce\/cart-order-summary-fee-block\" class=\"wp-block-woocommerce-cart-order-summary-fee-block\"><\/div>\n<div data-block-name=\"woocommerce\/cart-order-summary-shipping-block\" class=\"wp-block-woocommerce-cart-order-summary-shipping-block\"><\/div>\n<div data-block-name=\"woocommerce\/cart-order-summary-taxes-block\" class=\"wp-block-woocommerce-cart-order-summary-taxes-block\"><\/div><\/div>\n<\/div>\n\n\n\n<div data-block-name=\"woocommerce\/cart-express-payment-block\" class=\"wp-block-woocommerce-cart-express-payment-block\"><\/div>\n\n\n\n<div data-block-name=\"woocommerce\/proceed-to-checkout-block\" class=\"wp-block-woocommerce-proceed-to-checkout-block\"><\/div>\n\n\n\n<div data-block-name=\"woocommerce\/cart-accepted-payment-methods-block\" class=\"wp-block-woocommerce-cart-accepted-payment-methods-block\"><\/div>\n<\/div>\n<\/div>\n\n\n\n<div data-block-name=\"woocommerce\/empty-cart-block\" class=\"wp-block-woocommerce-empty-cart-block\">\n<h2 class=\"wp-block-heading has-text-align-center with-empty-cart-icon wc-block-cart__empty-cart__title\">Su ostukorv on hetkel t\u00fchi!<\/h2>\n\n\n\n<hr class=\"wp-block-separator has-alpha-channel-opacity is-style-dots\"\/>\n\n\n\n<h2 class=\"wp-block-heading has-text-align-center\">New in store<\/h2>\n\n\n<div data-block-name=\"woocommerce\/product-new\" data-columns=\"4\" data-rows=\"1\" class=\"wc-block-grid wp-block-product-new wp-block-woocommerce-product-new wc-block-product-new has-4-columns\"><ul class=\"wc-block-grid__products\"><li class=\"wc-block-grid__product\">\n\t\t\t\t<a href=\"https:\/\/arvutipunkt.ee\/ru\/pood\/manguriarvutid\/edasijoudnutele\/manguarvuti-amd-ryzen-radeon\/\" class=\"wc-block-grid__product-link\">\n\t\t\t\t\t<div class=\"wc-block-grid__product-onsale\">\n\t\t\t<span aria-hidden=\"true\">\u0420\u0430\u0441\u043f\u0440\u043e\u0434\u0430\u0436\u0430<\/span>\n\t\t\t<span class=\"screen-reader-text\">\u041f\u0440\u043e\u0434\u0430\u0432\u0430\u0435\u043c\u044b\u0439 \u0442\u043e\u0432\u0430\u0440<\/span>\n\t\t<\/div>\n\t\t\t\t\t<div class=\"wc-block-grid__product-image\"><img fetchpriority=\"high\" decoding=\"async\" width=\"600\" height=\"600\" src=\"https:\/\/arvutipunkt.ee\/wp-content\/uploads\/2024\/02\/aruvtitoode12muudatus-600x600.png\" class=\"attachment-woocommerce_thumbnail size-woocommerce_thumbnail\" alt=\"Radon (Rn) | AMD R5 7600X | RX 7700 XT 12GB | 32GB DDR5 | 1TB NVME | WIN 11 PRO\" srcset=\"https:\/\/arvutipunkt.ee\/wp-content\/uploads\/2024\/02\/aruvtitoode12muudatus-600x600.png 600w, https:\/\/arvutipunkt.ee\/wp-content\/uploads\/2024\/02\/aruvtitoode12muudatus-150x150.png 150w, https:\/\/arvutipunkt.ee\/wp-content\/uploads\/2024\/02\/aruvtitoode12muudatus-1200x1200.png 1200w, https:\/\/arvutipunkt.ee\/wp-content\/uploads\/2024\/02\/aruvtitoode12muudatus-300x300.png 300w, https:\/\/arvutipunkt.ee\/wp-content\/uploads\/2024\/02\/aruvtitoode12muudatus-1024x1024.png 1024w, https:\/\/arvutipunkt.ee\/wp-content\/uploads\/2024\/02\/aruvtitoode12muudatus-768x768.png 768w, https:\/\/arvutipunkt.ee\/wp-content\/uploads\/2024\/02\/aruvtitoode12muudatus-1536x1536.png 1536w, https:\/\/arvutipunkt.ee\/wp-content\/uploads\/2024\/02\/aruvtitoode12muudatus.png 1600w\" sizes=\"(max-width: 600px) 100vw, 600px\" \/><\/div>\n\t\t\t\t\t<div class=\"wc-block-grid__product-title\">Radon (Rn) | AMD R5 7600X | RX 7700 XT 12GB | 32GB DDR5 | 1TB NVME | WIN 11 PRO<\/div>\n\t\t\t\t<\/a>\n\t\t\t\t<div class=\"wc-block-grid__product-price price\"><del aria-hidden=\"true\"><span class=\"woocommerce-Price-amount amount\">1675<span class=\"woocommerce-Price-currencySymbol\">&euro;<\/span><\/span><\/del> <span class=\"screen-reader-text\">\u041f\u0435\u0440\u0432\u043e\u043d\u0430\u0447\u0430\u043b\u044c\u043d\u0430\u044f \u0446\u0435\u043d\u0430 \u0441\u043e\u0441\u0442\u0430\u0432\u043b\u044f\u043b\u0430 1675&euro;.<\/span><ins aria-hidden=\"true\"><span class=\"woocommerce-Price-amount amount\">1499<span class=\"woocommerce-Price-currencySymbol\">&euro;<\/span><\/span><\/ins><span class=\"screen-reader-text\">\u0422\u0435\u043a\u0443\u0449\u0430\u044f \u0446\u0435\u043d\u0430: 1499&euro;.<\/span><\/div>\n\t\t\t\t\n\t\t\t\t<div class=\"wp-block-button wc-block-grid__product-add-to-cart\"><a href=\"?add-to-cart=13861\" aria-label=\"\u0414\u043e\u0431\u0430\u0432\u0438\u0442\u044c \u0432 \u043a\u043e\u0440\u0437\u0438\u043d\u0443 &ldquo;Radon (Rn) | AMD R5 7600X | RX 7700 XT 12GB | 32GB DDR5 | 1TB NVME | WIN 11 PRO&rdquo;\" data-quantity=\"1\" data-product_id=\"13861\" data-product_sku=\"\" data-price=\"1499\" rel=\"nofollow\" class=\"wp-block-button__link  add_to_cart_button ajax_add_to_cart\">\u0412 \u043a\u043e\u0440\u0437\u0438\u043d\u0443<\/a><\/div>\n\t\t\t<\/li><li class=\"wc-block-grid__product\">\n\t\t\t\t<a href=\"https:\/\/arvutipunkt.ee\/ru\/pood\/sulearvutid\/asus-zenbook-14-oled-core-ultra-1tb\/\" class=\"wc-block-grid__product-link\">\n\t\t\t\t\t<div class=\"wc-block-grid__product-onsale\">\n\t\t\t<span aria-hidden=\"true\">\u0420\u0430\u0441\u043f\u0440\u043e\u0434\u0430\u0436\u0430<\/span>\n\t\t\t<span class=\"screen-reader-text\">\u041f\u0440\u043e\u0434\u0430\u0432\u0430\u0435\u043c\u044b\u0439 \u0442\u043e\u0432\u0430\u0440<\/span>\n\t\t<\/div>\n\t\t\t\t\t<div class=\"wc-block-grid__product-image\"><img decoding=\"async\" width=\"600\" height=\"600\" src=\"https:\/\/arvutipunkt.ee\/wp-content\/uploads\/2025\/01\/asus-zenbook-1-600x600.jpeg\" class=\"attachment-woocommerce_thumbnail size-woocommerce_thumbnail\" alt=\"ASUS ZenBook Series 14&quot;\" srcset=\"https:\/\/arvutipunkt.ee\/wp-content\/uploads\/2025\/01\/asus-zenbook-1-600x600.jpeg 600w, https:\/\/arvutipunkt.ee\/wp-content\/uploads\/2025\/01\/asus-zenbook-1-300x300.jpeg 300w, https:\/\/arvutipunkt.ee\/wp-content\/uploads\/2025\/01\/asus-zenbook-1-150x150.jpeg 150w, https:\/\/arvutipunkt.ee\/wp-content\/uploads\/2025\/01\/asus-zenbook-1-768x768.jpeg 768w, https:\/\/arvutipunkt.ee\/wp-content\/uploads\/2025\/01\/asus-zenbook-1.jpeg 800w\" sizes=\"(max-width: 600px) 100vw, 600px\" \/><\/div>\n\t\t\t\t\t<div class=\"wc-block-grid__product-title\">ASUS ZenBook Series 14&#8243;<\/div>\n\t\t\t\t<\/a>\n\t\t\t\t<div class=\"wc-block-grid__product-price price\"><del aria-hidden=\"true\"><span class=\"woocommerce-Price-amount amount\">1499<span class=\"woocommerce-Price-currencySymbol\">&euro;<\/span><\/span><\/del> <span class=\"screen-reader-text\">\u041f\u0435\u0440\u0432\u043e\u043d\u0430\u0447\u0430\u043b\u044c\u043d\u0430\u044f \u0446\u0435\u043d\u0430 \u0441\u043e\u0441\u0442\u0430\u0432\u043b\u044f\u043b\u0430 1499&euro;.<\/span><ins aria-hidden=\"true\"><span class=\"woocommerce-Price-amount amount\">1299<span class=\"woocommerce-Price-currencySymbol\">&euro;<\/span><\/span><\/ins><span class=\"screen-reader-text\">\u0422\u0435\u043a\u0443\u0449\u0430\u044f \u0446\u0435\u043d\u0430: 1299&euro;.<\/span><\/div>\n\t\t\t\t\n\t\t\t\t<div class=\"wp-block-button wc-block-grid__product-add-to-cart\"><a href=\"?add-to-cart=13834\" aria-label=\"\u0414\u043e\u0431\u0430\u0432\u0438\u0442\u044c \u0432 \u043a\u043e\u0440\u0437\u0438\u043d\u0443 &ldquo;ASUS ZenBook Series 14&quot;&rdquo;\" data-quantity=\"1\" data-product_id=\"13834\" data-product_sku=\"\" data-price=\"1299\" rel=\"nofollow\" class=\"wp-block-button__link  add_to_cart_button ajax_add_to_cart\">\u0412 \u043a\u043e\u0440\u0437\u0438\u043d\u0443<\/a><\/div>\n\t\t\t<\/li><li class=\"wc-block-grid__product\">\n\t\t\t\t<a href=\"https:\/\/arvutipunkt.ee\/ru\/pood\/sulearvutid\/asus-vivobook-s16-ryzen7-oled-1tb\/\" class=\"wc-block-grid__product-link\">\n\t\t\t\t\t\n\t\t\t\t\t<div class=\"wc-block-grid__product-image\"><img decoding=\"async\" width=\"600\" height=\"600\" src=\"https:\/\/arvutipunkt.ee\/wp-content\/uploads\/2025\/01\/asus-vivobook-s-1-600x600.jpg\" class=\"attachment-woocommerce_thumbnail size-woocommerce_thumbnail\" alt=\"ASUS VivoBook S 16&quot;\" srcset=\"https:\/\/arvutipunkt.ee\/wp-content\/uploads\/2025\/01\/asus-vivobook-s-1-600x600.jpg 600w, https:\/\/arvutipunkt.ee\/wp-content\/uploads\/2025\/01\/asus-vivobook-s-1-300x300.jpg 300w, https:\/\/arvutipunkt.ee\/wp-content\/uploads\/2025\/01\/asus-vivobook-s-1-150x150.jpg 150w, https:\/\/arvutipunkt.ee\/wp-content\/uploads\/2025\/01\/asus-vivobook-s-1-768x768.jpg 768w, https:\/\/arvutipunkt.ee\/wp-content\/uploads\/2025\/01\/asus-vivobook-s-1.jpg 800w\" sizes=\"(max-width: 600px) 100vw, 600px\" \/><\/div>\n\t\t\t\t\t<div class=\"wc-block-grid__product-title\">ASUS VivoBook S 16&#8243;<\/div>\n\t\t\t\t<\/a>\n\t\t\t\t<div class=\"wc-block-grid__product-price price\"><span class=\"woocommerce-Price-amount amount\">1175<span class=\"woocommerce-Price-currencySymbol\">&euro;<\/span><\/span><\/div>\n\t\t\t\t\n\t\t\t\t<div class=\"wp-block-button wc-block-grid__product-add-to-cart\"><a href=\"?add-to-cart=13817\" aria-label=\"\u0414\u043e\u0431\u0430\u0432\u0438\u0442\u044c \u0432 \u043a\u043e\u0440\u0437\u0438\u043d\u0443 &ldquo;ASUS VivoBook S 16&quot;&rdquo;\" data-quantity=\"1\" data-product_id=\"13817\" data-product_sku=\"\" data-price=\"1175\" rel=\"nofollow\" class=\"wp-block-button__link  add_to_cart_button ajax_add_to_cart\">\u0412 \u043a\u043e\u0440\u0437\u0438\u043d\u0443<\/a><\/div>\n\t\t\t<\/li><li class=\"wc-block-grid__product\">\n\t\t\t\t<a href=\"https:\/\/arvutipunkt.ee\/ru\/pood\/sulearvutid\/asus-tuf-gaming-a15-ryzen5-rtx4060-1tb\/\" class=\"wc-block-grid__product-link\">\n\t\t\t\t\t<div class=\"wc-block-grid__product-onsale\">\n\t\t\t<span aria-hidden=\"true\">\u0420\u0430\u0441\u043f\u0440\u043e\u0434\u0430\u0436\u0430<\/span>\n\t\t\t<span class=\"screen-reader-text\">\u041f\u0440\u043e\u0434\u0430\u0432\u0430\u0435\u043c\u044b\u0439 \u0442\u043e\u0432\u0430\u0440<\/span>\n\t\t<\/div>\n\t\t\t\t\t<div class=\"wc-block-grid__product-image\"><img loading=\"lazy\" decoding=\"async\" width=\"600\" height=\"600\" src=\"https:\/\/arvutipunkt.ee\/wp-content\/uploads\/2024\/02\/tuf1-4-600x600.jpeg\" class=\"attachment-woocommerce_thumbnail size-woocommerce_thumbnail\" alt=\"ASUS TUF Gaming A15 15.6&quot;\" srcset=\"https:\/\/arvutipunkt.ee\/wp-content\/uploads\/2024\/02\/tuf1-4-600x600.jpeg 600w, https:\/\/arvutipunkt.ee\/wp-content\/uploads\/2024\/02\/tuf1-4-300x300.jpeg 300w, https:\/\/arvutipunkt.ee\/wp-content\/uploads\/2024\/02\/tuf1-4-150x150.jpeg 150w, https:\/\/arvutipunkt.ee\/wp-content\/uploads\/2024\/02\/tuf1-4-768x768.jpeg 768w, https:\/\/arvutipunkt.ee\/wp-content\/uploads\/2024\/02\/tuf1-4.jpeg 1000w\" sizes=\"(max-width: 600px) 100vw, 600px\" \/><\/div>\n\t\t\t\t\t<div class=\"wc-block-grid__product-title\">ASUS TUF Gaming A15 15.6&#8243;<\/div>\n\t\t\t\t<\/a>\n\t\t\t\t<div class=\"wc-block-grid__product-price price\"><del aria-hidden=\"true\"><span class=\"woocommerce-Price-amount amount\">1299<span class=\"woocommerce-Price-currencySymbol\">&euro;<\/span><\/span><\/del> <span class=\"screen-reader-text\">\u041f\u0435\u0440\u0432\u043e\u043d\u0430\u0447\u0430\u043b\u044c\u043d\u0430\u044f \u0446\u0435\u043d\u0430 \u0441\u043e\u0441\u0442\u0430\u0432\u043b\u044f\u043b\u0430 1299&euro;.<\/span><ins aria-hidden=\"true\"><span class=\"woocommerce-Price-amount amount\">1149<span class=\"woocommerce-Price-currencySymbol\">&euro;<\/span><\/span><\/ins><span class=\"screen-reader-text\">\u0422\u0435\u043a\u0443\u0449\u0430\u044f \u0446\u0435\u043d\u0430: 1149&euro;.<\/span><\/div>\n\t\t\t\t\n\t\t\t\t<div class=\"wp-block-button wc-block-grid__product-add-to-cart\"><a href=\"?add-to-cart=13804\" aria-label=\"\u0414\u043e\u0431\u0430\u0432\u0438\u0442\u044c \u0432 \u043a\u043e\u0440\u0437\u0438\u043d\u0443 &ldquo;ASUS TUF Gaming A15 15.6&quot;&rdquo;\" data-quantity=\"1\" data-product_id=\"13804\" data-product_sku=\"\" data-price=\"1149\" rel=\"nofollow\" class=\"wp-block-button__link  add_to_cart_button ajax_add_to_cart\">\u0412 \u043a\u043e\u0440\u0437\u0438\u043d\u0443<\/a><\/div>\n\t\t\t<\/li><\/ul><\/div><\/div>\n<\/div>\n","protected":false},"excerpt":{"rendered":"","protected":false},"author":2,"featured_media":0,"parent":0,"menu_order":0,"comment_status":"closed","ping_status":"closed","template":"","meta":{"_acf_changed":false,"footnotes":""},"class_list":["post-11372","page","type-page","status-publish","hentry"],"acf":[],"yoast_head":"<!-- This site is optimized with the Yoast SEO plugin v25.3.1 - https:\/\/yoast.com\/wordpress\/plugins\/seo\/ -->\n<title>Cart - Arvutipunkt - Parim valik m\u00e4nguri s\u00fclearvutid ja m\u00e4nguarvutid<\/title>\n<meta name=\"robots\" content=\"index, follow, max-snippet:-1, max-image-preview:large, max-video-preview:-1\" \/>\n<link rel=\"canonical\" href=\"https:\/\/arvutipunkt.ee\/ru\/cart\/\" \/>\n<meta property=\"og:locale\" content=\"ru_RU\" \/>\n<meta property=\"og:type\" content=\"article\" \/>\n<meta property=\"og:title\" content=\"Cart - Arvutipunkt - Parim valik m\u00e4nguri s\u00fclearvutid ja m\u00e4nguarvutid\" \/>\n<meta property=\"og:url\" content=\"https:\/\/arvutipunkt.ee\/ru\/cart\/\" \/>\n<meta property=\"og:site_name\" content=\"Arvutipunkt - Parim valik m\u00e4nguri s\u00fclearvutid ja m\u00e4nguarvutid\" \/>\n<meta property=\"article:modified_time\" content=\"2024-04-05T14:54:24+00:00\" \/>\n<meta name=\"twitter:card\" content=\"summary_large_image\" \/>\n<script type=\"application\/ld+json\" class=\"yoast-schema-graph\">{\"@context\":\"https:\/\/schema.org\",\"@graph\":[{\"@type\":\"WebPage\",\"@id\":\"https:\/\/arvutipunkt.ee\/ru\/cart\/\",\"url\":\"https:\/\/arvutipunkt.ee\/ru\/cart\/\",\"name\":\"Cart - Arvutipunkt - Parim valik m\u00e4nguri s\u00fclearvutid ja m\u00e4nguarvutid\",\"isPartOf\":{\"@id\":\"https:\/\/arvutipunkt.ee\/ru\/#website\"},\"datePublished\":\"2023-12-11T08:27:23+00:00\",\"dateModified\":\"2024-04-05T14:54:24+00:00\",\"breadcrumb\":{\"@id\":\"https:\/\/arvutipunkt.ee\/ru\/cart\/#breadcrumb\"},\"inLanguage\":\"ru-RU\",\"potentialAction\":[{\"@type\":\"ReadAction\",\"target\":[\"https:\/\/arvutipunkt.ee\/ru\/cart\/\"]}]},{\"@type\":\"BreadcrumbList\",\"@id\":\"https:\/\/arvutipunkt.ee\/ru\/cart\/#breadcrumb\",\"itemListElement\":[{\"@type\":\"ListItem\",\"position\":1,\"name\":\"Home\",\"item\":\"https:\/\/arvutipunkt.ee\/ru\/\"},{\"@type\":\"ListItem\",\"position\":2,\"name\":\"Cart\"}]},{\"@type\":\"WebSite\",\"@id\":\"https:\/\/arvutipunkt.ee\/ru\/#website\",\"url\":\"https:\/\/arvutipunkt.ee\/ru\/\",\"name\":\"Arvutipunkt - Parim valik m\u00e4nguri s\u00fclearvutid ja m\u00e4nguarvutid\",\"description\":\"Avar valik m\u00e4nguri s\u00fclearvutid ja m\u00e4nguarvutid. Parimad gaming PC-d, m\u00e4nguri komplektid ja t\u00f6\u00f6jaamad. Lauaarvutite komplekteerimine vastavalt kliendi soovile.\",\"publisher\":{\"@id\":\"https:\/\/arvutipunkt.ee\/ru\/#organization\"},\"potentialAction\":[{\"@type\":\"SearchAction\",\"target\":{\"@type\":\"EntryPoint\",\"urlTemplate\":\"https:\/\/arvutipunkt.ee\/ru\/?s={search_term_string}\"},\"query-input\":{\"@type\":\"PropertyValueSpecification\",\"valueRequired\":true,\"valueName\":\"search_term_string\"}}],\"inLanguage\":\"ru-RU\"},{\"@type\":\"Organization\",\"@id\":\"https:\/\/arvutipunkt.ee\/ru\/#organization\",\"name\":\"Arvutipunkt - Parim valik m\u00e4nguri s\u00fclearvutid ja m\u00e4nguarvutid\",\"url\":\"https:\/\/arvutipunkt.ee\/ru\/\",\"logo\":{\"@type\":\"ImageObject\",\"inLanguage\":\"ru-RU\",\"@id\":\"https:\/\/arvutipunkt.ee\/ru\/#\/schema\/logo\/image\/\",\"url\":\"https:\/\/arvutipunkt.ee\/wp-content\/uploads\/2023\/12\/cropped-ARVUTIPUNKT_LOGO_FINALE-2048x190-1.png\",\"contentUrl\":\"https:\/\/arvutipunkt.ee\/wp-content\/uploads\/2023\/12\/cropped-ARVUTIPUNKT_LOGO_FINALE-2048x190-1.png\",\"width\":2048,\"height\":190,\"caption\":\"Arvutipunkt - Parim valik m\u00e4nguri s\u00fclearvutid ja m\u00e4nguarvutid\"},\"image\":{\"@id\":\"https:\/\/arvutipunkt.ee\/ru\/#\/schema\/logo\/image\/\"}}]}<\/script>\n<!-- \/ Yoast SEO plugin. -->","yoast_head_json":{"title":"Cart - Arvutipunkt - Parim valik m\u00e4nguri s\u00fclearvutid ja m\u00e4nguarvutid","robots":{"index":"index","follow":"follow","max-snippet":"max-snippet:-1","max-image-preview":"max-image-preview:large","max-video-preview":"max-video-preview:-1"},"canonical":"https:\/\/arvutipunkt.ee\/ru\/cart\/","og_locale":"ru_RU","og_type":"article","og_title":"Cart - Arvutipunkt - Parim valik m\u00e4nguri s\u00fclearvutid ja m\u00e4nguarvutid","og_url":"https:\/\/arvutipunkt.ee\/ru\/cart\/","og_site_name":"Arvutipunkt - Parim valik m\u00e4nguri s\u00fclearvutid ja m\u00e4nguarvutid","article_modified_time":"2024-04-05T14:54:24+00:00","twitter_card":"summary_large_image","schema":{"@context":"https:\/\/schema.org","@graph":[{"@type":"WebPage","@id":"https:\/\/arvutipunkt.ee\/ru\/cart\/","url":"https:\/\/arvutipunkt.ee\/ru\/cart\/","name":"Cart - Arvutipunkt - Parim valik m\u00e4nguri s\u00fclearvutid ja m\u00e4nguarvutid","isPartOf":{"@id":"https:\/\/arvutipunkt.ee\/ru\/#website"},"datePublished":"2023-12-11T08:27:23+00:00","dateModified":"2024-04-05T14:54:24+00:00","breadcrumb":{"@id":"https:\/\/arvutipunkt.ee\/ru\/cart\/#breadcrumb"},"inLanguage":"ru-RU","potentialAction":[{"@type":"ReadAction","target":["https:\/\/arvutipunkt.ee\/ru\/cart\/"]}]},{"@type":"BreadcrumbList","@id":"https:\/\/arvutipunkt.ee\/ru\/cart\/#breadcrumb","itemListElement":[{"@type":"ListItem","position":1,"name":"Home","item":"https:\/\/arvutipunkt.ee\/ru\/"},{"@type":"ListItem","position":2,"name":"Cart"}]},{"@type":"WebSite","@id":"https:\/\/arvutipunkt.ee\/ru\/#website","url":"https:\/\/arvutipunkt.ee\/ru\/","name":"Arvutipunkt - Parim valik m\u00e4nguri s\u00fclearvutid ja m\u00e4nguarvutid","description":"Avar valik m\u00e4nguri s\u00fclearvutid ja m\u00e4nguarvutid. Parimad gaming PC-d, m\u00e4nguri komplektid ja t\u00f6\u00f6jaamad. Lauaarvutite komplekteerimine vastavalt kliendi soovile.","publisher":{"@id":"https:\/\/arvutipunkt.ee\/ru\/#organization"},"potentialAction":[{"@type":"SearchAction","target":{"@type":"EntryPoint","urlTemplate":"https:\/\/arvutipunkt.ee\/ru\/?s={search_term_string}"},"query-input":{"@type":"PropertyValueSpecification","valueRequired":true,"valueName":"search_term_string"}}],"inLanguage":"ru-RU"},{"@type":"Organization","@id":"https:\/\/arvutipunkt.ee\/ru\/#organization","name":"Arvutipunkt - Parim valik m\u00e4nguri s\u00fclearvutid ja m\u00e4nguarvutid","url":"https:\/\/arvutipunkt.ee\/ru\/","logo":{"@type":"ImageObject","inLanguage":"ru-RU","@id":"https:\/\/arvutipunkt.ee\/ru\/#\/schema\/logo\/image\/","url":"https:\/\/arvutipunkt.ee\/wp-content\/uploads\/2023\/12\/cropped-ARVUTIPUNKT_LOGO_FINALE-2048x190-1.png","contentUrl":"https:\/\/arvutipunkt.ee\/wp-content\/uploads\/2023\/12\/cropped-ARVUTIPUNKT_LOGO_FINALE-2048x190-1.png","width":2048,"height":190,"caption":"Arvutipunkt - Parim valik m\u00e4nguri s\u00fclearvutid ja m\u00e4nguarvutid"},"image":{"@id":"https:\/\/arvutipunkt.ee\/ru\/#\/schema\/logo\/image\/"}}]}},"_links":{"self":[{"href":"https:\/\/arvutipunkt.ee\/ru\/wp-json\/wp\/v2\/pages\/11372","targetHints":{"allow":["GET"]}}],"collection":[{"href":"https:\/\/arvutipunkt.ee\/ru\/wp-json\/wp\/v2\/pages"}],"about":[{"href":"https:\/\/arvutipunkt.ee\/ru\/wp-json\/wp\/v2\/types\/page"}],"author":[{"embeddable":true,"href":"https:\/\/arvutipunkt.ee\/ru\/wp-json\/wp\/v2\/users\/2"}],"replies":[{"embeddable":true,"href":"https:\/\/arvutipunkt.ee\/ru\/wp-json\/wp\/v2\/comments?post=11372"}],"version-history":[{"count":0,"href":"https:\/\/arvutipunkt.ee\/ru\/wp-json\/wp\/v2\/pages\/11372\/revisions"}],"wp:attachment":[{"href":"https:\/\/arvutipunkt.ee\/ru\/wp-json\/wp\/v2\/media?parent=11372"}],"curies":[{"name":"wp","href":"https:\/\/api.w.org\/{rel}","templated":true}]}}