{"id":12181,"date":"2024-02-11T20:08:56","date_gmt":"2024-02-11T18:08:56","guid":{"rendered":"https:\/\/arvutipunkt.ee\/pood\/uncategorized\/lenovo-loq-16aph8-16-ryzen-5-7640h-rtx-4060-16gb-ddr5-512gb-ssd\/"},"modified":"2025-01-16T15:59:10","modified_gmt":"2025-01-16T13:59:10","slug":"lenovo-loq-16-ryzen5-rtx4060-16gb-512gb","status":"publish","type":"product","link":"https:\/\/arvutipunkt.ee\/en\/pood\/laptops\/lenovo-loq-16-ryzen5-rtx4060-16gb-512gb\/","title":{"rendered":"Lenovo LOQ 16APH8 16&#8243;"},"content":{"rendered":"<table class=\"nsv-table-native is-nsv-table-horizontal ns_b_b\">\n<tbody class=\"nsv-table-body\">\n<tr class=\"nsv-table-native-row isDraggable\" tabindex=\"-1\">\n<th id=\"nsvTableHeader-0.0\" class=\"nsv-table-cell is-header-cell is-nsv-table-column-scrolled-right nsv-table-cell--odd_row nsv-keyvalue-table-header ns_font_title_7 specification-tab-key_column ns_font_title_7 ns_font_title_6 ns_p_v_4\" title=\"Product Description\" scope=\"row\">\n<div class=\"\">\n<div class=\"\">Produkt<\/div>\n<\/div>\n<\/th>\n<td class=\"nsv-table-cell is-nsv-table-column-scrolled-right nsv-table-cell--odd_row ns_font_details\" headers=\"nsvTableHeader-0.0\">\n<div>\n<div class=\"ns_m_v_4 ns_p_h_3\">Lenovo LOQ 16APH8 82XU<\/div>\n<\/div>\n<\/td>\n<\/tr>\n<tr class=\"nsv-table-native-row isDraggable\" tabindex=\"-1\">\n<th id=\"nsvTableHeader-0.1\" class=\"nsv-table-cell is-header-cell is-nsv-table-column-scrolled-right nsv-table-cell--even_row nsv-keyvalue-table-header ns_font_title_7 specification-tab-key_column ns_font_title_7 ns_font_title_6 ns_p_v_4\" title=\"Product Type\" scope=\"row\">\n<div class=\"\">\n<div class=\"\">Produkti T\u00fc\u00fcp<\/div>\n<\/div>\n<\/th>\n<td class=\"nsv-table-cell is-nsv-table-column-scrolled-right nsv-table-cell--even_row ns_font_details\" headers=\"nsvTableHeader-0.1\">\n<div>\n<div class=\"ns_m_v_4 ns_p_h_3\">Notebook<\/div>\n<\/div>\n<\/td>\n<\/tr>\n<tr class=\"nsv-table-native-row isDraggable\" tabindex=\"-1\">\n<th id=\"nsvTableHeader-0.2\" class=\"nsv-table-cell is-header-cell is-nsv-table-column-scrolled-right nsv-table-cell--odd_row nsv-keyvalue-table-header ns_font_title_7 specification-tab-key_column ns_font_title_7 ns_font_title_6 ns_p_v_4\" title=\"Operating System\" scope=\"row\">\n<div class=\"\">\n<div class=\"\">OS<\/div>\n<\/div>\n<\/th>\n<td class=\"nsv-table-cell is-nsv-table-column-scrolled-right nsv-table-cell--odd_row ns_font_details\" headers=\"nsvTableHeader-0.2\">\n<div>\n<div class=\"ns_m_v_4 ns_p_h_3\">Windows 11 Home<\/div>\n<\/div>\n<\/td>\n<\/tr>\n<tr class=\"nsv-table-native-row isDraggable\" tabindex=\"-1\">\n<th id=\"nsvTableHeader-0.3\" class=\"nsv-table-cell is-header-cell is-nsv-table-column-scrolled-right nsv-table-cell--even_row nsv-keyvalue-table-header ns_font_title_7 specification-tab-key_column ns_font_title_7 ns_font_title_6 ns_p_v_4\" title=\"Processor\" scope=\"row\">\n<div class=\"\">\n<div class=\"\">Protsessor<\/div>\n<\/div>\n<\/th>\n<td class=\"nsv-table-cell is-nsv-table-column-scrolled-right nsv-table-cell--even_row ns_font_details\" headers=\"nsvTableHeader-0.3\">\n<div>\n<div class=\"ns_m_v_4 ns_p_h_3\">AMD Ryzen 5 7640HS, Up to 5 GHz \/ 16 MB Cache<\/div>\n<\/div>\n<\/td>\n<\/tr>\n<tr class=\"nsv-table-native-row isDraggable\" tabindex=\"-1\">\n<th id=\"nsvTableHeader-0.4\" class=\"nsv-table-cell is-header-cell is-nsv-table-column-scrolled-right nsv-table-cell--odd_row nsv-keyvalue-table-header ns_font_title_7 specification-tab-key_column ns_font_title_7 ns_font_title_6 ns_p_v_4\" title=\"Memory\" scope=\"row\">\n<div class=\"\">\n<div class=\"\">M\u00e4lu<\/div>\n<\/div>\n<\/th>\n<td class=\"nsv-table-cell is-nsv-table-column-scrolled-right nsv-table-cell--odd_row ns_font_details\" headers=\"nsvTableHeader-0.4\">\n<div>\n<div class=\"ns_m_v_4 ns_p_h_3\">16 GB DDR5 (2 x 8 GB) 5600MHz<\/div>\n<\/div>\n<\/td>\n<\/tr>\n<tr class=\"nsv-table-native-row isDraggable\" tabindex=\"-1\">\n<th id=\"nsvTableHeader-0.5\" class=\"nsv-table-cell is-header-cell is-nsv-table-column-scrolled-right nsv-table-cell--even_row nsv-keyvalue-table-header ns_font_title_7 specification-tab-key_column ns_font_title_7 ns_font_title_6 ns_p_v_4\" title=\"Storage\" scope=\"row\">\n<div class=\"\">\n<div class=\"\">Salvestusruum<\/div>\n<\/div>\n<\/th>\n<td class=\"nsv-table-cell is-nsv-table-column-scrolled-right nsv-table-cell--even_row ns_font_details\" headers=\"nsvTableHeader-0.5\">\n<div>\n<div class=\"ns_m_v_4 ns_p_h_3\">512 GB SSD &#8211; NVMe<\/div>\n<\/div>\n<\/td>\n<\/tr>\n<tr class=\"nsv-table-native-row isDraggable\" tabindex=\"-1\">\n<th id=\"nsvTableHeader-0.6\" class=\"nsv-table-cell is-header-cell is-nsv-table-column-scrolled-right nsv-table-cell--odd_row nsv-keyvalue-table-header ns_font_title_7 specification-tab-key_column ns_font_title_7 ns_font_title_6 ns_p_v_4\" title=\"Display\" scope=\"row\">\n<div class=\"\">\n<div class=\"\">Ekraan<\/div>\n<\/div>\n<\/th>\n<td class=\"nsv-table-cell is-nsv-table-column-scrolled-right nsv-table-cell--odd_row ns_font_details\" headers=\"nsvTableHeader-0.6\">\n<div>\n<div class=\"ns_m_v_4 ns_p_h_3\">16&#8243; 1920 x 1200 \/ WQXGA 144 Hz<\/div>\n<\/div>\n<\/td>\n<\/tr>\n<tr class=\"nsv-table-native-row isDraggable\" tabindex=\"-1\">\n<th id=\"nsvTableHeader-0.7\" class=\"nsv-table-cell is-header-cell is-nsv-table-column-scrolled-right nsv-table-cell--even_row nsv-keyvalue-table-header ns_font_title_7 specification-tab-key_column ns_font_title_7 ns_font_title_6 ns_p_v_4\" title=\"Graphics\" scope=\"row\">\n<div class=\"\">\n<div class=\"\">Videokaart<\/div>\n<\/div>\n<\/th>\n<td class=\"nsv-table-cell is-nsv-table-column-scrolled-right nsv-table-cell--even_row ns_font_details\" headers=\"nsvTableHeader-0.7\">\n<div>\n<div class=\"ns_m_v_4 ns_p_h_3\">NVIDIA GeForce RTX 4060<\/div>\n<\/div>\n<\/td>\n<\/tr>\n<tr class=\"nsv-table-native-row isDraggable\" tabindex=\"-1\">\n<th id=\"nsvTableHeader-0.8\" class=\"nsv-table-cell is-header-cell is-nsv-table-column-scrolled-right nsv-table-cell--odd_row nsv-keyvalue-table-header ns_font_title_7 specification-tab-key_column ns_font_title_7 ns_font_title_6 ns_p_v_4\" title=\"Video Memory\" scope=\"row\">\n<div class=\"\">\n<div class=\"\">Video M\u00e4lu<\/div>\n<\/div>\n<\/th>\n<td class=\"nsv-table-cell is-nsv-table-column-scrolled-right nsv-table-cell--odd_row ns_font_details\" headers=\"nsvTableHeader-0.8\">\n<div>\n<div class=\"ns_m_v_4 ns_p_h_3\">8 GB GDDR6 SDRAM<\/div>\n<\/div>\n<\/td>\n<\/tr>\n<tr class=\"nsv-table-native-row isDraggable\" tabindex=\"-1\">\n<th id=\"nsvTableHeader-0.9\" class=\"nsv-table-cell is-header-cell is-nsv-table-column-scrolled-right nsv-table-cell--even_row nsv-keyvalue-table-header ns_font_title_7 specification-tab-key_column ns_font_title_7 ns_font_title_6 ns_p_v_4\" title=\"VR Ready\" scope=\"row\">\n<div class=\"\">\n<div class=\"\">VR Valmidus<\/div>\n<\/div>\n<\/th>\n<td class=\"nsv-table-cell is-nsv-table-column-scrolled-right nsv-table-cell--even_row ns_font_details\" headers=\"nsvTableHeader-0.9\">\n<div class=\"ns_m_v_4 ns_p_h_3\">Ja<\/div>\n<\/td>\n<\/tr>\n<tr class=\"nsv-table-native-row isDraggable\" tabindex=\"-1\">\n<th id=\"nsvTableHeader-0.10\" class=\"nsv-table-cell is-header-cell is-nsv-table-column-scrolled-right nsv-table-cell--odd_row nsv-keyvalue-table-header ns_font_title_7 specification-tab-key_column ns_font_title_7 ns_font_title_6 ns_p_v_4\" title=\"Keyboard\" scope=\"row\">\n<div class=\"\">\n<div class=\"\">Klaviatuur<\/div>\n<\/div>\n<\/th>\n<td class=\"nsv-table-cell is-nsv-table-column-scrolled-right nsv-table-cell--odd_row ns_font_details\" headers=\"nsvTableHeader-0.10\">\n<div>\n<div class=\"ns_m_v_4 ns_p_h_3\">ENG<\/div>\n<\/div>\n<\/td>\n<\/tr>\n<tr class=\"nsv-table-native-row isDraggable\" tabindex=\"-1\">\n<th id=\"nsvTableHeader-0.11\" class=\"nsv-table-cell is-header-cell is-nsv-table-column-scrolled-right nsv-table-cell--even_row nsv-keyvalue-table-header ns_font_title_7 specification-tab-key_column ns_font_title_7 ns_font_title_6 ns_p_v_4\" title=\"Keyboard Backlight\" scope=\"row\">\n<div class=\"\">\n<div class=\"\">Klaviatuuri Valgus<\/div>\n<\/div>\n<\/th>\n<td class=\"nsv-table-cell is-nsv-table-column-scrolled-right nsv-table-cell--even_row ns_font_details\" headers=\"nsvTableHeader-0.11\">\n<div>\n<div class=\"ns_m_v_4 ns_p_h_3\">Ja<\/div>\n<\/div>\n<\/td>\n<\/tr>\n<tr class=\"nsv-table-native-row isDraggable\" tabindex=\"-1\">\n<th id=\"nsvTableHeader-0.12\" class=\"nsv-table-cell is-header-cell is-nsv-table-column-scrolled-right nsv-table-cell--odd_row nsv-keyvalue-table-header ns_font_title_7 specification-tab-key_column ns_font_title_7 ns_font_title_6 ns_p_v_4\" title=\"Numeric Keypad\" scope=\"row\">\n<div class=\"\">\n<div class=\"\">Numbriklahvistik<\/div>\n<\/div>\n<\/th>\n<td class=\"nsv-table-cell is-nsv-table-column-scrolled-right nsv-table-cell--odd_row ns_font_details\" headers=\"nsvTableHeader-0.12\">\n<div class=\"ns_m_v_4 ns_p_h_3\">Ja<\/div>\n<\/td>\n<\/tr>\n<tr class=\"nsv-table-native-row isDraggable\" tabindex=\"-1\">\n<th id=\"nsvTableHeader-0.13\" class=\"nsv-table-cell is-header-cell is-nsv-table-column-scrolled-right nsv-table-cell--even_row nsv-keyvalue-table-header ns_font_title_7 specification-tab-key_column ns_font_title_7 ns_font_title_6 ns_p_v_4\" title=\"Integrated Webcam\" scope=\"row\">\n<div class=\"\">\n<div class=\"\">Integreeritud Kaamera<\/div>\n<\/div>\n<\/th>\n<td class=\"nsv-table-cell is-nsv-table-column-scrolled-right nsv-table-cell--even_row ns_font_details\" headers=\"nsvTableHeader-0.13\">\n<div class=\"ns_m_v_4 ns_p_h_3\">Ja<\/div>\n<\/td>\n<\/tr>\n<tr class=\"nsv-table-native-row isDraggable\" tabindex=\"-1\">\n<th id=\"nsvTableHeader-0.14\" class=\"nsv-table-cell is-header-cell is-nsv-table-column-scrolled-right nsv-table-cell--odd_row nsv-keyvalue-table-header ns_font_title_7 specification-tab-key_column ns_font_title_7 ns_font_title_6 ns_p_v_4\" title=\"Networking\" scope=\"row\">\n<div class=\"\">\n<div class=\"\">V\u00f5rgu\u00fchendus<\/div>\n<\/div>\n<\/th>\n<td class=\"nsv-table-cell is-nsv-table-column-scrolled-right nsv-table-cell--odd_row ns_font_details\" headers=\"nsvTableHeader-0.14\">\n<div>\n<div class=\"ns_m_v_4 ns_p_h_3\">802.11a\/b\/g\/n\/ac\/ax, Bluetooth 5.1, Gigabit Ethernet<\/div>\n<\/div>\n<\/td>\n<\/tr>\n<tr class=\"nsv-table-native-row isDraggable\" tabindex=\"-1\">\n<th id=\"nsvTableHeader-0.15\" class=\"nsv-table-cell is-header-cell is-nsv-table-column-scrolled-right nsv-table-cell--even_row nsv-keyvalue-table-header ns_font_title_7 specification-tab-key_column ns_font_title_7 ns_font_title_6 ns_p_v_4\" title=\"Battery\" scope=\"row\">\n<div class=\"\">\n<div class=\"\">Aku<\/div>\n<\/div>\n<\/th>\n<td class=\"nsv-table-cell is-nsv-table-column-scrolled-right nsv-table-cell--even_row ns_font_details\" headers=\"nsvTableHeader-0.15\">\n<div>\n<div class=\"ns_m_v_4 ns_p_h_3\">Kuni 7.8 tundi<\/div>\n<\/div>\n<\/td>\n<\/tr>\n<tr class=\"nsv-table-native-row isDraggable\" tabindex=\"-1\">\n<th id=\"nsvTableHeader-0.16\" class=\"nsv-table-cell is-header-cell is-nsv-table-column-scrolled-right nsv-table-cell--odd_row nsv-keyvalue-table-header ns_font_title_7 specification-tab-key_column ns_font_title_7 ns_font_title_6 ns_p_v_4\" title=\"Security\" scope=\"row\">\n<div class=\"\">\n<div class=\"\">Security<\/div>\n<\/div>\n<\/th>\n<td class=\"nsv-table-cell is-nsv-table-column-scrolled-right nsv-table-cell--odd_row ns_font_details\" headers=\"nsvTableHeader-0.16\">\n<div>\n<div class=\"ns_m_v_4 ns_p_h_3\">Firmware Trusted Platform Module (TPM 2.0) Security Chip<\/div>\n<\/div>\n<\/td>\n<\/tr>\n<tr class=\"nsv-table-native-row isDraggable\" tabindex=\"-1\">\n<th id=\"nsvTableHeader-0.17\" class=\"nsv-table-cell is-header-cell is-nsv-table-column-scrolled-right nsv-table-cell--even_row nsv-keyvalue-table-header ns_font_title_7 specification-tab-key_column ns_font_title_7 ns_font_title_6 ns_p_v_4\" title=\"Colour\" scope=\"row\">\n<div class=\"\">\n<div class=\"\">V\u00e4rv<\/div>\n<\/div>\n<\/th>\n<td class=\"nsv-table-cell is-nsv-table-column-scrolled-right nsv-table-cell--even_row ns_font_details\" headers=\"nsvTableHeader-0.17\">\n<div>\n<div class=\"ns_m_v_4 ns_p_h_3\">Storm grey<\/div>\n<\/div>\n<\/td>\n<\/tr>\n<tr class=\"nsv-table-native-row isDraggable\" tabindex=\"-1\">\n<th id=\"nsvTableHeader-0.18\" class=\"nsv-table-cell is-header-cell is-nsv-table-column-scrolled-right nsv-table-cell--odd_row nsv-keyvalue-table-header ns_font_title_7 specification-tab-key_column ns_font_title_7 ns_font_title_6 ns_p_v_4\" title=\"Dimensions (WxDxH)\" scope=\"row\">\n<div class=\"\">\n<div class=\"\">Suurus<\/div>\n<\/div>\n<\/th>\n<td class=\"nsv-table-cell is-nsv-table-column-scrolled-right nsv-table-cell--odd_row ns_font_details\" headers=\"nsvTableHeader-0.18\">\n<div>\n<div class=\"ns_m_v_4 ns_p_h_3\">35.96 cm x 27.76 cm x 2.59 cm<\/div>\n<\/div>\n<\/td>\n<\/tr>\n<tr class=\"nsv-table-native-row isDraggable\" tabindex=\"-1\">\n<th id=\"nsvTableHeader-0.19\" class=\"nsv-table-cell is-header-cell is-nsv-table-column-scrolled-right nsv-table-cell--even_row nsv-keyvalue-table-header ns_font_title_7 specification-tab-key_column ns_font_title_7 ns_font_title_6 ns_p_v_4\" title=\"Weight\" scope=\"row\">\n<div class=\"\">\n<div class=\"\">Kaal<\/div>\n<\/div>\n<\/th>\n<td class=\"nsv-table-cell is-nsv-table-column-scrolled-right nsv-table-cell--even_row ns_font_details\" headers=\"nsvTableHeader-0.19\">\n<div>\n<div class=\"ns_m_v_4 ns_p_h_3\">2.6 kg<\/div>\n<\/div>\n<\/td>\n<\/tr>\n<\/tbody>\n<\/table>\n","protected":false},"excerpt":{"rendered":"<p>Lenovo LOQ 16 tagab kiire j\u00f5udluse t\u00e4nu AMD Ryzen\u2122 7000 seeria protsessoritele ning NVIDIA\u00ae GeForce RTX\u2122 40 seeria graafikakaardile. Naudi sujuvaid ja selgeid visuaale 16\u2033 16:10 WQXGA 144 Hz ekraanil, samas kui Lenovo AI Engine+ koos LA1 AI kiibiga optimeerib m\u00e4ngukogemust tehisintellekti abil.<\/p>\n","protected":false},"featured_media":13793,"template":"","meta":{"_acf_changed":false},"product_brand":[],"product_cat":[286],"product_tag":[],"class_list":{"0":"post-12181","1":"product","2":"type-product","3":"status-publish","4":"has-post-thumbnail","6":"product_cat-laptops","7":"pa_suurus-16-en","9":"first","10":"outofstock","11":"taxable","12":"shipping-taxable","13":"purchasable","14":"product-type-simple"},"acf":[],"yoast_head":"<!-- This site is optimized with the Yoast SEO plugin v25.3.1 - https:\/\/yoast.com\/wordpress\/plugins\/seo\/ -->\n<title>Lenovo LOQ 16APH8 16&quot; - Arvutipunkt - Parim valik m\u00e4nguri s\u00fclearvutid ja m\u00e4nguarvutid<\/title>\n<meta name=\"description\" content=\"Lenovo LOQ 16 koos Ryzen 5 protsessori ja GeForce RTX 4060 graafikakaardiga. 16&quot; IPS 144 Hz ekraan ja 512GB SSD teevad sellest v\u00f5imsa t\u00f6\u00f6- ja m\u00e4nguriarvuti.\" \/>\n<meta name=\"robots\" content=\"index, follow, max-snippet:-1, max-image-preview:large, max-video-preview:-1\" \/>\n<link rel=\"canonical\" href=\"https:\/\/arvutipunkt.ee\/en\/pood\/laptops\/lenovo-loq-16-ryzen5-rtx4060-16gb-512gb\/\" \/>\n<meta property=\"og:locale\" content=\"en_US\" \/>\n<meta property=\"og:type\" content=\"article\" \/>\n<meta property=\"og:title\" content=\"Lenovo LOQ 16APH8 16&quot; - Arvutipunkt - Parim valik m\u00e4nguri s\u00fclearvutid ja m\u00e4nguarvutid\" \/>\n<meta property=\"og:description\" content=\"Lenovo LOQ 16 koos Ryzen 5 protsessori ja GeForce RTX 4060 graafikakaardiga. 16&quot; IPS 144 Hz ekraan ja 512GB SSD teevad sellest v\u00f5imsa t\u00f6\u00f6- ja m\u00e4nguriarvuti.\" \/>\n<meta property=\"og:url\" content=\"https:\/\/arvutipunkt.ee\/en\/pood\/laptops\/lenovo-loq-16-ryzen5-rtx4060-16gb-512gb\/\" \/>\n<meta property=\"og:site_name\" content=\"Arvutipunkt - Parim valik m\u00e4nguri s\u00fclearvutid ja m\u00e4nguarvutid\" \/>\n<meta property=\"article:modified_time\" content=\"2025-01-16T13:59:10+00:00\" \/>\n<meta property=\"og:image\" content=\"https:\/\/arvutipunkt.ee\/wp-content\/uploads\/2024\/02\/lenovo-loq-1-1.jpg\" \/>\n\t<meta property=\"og:image:width\" content=\"1080\" \/>\n\t<meta property=\"og:image:height\" content=\"1080\" \/>\n\t<meta property=\"og:image:type\" content=\"image\/jpeg\" \/>\n<meta name=\"twitter:card\" content=\"summary_large_image\" \/>\n<script type=\"application\/ld+json\" class=\"yoast-schema-graph\">{\"@context\":\"https:\/\/schema.org\",\"@graph\":[{\"@type\":\"WebPage\",\"@id\":\"https:\/\/arvutipunkt.ee\/en\/pood\/laptops\/lenovo-loq-16-ryzen5-rtx4060-16gb-512gb\/\",\"url\":\"https:\/\/arvutipunkt.ee\/en\/pood\/laptops\/lenovo-loq-16-ryzen5-rtx4060-16gb-512gb\/\",\"name\":\"Lenovo LOQ 16APH8 16\\\" - Arvutipunkt - Parim valik m\u00e4nguri s\u00fclearvutid ja m\u00e4nguarvutid\",\"isPartOf\":{\"@id\":\"https:\/\/arvutipunkt.ee\/en\/#website\"},\"primaryImageOfPage\":{\"@id\":\"https:\/\/arvutipunkt.ee\/en\/pood\/laptops\/lenovo-loq-16-ryzen5-rtx4060-16gb-512gb\/#primaryimage\"},\"image\":{\"@id\":\"https:\/\/arvutipunkt.ee\/en\/pood\/laptops\/lenovo-loq-16-ryzen5-rtx4060-16gb-512gb\/#primaryimage\"},\"thumbnailUrl\":\"https:\/\/arvutipunkt.ee\/wp-content\/uploads\/2024\/02\/lenovo-loq-1-1.jpg\",\"datePublished\":\"2024-02-11T18:08:56+00:00\",\"dateModified\":\"2025-01-16T13:59:10+00:00\",\"description\":\"Lenovo LOQ 16 koos Ryzen 5 protsessori ja GeForce RTX 4060 graafikakaardiga. 16\\\" IPS 144 Hz ekraan ja 512GB SSD teevad sellest v\u00f5imsa t\u00f6\u00f6- ja m\u00e4nguriarvuti.\",\"breadcrumb\":{\"@id\":\"https:\/\/arvutipunkt.ee\/en\/pood\/laptops\/lenovo-loq-16-ryzen5-rtx4060-16gb-512gb\/#breadcrumb\"},\"inLanguage\":\"en-US\",\"potentialAction\":[{\"@type\":\"ReadAction\",\"target\":[\"https:\/\/arvutipunkt.ee\/en\/pood\/laptops\/lenovo-loq-16-ryzen5-rtx4060-16gb-512gb\/\"]}]},{\"@type\":\"ImageObject\",\"inLanguage\":\"en-US\",\"@id\":\"https:\/\/arvutipunkt.ee\/en\/pood\/laptops\/lenovo-loq-16-ryzen5-rtx4060-16gb-512gb\/#primaryimage\",\"url\":\"https:\/\/arvutipunkt.ee\/wp-content\/uploads\/2024\/02\/lenovo-loq-1-1.jpg\",\"contentUrl\":\"https:\/\/arvutipunkt.ee\/wp-content\/uploads\/2024\/02\/lenovo-loq-1-1.jpg\",\"width\":1080,\"height\":1080},{\"@type\":\"BreadcrumbList\",\"@id\":\"https:\/\/arvutipunkt.ee\/en\/pood\/laptops\/lenovo-loq-16-ryzen5-rtx4060-16gb-512gb\/#breadcrumb\",\"itemListElement\":[{\"@type\":\"ListItem\",\"position\":1,\"name\":\"Home\",\"item\":\"https:\/\/arvutipunkt.ee\/en\/\"},{\"@type\":\"ListItem\",\"position\":2,\"name\":\"Shop\",\"item\":\"https:\/\/arvutipunkt.ee\/en\/shop\/\"},{\"@type\":\"ListItem\",\"position\":3,\"name\":\"Lenovo LOQ 16APH8 16&#8243;\"}]},{\"@type\":\"WebSite\",\"@id\":\"https:\/\/arvutipunkt.ee\/en\/#website\",\"url\":\"https:\/\/arvutipunkt.ee\/en\/\",\"name\":\"Arvutipunkt - Parim valik m\u00e4nguri s\u00fclearvutid ja m\u00e4nguarvutid\",\"description\":\"Avar valik m\u00e4nguri s\u00fclearvutid ja m\u00e4nguarvutid. Parimad gaming PC-d, m\u00e4nguri komplektid ja t\u00f6\u00f6jaamad. Lauaarvutite komplekteerimine vastavalt kliendi soovile.\",\"publisher\":{\"@id\":\"https:\/\/arvutipunkt.ee\/en\/#organization\"},\"potentialAction\":[{\"@type\":\"SearchAction\",\"target\":{\"@type\":\"EntryPoint\",\"urlTemplate\":\"https:\/\/arvutipunkt.ee\/en\/?s={search_term_string}\"},\"query-input\":{\"@type\":\"PropertyValueSpecification\",\"valueRequired\":true,\"valueName\":\"search_term_string\"}}],\"inLanguage\":\"en-US\"},{\"@type\":\"Organization\",\"@id\":\"https:\/\/arvutipunkt.ee\/en\/#organization\",\"name\":\"Arvutipunkt - Parim valik m\u00e4nguri s\u00fclearvutid ja m\u00e4nguarvutid\",\"url\":\"https:\/\/arvutipunkt.ee\/en\/\",\"logo\":{\"@type\":\"ImageObject\",\"inLanguage\":\"en-US\",\"@id\":\"https:\/\/arvutipunkt.ee\/en\/#\/schema\/logo\/image\/\",\"url\":\"https:\/\/arvutipunkt.ee\/wp-content\/uploads\/2023\/12\/cropped-ARVUTIPUNKT_LOGO_FINALE-2048x190-1.png\",\"contentUrl\":\"https:\/\/arvutipunkt.ee\/wp-content\/uploads\/2023\/12\/cropped-ARVUTIPUNKT_LOGO_FINALE-2048x190-1.png\",\"width\":2048,\"height\":190,\"caption\":\"Arvutipunkt - Parim valik m\u00e4nguri s\u00fclearvutid ja m\u00e4nguarvutid\"},\"image\":{\"@id\":\"https:\/\/arvutipunkt.ee\/en\/#\/schema\/logo\/image\/\"}}]}<\/script>\n<!-- \/ Yoast SEO plugin. -->","yoast_head_json":{"title":"Lenovo LOQ 16APH8 16\" - Arvutipunkt - Parim valik m\u00e4nguri s\u00fclearvutid ja m\u00e4nguarvutid","description":"Lenovo LOQ 16 koos Ryzen 5 protsessori ja GeForce RTX 4060 graafikakaardiga. 16\" IPS 144 Hz ekraan ja 512GB SSD teevad sellest v\u00f5imsa t\u00f6\u00f6- ja m\u00e4nguriarvuti.","robots":{"index":"index","follow":"follow","max-snippet":"max-snippet:-1","max-image-preview":"max-image-preview:large","max-video-preview":"max-video-preview:-1"},"canonical":"https:\/\/arvutipunkt.ee\/en\/pood\/laptops\/lenovo-loq-16-ryzen5-rtx4060-16gb-512gb\/","og_locale":"en_US","og_type":"article","og_title":"Lenovo LOQ 16APH8 16\" - Arvutipunkt - Parim valik m\u00e4nguri s\u00fclearvutid ja m\u00e4nguarvutid","og_description":"Lenovo LOQ 16 koos Ryzen 5 protsessori ja GeForce RTX 4060 graafikakaardiga. 16\" IPS 144 Hz ekraan ja 512GB SSD teevad sellest v\u00f5imsa t\u00f6\u00f6- ja m\u00e4nguriarvuti.","og_url":"https:\/\/arvutipunkt.ee\/en\/pood\/laptops\/lenovo-loq-16-ryzen5-rtx4060-16gb-512gb\/","og_site_name":"Arvutipunkt - Parim valik m\u00e4nguri s\u00fclearvutid ja m\u00e4nguarvutid","article_modified_time":"2025-01-16T13:59:10+00:00","og_image":[{"width":1080,"height":1080,"url":"https:\/\/arvutipunkt.ee\/wp-content\/uploads\/2024\/02\/lenovo-loq-1-1.jpg","type":"image\/jpeg"}],"twitter_card":"summary_large_image","schema":{"@context":"https:\/\/schema.org","@graph":[{"@type":"WebPage","@id":"https:\/\/arvutipunkt.ee\/en\/pood\/laptops\/lenovo-loq-16-ryzen5-rtx4060-16gb-512gb\/","url":"https:\/\/arvutipunkt.ee\/en\/pood\/laptops\/lenovo-loq-16-ryzen5-rtx4060-16gb-512gb\/","name":"Lenovo LOQ 16APH8 16\" - Arvutipunkt - Parim valik m\u00e4nguri s\u00fclearvutid ja m\u00e4nguarvutid","isPartOf":{"@id":"https:\/\/arvutipunkt.ee\/en\/#website"},"primaryImageOfPage":{"@id":"https:\/\/arvutipunkt.ee\/en\/pood\/laptops\/lenovo-loq-16-ryzen5-rtx4060-16gb-512gb\/#primaryimage"},"image":{"@id":"https:\/\/arvutipunkt.ee\/en\/pood\/laptops\/lenovo-loq-16-ryzen5-rtx4060-16gb-512gb\/#primaryimage"},"thumbnailUrl":"https:\/\/arvutipunkt.ee\/wp-content\/uploads\/2024\/02\/lenovo-loq-1-1.jpg","datePublished":"2024-02-11T18:08:56+00:00","dateModified":"2025-01-16T13:59:10+00:00","description":"Lenovo LOQ 16 koos Ryzen 5 protsessori ja GeForce RTX 4060 graafikakaardiga. 16\" IPS 144 Hz ekraan ja 512GB SSD teevad sellest v\u00f5imsa t\u00f6\u00f6- ja m\u00e4nguriarvuti.","breadcrumb":{"@id":"https:\/\/arvutipunkt.ee\/en\/pood\/laptops\/lenovo-loq-16-ryzen5-rtx4060-16gb-512gb\/#breadcrumb"},"inLanguage":"en-US","potentialAction":[{"@type":"ReadAction","target":["https:\/\/arvutipunkt.ee\/en\/pood\/laptops\/lenovo-loq-16-ryzen5-rtx4060-16gb-512gb\/"]}]},{"@type":"ImageObject","inLanguage":"en-US","@id":"https:\/\/arvutipunkt.ee\/en\/pood\/laptops\/lenovo-loq-16-ryzen5-rtx4060-16gb-512gb\/#primaryimage","url":"https:\/\/arvutipunkt.ee\/wp-content\/uploads\/2024\/02\/lenovo-loq-1-1.jpg","contentUrl":"https:\/\/arvutipunkt.ee\/wp-content\/uploads\/2024\/02\/lenovo-loq-1-1.jpg","width":1080,"height":1080},{"@type":"BreadcrumbList","@id":"https:\/\/arvutipunkt.ee\/en\/pood\/laptops\/lenovo-loq-16-ryzen5-rtx4060-16gb-512gb\/#breadcrumb","itemListElement":[{"@type":"ListItem","position":1,"name":"Home","item":"https:\/\/arvutipunkt.ee\/en\/"},{"@type":"ListItem","position":2,"name":"Shop","item":"https:\/\/arvutipunkt.ee\/en\/shop\/"},{"@type":"ListItem","position":3,"name":"Lenovo LOQ 16APH8 16&#8243;"}]},{"@type":"WebSite","@id":"https:\/\/arvutipunkt.ee\/en\/#website","url":"https:\/\/arvutipunkt.ee\/en\/","name":"Arvutipunkt - Parim valik m\u00e4nguri s\u00fclearvutid ja m\u00e4nguarvutid","description":"Avar valik m\u00e4nguri s\u00fclearvutid ja m\u00e4nguarvutid. Parimad gaming PC-d, m\u00e4nguri komplektid ja t\u00f6\u00f6jaamad. Lauaarvutite komplekteerimine vastavalt kliendi soovile.","publisher":{"@id":"https:\/\/arvutipunkt.ee\/en\/#organization"},"potentialAction":[{"@type":"SearchAction","target":{"@type":"EntryPoint","urlTemplate":"https:\/\/arvutipunkt.ee\/en\/?s={search_term_string}"},"query-input":{"@type":"PropertyValueSpecification","valueRequired":true,"valueName":"search_term_string"}}],"inLanguage":"en-US"},{"@type":"Organization","@id":"https:\/\/arvutipunkt.ee\/en\/#organization","name":"Arvutipunkt - Parim valik m\u00e4nguri s\u00fclearvutid ja m\u00e4nguarvutid","url":"https:\/\/arvutipunkt.ee\/en\/","logo":{"@type":"ImageObject","inLanguage":"en-US","@id":"https:\/\/arvutipunkt.ee\/en\/#\/schema\/logo\/image\/","url":"https:\/\/arvutipunkt.ee\/wp-content\/uploads\/2023\/12\/cropped-ARVUTIPUNKT_LOGO_FINALE-2048x190-1.png","contentUrl":"https:\/\/arvutipunkt.ee\/wp-content\/uploads\/2023\/12\/cropped-ARVUTIPUNKT_LOGO_FINALE-2048x190-1.png","width":2048,"height":190,"caption":"Arvutipunkt - Parim valik m\u00e4nguri s\u00fclearvutid ja m\u00e4nguarvutid"},"image":{"@id":"https:\/\/arvutipunkt.ee\/en\/#\/schema\/logo\/image\/"}}]}},"_links":{"self":[{"href":"https:\/\/arvutipunkt.ee\/en\/wp-json\/wp\/v2\/product\/12181","targetHints":{"allow":["GET"]}}],"collection":[{"href":"https:\/\/arvutipunkt.ee\/en\/wp-json\/wp\/v2\/product"}],"about":[{"href":"https:\/\/arvutipunkt.ee\/en\/wp-json\/wp\/v2\/types\/product"}],"version-history":[{"count":2,"href":"https:\/\/arvutipunkt.ee\/en\/wp-json\/wp\/v2\/product\/12181\/revisions"}],"predecessor-version":[{"id":13786,"href":"https:\/\/arvutipunkt.ee\/en\/wp-json\/wp\/v2\/product\/12181\/revisions\/13786"}],"wp:featuredmedia":[{"embeddable":true,"href":"https:\/\/arvutipunkt.ee\/en\/wp-json\/wp\/v2\/media\/13793"}],"wp:attachment":[{"href":"https:\/\/arvutipunkt.ee\/en\/wp-json\/wp\/v2\/media?parent=12181"}],"wp:term":[{"taxonomy":"product_brand","embeddable":true,"href":"https:\/\/arvutipunkt.ee\/en\/wp-json\/wp\/v2\/product_brand?post=12181"},{"taxonomy":"product_cat","embeddable":true,"href":"https:\/\/arvutipunkt.ee\/en\/wp-json\/wp\/v2\/product_cat?post=12181"},{"taxonomy":"product_tag","embeddable":true,"href":"https:\/\/arvutipunkt.ee\/en\/wp-json\/wp\/v2\/product_tag?post=12181"}],"curies":[{"name":"wp","href":"https:\/\/api.w.org\/{rel}","templated":true}]}}