{"id":12165,"date":"2024-02-12T18:45:36","date_gmt":"2024-02-12T16:45:36","guid":{"rendered":"https:\/\/arvutipunkt.ee\/pood\/uncategorized\/asus-rog-strix-g634jz-nm002w-16-i9-13980hx-rtx-4080-32gb-ddr5-2tb-ssd\/"},"modified":"2025-01-09T17:58:40","modified_gmt":"2025-01-09T15:58:40","slug":"asus-rog-strix-g634jz-nm002w-16-i9-13980hx-rtx-4080-32gb-ddr5-2tb-ssd","status":"publish","type":"product","link":"https:\/\/arvutipunkt.ee\/en\/pood\/laptops\/asus-rog-strix-g634jz-nm002w-16-i9-13980hx-rtx-4080-32gb-ddr5-2tb-ssd\/","title":{"rendered":"ASUS ROG Strix G634JZ-NM002W \/ 16&#8243; \/ i9 13980HX \/ RTX 4080 \/ 32gb DDR5 \/ 2TB SSD"},"content":{"rendered":"<table class=\"nsv-table-native is-nsv-table-horizontal ns_b_b\" style=\"height: 886px;\" width=\"696\">\n<tbody class=\"nsv-table-body\">\n<tr class=\"nsv-table-native-row isDraggable\" tabindex=\"-1\">\n<th id=\"nsvTableHeader-0.0\" class=\"nsv-table-cell is-header-cell is-nsv-table-column-scrolled-right nsv-table-cell--odd_row nsv-keyvalue-table-header ns_font_title_7 specification-tab-key_column ns_font_title_7 ns_font_title_6 ns_p_v_4\" title=\"Product Description\" scope=\"row\">\n<div class=\"\">\n<div class=\"\">Product Description<\/div>\n<\/div>\n<\/th>\n<td class=\"nsv-table-cell is-nsv-table-column-scrolled-right nsv-table-cell--odd_row ns_font_details\" headers=\"nsvTableHeader-0.0\">\n<div class=\"ns_m_v_4 ns_p_h_3\">\n<p>ASUS|ROG Strix|G634JZ-NM002W|CPU i9-13980HX|2200 MHz|16&#8243;|2560&#215;1600|RAM 32GB|DDR5|4800 MHz|SSD 1TB+1TB|NVIDIA GeForce RTX 4080|12GB|ENG|Windows 11 Home|Black<\/p>\n<\/div>\n<\/td>\n<\/tr>\n<tr class=\"nsv-table-native-row isDraggable\" tabindex=\"-1\">\n<th id=\"nsvTableHeader-0.1\" class=\"nsv-table-cell is-header-cell is-nsv-table-column-scrolled-right nsv-table-cell--even_row nsv-keyvalue-table-header ns_font_title_7 specification-tab-key_column ns_font_title_7 ns_font_title_6 ns_p_v_4\" title=\"Product Type\" scope=\"row\">\n<div class=\"\">\n<div class=\"\">Product Type<\/div>\n<\/div>\n<\/th>\n<td class=\"nsv-table-cell is-nsv-table-column-scrolled-right nsv-table-cell--even_row ns_font_details\" headers=\"nsvTableHeader-0.1\">\n<div>\n<div class=\"ns_m_v_4 ns_p_h_3\">Notebook<\/div>\n<\/div>\n<\/td>\n<\/tr>\n<tr class=\"nsv-table-native-row isDraggable\" tabindex=\"-1\">\n<th id=\"nsvTableHeader-0.2\" class=\"nsv-table-cell is-header-cell is-nsv-table-column-scrolled-right nsv-table-cell--odd_row nsv-keyvalue-table-header ns_font_title_7 specification-tab-key_column ns_font_title_7 ns_font_title_6 ns_p_v_4\" title=\"Operating System\" scope=\"row\">\n<div class=\"\">\n<div class=\"\">Operating System<\/div>\n<\/div>\n<\/th>\n<td class=\"nsv-table-cell is-nsv-table-column-scrolled-right nsv-table-cell--odd_row ns_font_details\" headers=\"nsvTableHeader-0.2\">\n<div>\n<div class=\"ns_m_v_4 ns_p_h_3\">Win 11 Home &#8211; English<\/div>\n<\/div>\n<\/td>\n<\/tr>\n<tr class=\"nsv-table-native-row isDraggable\" tabindex=\"-1\">\n<th id=\"nsvTableHeader-0.3\" class=\"nsv-table-cell is-header-cell is-nsv-table-column-scrolled-right nsv-table-cell--even_row nsv-keyvalue-table-header ns_font_title_7 specification-tab-key_column ns_font_title_7 ns_font_title_6 ns_p_v_4\" title=\"Processor\" scope=\"row\">\n<div class=\"\">\n<div class=\"\">Processor<\/div>\n<\/div>\n<\/th>\n<td class=\"nsv-table-cell is-nsv-table-column-scrolled-right nsv-table-cell--even_row ns_font_details\" headers=\"nsvTableHeader-0.3\">\n<div class=\"ns_m_v_4 ns_p_h_3\">\n<p class=\"h1\">Intel\u00ae Core\u2122 i9 13980HX 36M Cache, Up to 5.6GHz<\/p>\n<\/div>\n<\/td>\n<\/tr>\n<tr class=\"nsv-table-native-row isDraggable\" tabindex=\"-1\">\n<th id=\"nsvTableHeader-0.4\" class=\"nsv-table-cell is-header-cell is-nsv-table-column-scrolled-right nsv-table-cell--odd_row nsv-keyvalue-table-header ns_font_title_7 specification-tab-key_column ns_font_title_7 ns_font_title_6 ns_p_v_4\" title=\"Memory\" scope=\"row\">\n<div class=\"\">\n<div class=\"\">Memory<\/div>\n<\/div>\n<\/th>\n<td class=\"nsv-table-cell is-nsv-table-column-scrolled-right nsv-table-cell--odd_row ns_font_details\" headers=\"nsvTableHeader-0.4\">\n<div>\n<div class=\"ns_m_v_4 ns_p_h_3\">32 GB DDR5 (2 x 16 GB) 4800MHz<\/div>\n<\/div>\n<\/td>\n<\/tr>\n<tr class=\"nsv-table-native-row isDraggable\" tabindex=\"-1\">\n<th id=\"nsvTableHeader-0.5\" class=\"nsv-table-cell is-header-cell is-nsv-table-column-scrolled-right nsv-table-cell--even_row nsv-keyvalue-table-header ns_font_title_7 specification-tab-key_column ns_font_title_7 ns_font_title_6 ns_p_v_4\" title=\"Storage\" scope=\"row\">\n<div class=\"\">\n<div class=\"\">Storage<\/div>\n<\/div>\n<\/th>\n<td class=\"nsv-table-cell is-nsv-table-column-scrolled-right nsv-table-cell--even_row ns_font_details\" headers=\"nsvTableHeader-0.5\">\n<div>\n<div class=\"ns_m_v_4 ns_p_h_3\">1000 GB + 1000GB SSD &#8211; NVMe<\/div>\n<\/div>\n<\/td>\n<\/tr>\n<tr class=\"nsv-table-native-row isDraggable\" tabindex=\"-1\">\n<th id=\"nsvTableHeader-0.6\" class=\"nsv-table-cell is-header-cell is-nsv-table-column-scrolled-right nsv-table-cell--odd_row nsv-keyvalue-table-header ns_font_title_7 specification-tab-key_column ns_font_title_7 ns_font_title_6 ns_p_v_4\" title=\"Display\" scope=\"row\">\n<div class=\"\">\n<div class=\"\">Display<\/div>\n<\/div>\n<\/th>\n<td class=\"nsv-table-cell is-nsv-table-column-scrolled-right nsv-table-cell--odd_row ns_font_details\" headers=\"nsvTableHeader-0.6\">\n<div>\n<div class=\"ns_m_v_4 ns_p_h_3\">16&#8243; 2560 x 1600 \/ WQXGA @ 240 Hz<\/div>\n<\/div>\n<\/td>\n<\/tr>\n<tr class=\"nsv-table-native-row isDraggable\" tabindex=\"-1\">\n<th id=\"nsvTableHeader-0.7\" class=\"nsv-table-cell is-header-cell is-nsv-table-column-scrolled-right nsv-table-cell--even_row nsv-keyvalue-table-header ns_font_title_7 specification-tab-key_column ns_font_title_7 ns_font_title_6 ns_p_v_4\" title=\"Graphics\" scope=\"row\">\n<div class=\"\">\n<div class=\"\">Graphics<\/div>\n<\/div>\n<\/th>\n<td class=\"nsv-table-cell is-nsv-table-column-scrolled-right nsv-table-cell--even_row ns_font_details\" headers=\"nsvTableHeader-0.7\">\n<div>\n<div class=\"ns_m_v_4 ns_p_h_3\">NVIDIA GeForce RTX 4080<\/div>\n<\/div>\n<\/td>\n<\/tr>\n<tr class=\"nsv-table-native-row isDraggable\" tabindex=\"-1\">\n<th id=\"nsvTableHeader-0.8\" class=\"nsv-table-cell is-header-cell is-nsv-table-column-scrolled-right nsv-table-cell--odd_row nsv-keyvalue-table-header ns_font_title_7 specification-tab-key_column ns_font_title_7 ns_font_title_6 ns_p_v_4\" title=\"Video Memory\" scope=\"row\">\n<div class=\"\">\n<div class=\"\">Video Memory<\/div>\n<\/div>\n<\/th>\n<td class=\"nsv-table-cell is-nsv-table-column-scrolled-right nsv-table-cell--odd_row ns_font_details\" headers=\"nsvTableHeader-0.8\">\n<div>\n<div class=\"ns_m_v_4 ns_p_h_3\">12 GB GDDR6 SDRAM<\/div>\n<\/div>\n<\/td>\n<\/tr>\n<tr class=\"nsv-table-native-row isDraggable\" tabindex=\"-1\">\n<th id=\"nsvTableHeader-0.9\" class=\"nsv-table-cell is-header-cell is-nsv-table-column-scrolled-right nsv-table-cell--even_row nsv-keyvalue-table-header ns_font_title_7 specification-tab-key_column ns_font_title_7 ns_font_title_6 ns_p_v_4\" title=\"VR Ready\" scope=\"row\">\n<div class=\"\">\n<div class=\"\">VR Ready<\/div>\n<\/div>\n<\/th>\n<td class=\"nsv-table-cell is-nsv-table-column-scrolled-right nsv-table-cell--even_row ns_font_details\" headers=\"nsvTableHeader-0.9\">\n<div>\n<div class=\"ns_m_v_4 ns_p_h_3\">Yes<\/div>\n<\/div>\n<\/td>\n<\/tr>\n<tr class=\"nsv-table-native-row isDraggable\" tabindex=\"-1\">\n<th id=\"nsvTableHeader-0.10\" class=\"nsv-table-cell is-header-cell is-nsv-table-column-scrolled-right nsv-table-cell--odd_row nsv-keyvalue-table-header ns_font_title_7 specification-tab-key_column ns_font_title_7 ns_font_title_6 ns_p_v_4\" title=\"Keyboard\" scope=\"row\">\n<div class=\"\">\n<div class=\"\">Keyboard<\/div>\n<\/div>\n<\/th>\n<td class=\"nsv-table-cell is-nsv-table-column-scrolled-right nsv-table-cell--odd_row ns_font_details\" headers=\"nsvTableHeader-0.10\">\n<div>\n<div class=\"ns_m_v_4 ns_p_h_3\">English &#8211; Europe<\/div>\n<\/div>\n<\/td>\n<\/tr>\n<tr class=\"nsv-table-native-row isDraggable\" tabindex=\"-1\">\n<th id=\"nsvTableHeader-0.11\" class=\"nsv-table-cell is-header-cell is-nsv-table-column-scrolled-right nsv-table-cell--even_row nsv-keyvalue-table-header ns_font_title_7 specification-tab-key_column ns_font_title_7 ns_font_title_6 ns_p_v_4\" title=\"Keyboard Backlight\" scope=\"row\">\n<div class=\"\">\n<div class=\"\">Keyboard Backlight<\/div>\n<\/div>\n<\/th>\n<td class=\"nsv-table-cell is-nsv-table-column-scrolled-right nsv-table-cell--even_row ns_font_details\" headers=\"nsvTableHeader-0.11\">\n<div>\n<div class=\"ns_m_v_4 ns_p_h_3\">Yes<\/div>\n<\/div>\n<\/td>\n<\/tr>\n<tr class=\"nsv-table-native-row isDraggable\" tabindex=\"-1\">\n<th id=\"nsvTableHeader-0.12\" class=\"nsv-table-cell is-header-cell is-nsv-table-column-scrolled-right nsv-table-cell--odd_row nsv-keyvalue-table-header ns_font_title_7 specification-tab-key_column ns_font_title_7 ns_font_title_6 ns_p_v_4\" title=\"Numeric Keypad\" scope=\"row\">\n<div class=\"\">\n<div class=\"\">Numeric Keypad<\/div>\n<\/div>\n<\/th>\n<td class=\"nsv-table-cell is-nsv-table-column-scrolled-right nsv-table-cell--odd_row ns_font_details\" headers=\"nsvTableHeader-0.12\">\n<div>\n<div class=\"ns_m_v_4 ns_p_h_3\">Yes<\/div>\n<\/div>\n<\/td>\n<\/tr>\n<tr class=\"nsv-table-native-row isDraggable\" tabindex=\"-1\">\n<th id=\"nsvTableHeader-0.13\" class=\"nsv-table-cell is-header-cell is-nsv-table-column-scrolled-right nsv-table-cell--even_row nsv-keyvalue-table-header ns_font_title_7 specification-tab-key_column ns_font_title_7 ns_font_title_6 ns_p_v_4\" title=\"Integrated Webcam\" scope=\"row\">\n<div class=\"\">\n<div class=\"\">Integrated Webcam<\/div>\n<\/div>\n<\/th>\n<td class=\"nsv-table-cell is-nsv-table-column-scrolled-right nsv-table-cell--even_row ns_font_details\" headers=\"nsvTableHeader-0.13\">\n<div>\n<div class=\"ns_m_v_4 ns_p_h_3\">Yes<\/div>\n<\/div>\n<\/td>\n<\/tr>\n<tr class=\"nsv-table-native-row isDraggable\" tabindex=\"-1\">\n<th id=\"nsvTableHeader-0.14\" class=\"nsv-table-cell is-header-cell is-nsv-table-column-scrolled-right nsv-table-cell--odd_row nsv-keyvalue-table-header ns_font_title_7 specification-tab-key_column ns_font_title_7 ns_font_title_6 ns_p_v_4\" title=\"Networking\" scope=\"row\">\n<div class=\"\">\n<div class=\"\">Networking<\/div>\n<\/div>\n<\/th>\n<td class=\"nsv-table-cell is-nsv-table-column-scrolled-right nsv-table-cell--odd_row ns_font_details\" headers=\"nsvTableHeader-0.14\">\n<div>\n<div class=\"ns_m_v_4 ns_p_h_3\">802.11a\/b\/g\/n\/ac\/ax, Bluetooth 5.1, Gigabit Ethernet<\/div>\n<\/div>\n<\/td>\n<\/tr>\n<tr class=\"nsv-table-native-row isDraggable\" tabindex=\"-1\">\n<th id=\"nsvTableHeader-0.15\" class=\"nsv-table-cell is-header-cell is-nsv-table-column-scrolled-right nsv-table-cell--even_row nsv-keyvalue-table-header ns_font_title_7 specification-tab-key_column ns_font_title_7 ns_font_title_6 ns_p_v_4\" title=\"Battery\" scope=\"row\">\n<div class=\"\">\n<div class=\"\">Battery<\/div>\n<\/div>\n<\/th>\n<td class=\"nsv-table-cell is-nsv-table-column-scrolled-right nsv-table-cell--even_row ns_font_details\" headers=\"nsvTableHeader-0.15\">\n<div>\n<div class=\"ns_m_v_4 ns_p_h_3\">Up to 10 hours<\/div>\n<\/div>\n<\/td>\n<\/tr>\n<tr class=\"nsv-table-native-row isDraggable\" tabindex=\"-1\">\n<th id=\"nsvTableHeader-0.16\" class=\"nsv-table-cell is-header-cell is-nsv-table-column-scrolled-right nsv-table-cell--odd_row nsv-keyvalue-table-header ns_font_title_7 specification-tab-key_column ns_font_title_7 ns_font_title_6 ns_p_v_4\" title=\"Security\" scope=\"row\">\n<div class=\"\">\n<div class=\"\">Battery Energy<\/div>\n<\/div>\n<\/th>\n<td class=\"nsv-table-cell is-nsv-table-column-scrolled-right nsv-table-cell--odd_row ns_font_details\" headers=\"nsvTableHeader-0.16\">\n<div>\n<div class=\"ns_m_v_4 ns_p_h_3\">90Wh<\/div>\n<\/div>\n<\/td>\n<\/tr>\n<tr class=\"nsv-table-native-row isDraggable\" tabindex=\"-1\">\n<th id=\"nsvTableHeader-0.17\" class=\"nsv-table-cell is-header-cell is-nsv-table-column-scrolled-right nsv-table-cell--even_row nsv-keyvalue-table-header ns_font_title_7 specification-tab-key_column ns_font_title_7 ns_font_title_6 ns_p_v_4\" title=\"Colour\" scope=\"row\">\n<div class=\"\">\n<div class=\"\">Colour<\/div>\n<\/div>\n<\/th>\n<td class=\"nsv-table-cell is-nsv-table-column-scrolled-right nsv-table-cell--even_row ns_font_details\" headers=\"nsvTableHeader-0.17\">\n<div>\n<div class=\"ns_m_v_4 ns_p_h_3\">Black<\/div>\n<\/div>\n<\/td>\n<\/tr>\n<tr class=\"nsv-table-native-row isDraggable\" tabindex=\"-1\">\n<th id=\"nsvTableHeader-0.18\" class=\"nsv-table-cell is-header-cell is-nsv-table-column-scrolled-right nsv-table-cell--odd_row nsv-keyvalue-table-header ns_font_title_7 specification-tab-key_column ns_font_title_7 ns_font_title_6 ns_p_v_4\" title=\"Dimensions (WxDxH)\" scope=\"row\">\n<div class=\"\">\n<div class=\"\">Dimensions (WxDxH)<\/div>\n<\/div>\n<\/th>\n<td class=\"nsv-table-cell is-nsv-table-column-scrolled-right nsv-table-cell--odd_row ns_font_details\" headers=\"nsvTableHeader-0.18\">\n<div>\n<div class=\"ns_m_v_4 ns_p_h_3\">35.4 cm x 26.4 cm x 3.04 cm<\/div>\n<\/div>\n<\/td>\n<\/tr>\n<tr class=\"nsv-table-native-row isDraggable\" tabindex=\"-1\">\n<th id=\"nsvTableHeader-0.19\" class=\"nsv-table-cell is-header-cell is-nsv-table-column-scrolled-right nsv-table-cell--even_row nsv-keyvalue-table-header ns_font_title_7 specification-tab-key_column ns_font_title_7 ns_font_title_6 ns_p_v_4\" title=\"Weight\" scope=\"row\">\n<div class=\"\">\n<div class=\"\">Weight<\/div>\n<\/div>\n<\/th>\n<td class=\"nsv-table-cell is-nsv-table-column-scrolled-right nsv-table-cell--even_row ns_font_details\" headers=\"nsvTableHeader-0.19\">\n<div>\n<div class=\"ns_m_v_4 ns_p_h_3\">2.7 kg<\/div>\n<\/div>\n<\/td>\n<\/tr>\n<\/tbody>\n<\/table>\n","protected":false},"excerpt":{"rendered":"<p>ROG Strix SCAR 16 (2023) G634 ROG Strix Scar 16 BEAT THE BEST. BREAK ALL LIMITS.<\/p>\n","protected":false},"featured_media":11669,"template":"","meta":{"_acf_changed":false},"product_brand":[],"product_cat":[286],"product_tag":[],"class_list":{"0":"post-12165","1":"product","2":"type-product","3":"status-publish","4":"has-post-thumbnail","6":"product_cat-laptops","7":"pa_suurus-16-en","9":"first","10":"outofstock","11":"sale","12":"taxable","13":"shipping-taxable","14":"purchasable","15":"product-type-simple"},"acf":[],"yoast_head":"<!-- This site is optimized with the Yoast SEO plugin v25.3.1 - https:\/\/yoast.com\/wordpress\/plugins\/seo\/ -->\n<title>ASUS ROG Strix G634JZ-NM002W \/ 16&quot; \/ i9 13980HX \/ RTX 4080 \/ 32gb DDR5 \/ 2TB SSD - Arvutipunkt - Parim valik m\u00e4nguri s\u00fclearvutid ja m\u00e4nguarvutid<\/title>\n<meta name=\"robots\" content=\"index, follow, max-snippet:-1, max-image-preview:large, max-video-preview:-1\" \/>\n<link rel=\"canonical\" href=\"https:\/\/arvutipunkt.ee\/en\/pood\/laptops\/asus-rog-strix-g634jz-nm002w-16-i9-13980hx-rtx-4080-32gb-ddr5-2tb-ssd\/\" \/>\n<meta property=\"og:locale\" content=\"en_US\" \/>\n<meta property=\"og:type\" content=\"article\" \/>\n<meta property=\"og:title\" content=\"ASUS ROG Strix G634JZ-NM002W \/ 16&quot; \/ i9 13980HX \/ RTX 4080 \/ 32gb DDR5 \/ 2TB SSD - Arvutipunkt - Parim valik m\u00e4nguri s\u00fclearvutid ja m\u00e4nguarvutid\" \/>\n<meta property=\"og:description\" content=\"ROG Strix SCAR 16 (2023) G634 ROG Strix Scar 16 BEAT THE BEST. BREAK ALL LIMITS.\" \/>\n<meta property=\"og:url\" content=\"https:\/\/arvutipunkt.ee\/en\/pood\/laptops\/asus-rog-strix-g634jz-nm002w-16-i9-13980hx-rtx-4080-32gb-ddr5-2tb-ssd\/\" \/>\n<meta property=\"og:site_name\" content=\"Arvutipunkt - Parim valik m\u00e4nguri s\u00fclearvutid ja m\u00e4nguarvutid\" \/>\n<meta property=\"article:modified_time\" content=\"2025-01-09T15:58:40+00:00\" \/>\n<meta property=\"og:image\" content=\"https:\/\/arvutipunkt.ee\/wp-content\/uploads\/2024\/02\/lap5.png\" \/>\n\t<meta property=\"og:image:width\" content=\"996\" \/>\n\t<meta property=\"og:image:height\" content=\"732\" \/>\n\t<meta property=\"og:image:type\" content=\"image\/png\" \/>\n<meta name=\"twitter:card\" content=\"summary_large_image\" \/>\n<meta name=\"twitter:label1\" content=\"Est. reading time\" \/>\n\t<meta name=\"twitter:data1\" content=\"1 minute\" \/>\n<script type=\"application\/ld+json\" class=\"yoast-schema-graph\">{\"@context\":\"https:\/\/schema.org\",\"@graph\":[{\"@type\":\"WebPage\",\"@id\":\"https:\/\/arvutipunkt.ee\/en\/pood\/laptops\/asus-rog-strix-g634jz-nm002w-16-i9-13980hx-rtx-4080-32gb-ddr5-2tb-ssd\/\",\"url\":\"https:\/\/arvutipunkt.ee\/en\/pood\/laptops\/asus-rog-strix-g634jz-nm002w-16-i9-13980hx-rtx-4080-32gb-ddr5-2tb-ssd\/\",\"name\":\"ASUS ROG Strix G634JZ-NM002W \/ 16\\\" \/ i9 13980HX \/ RTX 4080 \/ 32gb DDR5 \/ 2TB SSD - Arvutipunkt - Parim valik m\u00e4nguri s\u00fclearvutid ja m\u00e4nguarvutid\",\"isPartOf\":{\"@id\":\"https:\/\/arvutipunkt.ee\/en\/#website\"},\"primaryImageOfPage\":{\"@id\":\"https:\/\/arvutipunkt.ee\/en\/pood\/laptops\/asus-rog-strix-g634jz-nm002w-16-i9-13980hx-rtx-4080-32gb-ddr5-2tb-ssd\/#primaryimage\"},\"image\":{\"@id\":\"https:\/\/arvutipunkt.ee\/en\/pood\/laptops\/asus-rog-strix-g634jz-nm002w-16-i9-13980hx-rtx-4080-32gb-ddr5-2tb-ssd\/#primaryimage\"},\"thumbnailUrl\":\"https:\/\/arvutipunkt.ee\/wp-content\/uploads\/2024\/02\/lap5.png\",\"datePublished\":\"2024-02-12T16:45:36+00:00\",\"dateModified\":\"2025-01-09T15:58:40+00:00\",\"breadcrumb\":{\"@id\":\"https:\/\/arvutipunkt.ee\/en\/pood\/laptops\/asus-rog-strix-g634jz-nm002w-16-i9-13980hx-rtx-4080-32gb-ddr5-2tb-ssd\/#breadcrumb\"},\"inLanguage\":\"en-US\",\"potentialAction\":[{\"@type\":\"ReadAction\",\"target\":[\"https:\/\/arvutipunkt.ee\/en\/pood\/laptops\/asus-rog-strix-g634jz-nm002w-16-i9-13980hx-rtx-4080-32gb-ddr5-2tb-ssd\/\"]}]},{\"@type\":\"ImageObject\",\"inLanguage\":\"en-US\",\"@id\":\"https:\/\/arvutipunkt.ee\/en\/pood\/laptops\/asus-rog-strix-g634jz-nm002w-16-i9-13980hx-rtx-4080-32gb-ddr5-2tb-ssd\/#primaryimage\",\"url\":\"https:\/\/arvutipunkt.ee\/wp-content\/uploads\/2024\/02\/lap5.png\",\"contentUrl\":\"https:\/\/arvutipunkt.ee\/wp-content\/uploads\/2024\/02\/lap5.png\",\"width\":996,\"height\":732},{\"@type\":\"BreadcrumbList\",\"@id\":\"https:\/\/arvutipunkt.ee\/en\/pood\/laptops\/asus-rog-strix-g634jz-nm002w-16-i9-13980hx-rtx-4080-32gb-ddr5-2tb-ssd\/#breadcrumb\",\"itemListElement\":[{\"@type\":\"ListItem\",\"position\":1,\"name\":\"Home\",\"item\":\"https:\/\/arvutipunkt.ee\/en\/\"},{\"@type\":\"ListItem\",\"position\":2,\"name\":\"Shop\",\"item\":\"https:\/\/arvutipunkt.ee\/en\/shop\/\"},{\"@type\":\"ListItem\",\"position\":3,\"name\":\"ASUS ROG Strix G634JZ-NM002W \/ 16&#8243; \/ i9 13980HX \/ RTX 4080 \/ 32gb DDR5 \/ 2TB SSD\"}]},{\"@type\":\"WebSite\",\"@id\":\"https:\/\/arvutipunkt.ee\/en\/#website\",\"url\":\"https:\/\/arvutipunkt.ee\/en\/\",\"name\":\"Arvutipunkt - Parim valik m\u00e4nguri s\u00fclearvutid ja m\u00e4nguarvutid\",\"description\":\"Avar valik m\u00e4nguri s\u00fclearvutid ja m\u00e4nguarvutid. Parimad gaming PC-d, m\u00e4nguri komplektid ja t\u00f6\u00f6jaamad. Lauaarvutite komplekteerimine vastavalt kliendi soovile.\",\"publisher\":{\"@id\":\"https:\/\/arvutipunkt.ee\/en\/#organization\"},\"potentialAction\":[{\"@type\":\"SearchAction\",\"target\":{\"@type\":\"EntryPoint\",\"urlTemplate\":\"https:\/\/arvutipunkt.ee\/en\/?s={search_term_string}\"},\"query-input\":{\"@type\":\"PropertyValueSpecification\",\"valueRequired\":true,\"valueName\":\"search_term_string\"}}],\"inLanguage\":\"en-US\"},{\"@type\":\"Organization\",\"@id\":\"https:\/\/arvutipunkt.ee\/en\/#organization\",\"name\":\"Arvutipunkt - Parim valik m\u00e4nguri s\u00fclearvutid ja m\u00e4nguarvutid\",\"url\":\"https:\/\/arvutipunkt.ee\/en\/\",\"logo\":{\"@type\":\"ImageObject\",\"inLanguage\":\"en-US\",\"@id\":\"https:\/\/arvutipunkt.ee\/en\/#\/schema\/logo\/image\/\",\"url\":\"https:\/\/arvutipunkt.ee\/wp-content\/uploads\/2023\/12\/cropped-ARVUTIPUNKT_LOGO_FINALE-2048x190-1.png\",\"contentUrl\":\"https:\/\/arvutipunkt.ee\/wp-content\/uploads\/2023\/12\/cropped-ARVUTIPUNKT_LOGO_FINALE-2048x190-1.png\",\"width\":2048,\"height\":190,\"caption\":\"Arvutipunkt - Parim valik m\u00e4nguri s\u00fclearvutid ja m\u00e4nguarvutid\"},\"image\":{\"@id\":\"https:\/\/arvutipunkt.ee\/en\/#\/schema\/logo\/image\/\"}}]}<\/script>\n<!-- \/ Yoast SEO plugin. -->","yoast_head_json":{"title":"ASUS ROG Strix G634JZ-NM002W \/ 16\" \/ i9 13980HX \/ RTX 4080 \/ 32gb DDR5 \/ 2TB SSD - Arvutipunkt - Parim valik m\u00e4nguri s\u00fclearvutid ja m\u00e4nguarvutid","robots":{"index":"index","follow":"follow","max-snippet":"max-snippet:-1","max-image-preview":"max-image-preview:large","max-video-preview":"max-video-preview:-1"},"canonical":"https:\/\/arvutipunkt.ee\/en\/pood\/laptops\/asus-rog-strix-g634jz-nm002w-16-i9-13980hx-rtx-4080-32gb-ddr5-2tb-ssd\/","og_locale":"en_US","og_type":"article","og_title":"ASUS ROG Strix G634JZ-NM002W \/ 16\" \/ i9 13980HX \/ RTX 4080 \/ 32gb DDR5 \/ 2TB SSD - Arvutipunkt - Parim valik m\u00e4nguri s\u00fclearvutid ja m\u00e4nguarvutid","og_description":"ROG Strix SCAR 16 (2023) G634 ROG Strix Scar 16 BEAT THE BEST. BREAK ALL LIMITS.","og_url":"https:\/\/arvutipunkt.ee\/en\/pood\/laptops\/asus-rog-strix-g634jz-nm002w-16-i9-13980hx-rtx-4080-32gb-ddr5-2tb-ssd\/","og_site_name":"Arvutipunkt - Parim valik m\u00e4nguri s\u00fclearvutid ja m\u00e4nguarvutid","article_modified_time":"2025-01-09T15:58:40+00:00","og_image":[{"width":996,"height":732,"url":"https:\/\/arvutipunkt.ee\/wp-content\/uploads\/2024\/02\/lap5.png","type":"image\/png"}],"twitter_card":"summary_large_image","twitter_misc":{"Est. reading time":"1 minute"},"schema":{"@context":"https:\/\/schema.org","@graph":[{"@type":"WebPage","@id":"https:\/\/arvutipunkt.ee\/en\/pood\/laptops\/asus-rog-strix-g634jz-nm002w-16-i9-13980hx-rtx-4080-32gb-ddr5-2tb-ssd\/","url":"https:\/\/arvutipunkt.ee\/en\/pood\/laptops\/asus-rog-strix-g634jz-nm002w-16-i9-13980hx-rtx-4080-32gb-ddr5-2tb-ssd\/","name":"ASUS ROG Strix G634JZ-NM002W \/ 16\" \/ i9 13980HX \/ RTX 4080 \/ 32gb DDR5 \/ 2TB SSD - Arvutipunkt - Parim valik m\u00e4nguri s\u00fclearvutid ja m\u00e4nguarvutid","isPartOf":{"@id":"https:\/\/arvutipunkt.ee\/en\/#website"},"primaryImageOfPage":{"@id":"https:\/\/arvutipunkt.ee\/en\/pood\/laptops\/asus-rog-strix-g634jz-nm002w-16-i9-13980hx-rtx-4080-32gb-ddr5-2tb-ssd\/#primaryimage"},"image":{"@id":"https:\/\/arvutipunkt.ee\/en\/pood\/laptops\/asus-rog-strix-g634jz-nm002w-16-i9-13980hx-rtx-4080-32gb-ddr5-2tb-ssd\/#primaryimage"},"thumbnailUrl":"https:\/\/arvutipunkt.ee\/wp-content\/uploads\/2024\/02\/lap5.png","datePublished":"2024-02-12T16:45:36+00:00","dateModified":"2025-01-09T15:58:40+00:00","breadcrumb":{"@id":"https:\/\/arvutipunkt.ee\/en\/pood\/laptops\/asus-rog-strix-g634jz-nm002w-16-i9-13980hx-rtx-4080-32gb-ddr5-2tb-ssd\/#breadcrumb"},"inLanguage":"en-US","potentialAction":[{"@type":"ReadAction","target":["https:\/\/arvutipunkt.ee\/en\/pood\/laptops\/asus-rog-strix-g634jz-nm002w-16-i9-13980hx-rtx-4080-32gb-ddr5-2tb-ssd\/"]}]},{"@type":"ImageObject","inLanguage":"en-US","@id":"https:\/\/arvutipunkt.ee\/en\/pood\/laptops\/asus-rog-strix-g634jz-nm002w-16-i9-13980hx-rtx-4080-32gb-ddr5-2tb-ssd\/#primaryimage","url":"https:\/\/arvutipunkt.ee\/wp-content\/uploads\/2024\/02\/lap5.png","contentUrl":"https:\/\/arvutipunkt.ee\/wp-content\/uploads\/2024\/02\/lap5.png","width":996,"height":732},{"@type":"BreadcrumbList","@id":"https:\/\/arvutipunkt.ee\/en\/pood\/laptops\/asus-rog-strix-g634jz-nm002w-16-i9-13980hx-rtx-4080-32gb-ddr5-2tb-ssd\/#breadcrumb","itemListElement":[{"@type":"ListItem","position":1,"name":"Home","item":"https:\/\/arvutipunkt.ee\/en\/"},{"@type":"ListItem","position":2,"name":"Shop","item":"https:\/\/arvutipunkt.ee\/en\/shop\/"},{"@type":"ListItem","position":3,"name":"ASUS ROG Strix G634JZ-NM002W \/ 16&#8243; \/ i9 13980HX \/ RTX 4080 \/ 32gb DDR5 \/ 2TB SSD"}]},{"@type":"WebSite","@id":"https:\/\/arvutipunkt.ee\/en\/#website","url":"https:\/\/arvutipunkt.ee\/en\/","name":"Arvutipunkt - Parim valik m\u00e4nguri s\u00fclearvutid ja m\u00e4nguarvutid","description":"Avar valik m\u00e4nguri s\u00fclearvutid ja m\u00e4nguarvutid. Parimad gaming PC-d, m\u00e4nguri komplektid ja t\u00f6\u00f6jaamad. Lauaarvutite komplekteerimine vastavalt kliendi soovile.","publisher":{"@id":"https:\/\/arvutipunkt.ee\/en\/#organization"},"potentialAction":[{"@type":"SearchAction","target":{"@type":"EntryPoint","urlTemplate":"https:\/\/arvutipunkt.ee\/en\/?s={search_term_string}"},"query-input":{"@type":"PropertyValueSpecification","valueRequired":true,"valueName":"search_term_string"}}],"inLanguage":"en-US"},{"@type":"Organization","@id":"https:\/\/arvutipunkt.ee\/en\/#organization","name":"Arvutipunkt - Parim valik m\u00e4nguri s\u00fclearvutid ja m\u00e4nguarvutid","url":"https:\/\/arvutipunkt.ee\/en\/","logo":{"@type":"ImageObject","inLanguage":"en-US","@id":"https:\/\/arvutipunkt.ee\/en\/#\/schema\/logo\/image\/","url":"https:\/\/arvutipunkt.ee\/wp-content\/uploads\/2023\/12\/cropped-ARVUTIPUNKT_LOGO_FINALE-2048x190-1.png","contentUrl":"https:\/\/arvutipunkt.ee\/wp-content\/uploads\/2023\/12\/cropped-ARVUTIPUNKT_LOGO_FINALE-2048x190-1.png","width":2048,"height":190,"caption":"Arvutipunkt - Parim valik m\u00e4nguri s\u00fclearvutid ja m\u00e4nguarvutid"},"image":{"@id":"https:\/\/arvutipunkt.ee\/en\/#\/schema\/logo\/image\/"}}]}},"_links":{"self":[{"href":"https:\/\/arvutipunkt.ee\/en\/wp-json\/wp\/v2\/product\/12165","targetHints":{"allow":["GET"]}}],"collection":[{"href":"https:\/\/arvutipunkt.ee\/en\/wp-json\/wp\/v2\/product"}],"about":[{"href":"https:\/\/arvutipunkt.ee\/en\/wp-json\/wp\/v2\/types\/product"}],"version-history":[{"count":1,"href":"https:\/\/arvutipunkt.ee\/en\/wp-json\/wp\/v2\/product\/12165\/revisions"}],"predecessor-version":[{"id":13297,"href":"https:\/\/arvutipunkt.ee\/en\/wp-json\/wp\/v2\/product\/12165\/revisions\/13297"}],"wp:featuredmedia":[{"embeddable":true,"href":"https:\/\/arvutipunkt.ee\/en\/wp-json\/wp\/v2\/media\/11669"}],"wp:attachment":[{"href":"https:\/\/arvutipunkt.ee\/en\/wp-json\/wp\/v2\/media?parent=12165"}],"wp:term":[{"taxonomy":"product_brand","embeddable":true,"href":"https:\/\/arvutipunkt.ee\/en\/wp-json\/wp\/v2\/product_brand?post=12165"},{"taxonomy":"product_cat","embeddable":true,"href":"https:\/\/arvutipunkt.ee\/en\/wp-json\/wp\/v2\/product_cat?post=12165"},{"taxonomy":"product_tag","embeddable":true,"href":"https:\/\/arvutipunkt.ee\/en\/wp-json\/wp\/v2\/product_tag?post=12165"}],"curies":[{"name":"wp","href":"https:\/\/api.w.org\/{rel}","templated":true}]}}