{"id":12159,"date":"2024-02-12T19:03:31","date_gmt":"2024-02-12T17:03:31","guid":{"rendered":"https:\/\/arvutipunkt.ee\/pood\/uncategorized\/asus-rog-zephyrus-gx650py-nm040w-16-ryzen-9-7945hx-rtx-4090-32gb-ddr5-2tb-ssd\/"},"modified":"2025-01-16T16:35:42","modified_gmt":"2025-01-16T14:35:42","slug":"asus-rog-zephyrus-16-rtx4090-32gb-2tb","status":"publish","type":"product","link":"https:\/\/arvutipunkt.ee\/en\/pood\/laptops\/asus-rog-zephyrus-16-rtx4090-32gb-2tb\/","title":{"rendered":"ASUS ROG Zephyrus 16&#8243;"},"content":{"rendered":"<table class=\"nsv-table-native is-nsv-table-horizontal ns_b_b\" style=\"height: 673px;\" width=\"705\">\n<tbody class=\"nsv-table-body\">\n<tr class=\"nsv-table-native-row isDraggable\" tabindex=\"-1\">\n<th id=\"nsvTableHeader-0.0\" class=\"nsv-table-cell is-header-cell is-nsv-table-column-scrolled-right nsv-table-cell--odd_row nsv-keyvalue-table-header ns_font_title_7 specification-tab-key_column ns_font_title_7 ns_font_title_6 ns_p_v_4\" title=\"Product Description\" scope=\"row\">\n<div class=\"\">\n<div class=\"\">Produkt<\/div>\n<\/div>\n<\/th>\n<td class=\"nsv-table-cell is-nsv-table-column-scrolled-right nsv-table-cell--odd_row ns_font_details\" headers=\"nsvTableHeader-0.0\">\n<div class=\"ns_m_v_4 ns_p_h_3\">\n<p>ASUS | ROG Zephyrus | GX650PY-NM040W<\/p>\n<\/div>\n<\/td>\n<\/tr>\n<tr class=\"nsv-table-native-row isDraggable\" tabindex=\"-1\">\n<th id=\"nsvTableHeader-0.1\" class=\"nsv-table-cell is-header-cell is-nsv-table-column-scrolled-right nsv-table-cell--even_row nsv-keyvalue-table-header ns_font_title_7 specification-tab-key_column ns_font_title_7 ns_font_title_6 ns_p_v_4\" title=\"Product Type\" scope=\"row\">\n<div class=\"\">\n<div class=\"\">Produkti T\u00fc\u00fcp<\/div>\n<\/div>\n<\/th>\n<td class=\"nsv-table-cell is-nsv-table-column-scrolled-right nsv-table-cell--even_row ns_font_details\" headers=\"nsvTableHeader-0.1\">\n<div>\n<div class=\"ns_m_v_4 ns_p_h_3\">Notebook<\/div>\n<\/div>\n<\/td>\n<\/tr>\n<tr class=\"nsv-table-native-row isDraggable\" tabindex=\"-1\">\n<th id=\"nsvTableHeader-0.2\" class=\"nsv-table-cell is-header-cell is-nsv-table-column-scrolled-right nsv-table-cell--odd_row nsv-keyvalue-table-header ns_font_title_7 specification-tab-key_column ns_font_title_7 ns_font_title_6 ns_p_v_4\" title=\"Operating System\" scope=\"row\">\n<div class=\"\">\n<div class=\"\">OS<\/div>\n<\/div>\n<\/th>\n<td class=\"nsv-table-cell is-nsv-table-column-scrolled-right nsv-table-cell--odd_row ns_font_details\" headers=\"nsvTableHeader-0.2\">\n<div>\n<div class=\"ns_m_v_4 ns_p_h_3\">Windows 11 Home<\/div>\n<\/div>\n<\/td>\n<\/tr>\n<tr class=\"nsv-table-native-row isDraggable\" tabindex=\"-1\">\n<th id=\"nsvTableHeader-0.3\" class=\"nsv-table-cell is-header-cell is-nsv-table-column-scrolled-right nsv-table-cell--even_row nsv-keyvalue-table-header ns_font_title_7 specification-tab-key_column ns_font_title_7 ns_font_title_6 ns_p_v_4\" title=\"Processor\" scope=\"row\">\n<div class=\"\">\n<div class=\"\">Protsessor<\/div>\n<\/div>\n<\/th>\n<td class=\"nsv-table-cell is-nsv-table-column-scrolled-right nsv-table-cell--even_row ns_font_details\" headers=\"nsvTableHeader-0.3\">\n<div>\n<div class=\"ns_m_v_4 ns_p_h_3\">AMD Ryzen 9 7945HX, Up to 5.4 GHz<\/div>\n<\/div>\n<\/td>\n<\/tr>\n<tr class=\"nsv-table-native-row isDraggable\" tabindex=\"-1\">\n<th id=\"nsvTableHeader-0.4\" class=\"nsv-table-cell is-header-cell is-nsv-table-column-scrolled-right nsv-table-cell--odd_row nsv-keyvalue-table-header ns_font_title_7 specification-tab-key_column ns_font_title_7 ns_font_title_6 ns_p_v_4\" title=\"Memory\" scope=\"row\">\n<div class=\"\">\n<div class=\"\">M\u00e4lu<\/div>\n<\/div>\n<\/th>\n<td class=\"nsv-table-cell is-nsv-table-column-scrolled-right nsv-table-cell--odd_row ns_font_details\" headers=\"nsvTableHeader-0.4\">\n<div>\n<div class=\"ns_m_v_4 ns_p_h_3\">32 GB DDR5 (2 x 16 GB) 4800MHz<\/div>\n<\/div>\n<\/td>\n<\/tr>\n<tr class=\"nsv-table-native-row isDraggable\" tabindex=\"-1\">\n<th id=\"nsvTableHeader-0.5\" class=\"nsv-table-cell is-header-cell is-nsv-table-column-scrolled-right nsv-table-cell--even_row nsv-keyvalue-table-header ns_font_title_7 specification-tab-key_column ns_font_title_7 ns_font_title_6 ns_p_v_4\" title=\"Storage\" scope=\"row\">\n<div class=\"\">\n<div class=\"\">Salvestusruum<\/div>\n<\/div>\n<\/th>\n<td class=\"nsv-table-cell is-nsv-table-column-scrolled-right nsv-table-cell--even_row ns_font_details\" headers=\"nsvTableHeader-0.5\">\n<div>\n<div class=\"ns_m_v_4 ns_p_h_3\">2 TB SSD NVMe<\/div>\n<\/div>\n<\/td>\n<\/tr>\n<tr class=\"nsv-table-native-row isDraggable\" tabindex=\"-1\">\n<th id=\"nsvTableHeader-0.6\" class=\"nsv-table-cell is-header-cell is-nsv-table-column-scrolled-right nsv-table-cell--odd_row nsv-keyvalue-table-header ns_font_title_7 specification-tab-key_column ns_font_title_7 ns_font_title_6 ns_p_v_4\" title=\"Display\" scope=\"row\">\n<div class=\"\">\n<div class=\"\">Ekraan<\/div>\n<\/div>\n<\/th>\n<td class=\"nsv-table-cell is-nsv-table-column-scrolled-right nsv-table-cell--odd_row ns_font_details\" headers=\"nsvTableHeader-0.6\">\n<div>\n<div class=\"ns_m_v_4 ns_p_h_3\">16&#8243; 2560 x 1600 \/ 240 Hz<\/div>\n<\/div>\n<\/td>\n<\/tr>\n<tr class=\"nsv-table-native-row isDraggable\" tabindex=\"-1\">\n<th id=\"nsvTableHeader-0.7\" class=\"nsv-table-cell is-header-cell is-nsv-table-column-scrolled-right nsv-table-cell--even_row nsv-keyvalue-table-header ns_font_title_7 specification-tab-key_column ns_font_title_7 ns_font_title_6 ns_p_v_4\" title=\"Graphics\" scope=\"row\">\n<div class=\"\">\n<div class=\"\">Videokaart<\/div>\n<\/div>\n<\/th>\n<td class=\"nsv-table-cell is-nsv-table-column-scrolled-right nsv-table-cell--even_row ns_font_details\" headers=\"nsvTableHeader-0.7\">\n<div>\n<div class=\"ns_m_v_4 ns_p_h_3\">NVIDIA GeForce RTX 4090<\/div>\n<\/div>\n<\/td>\n<\/tr>\n<tr class=\"nsv-table-native-row isDraggable\" tabindex=\"-1\">\n<th id=\"nsvTableHeader-0.8\" class=\"nsv-table-cell is-header-cell is-nsv-table-column-scrolled-right nsv-table-cell--odd_row nsv-keyvalue-table-header ns_font_title_7 specification-tab-key_column ns_font_title_7 ns_font_title_6 ns_p_v_4\" title=\"Video Memory\" scope=\"row\">\n<div class=\"\">\n<div class=\"\">Video M\u00e4lu<\/div>\n<\/div>\n<\/th>\n<td class=\"nsv-table-cell is-nsv-table-column-scrolled-right nsv-table-cell--odd_row ns_font_details\" headers=\"nsvTableHeader-0.8\">\n<div>\n<div class=\"ns_m_v_4 ns_p_h_3\">16 GB GDDR6 SDRAM<\/div>\n<\/div>\n<\/td>\n<\/tr>\n<tr class=\"nsv-table-native-row isDraggable\" tabindex=\"-1\">\n<th id=\"nsvTableHeader-0.9\" class=\"nsv-table-cell is-header-cell is-nsv-table-column-scrolled-right nsv-table-cell--even_row nsv-keyvalue-table-header ns_font_title_7 specification-tab-key_column ns_font_title_7 ns_font_title_6 ns_p_v_4\" title=\"VR Ready\" scope=\"row\">\n<div class=\"\">\n<div class=\"\">VR Valmidus<\/div>\n<\/div>\n<\/th>\n<td class=\"nsv-table-cell is-nsv-table-column-scrolled-right nsv-table-cell--even_row ns_font_details\" headers=\"nsvTableHeader-0.9\">\n<div class=\"ns_m_v_4 ns_p_h_3\">Ja<\/div>\n<\/td>\n<\/tr>\n<tr class=\"nsv-table-native-row isDraggable\" tabindex=\"-1\">\n<th id=\"nsvTableHeader-0.10\" class=\"nsv-table-cell is-header-cell is-nsv-table-column-scrolled-right nsv-table-cell--odd_row nsv-keyvalue-table-header ns_font_title_7 specification-tab-key_column ns_font_title_7 ns_font_title_6 ns_p_v_4\" title=\"Keyboard\" scope=\"row\">\n<div class=\"\">\n<div class=\"\">Klaviatuur<\/div>\n<\/div>\n<\/th>\n<td class=\"nsv-table-cell is-nsv-table-column-scrolled-right nsv-table-cell--odd_row ns_font_details\" headers=\"nsvTableHeader-0.10\">\n<div>\n<div class=\"ns_m_v_4 ns_p_h_3\">ENG<\/div>\n<\/div>\n<\/td>\n<\/tr>\n<tr class=\"nsv-table-native-row isDraggable\" tabindex=\"-1\">\n<th id=\"nsvTableHeader-0.11\" class=\"nsv-table-cell is-header-cell is-nsv-table-column-scrolled-right nsv-table-cell--even_row nsv-keyvalue-table-header ns_font_title_7 specification-tab-key_column ns_font_title_7 ns_font_title_6 ns_p_v_4\" title=\"Keyboard Backlight\" scope=\"row\">\n<div class=\"\">\n<div class=\"\">Klaviatuuri valgus<\/div>\n<\/div>\n<\/th>\n<td class=\"nsv-table-cell is-nsv-table-column-scrolled-right nsv-table-cell--even_row ns_font_details\" headers=\"nsvTableHeader-0.11\">\n<div class=\"ns_m_v_4 ns_p_h_3\">Ja<\/div>\n<\/td>\n<\/tr>\n<tr class=\"nsv-table-native-row isDraggable\" tabindex=\"-1\">\n<th id=\"nsvTableHeader-0.12\" class=\"nsv-table-cell is-header-cell is-nsv-table-column-scrolled-right nsv-table-cell--odd_row nsv-keyvalue-table-header ns_font_title_7 specification-tab-key_column ns_font_title_7 ns_font_title_6 ns_p_v_4\" title=\"Numeric Keypad\" scope=\"row\">\n<div class=\"\">\n<div class=\"\">Numbriklahvistik<\/div>\n<\/div>\n<\/th>\n<td class=\"nsv-table-cell is-nsv-table-column-scrolled-right nsv-table-cell--odd_row ns_font_details\" headers=\"nsvTableHeader-0.12\">\n<div class=\"ns_m_v_4 ns_p_h_3\">Ja<\/div>\n<\/td>\n<\/tr>\n<tr class=\"nsv-table-native-row isDraggable\" tabindex=\"-1\">\n<th id=\"nsvTableHeader-0.13\" class=\"nsv-table-cell is-header-cell is-nsv-table-column-scrolled-right nsv-table-cell--even_row nsv-keyvalue-table-header ns_font_title_7 specification-tab-key_column ns_font_title_7 ns_font_title_6 ns_p_v_4\" title=\"Integrated Webcam\" scope=\"row\">\n<div class=\"\">\n<div class=\"\">Integreeritud Kaamera<\/div>\n<\/div>\n<\/th>\n<td class=\"nsv-table-cell is-nsv-table-column-scrolled-right nsv-table-cell--even_row ns_font_details\" headers=\"nsvTableHeader-0.13\">\n<div class=\"ns_m_v_4 ns_p_h_3\">Ja<\/div>\n<\/td>\n<\/tr>\n<tr class=\"nsv-table-native-row isDraggable\" tabindex=\"-1\">\n<th id=\"nsvTableHeader-0.14\" class=\"nsv-table-cell is-header-cell is-nsv-table-column-scrolled-right nsv-table-cell--odd_row nsv-keyvalue-table-header ns_font_title_7 specification-tab-key_column ns_font_title_7 ns_font_title_6 ns_p_v_4\" title=\"Networking\" scope=\"row\">\n<div class=\"\">\n<div class=\"\">V\u00f5rgu\u00fchendus<\/div>\n<\/div>\n<\/th>\n<td class=\"nsv-table-cell is-nsv-table-column-scrolled-right nsv-table-cell--odd_row ns_font_details\" headers=\"nsvTableHeader-0.14\">\n<div>\n<div class=\"ns_m_v_4 ns_p_h_3\">802.11a\/b\/g\/n\/ac\/ax, Bluetooth 5.1, Gigabit Ethernet<\/div>\n<\/div>\n<\/td>\n<\/tr>\n<tr class=\"nsv-table-native-row isDraggable\" tabindex=\"-1\">\n<th id=\"nsvTableHeader-0.15\" class=\"nsv-table-cell is-header-cell is-nsv-table-column-scrolled-right nsv-table-cell--even_row nsv-keyvalue-table-header ns_font_title_7 specification-tab-key_column ns_font_title_7 ns_font_title_6 ns_p_v_4\" title=\"Battery\" scope=\"row\">\n<div class=\"\">\n<div class=\"\">Aku<\/div>\n<\/div>\n<\/th>\n<td class=\"nsv-table-cell is-nsv-table-column-scrolled-right nsv-table-cell--even_row ns_font_details\" headers=\"nsvTableHeader-0.15\">\n<div class=\"ns_m_v_4 ns_p_h_3\">Kuni 7.8 tundi<\/div>\n<\/td>\n<\/tr>\n<tr class=\"nsv-table-native-row isDraggable\" tabindex=\"-1\">\n<th id=\"nsvTableHeader-0.16\" class=\"nsv-table-cell is-header-cell is-nsv-table-column-scrolled-right nsv-table-cell--odd_row nsv-keyvalue-table-header ns_font_title_7 specification-tab-key_column ns_font_title_7 ns_font_title_6 ns_p_v_4\" title=\"Security\" scope=\"row\">\n<div class=\"\">\n<div class=\"\">Kaitse<\/div>\n<\/div>\n<\/th>\n<td class=\"nsv-table-cell is-nsv-table-column-scrolled-right nsv-table-cell--odd_row ns_font_details\" headers=\"nsvTableHeader-0.16\">\n<div>\n<div class=\"ns_m_v_4 ns_p_h_3\">Firmware Trusted Platform Module (TPM 2.0) Security Chip<\/div>\n<\/div>\n<\/td>\n<\/tr>\n<tr class=\"nsv-table-native-row isDraggable\" tabindex=\"-1\">\n<th id=\"nsvTableHeader-0.17\" class=\"nsv-table-cell is-header-cell is-nsv-table-column-scrolled-right nsv-table-cell--even_row nsv-keyvalue-table-header ns_font_title_7 specification-tab-key_column ns_font_title_7 ns_font_title_6 ns_p_v_4\" title=\"Colour\" scope=\"row\">\n<div class=\"\">\n<div class=\"\">V\u00e4rv<\/div>\n<\/div>\n<\/th>\n<td class=\"nsv-table-cell is-nsv-table-column-scrolled-right nsv-table-cell--even_row ns_font_details\" headers=\"nsvTableHeader-0.17\">\n<div>\n<div class=\"ns_m_v_4 ns_p_h_3\">Storm Grey<\/div>\n<\/div>\n<\/td>\n<\/tr>\n<tr class=\"nsv-table-native-row isDraggable\" tabindex=\"-1\">\n<th id=\"nsvTableHeader-0.18\" class=\"nsv-table-cell is-header-cell is-nsv-table-column-scrolled-right nsv-table-cell--odd_row nsv-keyvalue-table-header ns_font_title_7 specification-tab-key_column ns_font_title_7 ns_font_title_6 ns_p_v_4\" title=\"Dimensions (WxDxH)\" scope=\"row\">\n<div class=\"\">\n<div class=\"\">Suurus<\/div>\n<\/div>\n<\/th>\n<td class=\"nsv-table-cell is-nsv-table-column-scrolled-right nsv-table-cell--odd_row ns_font_details\" headers=\"nsvTableHeader-0.18\">\n<div>\n<div class=\"ns_m_v_4 ns_p_h_3\">35.5 cm x 26.6 cm x 2.97 cm<\/div>\n<\/div>\n<\/td>\n<\/tr>\n<tr class=\"nsv-table-native-row isDraggable\" tabindex=\"-1\">\n<th id=\"nsvTableHeader-0.19\" class=\"nsv-table-cell is-header-cell is-nsv-table-column-scrolled-right nsv-table-cell--even_row nsv-keyvalue-table-header ns_font_title_7 specification-tab-key_column ns_font_title_7 ns_font_title_6 ns_p_v_4\" title=\"Weight\" scope=\"row\">\n<div class=\"\">\n<div class=\"\">Kaal<\/div>\n<\/div>\n<\/th>\n<td class=\"nsv-table-cell is-nsv-table-column-scrolled-right nsv-table-cell--even_row ns_font_details\" headers=\"nsvTableHeader-0.19\">\n<div>\n<div class=\"ns_m_v_4 ns_p_h_3\">2.55 kg<\/div>\n<\/div>\n<\/td>\n<\/tr>\n<\/tbody>\n<\/table>\n","protected":false},"excerpt":{"rendered":"<p>ASUS ROG Zephyrus on \u00fcliv\u00f5imas s\u00fclearvuti, mis on loodud m\u00e4nguritele ja loomet\u00f6\u00f6ks. 16-tolline 2560&#215;1600 240Hz sujuv mini-LED ekraan. Innovaatiline NumberPad tagab erakordse sujuvuse ja kasutusmugavuse. Sobib ideaalselt nii n\u00f5udlikeks m\u00e4ngudeks kui ka t\u00f5sisteks t\u00f6\u00f6\u00fclesanneteks.<\/p>\n","protected":false},"featured_media":13802,"template":"","meta":{"_acf_changed":false},"product_brand":[],"product_cat":[286],"product_tag":[],"class_list":{"0":"post-12159","1":"product","2":"type-product","3":"status-publish","4":"has-post-thumbnail","6":"product_cat-laptops","7":"pa_suurus-16-en","9":"first","10":"instock","11":"sale","12":"taxable","13":"shipping-taxable","14":"purchasable","15":"product-type-simple"},"acf":[],"yoast_head":"<!-- This site is optimized with the Yoast SEO plugin v25.3.1 - https:\/\/yoast.com\/wordpress\/plugins\/seo\/ -->\n<title>ASUS ROG Zephyrus 16&quot; - Arvutipunkt - Parim valik m\u00e4nguri s\u00fclearvutid ja m\u00e4nguarvutid<\/title>\n<meta name=\"description\" content=\"ASUS ROG Zephyrus 16 koos Ryzen 9 7945HX protsessori ja RTX 4090 graafikakaardiga. 32GB DDR5 RAM, 2TB SSD ning Windows 11 Home tagavad tippj\u00f5udluse!\" \/>\n<meta name=\"robots\" content=\"index, follow, max-snippet:-1, max-image-preview:large, max-video-preview:-1\" \/>\n<link rel=\"canonical\" href=\"https:\/\/arvutipunkt.ee\/en\/pood\/laptops\/asus-rog-zephyrus-16-rtx4090-32gb-2tb\/\" \/>\n<meta property=\"og:locale\" content=\"en_US\" \/>\n<meta property=\"og:type\" content=\"article\" \/>\n<meta property=\"og:title\" content=\"ASUS ROG Zephyrus 16&quot; - Arvutipunkt - Parim valik m\u00e4nguri s\u00fclearvutid ja m\u00e4nguarvutid\" \/>\n<meta property=\"og:description\" content=\"ASUS ROG Zephyrus 16 koos Ryzen 9 7945HX protsessori ja RTX 4090 graafikakaardiga. 32GB DDR5 RAM, 2TB SSD ning Windows 11 Home tagavad tippj\u00f5udluse!\" \/>\n<meta property=\"og:url\" content=\"https:\/\/arvutipunkt.ee\/en\/pood\/laptops\/asus-rog-zephyrus-16-rtx4090-32gb-2tb\/\" \/>\n<meta property=\"og:site_name\" content=\"Arvutipunkt - Parim valik m\u00e4nguri s\u00fclearvutid ja m\u00e4nguarvutid\" \/>\n<meta property=\"article:modified_time\" content=\"2025-01-16T14:35:42+00:00\" \/>\n<meta property=\"og:image\" content=\"https:\/\/arvutipunkt.ee\/wp-content\/uploads\/2024\/02\/asus-rog-zephyrus-1.jpg\" \/>\n\t<meta property=\"og:image:width\" content=\"1080\" \/>\n\t<meta property=\"og:image:height\" content=\"1080\" \/>\n\t<meta property=\"og:image:type\" content=\"image\/jpeg\" \/>\n<meta name=\"twitter:card\" content=\"summary_large_image\" \/>\n<script type=\"application\/ld+json\" class=\"yoast-schema-graph\">{\"@context\":\"https:\/\/schema.org\",\"@graph\":[{\"@type\":\"WebPage\",\"@id\":\"https:\/\/arvutipunkt.ee\/en\/pood\/laptops\/asus-rog-zephyrus-16-rtx4090-32gb-2tb\/\",\"url\":\"https:\/\/arvutipunkt.ee\/en\/pood\/laptops\/asus-rog-zephyrus-16-rtx4090-32gb-2tb\/\",\"name\":\"ASUS ROG Zephyrus 16\\\" - Arvutipunkt - Parim valik m\u00e4nguri s\u00fclearvutid ja m\u00e4nguarvutid\",\"isPartOf\":{\"@id\":\"https:\/\/arvutipunkt.ee\/en\/#website\"},\"primaryImageOfPage\":{\"@id\":\"https:\/\/arvutipunkt.ee\/en\/pood\/laptops\/asus-rog-zephyrus-16-rtx4090-32gb-2tb\/#primaryimage\"},\"image\":{\"@id\":\"https:\/\/arvutipunkt.ee\/en\/pood\/laptops\/asus-rog-zephyrus-16-rtx4090-32gb-2tb\/#primaryimage\"},\"thumbnailUrl\":\"https:\/\/arvutipunkt.ee\/wp-content\/uploads\/2024\/02\/asus-rog-zephyrus-1.jpg\",\"datePublished\":\"2024-02-12T17:03:31+00:00\",\"dateModified\":\"2025-01-16T14:35:42+00:00\",\"description\":\"ASUS ROG Zephyrus 16 koos Ryzen 9 7945HX protsessori ja RTX 4090 graafikakaardiga. 32GB DDR5 RAM, 2TB SSD ning Windows 11 Home tagavad tippj\u00f5udluse!\",\"breadcrumb\":{\"@id\":\"https:\/\/arvutipunkt.ee\/en\/pood\/laptops\/asus-rog-zephyrus-16-rtx4090-32gb-2tb\/#breadcrumb\"},\"inLanguage\":\"en-US\",\"potentialAction\":[{\"@type\":\"ReadAction\",\"target\":[\"https:\/\/arvutipunkt.ee\/en\/pood\/laptops\/asus-rog-zephyrus-16-rtx4090-32gb-2tb\/\"]}]},{\"@type\":\"ImageObject\",\"inLanguage\":\"en-US\",\"@id\":\"https:\/\/arvutipunkt.ee\/en\/pood\/laptops\/asus-rog-zephyrus-16-rtx4090-32gb-2tb\/#primaryimage\",\"url\":\"https:\/\/arvutipunkt.ee\/wp-content\/uploads\/2024\/02\/asus-rog-zephyrus-1.jpg\",\"contentUrl\":\"https:\/\/arvutipunkt.ee\/wp-content\/uploads\/2024\/02\/asus-rog-zephyrus-1.jpg\",\"width\":1080,\"height\":1080},{\"@type\":\"BreadcrumbList\",\"@id\":\"https:\/\/arvutipunkt.ee\/en\/pood\/laptops\/asus-rog-zephyrus-16-rtx4090-32gb-2tb\/#breadcrumb\",\"itemListElement\":[{\"@type\":\"ListItem\",\"position\":1,\"name\":\"Home\",\"item\":\"https:\/\/arvutipunkt.ee\/en\/\"},{\"@type\":\"ListItem\",\"position\":2,\"name\":\"Shop\",\"item\":\"https:\/\/arvutipunkt.ee\/en\/shop\/\"},{\"@type\":\"ListItem\",\"position\":3,\"name\":\"ASUS ROG Zephyrus 16&#8243;\"}]},{\"@type\":\"WebSite\",\"@id\":\"https:\/\/arvutipunkt.ee\/en\/#website\",\"url\":\"https:\/\/arvutipunkt.ee\/en\/\",\"name\":\"Arvutipunkt - Parim valik m\u00e4nguri s\u00fclearvutid ja m\u00e4nguarvutid\",\"description\":\"Avar valik m\u00e4nguri s\u00fclearvutid ja m\u00e4nguarvutid. Parimad gaming PC-d, m\u00e4nguri komplektid ja t\u00f6\u00f6jaamad. Lauaarvutite komplekteerimine vastavalt kliendi soovile.\",\"publisher\":{\"@id\":\"https:\/\/arvutipunkt.ee\/en\/#organization\"},\"potentialAction\":[{\"@type\":\"SearchAction\",\"target\":{\"@type\":\"EntryPoint\",\"urlTemplate\":\"https:\/\/arvutipunkt.ee\/en\/?s={search_term_string}\"},\"query-input\":{\"@type\":\"PropertyValueSpecification\",\"valueRequired\":true,\"valueName\":\"search_term_string\"}}],\"inLanguage\":\"en-US\"},{\"@type\":\"Organization\",\"@id\":\"https:\/\/arvutipunkt.ee\/en\/#organization\",\"name\":\"Arvutipunkt - Parim valik m\u00e4nguri s\u00fclearvutid ja m\u00e4nguarvutid\",\"url\":\"https:\/\/arvutipunkt.ee\/en\/\",\"logo\":{\"@type\":\"ImageObject\",\"inLanguage\":\"en-US\",\"@id\":\"https:\/\/arvutipunkt.ee\/en\/#\/schema\/logo\/image\/\",\"url\":\"https:\/\/arvutipunkt.ee\/wp-content\/uploads\/2023\/12\/cropped-ARVUTIPUNKT_LOGO_FINALE-2048x190-1.png\",\"contentUrl\":\"https:\/\/arvutipunkt.ee\/wp-content\/uploads\/2023\/12\/cropped-ARVUTIPUNKT_LOGO_FINALE-2048x190-1.png\",\"width\":2048,\"height\":190,\"caption\":\"Arvutipunkt - Parim valik m\u00e4nguri s\u00fclearvutid ja m\u00e4nguarvutid\"},\"image\":{\"@id\":\"https:\/\/arvutipunkt.ee\/en\/#\/schema\/logo\/image\/\"}}]}<\/script>\n<!-- \/ Yoast SEO plugin. -->","yoast_head_json":{"title":"ASUS ROG Zephyrus 16\" - Arvutipunkt - Parim valik m\u00e4nguri s\u00fclearvutid ja m\u00e4nguarvutid","description":"ASUS ROG Zephyrus 16 koos Ryzen 9 7945HX protsessori ja RTX 4090 graafikakaardiga. 32GB DDR5 RAM, 2TB SSD ning Windows 11 Home tagavad tippj\u00f5udluse!","robots":{"index":"index","follow":"follow","max-snippet":"max-snippet:-1","max-image-preview":"max-image-preview:large","max-video-preview":"max-video-preview:-1"},"canonical":"https:\/\/arvutipunkt.ee\/en\/pood\/laptops\/asus-rog-zephyrus-16-rtx4090-32gb-2tb\/","og_locale":"en_US","og_type":"article","og_title":"ASUS ROG Zephyrus 16\" - Arvutipunkt - Parim valik m\u00e4nguri s\u00fclearvutid ja m\u00e4nguarvutid","og_description":"ASUS ROG Zephyrus 16 koos Ryzen 9 7945HX protsessori ja RTX 4090 graafikakaardiga. 32GB DDR5 RAM, 2TB SSD ning Windows 11 Home tagavad tippj\u00f5udluse!","og_url":"https:\/\/arvutipunkt.ee\/en\/pood\/laptops\/asus-rog-zephyrus-16-rtx4090-32gb-2tb\/","og_site_name":"Arvutipunkt - Parim valik m\u00e4nguri s\u00fclearvutid ja m\u00e4nguarvutid","article_modified_time":"2025-01-16T14:35:42+00:00","og_image":[{"width":1080,"height":1080,"url":"https:\/\/arvutipunkt.ee\/wp-content\/uploads\/2024\/02\/asus-rog-zephyrus-1.jpg","type":"image\/jpeg"}],"twitter_card":"summary_large_image","schema":{"@context":"https:\/\/schema.org","@graph":[{"@type":"WebPage","@id":"https:\/\/arvutipunkt.ee\/en\/pood\/laptops\/asus-rog-zephyrus-16-rtx4090-32gb-2tb\/","url":"https:\/\/arvutipunkt.ee\/en\/pood\/laptops\/asus-rog-zephyrus-16-rtx4090-32gb-2tb\/","name":"ASUS ROG Zephyrus 16\" - Arvutipunkt - Parim valik m\u00e4nguri s\u00fclearvutid ja m\u00e4nguarvutid","isPartOf":{"@id":"https:\/\/arvutipunkt.ee\/en\/#website"},"primaryImageOfPage":{"@id":"https:\/\/arvutipunkt.ee\/en\/pood\/laptops\/asus-rog-zephyrus-16-rtx4090-32gb-2tb\/#primaryimage"},"image":{"@id":"https:\/\/arvutipunkt.ee\/en\/pood\/laptops\/asus-rog-zephyrus-16-rtx4090-32gb-2tb\/#primaryimage"},"thumbnailUrl":"https:\/\/arvutipunkt.ee\/wp-content\/uploads\/2024\/02\/asus-rog-zephyrus-1.jpg","datePublished":"2024-02-12T17:03:31+00:00","dateModified":"2025-01-16T14:35:42+00:00","description":"ASUS ROG Zephyrus 16 koos Ryzen 9 7945HX protsessori ja RTX 4090 graafikakaardiga. 32GB DDR5 RAM, 2TB SSD ning Windows 11 Home tagavad tippj\u00f5udluse!","breadcrumb":{"@id":"https:\/\/arvutipunkt.ee\/en\/pood\/laptops\/asus-rog-zephyrus-16-rtx4090-32gb-2tb\/#breadcrumb"},"inLanguage":"en-US","potentialAction":[{"@type":"ReadAction","target":["https:\/\/arvutipunkt.ee\/en\/pood\/laptops\/asus-rog-zephyrus-16-rtx4090-32gb-2tb\/"]}]},{"@type":"ImageObject","inLanguage":"en-US","@id":"https:\/\/arvutipunkt.ee\/en\/pood\/laptops\/asus-rog-zephyrus-16-rtx4090-32gb-2tb\/#primaryimage","url":"https:\/\/arvutipunkt.ee\/wp-content\/uploads\/2024\/02\/asus-rog-zephyrus-1.jpg","contentUrl":"https:\/\/arvutipunkt.ee\/wp-content\/uploads\/2024\/02\/asus-rog-zephyrus-1.jpg","width":1080,"height":1080},{"@type":"BreadcrumbList","@id":"https:\/\/arvutipunkt.ee\/en\/pood\/laptops\/asus-rog-zephyrus-16-rtx4090-32gb-2tb\/#breadcrumb","itemListElement":[{"@type":"ListItem","position":1,"name":"Home","item":"https:\/\/arvutipunkt.ee\/en\/"},{"@type":"ListItem","position":2,"name":"Shop","item":"https:\/\/arvutipunkt.ee\/en\/shop\/"},{"@type":"ListItem","position":3,"name":"ASUS ROG Zephyrus 16&#8243;"}]},{"@type":"WebSite","@id":"https:\/\/arvutipunkt.ee\/en\/#website","url":"https:\/\/arvutipunkt.ee\/en\/","name":"Arvutipunkt - Parim valik m\u00e4nguri s\u00fclearvutid ja m\u00e4nguarvutid","description":"Avar valik m\u00e4nguri s\u00fclearvutid ja m\u00e4nguarvutid. Parimad gaming PC-d, m\u00e4nguri komplektid ja t\u00f6\u00f6jaamad. Lauaarvutite komplekteerimine vastavalt kliendi soovile.","publisher":{"@id":"https:\/\/arvutipunkt.ee\/en\/#organization"},"potentialAction":[{"@type":"SearchAction","target":{"@type":"EntryPoint","urlTemplate":"https:\/\/arvutipunkt.ee\/en\/?s={search_term_string}"},"query-input":{"@type":"PropertyValueSpecification","valueRequired":true,"valueName":"search_term_string"}}],"inLanguage":"en-US"},{"@type":"Organization","@id":"https:\/\/arvutipunkt.ee\/en\/#organization","name":"Arvutipunkt - Parim valik m\u00e4nguri s\u00fclearvutid ja m\u00e4nguarvutid","url":"https:\/\/arvutipunkt.ee\/en\/","logo":{"@type":"ImageObject","inLanguage":"en-US","@id":"https:\/\/arvutipunkt.ee\/en\/#\/schema\/logo\/image\/","url":"https:\/\/arvutipunkt.ee\/wp-content\/uploads\/2023\/12\/cropped-ARVUTIPUNKT_LOGO_FINALE-2048x190-1.png","contentUrl":"https:\/\/arvutipunkt.ee\/wp-content\/uploads\/2023\/12\/cropped-ARVUTIPUNKT_LOGO_FINALE-2048x190-1.png","width":2048,"height":190,"caption":"Arvutipunkt - Parim valik m\u00e4nguri s\u00fclearvutid ja m\u00e4nguarvutid"},"image":{"@id":"https:\/\/arvutipunkt.ee\/en\/#\/schema\/logo\/image\/"}}]}},"_links":{"self":[{"href":"https:\/\/arvutipunkt.ee\/en\/wp-json\/wp\/v2\/product\/12159","targetHints":{"allow":["GET"]}}],"collection":[{"href":"https:\/\/arvutipunkt.ee\/en\/wp-json\/wp\/v2\/product"}],"about":[{"href":"https:\/\/arvutipunkt.ee\/en\/wp-json\/wp\/v2\/types\/product"}],"version-history":[{"count":3,"href":"https:\/\/arvutipunkt.ee\/en\/wp-json\/wp\/v2\/product\/12159\/revisions"}],"predecessor-version":[{"id":13661,"href":"https:\/\/arvutipunkt.ee\/en\/wp-json\/wp\/v2\/product\/12159\/revisions\/13661"}],"wp:featuredmedia":[{"embeddable":true,"href":"https:\/\/arvutipunkt.ee\/en\/wp-json\/wp\/v2\/media\/13802"}],"wp:attachment":[{"href":"https:\/\/arvutipunkt.ee\/en\/wp-json\/wp\/v2\/media?parent=12159"}],"wp:term":[{"taxonomy":"product_brand","embeddable":true,"href":"https:\/\/arvutipunkt.ee\/en\/wp-json\/wp\/v2\/product_brand?post=12159"},{"taxonomy":"product_cat","embeddable":true,"href":"https:\/\/arvutipunkt.ee\/en\/wp-json\/wp\/v2\/product_cat?post=12159"},{"taxonomy":"product_tag","embeddable":true,"href":"https:\/\/arvutipunkt.ee\/en\/wp-json\/wp\/v2\/product_tag?post=12159"}],"curies":[{"name":"wp","href":"https:\/\/api.w.org\/{rel}","templated":true}]}}