{"id":12135,"date":"2024-02-14T17:08:00","date_gmt":"2024-02-14T15:08:00","guid":{"rendered":"https:\/\/arvutipunkt.ee\/pood\/uncategorized\/argon-ar-intel-i5-14600kf-rtx-4070-super-12gb-32gb-ddr5-1tb-nvme\/"},"modified":"2024-02-14T17:08:00","modified_gmt":"2024-02-14T15:08:00","slug":"argon-ar-intel-i5-14600kf-rtx-4070-super-12gb-32gb-ddr5-1tb-nvme","status":"publish","type":"product","link":"https:\/\/arvutipunkt.ee\/en\/pood\/gaming-computers\/for-professionals\/argon-ar-intel-i5-14600kf-rtx-4070-super-12gb-32gb-ddr5-1tb-nvme\/","title":{"rendered":"Argon (Ar)  | INTEL I5 14600KF | RTX 4070 Super 12GB | 32GB DDR5 | 1TB NVME"},"content":{"rendered":"<table dir=\"ltr\" style=\"height: 198px;\" border=\"1\" width=\"648\" cellspacing=\"0\" cellpadding=\"0\" data-sheets-root=\"1\">\n<colgroup>\n<col width=\"100\" \/><\/colgroup>\n<tbody>\n<tr>\n<td data-sheets-value=\"{&quot;1&quot;:2,&quot;2&quot;:&quot;1. Intel\u00ae Core\u2122 i5 14600KF 14-Core, 20-Thread, up to 5.3 GHz&quot;}\">\n<div>\n<div>1. Intel\u00ae Core\u2122 i5 14600KF 14-Core, 20-Thread, up to 5.3 GHz<\/div>\n<\/div>\n<\/td>\n<\/tr>\n<tr>\n<td data-sheets-value=\"{&quot;1&quot;:2,&quot;2&quot;:&quot;2. MB (Intel B760 chipset)&quot;}\">\n<div>\n<div>2. MB (Intel B760 chipset)<\/div>\n<\/div>\n<\/td>\n<\/tr>\n<tr>\n<td data-sheets-value=\"{&quot;1&quot;:2,&quot;2&quot;:&quot;3. 32GB DDR5 RAM 6000Mhz&quot;}\">\n<div>\n<div>3. 32GB DDR5 RAM 6000Mhz<\/div>\n<\/div>\n<\/td>\n<\/tr>\n<tr>\n<td data-sheets-value=\"{&quot;1&quot;:2,&quot;2&quot;:&quot;4. 1TB SSD NVMe &quot;}\">4. 1TB SSD NVMe<\/td>\n<\/tr>\n<tr>\n<td data-sheets-value=\"{&quot;1&quot;:2,&quot;2&quot;:&quot;5. NVIDIA GeForce RTX\u2122 4070 SUPER 12GB GDDR6&quot;}\">\n<div>\n<div>5. NVIDIA GeForce RTX\u2122 4070 SUPER 12GB GDDR6<\/div>\n<\/div>\n<\/td>\n<\/tr>\n<tr>\n<td data-sheets-value=\"{&quot;1&quot;:2,&quot;2&quot;:&quot;6. ATX Case + PSU 750W &quot;}\">\n<div>\n<div>6. ATX Case + PSU 750W<\/div>\n<\/div>\n<\/td>\n<\/tr>\n<tr>\n<td data-sheets-value=\"{&quot;1&quot;:2,&quot;2&quot;:&quot;7. Windows 11 PRO license&quot;}\">\n<div>\n<div>7. Windows 11 PRO license<\/div>\n<\/div>\n<\/td>\n<\/tr>\n<\/tbody>\n<\/table>\n<p><em>Toote pildid on illustratiivsed ja n\u00e4itlikud. Originaaltoote omadused v\u00f5ivad nende tegelikust v\u00e4ljan\u00e4gemisest erineda, seega palun tutvuge tootekirjelduses toodud tootespetsifikatsioonidega.<\/em><\/p>\n<div class=\"elementor-column elementor-col-50 elementor-top-column elementor-element elementor-element-1560502 wd-elementor-sticky-column wd_sticky_offset_150\" data-id=\"1560502\" data-element_type=\"column\" data-settings=\"{&quot;background_background&quot;:&quot;classic&quot;}\">\n<div class=\"elementor-widget-wrap elementor-element-populated\">\n<section class=\"wd-negative-gap elementor-section elementor-inner-section elementor-element elementor-element-df8339e elementor-section-boxed elementor-section-height-default elementor-section-height-default wd-section-disabled\" data-id=\"df8339e\" data-element_type=\"section\" data-settings=\"{&quot;background_background&quot;:&quot;classic&quot;}\">\n<div class=\"elementor-container elementor-column-gap-default\"><\/div>\n<\/section>\n<\/div>\n<\/div>\n","protected":false},"excerpt":{"rendered":"<p><span data-sheets-root=\"1\" data-sheets-value=\"{&quot;1&quot;:2,&quot;2&quot;:&quot;Argon (Ar) - Stable and strong, perfect for advanced multitasking.&quot;}\" data-sheets-userformat=\"{&quot;2&quot;:513,&quot;3&quot;:{&quot;1&quot;:0},&quot;12&quot;:0}\">Argon (Ar) &#8211; Stable and strong, perfect for advanced multitasking.<\/span><\/p>\n","protected":false},"featured_media":11741,"template":"","meta":{"_acf_changed":false},"product_brand":[],"product_cat":[282,275],"product_tag":[],"class_list":{"0":"post-12135","1":"product","2":"type-product","3":"status-publish","4":"has-post-thumbnail","6":"product_cat-for-professionals","7":"product_cat-gaming-computers","9":"first","10":"instock","11":"taxable","12":"shipping-taxable","13":"purchasable","14":"product-type-simple"},"acf":[],"yoast_head":"<!-- This site is optimized with the Yoast SEO plugin v25.3.1 - https:\/\/yoast.com\/wordpress\/plugins\/seo\/ -->\n<title>Argon (Ar) | INTEL I5 14600KF | RTX 4070 Super 12GB | 32GB DDR5 | 1TB NVME - Arvutipunkt - Parim valik m\u00e4nguri s\u00fclearvutid ja m\u00e4nguarvutid<\/title>\n<meta name=\"robots\" content=\"index, follow, max-snippet:-1, max-image-preview:large, max-video-preview:-1\" \/>\n<link rel=\"canonical\" href=\"https:\/\/arvutipunkt.ee\/en\/pood\/gaming-computers\/for-professionals\/argon-ar-intel-i5-14600kf-rtx-4070-super-12gb-32gb-ddr5-1tb-nvme\/\" \/>\n<meta property=\"og:locale\" content=\"en_US\" \/>\n<meta property=\"og:type\" content=\"article\" \/>\n<meta property=\"og:title\" content=\"Argon (Ar) | INTEL I5 14600KF | RTX 4070 Super 12GB | 32GB DDR5 | 1TB NVME - Arvutipunkt - Parim valik m\u00e4nguri s\u00fclearvutid ja m\u00e4nguarvutid\" \/>\n<meta property=\"og:description\" content=\"Argon (Ar) - Stable and strong, perfect for advanced multitasking.\" \/>\n<meta property=\"og:url\" content=\"https:\/\/arvutipunkt.ee\/en\/pood\/gaming-computers\/for-professionals\/argon-ar-intel-i5-14600kf-rtx-4070-super-12gb-32gb-ddr5-1tb-nvme\/\" \/>\n<meta property=\"og:site_name\" content=\"Arvutipunkt - Parim valik m\u00e4nguri s\u00fclearvutid ja m\u00e4nguarvutid\" \/>\n<meta property=\"og:image\" content=\"https:\/\/arvutipunkt.ee\/wp-content\/uploads\/2024\/02\/oige14.jpg\" \/>\n\t<meta property=\"og:image:width\" content=\"800\" \/>\n\t<meta property=\"og:image:height\" content=\"800\" \/>\n\t<meta property=\"og:image:type\" content=\"image\/jpeg\" \/>\n<meta name=\"twitter:card\" content=\"summary_large_image\" \/>\n<script type=\"application\/ld+json\" class=\"yoast-schema-graph\">{\"@context\":\"https:\/\/schema.org\",\"@graph\":[{\"@type\":\"WebPage\",\"@id\":\"https:\/\/arvutipunkt.ee\/en\/pood\/gaming-computers\/for-professionals\/argon-ar-intel-i5-14600kf-rtx-4070-super-12gb-32gb-ddr5-1tb-nvme\/\",\"url\":\"https:\/\/arvutipunkt.ee\/en\/pood\/gaming-computers\/for-professionals\/argon-ar-intel-i5-14600kf-rtx-4070-super-12gb-32gb-ddr5-1tb-nvme\/\",\"name\":\"Argon (Ar) | INTEL I5 14600KF | RTX 4070 Super 12GB | 32GB DDR5 | 1TB NVME - Arvutipunkt - Parim valik m\u00e4nguri s\u00fclearvutid ja m\u00e4nguarvutid\",\"isPartOf\":{\"@id\":\"https:\/\/arvutipunkt.ee\/en\/#website\"},\"primaryImageOfPage\":{\"@id\":\"https:\/\/arvutipunkt.ee\/en\/pood\/gaming-computers\/for-professionals\/argon-ar-intel-i5-14600kf-rtx-4070-super-12gb-32gb-ddr5-1tb-nvme\/#primaryimage\"},\"image\":{\"@id\":\"https:\/\/arvutipunkt.ee\/en\/pood\/gaming-computers\/for-professionals\/argon-ar-intel-i5-14600kf-rtx-4070-super-12gb-32gb-ddr5-1tb-nvme\/#primaryimage\"},\"thumbnailUrl\":\"https:\/\/arvutipunkt.ee\/wp-content\/uploads\/2024\/02\/oige14.jpg\",\"datePublished\":\"2024-02-14T15:08:00+00:00\",\"breadcrumb\":{\"@id\":\"https:\/\/arvutipunkt.ee\/en\/pood\/gaming-computers\/for-professionals\/argon-ar-intel-i5-14600kf-rtx-4070-super-12gb-32gb-ddr5-1tb-nvme\/#breadcrumb\"},\"inLanguage\":\"en-US\",\"potentialAction\":[{\"@type\":\"ReadAction\",\"target\":[\"https:\/\/arvutipunkt.ee\/en\/pood\/gaming-computers\/for-professionals\/argon-ar-intel-i5-14600kf-rtx-4070-super-12gb-32gb-ddr5-1tb-nvme\/\"]}]},{\"@type\":\"ImageObject\",\"inLanguage\":\"en-US\",\"@id\":\"https:\/\/arvutipunkt.ee\/en\/pood\/gaming-computers\/for-professionals\/argon-ar-intel-i5-14600kf-rtx-4070-super-12gb-32gb-ddr5-1tb-nvme\/#primaryimage\",\"url\":\"https:\/\/arvutipunkt.ee\/wp-content\/uploads\/2024\/02\/oige14.jpg\",\"contentUrl\":\"https:\/\/arvutipunkt.ee\/wp-content\/uploads\/2024\/02\/oige14.jpg\",\"width\":800,\"height\":800},{\"@type\":\"BreadcrumbList\",\"@id\":\"https:\/\/arvutipunkt.ee\/en\/pood\/gaming-computers\/for-professionals\/argon-ar-intel-i5-14600kf-rtx-4070-super-12gb-32gb-ddr5-1tb-nvme\/#breadcrumb\",\"itemListElement\":[{\"@type\":\"ListItem\",\"position\":1,\"name\":\"Home\",\"item\":\"https:\/\/arvutipunkt.ee\/en\/\"},{\"@type\":\"ListItem\",\"position\":2,\"name\":\"Shop\",\"item\":\"https:\/\/arvutipunkt.ee\/en\/shop\/\"},{\"@type\":\"ListItem\",\"position\":3,\"name\":\"Argon (Ar) | INTEL I5 14600KF | RTX 4070 Super 12GB | 32GB DDR5 | 1TB NVME\"}]},{\"@type\":\"WebSite\",\"@id\":\"https:\/\/arvutipunkt.ee\/en\/#website\",\"url\":\"https:\/\/arvutipunkt.ee\/en\/\",\"name\":\"Arvutipunkt - Parim valik m\u00e4nguri s\u00fclearvutid ja m\u00e4nguarvutid\",\"description\":\"Avar valik m\u00e4nguri s\u00fclearvutid ja m\u00e4nguarvutid. Parimad gaming PC-d, m\u00e4nguri komplektid ja t\u00f6\u00f6jaamad. Lauaarvutite komplekteerimine vastavalt kliendi soovile.\",\"publisher\":{\"@id\":\"https:\/\/arvutipunkt.ee\/en\/#organization\"},\"potentialAction\":[{\"@type\":\"SearchAction\",\"target\":{\"@type\":\"EntryPoint\",\"urlTemplate\":\"https:\/\/arvutipunkt.ee\/en\/?s={search_term_string}\"},\"query-input\":{\"@type\":\"PropertyValueSpecification\",\"valueRequired\":true,\"valueName\":\"search_term_string\"}}],\"inLanguage\":\"en-US\"},{\"@type\":\"Organization\",\"@id\":\"https:\/\/arvutipunkt.ee\/en\/#organization\",\"name\":\"Arvutipunkt - Parim valik m\u00e4nguri s\u00fclearvutid ja m\u00e4nguarvutid\",\"url\":\"https:\/\/arvutipunkt.ee\/en\/\",\"logo\":{\"@type\":\"ImageObject\",\"inLanguage\":\"en-US\",\"@id\":\"https:\/\/arvutipunkt.ee\/en\/#\/schema\/logo\/image\/\",\"url\":\"https:\/\/arvutipunkt.ee\/wp-content\/uploads\/2023\/12\/cropped-ARVUTIPUNKT_LOGO_FINALE-2048x190-1.png\",\"contentUrl\":\"https:\/\/arvutipunkt.ee\/wp-content\/uploads\/2023\/12\/cropped-ARVUTIPUNKT_LOGO_FINALE-2048x190-1.png\",\"width\":2048,\"height\":190,\"caption\":\"Arvutipunkt - Parim valik m\u00e4nguri s\u00fclearvutid ja m\u00e4nguarvutid\"},\"image\":{\"@id\":\"https:\/\/arvutipunkt.ee\/en\/#\/schema\/logo\/image\/\"}}]}<\/script>\n<!-- \/ Yoast SEO plugin. -->","yoast_head_json":{"title":"Argon (Ar) | INTEL I5 14600KF | RTX 4070 Super 12GB | 32GB DDR5 | 1TB NVME - Arvutipunkt - Parim valik m\u00e4nguri s\u00fclearvutid ja m\u00e4nguarvutid","robots":{"index":"index","follow":"follow","max-snippet":"max-snippet:-1","max-image-preview":"max-image-preview:large","max-video-preview":"max-video-preview:-1"},"canonical":"https:\/\/arvutipunkt.ee\/en\/pood\/gaming-computers\/for-professionals\/argon-ar-intel-i5-14600kf-rtx-4070-super-12gb-32gb-ddr5-1tb-nvme\/","og_locale":"en_US","og_type":"article","og_title":"Argon (Ar) | INTEL I5 14600KF | RTX 4070 Super 12GB | 32GB DDR5 | 1TB NVME - Arvutipunkt - Parim valik m\u00e4nguri s\u00fclearvutid ja m\u00e4nguarvutid","og_description":"Argon (Ar) - Stable and strong, perfect for advanced multitasking.","og_url":"https:\/\/arvutipunkt.ee\/en\/pood\/gaming-computers\/for-professionals\/argon-ar-intel-i5-14600kf-rtx-4070-super-12gb-32gb-ddr5-1tb-nvme\/","og_site_name":"Arvutipunkt - Parim valik m\u00e4nguri s\u00fclearvutid ja m\u00e4nguarvutid","og_image":[{"width":800,"height":800,"url":"https:\/\/arvutipunkt.ee\/wp-content\/uploads\/2024\/02\/oige14.jpg","type":"image\/jpeg"}],"twitter_card":"summary_large_image","schema":{"@context":"https:\/\/schema.org","@graph":[{"@type":"WebPage","@id":"https:\/\/arvutipunkt.ee\/en\/pood\/gaming-computers\/for-professionals\/argon-ar-intel-i5-14600kf-rtx-4070-super-12gb-32gb-ddr5-1tb-nvme\/","url":"https:\/\/arvutipunkt.ee\/en\/pood\/gaming-computers\/for-professionals\/argon-ar-intel-i5-14600kf-rtx-4070-super-12gb-32gb-ddr5-1tb-nvme\/","name":"Argon (Ar) | INTEL I5 14600KF | RTX 4070 Super 12GB | 32GB DDR5 | 1TB NVME - Arvutipunkt - Parim valik m\u00e4nguri s\u00fclearvutid ja m\u00e4nguarvutid","isPartOf":{"@id":"https:\/\/arvutipunkt.ee\/en\/#website"},"primaryImageOfPage":{"@id":"https:\/\/arvutipunkt.ee\/en\/pood\/gaming-computers\/for-professionals\/argon-ar-intel-i5-14600kf-rtx-4070-super-12gb-32gb-ddr5-1tb-nvme\/#primaryimage"},"image":{"@id":"https:\/\/arvutipunkt.ee\/en\/pood\/gaming-computers\/for-professionals\/argon-ar-intel-i5-14600kf-rtx-4070-super-12gb-32gb-ddr5-1tb-nvme\/#primaryimage"},"thumbnailUrl":"https:\/\/arvutipunkt.ee\/wp-content\/uploads\/2024\/02\/oige14.jpg","datePublished":"2024-02-14T15:08:00+00:00","breadcrumb":{"@id":"https:\/\/arvutipunkt.ee\/en\/pood\/gaming-computers\/for-professionals\/argon-ar-intel-i5-14600kf-rtx-4070-super-12gb-32gb-ddr5-1tb-nvme\/#breadcrumb"},"inLanguage":"en-US","potentialAction":[{"@type":"ReadAction","target":["https:\/\/arvutipunkt.ee\/en\/pood\/gaming-computers\/for-professionals\/argon-ar-intel-i5-14600kf-rtx-4070-super-12gb-32gb-ddr5-1tb-nvme\/"]}]},{"@type":"ImageObject","inLanguage":"en-US","@id":"https:\/\/arvutipunkt.ee\/en\/pood\/gaming-computers\/for-professionals\/argon-ar-intel-i5-14600kf-rtx-4070-super-12gb-32gb-ddr5-1tb-nvme\/#primaryimage","url":"https:\/\/arvutipunkt.ee\/wp-content\/uploads\/2024\/02\/oige14.jpg","contentUrl":"https:\/\/arvutipunkt.ee\/wp-content\/uploads\/2024\/02\/oige14.jpg","width":800,"height":800},{"@type":"BreadcrumbList","@id":"https:\/\/arvutipunkt.ee\/en\/pood\/gaming-computers\/for-professionals\/argon-ar-intel-i5-14600kf-rtx-4070-super-12gb-32gb-ddr5-1tb-nvme\/#breadcrumb","itemListElement":[{"@type":"ListItem","position":1,"name":"Home","item":"https:\/\/arvutipunkt.ee\/en\/"},{"@type":"ListItem","position":2,"name":"Shop","item":"https:\/\/arvutipunkt.ee\/en\/shop\/"},{"@type":"ListItem","position":3,"name":"Argon (Ar) | INTEL I5 14600KF | RTX 4070 Super 12GB | 32GB DDR5 | 1TB NVME"}]},{"@type":"WebSite","@id":"https:\/\/arvutipunkt.ee\/en\/#website","url":"https:\/\/arvutipunkt.ee\/en\/","name":"Arvutipunkt - Parim valik m\u00e4nguri s\u00fclearvutid ja m\u00e4nguarvutid","description":"Avar valik m\u00e4nguri s\u00fclearvutid ja m\u00e4nguarvutid. Parimad gaming PC-d, m\u00e4nguri komplektid ja t\u00f6\u00f6jaamad. Lauaarvutite komplekteerimine vastavalt kliendi soovile.","publisher":{"@id":"https:\/\/arvutipunkt.ee\/en\/#organization"},"potentialAction":[{"@type":"SearchAction","target":{"@type":"EntryPoint","urlTemplate":"https:\/\/arvutipunkt.ee\/en\/?s={search_term_string}"},"query-input":{"@type":"PropertyValueSpecification","valueRequired":true,"valueName":"search_term_string"}}],"inLanguage":"en-US"},{"@type":"Organization","@id":"https:\/\/arvutipunkt.ee\/en\/#organization","name":"Arvutipunkt - Parim valik m\u00e4nguri s\u00fclearvutid ja m\u00e4nguarvutid","url":"https:\/\/arvutipunkt.ee\/en\/","logo":{"@type":"ImageObject","inLanguage":"en-US","@id":"https:\/\/arvutipunkt.ee\/en\/#\/schema\/logo\/image\/","url":"https:\/\/arvutipunkt.ee\/wp-content\/uploads\/2023\/12\/cropped-ARVUTIPUNKT_LOGO_FINALE-2048x190-1.png","contentUrl":"https:\/\/arvutipunkt.ee\/wp-content\/uploads\/2023\/12\/cropped-ARVUTIPUNKT_LOGO_FINALE-2048x190-1.png","width":2048,"height":190,"caption":"Arvutipunkt - Parim valik m\u00e4nguri s\u00fclearvutid ja m\u00e4nguarvutid"},"image":{"@id":"https:\/\/arvutipunkt.ee\/en\/#\/schema\/logo\/image\/"}}]}},"_links":{"self":[{"href":"https:\/\/arvutipunkt.ee\/en\/wp-json\/wp\/v2\/product\/12135","targetHints":{"allow":["GET"]}}],"collection":[{"href":"https:\/\/arvutipunkt.ee\/en\/wp-json\/wp\/v2\/product"}],"about":[{"href":"https:\/\/arvutipunkt.ee\/en\/wp-json\/wp\/v2\/types\/product"}],"version-history":[{"count":0,"href":"https:\/\/arvutipunkt.ee\/en\/wp-json\/wp\/v2\/product\/12135\/revisions"}],"wp:featuredmedia":[{"embeddable":true,"href":"https:\/\/arvutipunkt.ee\/en\/wp-json\/wp\/v2\/media\/11741"}],"wp:attachment":[{"href":"https:\/\/arvutipunkt.ee\/en\/wp-json\/wp\/v2\/media?parent=12135"}],"wp:term":[{"taxonomy":"product_brand","embeddable":true,"href":"https:\/\/arvutipunkt.ee\/en\/wp-json\/wp\/v2\/product_brand?post=12135"},{"taxonomy":"product_cat","embeddable":true,"href":"https:\/\/arvutipunkt.ee\/en\/wp-json\/wp\/v2\/product_cat?post=12135"},{"taxonomy":"product_tag","embeddable":true,"href":"https:\/\/arvutipunkt.ee\/en\/wp-json\/wp\/v2\/product_tag?post=12135"}],"curies":[{"name":"wp","href":"https:\/\/api.w.org\/{rel}","templated":true}]}}