{"id":12095,"date":"2024-02-26T20:46:09","date_gmt":"2024-02-26T18:46:09","guid":{"rendered":"https:\/\/arvutipunkt.ee\/pood\/uncategorized\/aoc-u28g2xu2-bk-284k-144hz\/"},"modified":"2024-10-23T11:10:16","modified_gmt":"2024-10-23T08:10:16","slug":"aoc-u28g2xu2-bk-284k-144hz","status":"publish","type":"product","link":"https:\/\/arvutipunkt.ee\/en\/pood\/monitors\/aoc-u28g2xu2-bk-284k-144hz\/","title":{"rendered":"AOC U28G2XU2\/BK 28&#8243; 4K 144hz"},"content":{"rendered":"<p><b>Tehnilised andmed:<\/b><\/p>\n<p>Ekraani suurus: 28\u2033<\/p>\n<p><span class=\"product-specification-new__line_title\">Paneeli t\u00fc\u00fcp<\/span>: IPS<\/p>\n<p>Eraldusv\u00f5ime: 4K 3840 x 2160<\/p>\n<p>Kuvasuhe: 16:9<\/p>\n<p>V\u00e4rskendussagedus: 144Hz<\/p>\n<p>Reageerimis aeg: 1 ms (MPRT)<\/p>\n<p><b>\u00dchenduvus:<\/b><\/p>\n<p>DisplayPort: 2<\/p>\n<p>HDMI: 2<\/p>\n<p>Headphones jack: 1<\/p>\n<p>USB 3.2: 4<\/p>\n<p>Speakers: Yes<\/p>\n<p><b>M\u00f5\u00f5tmed:\u00a0<\/b><\/p>\n<p>S\u00fcgavus: 227.4 mm<\/p>\n<p>K\u00f5rgus: 636.4 mm<\/p>\n<p>Laius: 531.9 mm<\/p>\n","protected":false},"excerpt":{"rendered":"<ul class=\"feature-list on\">\n<li>28-inch 4K Display (3840 x 2160)<\/li>\n<li>Refresh rate 144Hz<\/li>\n<li>1ms Response time<\/li>\n<li>16:9 Kuvasuhe<\/li>\n<li>16,7 Miljonit v\u00e4rvi<\/li>\n<\/ul>\n","protected":false},"featured_media":11831,"template":"","meta":{"_acf_changed":false},"product_brand":[],"product_cat":[274],"product_tag":[],"class_list":{"0":"post-12095","1":"product","2":"type-product","3":"status-publish","4":"has-post-thumbnail","6":"product_cat-monitors","7":"pa_suurus-28-en","9":"first","10":"outofstock","11":"taxable","12":"shipping-taxable","13":"purchasable","14":"product-type-simple"},"acf":[],"yoast_head":"<!-- This site is optimized with the Yoast SEO plugin v25.3.1 - https:\/\/yoast.com\/wordpress\/plugins\/seo\/ -->\n<title>AOC U28G2XU2\/BK 28&quot; 4K 144hz - Arvutipunkt - Parim valik m\u00e4nguri s\u00fclearvutid ja m\u00e4nguarvutid<\/title>\n<meta name=\"robots\" content=\"index, follow, max-snippet:-1, max-image-preview:large, max-video-preview:-1\" \/>\n<link rel=\"canonical\" href=\"https:\/\/arvutipunkt.ee\/en\/pood\/monitors\/aoc-u28g2xu2-bk-284k-144hz\/\" \/>\n<meta property=\"og:locale\" content=\"en_US\" \/>\n<meta property=\"og:type\" content=\"article\" \/>\n<meta property=\"og:title\" content=\"AOC U28G2XU2\/BK 28&quot; 4K 144hz - Arvutipunkt - Parim valik m\u00e4nguri s\u00fclearvutid ja m\u00e4nguarvutid\" \/>\n<meta property=\"og:description\" content=\"28-inch 4K Display (3840 x 2160)  Refresh rate 144Hz  1ms Response time  16:9 Kuvasuhe  16,7 Miljonit v\u00e4rvi\" \/>\n<meta property=\"og:url\" content=\"https:\/\/arvutipunkt.ee\/en\/pood\/monitors\/aoc-u28g2xu2-bk-284k-144hz\/\" \/>\n<meta property=\"og:site_name\" content=\"Arvutipunkt - Parim valik m\u00e4nguri s\u00fclearvutid ja m\u00e4nguarvutid\" \/>\n<meta property=\"article:modified_time\" content=\"2024-10-23T08:10:16+00:00\" \/>\n<meta property=\"og:image\" content=\"https:\/\/arvutipunkt.ee\/wp-content\/uploads\/2024\/02\/U28G2X_F.png\" \/>\n\t<meta property=\"og:image:width\" content=\"2000\" \/>\n\t<meta property=\"og:image:height\" content=\"1500\" \/>\n\t<meta property=\"og:image:type\" content=\"image\/png\" \/>\n<meta name=\"twitter:card\" content=\"summary_large_image\" \/>\n<script type=\"application\/ld+json\" class=\"yoast-schema-graph\">{\"@context\":\"https:\/\/schema.org\",\"@graph\":[{\"@type\":\"WebPage\",\"@id\":\"https:\/\/arvutipunkt.ee\/en\/pood\/monitors\/aoc-u28g2xu2-bk-284k-144hz\/\",\"url\":\"https:\/\/arvutipunkt.ee\/en\/pood\/monitors\/aoc-u28g2xu2-bk-284k-144hz\/\",\"name\":\"AOC U28G2XU2\/BK 28\\\" 4K 144hz - Arvutipunkt - Parim valik m\u00e4nguri s\u00fclearvutid ja m\u00e4nguarvutid\",\"isPartOf\":{\"@id\":\"https:\/\/arvutipunkt.ee\/en\/#website\"},\"primaryImageOfPage\":{\"@id\":\"https:\/\/arvutipunkt.ee\/en\/pood\/monitors\/aoc-u28g2xu2-bk-284k-144hz\/#primaryimage\"},\"image\":{\"@id\":\"https:\/\/arvutipunkt.ee\/en\/pood\/monitors\/aoc-u28g2xu2-bk-284k-144hz\/#primaryimage\"},\"thumbnailUrl\":\"https:\/\/arvutipunkt.ee\/wp-content\/uploads\/2024\/02\/U28G2X_F.png\",\"datePublished\":\"2024-02-26T18:46:09+00:00\",\"dateModified\":\"2024-10-23T08:10:16+00:00\",\"breadcrumb\":{\"@id\":\"https:\/\/arvutipunkt.ee\/en\/pood\/monitors\/aoc-u28g2xu2-bk-284k-144hz\/#breadcrumb\"},\"inLanguage\":\"en-US\",\"potentialAction\":[{\"@type\":\"ReadAction\",\"target\":[\"https:\/\/arvutipunkt.ee\/en\/pood\/monitors\/aoc-u28g2xu2-bk-284k-144hz\/\"]}]},{\"@type\":\"ImageObject\",\"inLanguage\":\"en-US\",\"@id\":\"https:\/\/arvutipunkt.ee\/en\/pood\/monitors\/aoc-u28g2xu2-bk-284k-144hz\/#primaryimage\",\"url\":\"https:\/\/arvutipunkt.ee\/wp-content\/uploads\/2024\/02\/U28G2X_F.png\",\"contentUrl\":\"https:\/\/arvutipunkt.ee\/wp-content\/uploads\/2024\/02\/U28G2X_F.png\",\"width\":2000,\"height\":1500},{\"@type\":\"BreadcrumbList\",\"@id\":\"https:\/\/arvutipunkt.ee\/en\/pood\/monitors\/aoc-u28g2xu2-bk-284k-144hz\/#breadcrumb\",\"itemListElement\":[{\"@type\":\"ListItem\",\"position\":1,\"name\":\"Home\",\"item\":\"https:\/\/arvutipunkt.ee\/en\/\"},{\"@type\":\"ListItem\",\"position\":2,\"name\":\"Shop\",\"item\":\"https:\/\/arvutipunkt.ee\/en\/shop\/\"},{\"@type\":\"ListItem\",\"position\":3,\"name\":\"AOC U28G2XU2\/BK 28&#8243; 4K 144hz\"}]},{\"@type\":\"WebSite\",\"@id\":\"https:\/\/arvutipunkt.ee\/en\/#website\",\"url\":\"https:\/\/arvutipunkt.ee\/en\/\",\"name\":\"Arvutipunkt - Parim valik m\u00e4nguri s\u00fclearvutid ja m\u00e4nguarvutid\",\"description\":\"Avar valik m\u00e4nguri s\u00fclearvutid ja m\u00e4nguarvutid. Parimad gaming PC-d, m\u00e4nguri komplektid ja t\u00f6\u00f6jaamad. Lauaarvutite komplekteerimine vastavalt kliendi soovile.\",\"publisher\":{\"@id\":\"https:\/\/arvutipunkt.ee\/en\/#organization\"},\"potentialAction\":[{\"@type\":\"SearchAction\",\"target\":{\"@type\":\"EntryPoint\",\"urlTemplate\":\"https:\/\/arvutipunkt.ee\/en\/?s={search_term_string}\"},\"query-input\":{\"@type\":\"PropertyValueSpecification\",\"valueRequired\":true,\"valueName\":\"search_term_string\"}}],\"inLanguage\":\"en-US\"},{\"@type\":\"Organization\",\"@id\":\"https:\/\/arvutipunkt.ee\/en\/#organization\",\"name\":\"Arvutipunkt - Parim valik m\u00e4nguri s\u00fclearvutid ja m\u00e4nguarvutid\",\"url\":\"https:\/\/arvutipunkt.ee\/en\/\",\"logo\":{\"@type\":\"ImageObject\",\"inLanguage\":\"en-US\",\"@id\":\"https:\/\/arvutipunkt.ee\/en\/#\/schema\/logo\/image\/\",\"url\":\"https:\/\/arvutipunkt.ee\/wp-content\/uploads\/2023\/12\/cropped-ARVUTIPUNKT_LOGO_FINALE-2048x190-1.png\",\"contentUrl\":\"https:\/\/arvutipunkt.ee\/wp-content\/uploads\/2023\/12\/cropped-ARVUTIPUNKT_LOGO_FINALE-2048x190-1.png\",\"width\":2048,\"height\":190,\"caption\":\"Arvutipunkt - Parim valik m\u00e4nguri s\u00fclearvutid ja m\u00e4nguarvutid\"},\"image\":{\"@id\":\"https:\/\/arvutipunkt.ee\/en\/#\/schema\/logo\/image\/\"}}]}<\/script>\n<!-- \/ Yoast SEO plugin. -->","yoast_head_json":{"title":"AOC U28G2XU2\/BK 28\" 4K 144hz - Arvutipunkt - Parim valik m\u00e4nguri s\u00fclearvutid ja m\u00e4nguarvutid","robots":{"index":"index","follow":"follow","max-snippet":"max-snippet:-1","max-image-preview":"max-image-preview:large","max-video-preview":"max-video-preview:-1"},"canonical":"https:\/\/arvutipunkt.ee\/en\/pood\/monitors\/aoc-u28g2xu2-bk-284k-144hz\/","og_locale":"en_US","og_type":"article","og_title":"AOC U28G2XU2\/BK 28\" 4K 144hz - Arvutipunkt - Parim valik m\u00e4nguri s\u00fclearvutid ja m\u00e4nguarvutid","og_description":"28-inch 4K Display (3840 x 2160)  Refresh rate 144Hz  1ms Response time  16:9 Kuvasuhe  16,7 Miljonit v\u00e4rvi","og_url":"https:\/\/arvutipunkt.ee\/en\/pood\/monitors\/aoc-u28g2xu2-bk-284k-144hz\/","og_site_name":"Arvutipunkt - Parim valik m\u00e4nguri s\u00fclearvutid ja m\u00e4nguarvutid","article_modified_time":"2024-10-23T08:10:16+00:00","og_image":[{"width":2000,"height":1500,"url":"https:\/\/arvutipunkt.ee\/wp-content\/uploads\/2024\/02\/U28G2X_F.png","type":"image\/png"}],"twitter_card":"summary_large_image","schema":{"@context":"https:\/\/schema.org","@graph":[{"@type":"WebPage","@id":"https:\/\/arvutipunkt.ee\/en\/pood\/monitors\/aoc-u28g2xu2-bk-284k-144hz\/","url":"https:\/\/arvutipunkt.ee\/en\/pood\/monitors\/aoc-u28g2xu2-bk-284k-144hz\/","name":"AOC U28G2XU2\/BK 28\" 4K 144hz - Arvutipunkt - Parim valik m\u00e4nguri s\u00fclearvutid ja m\u00e4nguarvutid","isPartOf":{"@id":"https:\/\/arvutipunkt.ee\/en\/#website"},"primaryImageOfPage":{"@id":"https:\/\/arvutipunkt.ee\/en\/pood\/monitors\/aoc-u28g2xu2-bk-284k-144hz\/#primaryimage"},"image":{"@id":"https:\/\/arvutipunkt.ee\/en\/pood\/monitors\/aoc-u28g2xu2-bk-284k-144hz\/#primaryimage"},"thumbnailUrl":"https:\/\/arvutipunkt.ee\/wp-content\/uploads\/2024\/02\/U28G2X_F.png","datePublished":"2024-02-26T18:46:09+00:00","dateModified":"2024-10-23T08:10:16+00:00","breadcrumb":{"@id":"https:\/\/arvutipunkt.ee\/en\/pood\/monitors\/aoc-u28g2xu2-bk-284k-144hz\/#breadcrumb"},"inLanguage":"en-US","potentialAction":[{"@type":"ReadAction","target":["https:\/\/arvutipunkt.ee\/en\/pood\/monitors\/aoc-u28g2xu2-bk-284k-144hz\/"]}]},{"@type":"ImageObject","inLanguage":"en-US","@id":"https:\/\/arvutipunkt.ee\/en\/pood\/monitors\/aoc-u28g2xu2-bk-284k-144hz\/#primaryimage","url":"https:\/\/arvutipunkt.ee\/wp-content\/uploads\/2024\/02\/U28G2X_F.png","contentUrl":"https:\/\/arvutipunkt.ee\/wp-content\/uploads\/2024\/02\/U28G2X_F.png","width":2000,"height":1500},{"@type":"BreadcrumbList","@id":"https:\/\/arvutipunkt.ee\/en\/pood\/monitors\/aoc-u28g2xu2-bk-284k-144hz\/#breadcrumb","itemListElement":[{"@type":"ListItem","position":1,"name":"Home","item":"https:\/\/arvutipunkt.ee\/en\/"},{"@type":"ListItem","position":2,"name":"Shop","item":"https:\/\/arvutipunkt.ee\/en\/shop\/"},{"@type":"ListItem","position":3,"name":"AOC U28G2XU2\/BK 28&#8243; 4K 144hz"}]},{"@type":"WebSite","@id":"https:\/\/arvutipunkt.ee\/en\/#website","url":"https:\/\/arvutipunkt.ee\/en\/","name":"Arvutipunkt - Parim valik m\u00e4nguri s\u00fclearvutid ja m\u00e4nguarvutid","description":"Avar valik m\u00e4nguri s\u00fclearvutid ja m\u00e4nguarvutid. Parimad gaming PC-d, m\u00e4nguri komplektid ja t\u00f6\u00f6jaamad. Lauaarvutite komplekteerimine vastavalt kliendi soovile.","publisher":{"@id":"https:\/\/arvutipunkt.ee\/en\/#organization"},"potentialAction":[{"@type":"SearchAction","target":{"@type":"EntryPoint","urlTemplate":"https:\/\/arvutipunkt.ee\/en\/?s={search_term_string}"},"query-input":{"@type":"PropertyValueSpecification","valueRequired":true,"valueName":"search_term_string"}}],"inLanguage":"en-US"},{"@type":"Organization","@id":"https:\/\/arvutipunkt.ee\/en\/#organization","name":"Arvutipunkt - Parim valik m\u00e4nguri s\u00fclearvutid ja m\u00e4nguarvutid","url":"https:\/\/arvutipunkt.ee\/en\/","logo":{"@type":"ImageObject","inLanguage":"en-US","@id":"https:\/\/arvutipunkt.ee\/en\/#\/schema\/logo\/image\/","url":"https:\/\/arvutipunkt.ee\/wp-content\/uploads\/2023\/12\/cropped-ARVUTIPUNKT_LOGO_FINALE-2048x190-1.png","contentUrl":"https:\/\/arvutipunkt.ee\/wp-content\/uploads\/2023\/12\/cropped-ARVUTIPUNKT_LOGO_FINALE-2048x190-1.png","width":2048,"height":190,"caption":"Arvutipunkt - Parim valik m\u00e4nguri s\u00fclearvutid ja m\u00e4nguarvutid"},"image":{"@id":"https:\/\/arvutipunkt.ee\/en\/#\/schema\/logo\/image\/"}}]}},"_links":{"self":[{"href":"https:\/\/arvutipunkt.ee\/en\/wp-json\/wp\/v2\/product\/12095","targetHints":{"allow":["GET"]}}],"collection":[{"href":"https:\/\/arvutipunkt.ee\/en\/wp-json\/wp\/v2\/product"}],"about":[{"href":"https:\/\/arvutipunkt.ee\/en\/wp-json\/wp\/v2\/types\/product"}],"version-history":[{"count":1,"href":"https:\/\/arvutipunkt.ee\/en\/wp-json\/wp\/v2\/product\/12095\/revisions"}],"predecessor-version":[{"id":12215,"href":"https:\/\/arvutipunkt.ee\/en\/wp-json\/wp\/v2\/product\/12095\/revisions\/12215"}],"wp:featuredmedia":[{"embeddable":true,"href":"https:\/\/arvutipunkt.ee\/en\/wp-json\/wp\/v2\/media\/11831"}],"wp:attachment":[{"href":"https:\/\/arvutipunkt.ee\/en\/wp-json\/wp\/v2\/media?parent=12095"}],"wp:term":[{"taxonomy":"product_brand","embeddable":true,"href":"https:\/\/arvutipunkt.ee\/en\/wp-json\/wp\/v2\/product_brand?post=12095"},{"taxonomy":"product_cat","embeddable":true,"href":"https:\/\/arvutipunkt.ee\/en\/wp-json\/wp\/v2\/product_cat?post=12095"},{"taxonomy":"product_tag","embeddable":true,"href":"https:\/\/arvutipunkt.ee\/en\/wp-json\/wp\/v2\/product_tag?post=12095"}],"curies":[{"name":"wp","href":"https:\/\/api.w.org\/{rel}","templated":true}]}}