{"id":13011,"date":"2024-05-21T13:23:28","date_gmt":"2024-05-21T10:23:28","guid":{"rendered":"https:\/\/arvutipunkt.ee\/erilahendused\/"},"modified":"2024-10-21T15:55:51","modified_gmt":"2024-10-21T12:55:51","slug":"special-solutions","status":"publish","type":"page","link":"https:\/\/arvutipunkt.ee\/en\/special-solutions\/","title":{"rendered":"Special solutions"},"content":{"rendered":"\t\t<div data-elementor-type=\"wp-page\" data-elementor-id=\"13011\" class=\"elementor elementor-13011 elementor-12731\" data-elementor-post-type=\"page\">\n\t\t\t\t<div class=\"elementor-element elementor-element-6d96912 wd-section-stretch e-flex e-con-boxed e-con e-parent\" data-id=\"6d96912\" data-element_type=\"container\" data-settings=\"{&quot;jet_parallax_layout_list&quot;:[]}\">\n\t\t\t\t\t<div class=\"e-con-inner\">\n\t\t<div class=\"elementor-element elementor-element-d76d208 e-con-full e-flex e-con e-child\" data-id=\"d76d208\" data-element_type=\"container\" data-settings=\"{&quot;jet_parallax_layout_list&quot;:[]}\">\n\t\t\t\t<div class=\"elementor-element elementor-element-ebbde4a elementor-widget elementor-widget-heading\" data-id=\"ebbde4a\" data-element_type=\"widget\" data-widget_type=\"heading.default\">\n\t\t\t\t<div class=\"elementor-widget-container\">\n\t\t\t<h3 class=\"elementor-heading-title elementor-size-default\">Custom PC Build - Exactly According to Your Specifications!<\/h3>\t\t<\/div>\n\t\t\t\t<\/div>\n\t\t\t\t<div class=\"elementor-element elementor-element-802fb97 color-scheme-inherit text-left elementor-widget elementor-widget-text-editor\" data-id=\"802fb97\" data-element_type=\"widget\" data-widget_type=\"text-editor.default\">\n\t\t\t\t<div class=\"elementor-widget-container\">\n\t\t\t\t\t\t\t<p><span style=\"font-weight: 400;\">If you can&#8217;t find exactly what you&#8217;re looking for in our online store, don&#8217;t worry! We have a solution just for you. Our goal at Arvutipunkt.ee is to offer you the best possible computer experience and personalized solutions.<\/span><\/p><p><b>Order Process:<\/b><\/p><ul><li style=\"font-weight: 400;\" aria-level=\"1\"><b>Contact Us: <\/b><span style=\"font-weight: 400;\">Fill out the form below or write to us directly at info@arvutipunkt.ee. Describe your needs or wishes \u2013 what type of computer you are looking for (gaming computer, work computer, etc.), budget, and any other specific requirements (color, size, etc.). The more information, the better. We also handle larger, project-based orders.<\/span><\/li><li style=\"font-weight: 400;\" aria-level=\"1\"><b>Consultation: <\/b><span style=\"font-weight: 400;\">Our specialists will contact you to discuss the details and provide professional advice. We will create a personalized offer that meets your exact requirements.<\/span><\/li><li style=\"font-weight: 400;\" aria-level=\"1\"><b>Computer Assembly: <\/b><span style=\"font-weight: 400;\">Once confirmed, your order will be assembled immediately. We use only high-quality new components and ensure that everything runs smoothly.<\/span><\/li><li style=\"font-weight: 400;\" aria-level=\"1\"><b>Delivery: <\/b><span style=\"font-weight: 400;\">When the computer is ready, we will notify you and arrange quick and secure delivery.<\/span><\/li><\/ul>\t\t\t\t\t\t<\/div>\n\t\t\t\t<\/div>\n\t\t\t\t<\/div>\n\t\t<div class=\"elementor-element elementor-element-097cf8c e-con-full e-flex e-con e-child\" data-id=\"097cf8c\" data-element_type=\"container\" data-settings=\"{&quot;jet_parallax_layout_list&quot;:[]}\">\n\t\t\t\t<div class=\"elementor-element elementor-element-8ebc6c0 elementor-widget elementor-widget-image\" data-id=\"8ebc6c0\" data-element_type=\"widget\" data-widget_type=\"image.default\">\n\t\t\t\t<div class=\"elementor-widget-container\">\n\t\t\t\t\t\t\t\t\t\t\t\t\t<img fetchpriority=\"high\" decoding=\"async\" width=\"1000\" height=\"667\" src=\"https:\/\/arvutipunkt.ee\/wp-content\/uploads\/2024\/06\/arvutitd-erilahendused.jpg\" class=\"attachment-full size-full wp-image-13003\" alt=\"Kohandatud m\u00e4nguriarvuti erilahendus\" srcset=\"https:\/\/arvutipunkt.ee\/wp-content\/uploads\/2024\/06\/arvutitd-erilahendused.jpg 1000w, https:\/\/arvutipunkt.ee\/wp-content\/uploads\/2024\/06\/arvutitd-erilahendused-300x200.jpg 300w, https:\/\/arvutipunkt.ee\/wp-content\/uploads\/2024\/06\/arvutitd-erilahendused-768x512.jpg 768w, https:\/\/arvutipunkt.ee\/wp-content\/uploads\/2024\/06\/arvutitd-erilahendused-150x100.jpg 150w\" sizes=\"(max-width: 1000px) 100vw, 1000px\" \/>\t\t\t\t\t\t\t\t\t\t\t\t\t<\/div>\n\t\t\t\t<\/div>\n\t\t\t\t<\/div>\n\t\t\t\t\t<\/div>\n\t\t\t\t<\/div>\n\t\t<div class=\"elementor-element elementor-element-1b2a151 wd-section-stretch e-flex e-con-boxed e-con e-parent\" data-id=\"1b2a151\" data-element_type=\"container\" data-settings=\"{&quot;jet_parallax_layout_list&quot;:[]}\">\n\t\t\t\t\t<div class=\"e-con-inner\">\n\t\t<div class=\"elementor-element elementor-element-ec1b205 e-con-full e-flex e-con e-child\" data-id=\"ec1b205\" data-element_type=\"container\" data-settings=\"{&quot;jet_parallax_layout_list&quot;:[]}\">\n\t\t\t\t<div class=\"elementor-element elementor-element-a30d7aa elementor-widget elementor-widget-heading\" data-id=\"a30d7aa\" data-element_type=\"widget\" data-widget_type=\"heading.default\">\n\t\t\t\t<div class=\"elementor-widget-container\">\n\t\t\t<h3 class=\"elementor-heading-title elementor-size-default\">Why Choose Us?<\/h3>\t\t<\/div>\n\t\t\t\t<\/div>\n\t\t\t\t<div class=\"elementor-element elementor-element-0ecb428 color-scheme-inherit text-left elementor-widget elementor-widget-text-editor\" data-id=\"0ecb428\" data-element_type=\"widget\" data-widget_type=\"text-editor.default\">\n\t\t\t\t<div class=\"elementor-widget-container\">\n\t\t\t\t\t\t\t<ul><li aria-level=\"1\"><b>Personalization: <\/b><span style=\"font-weight: 400;\">Our goal is to offer you a personalized approach to meet your needs.\u00a0<\/span><\/li><li aria-level=\"1\"><b>Price: <\/b><span style=\"font-weight: 400;\">We ensure that our experienced specialists assemble the best possible setup based on your budget.\u00a0<\/span><\/li><\/ul><ul><li aria-level=\"1\"><b>Quality: <\/b><span style=\"font-weight: 400;\">We use only reliable components from well-known manufacturers, which come with at least a 2-year warranty.\u00a0<\/span><\/li><li aria-level=\"1\"><b>Experts: <\/b><span style=\"font-weight: 400;\">Our team consists of experienced specialists who ensure the complete compatibility of components and provide professional guidance in selecting them.<\/span><\/li><\/ul><p><b>Feel free to contact us and let us make your dream computer a reality!<\/b><\/p>\t\t\t\t\t\t<\/div>\n\t\t\t\t<\/div>\n\t\t\t\t<\/div>\n\t\t<div class=\"elementor-element elementor-element-4c85ca5 e-con-full e-flex e-con e-child\" data-id=\"4c85ca5\" data-element_type=\"container\" data-settings=\"{&quot;jet_parallax_layout_list&quot;:[]}\">\n\t\t\t\t<div class=\"elementor-element elementor-element-a393cb6 elementor-widget elementor-widget-wd_title\" data-id=\"a393cb6\" data-element_type=\"widget\" data-widget_type=\"wd_title.default\">\n\t\t\t\t<div class=\"elementor-widget-container\">\n\t\t\t\t\t<div class=\"title-wrapper set-mb-s reset-last-child wd-title-color-default wd-title-style-default wd-title-size-default text-left\">\n\n\t\t\t\n\t\t\t<div class=\"liner-continer\">\n\t\t\t\t<h4 class=\"woodmart-title-container title wd-fontsize-l\">Contact us<\/h4> \n\t\t\t\t\t\t\t<\/div>\n\n\t\t\t\t\t<\/div>\n\t\t\t\t<\/div>\n\t\t\t\t<\/div>\n\t\t\t\t<div class=\"elementor-element elementor-element-145b95f elementor-button-align-stretch elementor-widget elementor-widget-form\" data-id=\"145b95f\" data-element_type=\"widget\" data-settings=\"{&quot;step_next_label&quot;:&quot;Next&quot;,&quot;step_previous_label&quot;:&quot;Previous&quot;,&quot;button_width&quot;:&quot;100&quot;,&quot;step_type&quot;:&quot;number_text&quot;,&quot;step_icon_shape&quot;:&quot;circle&quot;}\" data-widget_type=\"form.default\">\n\t\t\t\t<div class=\"elementor-widget-container\">\n\t\t\t\t\t<form class=\"elementor-form\" method=\"post\" name=\"New Form\">\n\t\t\t<input type=\"hidden\" name=\"post_id\" value=\"13011\"\/>\n\t\t\t<input type=\"hidden\" name=\"form_id\" value=\"145b95f\"\/>\n\t\t\t<input type=\"hidden\" name=\"referer_title\" value=\"Arvutipunkt &#8211; Parim valik m\u00e4nguri s\u00fclearvutid ja m\u00e4nguarvutid\" \/>\n\n\t\t\t\n\t\t\t<div class=\"elementor-form-fields-wrapper elementor-labels-\">\n\t\t\t\t\t\t\t\t<div class=\"elementor-field-type-text elementor-field-group elementor-column elementor-field-group-name elementor-col-100 elementor-field-required\">\n\t\t\t\t\t\t\t\t\t\t\t\t<label for=\"form-field-name\" class=\"elementor-field-label elementor-screen-only\">\n\t\t\t\t\t\t\t\tName\t\t\t\t\t\t\t<\/label>\n\t\t\t\t\t\t\t\t\t\t\t\t\t\t<input size=\"1\" type=\"text\" name=\"form_fields[name]\" id=\"form-field-name\" class=\"elementor-field elementor-size-sm  elementor-field-textual\" placeholder=\"Name\" required=\"required\" aria-required=\"true\">\n\t\t\t\t\t\t\t\t\t\t\t<\/div>\n\t\t\t\t\t\t\t\t<div class=\"elementor-field-type-email elementor-field-group elementor-column elementor-field-group-email elementor-col-100 elementor-field-required\">\n\t\t\t\t\t\t\t\t\t\t\t\t<label for=\"form-field-email\" class=\"elementor-field-label elementor-screen-only\">\n\t\t\t\t\t\t\t\tEmail\t\t\t\t\t\t\t<\/label>\n\t\t\t\t\t\t\t\t\t\t\t\t\t\t<input size=\"1\" type=\"email\" name=\"form_fields[email]\" id=\"form-field-email\" class=\"elementor-field elementor-size-sm  elementor-field-textual\" placeholder=\"Email\" required=\"required\" aria-required=\"true\">\n\t\t\t\t\t\t\t\t\t\t\t<\/div>\n\t\t\t\t\t\t\t\t<div class=\"elementor-field-type-tel elementor-field-group elementor-column elementor-field-group-field_f8ec120 elementor-col-100\">\n\t\t\t\t\t\t\t\t\t\t\t\t<label for=\"form-field-field_f8ec120\" class=\"elementor-field-label elementor-screen-only\">\n\t\t\t\t\t\t\t\tPhone\t\t\t\t\t\t\t<\/label>\n\t\t\t\t\t\t\t\t<input size=\"1\" type=\"tel\" name=\"form_fields[field_f8ec120]\" id=\"form-field-field_f8ec120\" class=\"elementor-field elementor-size-sm  elementor-field-textual\" placeholder=\"Phone\" pattern=\"[0-9()#&amp;+*-=.]+\" title=\"Only numbers and phone characters (#, -, *, etc) are accepted.\">\n\n\t\t\t\t\t\t<\/div>\n\t\t\t\t\t\t\t\t<div class=\"elementor-field-type-textarea elementor-field-group elementor-column elementor-field-group-message elementor-col-100 elementor-field-required\">\n\t\t\t\t\t\t\t\t\t\t\t\t<label for=\"form-field-message\" class=\"elementor-field-label elementor-screen-only\">\n\t\t\t\t\t\t\t\tMessage\t\t\t\t\t\t\t<\/label>\n\t\t\t\t\t\t<textarea class=\"elementor-field-textual elementor-field  elementor-size-sm\" name=\"form_fields[message]\" id=\"form-field-message\" rows=\"4\" placeholder=\"Message\" required=\"required\" aria-required=\"true\"><\/textarea>\t\t\t\t<\/div>\n\t\t\t\t\t\t\t\t<div class=\"elementor-field-group elementor-column elementor-field-type-submit elementor-col-100 e-form__buttons\">\n\t\t\t\t\t<button class=\"elementor-button elementor-size-sm\" type=\"submit\">\n\t\t\t\t\t\t<span class=\"elementor-button-content-wrapper\">\n\t\t\t\t\t\t\t\t\t\t\t\t\t\t\t\t\t\t\t\t\t\t<span class=\"elementor-button-text\">Send<\/span>\n\t\t\t\t\t\t\t\t\t\t\t\t\t<\/span>\n\t\t\t\t\t<\/button>\n\t\t\t\t<\/div>\n\t\t\t<\/div>\n\t\t<\/form>\n\t\t\t\t<\/div>\n\t\t\t\t<\/div>\n\t\t\t\t<\/div>\n\t\t\t\t\t<\/div>\n\t\t\t\t<\/div>\n\t\t\t\t<\/div>\n\t\t","protected":false},"excerpt":{"rendered":"<p>Custom PC Build &#8211; Exactly According to Your Specifications! If you can&#8217;t find exactly what you&#8217;re looking for in our<\/p>\n","protected":false},"author":2,"featured_media":0,"parent":0,"menu_order":0,"comment_status":"closed","ping_status":"closed","template":"","meta":{"_acf_changed":false,"footnotes":""},"class_list":["post-13011","page","type-page","status-publish","hentry"],"acf":[],"yoast_head":"<!-- This site is optimized with the Yoast SEO plugin v25.3.1 - https:\/\/yoast.com\/wordpress\/plugins\/seo\/ -->\n<title>Special solutions - Arvutipunkt - Parim valik m\u00e4nguri s\u00fclearvutid ja m\u00e4nguarvutid<\/title>\n<meta name=\"robots\" content=\"index, follow, max-snippet:-1, max-image-preview:large, max-video-preview:-1\" \/>\n<link rel=\"canonical\" href=\"https:\/\/arvutipunkt.ee\/en\/special-solutions\/\" \/>\n<meta property=\"og:locale\" content=\"en_US\" \/>\n<meta property=\"og:type\" content=\"article\" \/>\n<meta property=\"og:title\" content=\"Special solutions - Arvutipunkt - Parim valik m\u00e4nguri s\u00fclearvutid ja m\u00e4nguarvutid\" \/>\n<meta property=\"og:description\" content=\"Custom PC Build &#8211; Exactly According to Your Specifications! If you can&#8217;t find exactly what you&#8217;re looking for in our\" \/>\n<meta property=\"og:url\" content=\"https:\/\/arvutipunkt.ee\/en\/special-solutions\/\" \/>\n<meta property=\"og:site_name\" content=\"Arvutipunkt - Parim valik m\u00e4nguri s\u00fclearvutid ja m\u00e4nguarvutid\" \/>\n<meta property=\"article:modified_time\" content=\"2024-10-21T12:55:51+00:00\" \/>\n<meta property=\"og:image\" content=\"https:\/\/arvutipunkt.ee\/wp-content\/uploads\/2024\/06\/arvutitd-erilahendused.jpg\" \/>\n\t<meta property=\"og:image:width\" content=\"1000\" \/>\n\t<meta property=\"og:image:height\" content=\"667\" \/>\n\t<meta property=\"og:image:type\" content=\"image\/jpeg\" \/>\n<meta name=\"twitter:card\" content=\"summary_large_image\" \/>\n<meta name=\"twitter:label1\" content=\"Est. reading time\" \/>\n\t<meta name=\"twitter:data1\" content=\"2 minutes\" \/>\n<script type=\"application\/ld+json\" class=\"yoast-schema-graph\">{\"@context\":\"https:\/\/schema.org\",\"@graph\":[{\"@type\":\"WebPage\",\"@id\":\"https:\/\/arvutipunkt.ee\/en\/special-solutions\/\",\"url\":\"https:\/\/arvutipunkt.ee\/en\/special-solutions\/\",\"name\":\"Special solutions - Arvutipunkt - Parim valik m\u00e4nguri s\u00fclearvutid ja m\u00e4nguarvutid\",\"isPartOf\":{\"@id\":\"https:\/\/arvutipunkt.ee\/en\/#website\"},\"primaryImageOfPage\":{\"@id\":\"https:\/\/arvutipunkt.ee\/en\/special-solutions\/#primaryimage\"},\"image\":{\"@id\":\"https:\/\/arvutipunkt.ee\/en\/special-solutions\/#primaryimage\"},\"thumbnailUrl\":\"https:\/\/arvutipunkt.ee\/wp-content\/uploads\/2024\/06\/arvutitd-erilahendused.jpg\",\"datePublished\":\"2024-05-21T10:23:28+00:00\",\"dateModified\":\"2024-10-21T12:55:51+00:00\",\"breadcrumb\":{\"@id\":\"https:\/\/arvutipunkt.ee\/en\/special-solutions\/#breadcrumb\"},\"inLanguage\":\"en-US\",\"potentialAction\":[{\"@type\":\"ReadAction\",\"target\":[\"https:\/\/arvutipunkt.ee\/en\/special-solutions\/\"]}]},{\"@type\":\"ImageObject\",\"inLanguage\":\"en-US\",\"@id\":\"https:\/\/arvutipunkt.ee\/en\/special-solutions\/#primaryimage\",\"url\":\"https:\/\/arvutipunkt.ee\/wp-content\/uploads\/2024\/06\/arvutitd-erilahendused.jpg\",\"contentUrl\":\"https:\/\/arvutipunkt.ee\/wp-content\/uploads\/2024\/06\/arvutitd-erilahendused.jpg\"},{\"@type\":\"BreadcrumbList\",\"@id\":\"https:\/\/arvutipunkt.ee\/en\/special-solutions\/#breadcrumb\",\"itemListElement\":[{\"@type\":\"ListItem\",\"position\":1,\"name\":\"Home\",\"item\":\"https:\/\/arvutipunkt.ee\/en\/\"},{\"@type\":\"ListItem\",\"position\":2,\"name\":\"Special solutions\"}]},{\"@type\":\"WebSite\",\"@id\":\"https:\/\/arvutipunkt.ee\/en\/#website\",\"url\":\"https:\/\/arvutipunkt.ee\/en\/\",\"name\":\"Arvutipunkt - Parim valik m\u00e4nguri s\u00fclearvutid ja m\u00e4nguarvutid\",\"description\":\"Avar valik m\u00e4nguri s\u00fclearvutid ja m\u00e4nguarvutid. Parimad gaming PC-d, m\u00e4nguri komplektid ja t\u00f6\u00f6jaamad. Lauaarvutite komplekteerimine vastavalt kliendi soovile.\",\"publisher\":{\"@id\":\"https:\/\/arvutipunkt.ee\/en\/#organization\"},\"potentialAction\":[{\"@type\":\"SearchAction\",\"target\":{\"@type\":\"EntryPoint\",\"urlTemplate\":\"https:\/\/arvutipunkt.ee\/en\/?s={search_term_string}\"},\"query-input\":{\"@type\":\"PropertyValueSpecification\",\"valueRequired\":true,\"valueName\":\"search_term_string\"}}],\"inLanguage\":\"en-US\"},{\"@type\":\"Organization\",\"@id\":\"https:\/\/arvutipunkt.ee\/en\/#organization\",\"name\":\"Arvutipunkt - Parim valik m\u00e4nguri s\u00fclearvutid ja m\u00e4nguarvutid\",\"url\":\"https:\/\/arvutipunkt.ee\/en\/\",\"logo\":{\"@type\":\"ImageObject\",\"inLanguage\":\"en-US\",\"@id\":\"https:\/\/arvutipunkt.ee\/en\/#\/schema\/logo\/image\/\",\"url\":\"https:\/\/arvutipunkt.ee\/wp-content\/uploads\/2023\/12\/cropped-ARVUTIPUNKT_LOGO_FINALE-2048x190-1.png\",\"contentUrl\":\"https:\/\/arvutipunkt.ee\/wp-content\/uploads\/2023\/12\/cropped-ARVUTIPUNKT_LOGO_FINALE-2048x190-1.png\",\"width\":2048,\"height\":190,\"caption\":\"Arvutipunkt - Parim valik m\u00e4nguri s\u00fclearvutid ja m\u00e4nguarvutid\"},\"image\":{\"@id\":\"https:\/\/arvutipunkt.ee\/en\/#\/schema\/logo\/image\/\"}}]}<\/script>\n<!-- \/ Yoast SEO plugin. -->","yoast_head_json":{"title":"Special solutions - Arvutipunkt - Parim valik m\u00e4nguri s\u00fclearvutid ja m\u00e4nguarvutid","robots":{"index":"index","follow":"follow","max-snippet":"max-snippet:-1","max-image-preview":"max-image-preview:large","max-video-preview":"max-video-preview:-1"},"canonical":"https:\/\/arvutipunkt.ee\/en\/special-solutions\/","og_locale":"en_US","og_type":"article","og_title":"Special solutions - Arvutipunkt - Parim valik m\u00e4nguri s\u00fclearvutid ja m\u00e4nguarvutid","og_description":"Custom PC Build &#8211; Exactly According to Your Specifications! If you can&#8217;t find exactly what you&#8217;re looking for in our","og_url":"https:\/\/arvutipunkt.ee\/en\/special-solutions\/","og_site_name":"Arvutipunkt - Parim valik m\u00e4nguri s\u00fclearvutid ja m\u00e4nguarvutid","article_modified_time":"2024-10-21T12:55:51+00:00","og_image":[{"width":1000,"height":667,"url":"https:\/\/arvutipunkt.ee\/wp-content\/uploads\/2024\/06\/arvutitd-erilahendused.jpg","type":"image\/jpeg"}],"twitter_card":"summary_large_image","twitter_misc":{"Est. reading time":"2 minutes"},"schema":{"@context":"https:\/\/schema.org","@graph":[{"@type":"WebPage","@id":"https:\/\/arvutipunkt.ee\/en\/special-solutions\/","url":"https:\/\/arvutipunkt.ee\/en\/special-solutions\/","name":"Special solutions - Arvutipunkt - Parim valik m\u00e4nguri s\u00fclearvutid ja m\u00e4nguarvutid","isPartOf":{"@id":"https:\/\/arvutipunkt.ee\/en\/#website"},"primaryImageOfPage":{"@id":"https:\/\/arvutipunkt.ee\/en\/special-solutions\/#primaryimage"},"image":{"@id":"https:\/\/arvutipunkt.ee\/en\/special-solutions\/#primaryimage"},"thumbnailUrl":"https:\/\/arvutipunkt.ee\/wp-content\/uploads\/2024\/06\/arvutitd-erilahendused.jpg","datePublished":"2024-05-21T10:23:28+00:00","dateModified":"2024-10-21T12:55:51+00:00","breadcrumb":{"@id":"https:\/\/arvutipunkt.ee\/en\/special-solutions\/#breadcrumb"},"inLanguage":"en-US","potentialAction":[{"@type":"ReadAction","target":["https:\/\/arvutipunkt.ee\/en\/special-solutions\/"]}]},{"@type":"ImageObject","inLanguage":"en-US","@id":"https:\/\/arvutipunkt.ee\/en\/special-solutions\/#primaryimage","url":"https:\/\/arvutipunkt.ee\/wp-content\/uploads\/2024\/06\/arvutitd-erilahendused.jpg","contentUrl":"https:\/\/arvutipunkt.ee\/wp-content\/uploads\/2024\/06\/arvutitd-erilahendused.jpg"},{"@type":"BreadcrumbList","@id":"https:\/\/arvutipunkt.ee\/en\/special-solutions\/#breadcrumb","itemListElement":[{"@type":"ListItem","position":1,"name":"Home","item":"https:\/\/arvutipunkt.ee\/en\/"},{"@type":"ListItem","position":2,"name":"Special solutions"}]},{"@type":"WebSite","@id":"https:\/\/arvutipunkt.ee\/en\/#website","url":"https:\/\/arvutipunkt.ee\/en\/","name":"Arvutipunkt - Parim valik m\u00e4nguri s\u00fclearvutid ja m\u00e4nguarvutid","description":"Avar valik m\u00e4nguri s\u00fclearvutid ja m\u00e4nguarvutid. Parimad gaming PC-d, m\u00e4nguri komplektid ja t\u00f6\u00f6jaamad. Lauaarvutite komplekteerimine vastavalt kliendi soovile.","publisher":{"@id":"https:\/\/arvutipunkt.ee\/en\/#organization"},"potentialAction":[{"@type":"SearchAction","target":{"@type":"EntryPoint","urlTemplate":"https:\/\/arvutipunkt.ee\/en\/?s={search_term_string}"},"query-input":{"@type":"PropertyValueSpecification","valueRequired":true,"valueName":"search_term_string"}}],"inLanguage":"en-US"},{"@type":"Organization","@id":"https:\/\/arvutipunkt.ee\/en\/#organization","name":"Arvutipunkt - Parim valik m\u00e4nguri s\u00fclearvutid ja m\u00e4nguarvutid","url":"https:\/\/arvutipunkt.ee\/en\/","logo":{"@type":"ImageObject","inLanguage":"en-US","@id":"https:\/\/arvutipunkt.ee\/en\/#\/schema\/logo\/image\/","url":"https:\/\/arvutipunkt.ee\/wp-content\/uploads\/2023\/12\/cropped-ARVUTIPUNKT_LOGO_FINALE-2048x190-1.png","contentUrl":"https:\/\/arvutipunkt.ee\/wp-content\/uploads\/2023\/12\/cropped-ARVUTIPUNKT_LOGO_FINALE-2048x190-1.png","width":2048,"height":190,"caption":"Arvutipunkt - Parim valik m\u00e4nguri s\u00fclearvutid ja m\u00e4nguarvutid"},"image":{"@id":"https:\/\/arvutipunkt.ee\/en\/#\/schema\/logo\/image\/"}}]}},"_links":{"self":[{"href":"https:\/\/arvutipunkt.ee\/en\/wp-json\/wp\/v2\/pages\/13011","targetHints":{"allow":["GET"]}}],"collection":[{"href":"https:\/\/arvutipunkt.ee\/en\/wp-json\/wp\/v2\/pages"}],"about":[{"href":"https:\/\/arvutipunkt.ee\/en\/wp-json\/wp\/v2\/types\/page"}],"author":[{"embeddable":true,"href":"https:\/\/arvutipunkt.ee\/en\/wp-json\/wp\/v2\/users\/2"}],"replies":[{"embeddable":true,"href":"https:\/\/arvutipunkt.ee\/en\/wp-json\/wp\/v2\/comments?post=13011"}],"version-history":[{"count":19,"href":"https:\/\/arvutipunkt.ee\/en\/wp-json\/wp\/v2\/pages\/13011\/revisions"}],"predecessor-version":[{"id":13274,"href":"https:\/\/arvutipunkt.ee\/en\/wp-json\/wp\/v2\/pages\/13011\/revisions\/13274"}],"wp:attachment":[{"href":"https:\/\/arvutipunkt.ee\/en\/wp-json\/wp\/v2\/media?parent=13011"}],"curies":[{"name":"wp","href":"https:\/\/api.w.org\/{rel}","templated":true}]}}