{"id":11913,"date":"2023-12-19T19:29:53","date_gmt":"2023-12-19T17:29:53","guid":{"rendered":"https:\/\/arvutipunkt.ee\/about-us\/"},"modified":"2024-10-21T15:57:18","modified_gmt":"2024-10-21T12:57:18","slug":"about-us","status":"publish","type":"page","link":"https:\/\/arvutipunkt.ee\/en\/about-us\/","title":{"rendered":"About us"},"content":{"rendered":"\t\t<div data-elementor-type=\"wp-page\" data-elementor-id=\"11913\" class=\"elementor elementor-11913 elementor-9832\" data-elementor-post-type=\"page\">\n\t\t\t\t<div class=\"elementor-element elementor-element-9c2645c wd-section-stretch e-flex e-con-boxed e-con e-parent\" data-id=\"9c2645c\" data-element_type=\"container\" data-settings=\"{&quot;jet_parallax_layout_list&quot;:[]}\">\n\t\t\t\t\t<div class=\"e-con-inner\">\n\t\t<div class=\"elementor-element elementor-element-63f185e e-con-full e-flex e-con e-child\" data-id=\"63f185e\" data-element_type=\"container\" data-settings=\"{&quot;jet_parallax_layout_list&quot;:[]}\">\n\t\t\t\t<div class=\"elementor-element elementor-element-24eaed0 elementor-widget elementor-widget-heading\" data-id=\"24eaed0\" data-element_type=\"widget\" data-widget_type=\"heading.default\">\n\t\t\t\t<div class=\"elementor-widget-container\">\n\t\t\t<h3 class=\"elementor-heading-title elementor-size-default\">Who are we?<\/h3>\t\t<\/div>\n\t\t\t\t<\/div>\n\t\t\t\t<div class=\"elementor-element elementor-element-3a9691b color-scheme-inherit text-left elementor-widget elementor-widget-text-editor\" data-id=\"3a9691b\" data-element_type=\"widget\" data-widget_type=\"text-editor.default\">\n\t\t\t\t<div class=\"elementor-widget-container\">\n\t\t\t\t\t\t\t<p>Welcome to our e-shop!<\/p>\n<p>We are a specialized e-shop for gaming computers, where we offer gaming computers at the best price in Estonia. Our business model differs from conventional computer stores, as we do not have an actively open representative office, but an e-store. We order components according to your needs directly from suppliers, thereby ensuring the best price.<\/p>\n\t\t\t\t\t\t<\/div>\n\t\t\t\t<\/div>\n\t\t\t\t<\/div>\n\t\t<div class=\"elementor-element elementor-element-6d61832 e-con-full e-flex e-con e-child\" data-id=\"6d61832\" data-element_type=\"container\" data-settings=\"{&quot;jet_parallax_layout_list&quot;:[]}\">\n\t\t\t\t<div class=\"elementor-element elementor-element-3c7b4f6 elementor-widget elementor-widget-image\" data-id=\"3c7b4f6\" data-element_type=\"widget\" data-widget_type=\"image.default\">\n\t\t\t\t<div class=\"elementor-widget-container\">\n\t\t\t\t\t\t\t\t\t\t\t\t\t<img fetchpriority=\"high\" decoding=\"async\" width=\"1280\" height=\"720\" src=\"https:\/\/arvutipunkt.ee\/wp-content\/uploads\/2023\/12\/gaming-pc-build.webp\" class=\"attachment-full size-full wp-image-11473\" alt=\"m\u00e4nguarvuti\" srcset=\"https:\/\/arvutipunkt.ee\/wp-content\/uploads\/2023\/12\/gaming-pc-build.webp 1280w, https:\/\/arvutipunkt.ee\/wp-content\/uploads\/2023\/12\/gaming-pc-build-150x84.webp 150w, https:\/\/arvutipunkt.ee\/wp-content\/uploads\/2023\/12\/gaming-pc-build-1200x675.webp 1200w, https:\/\/arvutipunkt.ee\/wp-content\/uploads\/2023\/12\/gaming-pc-build-300x169.webp 300w, https:\/\/arvutipunkt.ee\/wp-content\/uploads\/2023\/12\/gaming-pc-build-1024x576.webp 1024w, https:\/\/arvutipunkt.ee\/wp-content\/uploads\/2023\/12\/gaming-pc-build-768x432.webp 768w\" sizes=\"(max-width: 1280px) 100vw, 1280px\" \/>\t\t\t\t\t\t\t\t\t\t\t\t\t<\/div>\n\t\t\t\t<\/div>\n\t\t\t\t<\/div>\n\t\t\t\t\t<\/div>\n\t\t\t\t<\/div>\n\t\t<div class=\"elementor-element elementor-element-68e691f wd-section-stretch e-flex e-con-boxed e-con e-parent\" data-id=\"68e691f\" data-element_type=\"container\" data-settings=\"{&quot;jet_parallax_layout_list&quot;:[]}\">\n\t\t\t\t\t<div class=\"e-con-inner\">\n\t\t<div class=\"elementor-element elementor-element-e0f78b1 e-con-full e-flex e-con e-child\" data-id=\"e0f78b1\" data-element_type=\"container\" data-settings=\"{&quot;jet_parallax_layout_list&quot;:[]}\">\n\t\t\t\t<div class=\"elementor-element elementor-element-0b471d0 elementor-widget elementor-widget-heading\" data-id=\"0b471d0\" data-element_type=\"widget\" data-widget_type=\"heading.default\">\n\t\t\t\t<div class=\"elementor-widget-container\">\n\t\t\t<h3 class=\"elementor-heading-title elementor-size-default\">Why choose us?<\/h3>\t\t<\/div>\n\t\t\t\t<\/div>\n\t\t\t\t<div class=\"elementor-element elementor-element-f6b37e3 color-scheme-inherit text-left elementor-widget elementor-widget-text-editor\" data-id=\"f6b37e3\" data-element_type=\"widget\" data-widget_type=\"text-editor.default\">\n\t\t\t\t<div class=\"elementor-widget-container\">\n\t\t\t\t\t\t\t<p>Our goal is to provide you with the best possible gaming experience, quality products and personalized customer service, exceeding your expectations in terms of both performance and quality. Our team is dedicated to understanding your needs and helping you build exactly the gaming PC you want.<\/p>\n\t\t\t\t\t\t<\/div>\n\t\t\t\t<\/div>\n\t\t\t\t<\/div>\n\t\t<div class=\"elementor-element elementor-element-948d92d e-con-full e-flex e-con e-child\" data-id=\"948d92d\" data-element_type=\"container\" data-settings=\"{&quot;jet_parallax_layout_list&quot;:[]}\">\n\t\t\t\t<div class=\"elementor-element elementor-element-98e2c9f elementor-widget elementor-widget-image\" data-id=\"98e2c9f\" data-element_type=\"widget\" data-widget_type=\"image.default\">\n\t\t\t\t<div class=\"elementor-widget-container\">\n\t\t\t\t\t\t\t\t\t\t\t\t\t<img decoding=\"async\" width=\"1920\" height=\"1080\" src=\"https:\/\/arvutipunkt.ee\/wp-content\/uploads\/2023\/12\/24052021_ROB_01.webp\" class=\"attachment-full size-full wp-image-11471\" alt=\"m\u00e4nguarvuti-2\" srcset=\"https:\/\/arvutipunkt.ee\/wp-content\/uploads\/2023\/12\/24052021_ROB_01.webp 1920w, https:\/\/arvutipunkt.ee\/wp-content\/uploads\/2023\/12\/24052021_ROB_01-150x84.webp 150w, https:\/\/arvutipunkt.ee\/wp-content\/uploads\/2023\/12\/24052021_ROB_01-1200x675.webp 1200w, https:\/\/arvutipunkt.ee\/wp-content\/uploads\/2023\/12\/24052021_ROB_01-300x169.webp 300w, https:\/\/arvutipunkt.ee\/wp-content\/uploads\/2023\/12\/24052021_ROB_01-1024x576.webp 1024w, https:\/\/arvutipunkt.ee\/wp-content\/uploads\/2023\/12\/24052021_ROB_01-768x432.webp 768w, https:\/\/arvutipunkt.ee\/wp-content\/uploads\/2023\/12\/24052021_ROB_01-1536x864.webp 1536w\" sizes=\"(max-width: 1920px) 100vw, 1920px\" \/>\t\t\t\t\t\t\t\t\t\t\t\t\t<\/div>\n\t\t\t\t<\/div>\n\t\t\t\t<\/div>\n\t\t\t\t\t<\/div>\n\t\t\t\t<\/div>\n\t\t\t\t<\/div>\n\t\t","protected":false},"excerpt":{"rendered":"<p>Who are we? Welcome to our e-shop! We are a specialized e-shop for gaming computers, where we offer gaming computers<\/p>\n","protected":false},"author":2,"featured_media":0,"parent":0,"menu_order":0,"comment_status":"closed","ping_status":"closed","template":"","meta":{"_acf_changed":false,"footnotes":""},"class_list":["post-11913","page","type-page","status-publish","hentry"],"acf":[],"yoast_head":"<!-- This site is optimized with the Yoast SEO plugin v25.3.1 - https:\/\/yoast.com\/wordpress\/plugins\/seo\/ -->\n<title>About us - Arvutipunkt - Parim valik m\u00e4nguri s\u00fclearvutid ja m\u00e4nguarvutid<\/title>\n<meta name=\"robots\" content=\"index, follow, max-snippet:-1, max-image-preview:large, max-video-preview:-1\" \/>\n<link rel=\"canonical\" href=\"https:\/\/arvutipunkt.ee\/en\/about-us\/\" \/>\n<meta property=\"og:locale\" content=\"en_US\" \/>\n<meta property=\"og:type\" content=\"article\" \/>\n<meta property=\"og:title\" content=\"About us - Arvutipunkt - Parim valik m\u00e4nguri s\u00fclearvutid ja m\u00e4nguarvutid\" \/>\n<meta property=\"og:description\" content=\"Who are we? Welcome to our e-shop! We are a specialized e-shop for gaming computers, where we offer gaming computers\" \/>\n<meta property=\"og:url\" content=\"https:\/\/arvutipunkt.ee\/en\/about-us\/\" \/>\n<meta property=\"og:site_name\" content=\"Arvutipunkt - Parim valik m\u00e4nguri s\u00fclearvutid ja m\u00e4nguarvutid\" \/>\n<meta property=\"article:modified_time\" content=\"2024-10-21T12:57:18+00:00\" \/>\n<meta property=\"og:image\" content=\"https:\/\/arvutipunkt.ee\/wp-content\/uploads\/2023\/12\/gaming-pc-build.webp\" \/>\n\t<meta property=\"og:image:width\" content=\"1280\" \/>\n\t<meta property=\"og:image:height\" content=\"720\" \/>\n\t<meta property=\"og:image:type\" content=\"image\/webp\" \/>\n<meta name=\"twitter:card\" content=\"summary_large_image\" \/>\n<meta name=\"twitter:label1\" content=\"Est. reading time\" \/>\n\t<meta name=\"twitter:data1\" content=\"1 minute\" \/>\n<script type=\"application\/ld+json\" class=\"yoast-schema-graph\">{\"@context\":\"https:\/\/schema.org\",\"@graph\":[{\"@type\":\"WebPage\",\"@id\":\"https:\/\/arvutipunkt.ee\/en\/about-us\/\",\"url\":\"https:\/\/arvutipunkt.ee\/en\/about-us\/\",\"name\":\"About us - Arvutipunkt - Parim valik m\u00e4nguri s\u00fclearvutid ja m\u00e4nguarvutid\",\"isPartOf\":{\"@id\":\"https:\/\/arvutipunkt.ee\/en\/#website\"},\"primaryImageOfPage\":{\"@id\":\"https:\/\/arvutipunkt.ee\/en\/about-us\/#primaryimage\"},\"image\":{\"@id\":\"https:\/\/arvutipunkt.ee\/en\/about-us\/#primaryimage\"},\"thumbnailUrl\":\"https:\/\/arvutipunkt.ee\/wp-content\/uploads\/2023\/12\/gaming-pc-build.webp\",\"datePublished\":\"2023-12-19T17:29:53+00:00\",\"dateModified\":\"2024-10-21T12:57:18+00:00\",\"breadcrumb\":{\"@id\":\"https:\/\/arvutipunkt.ee\/en\/about-us\/#breadcrumb\"},\"inLanguage\":\"en-US\",\"potentialAction\":[{\"@type\":\"ReadAction\",\"target\":[\"https:\/\/arvutipunkt.ee\/en\/about-us\/\"]}]},{\"@type\":\"ImageObject\",\"inLanguage\":\"en-US\",\"@id\":\"https:\/\/arvutipunkt.ee\/en\/about-us\/#primaryimage\",\"url\":\"https:\/\/arvutipunkt.ee\/wp-content\/uploads\/2023\/12\/gaming-pc-build.webp\",\"contentUrl\":\"https:\/\/arvutipunkt.ee\/wp-content\/uploads\/2023\/12\/gaming-pc-build.webp\"},{\"@type\":\"BreadcrumbList\",\"@id\":\"https:\/\/arvutipunkt.ee\/en\/about-us\/#breadcrumb\",\"itemListElement\":[{\"@type\":\"ListItem\",\"position\":1,\"name\":\"Home\",\"item\":\"https:\/\/arvutipunkt.ee\/en\/\"},{\"@type\":\"ListItem\",\"position\":2,\"name\":\"About us\"}]},{\"@type\":\"WebSite\",\"@id\":\"https:\/\/arvutipunkt.ee\/en\/#website\",\"url\":\"https:\/\/arvutipunkt.ee\/en\/\",\"name\":\"Arvutipunkt - Parim valik m\u00e4nguri s\u00fclearvutid ja m\u00e4nguarvutid\",\"description\":\"Avar valik m\u00e4nguri s\u00fclearvutid ja m\u00e4nguarvutid. Parimad gaming PC-d, m\u00e4nguri komplektid ja t\u00f6\u00f6jaamad. Lauaarvutite komplekteerimine vastavalt kliendi soovile.\",\"publisher\":{\"@id\":\"https:\/\/arvutipunkt.ee\/en\/#organization\"},\"potentialAction\":[{\"@type\":\"SearchAction\",\"target\":{\"@type\":\"EntryPoint\",\"urlTemplate\":\"https:\/\/arvutipunkt.ee\/en\/?s={search_term_string}\"},\"query-input\":{\"@type\":\"PropertyValueSpecification\",\"valueRequired\":true,\"valueName\":\"search_term_string\"}}],\"inLanguage\":\"en-US\"},{\"@type\":\"Organization\",\"@id\":\"https:\/\/arvutipunkt.ee\/en\/#organization\",\"name\":\"Arvutipunkt - Parim valik m\u00e4nguri s\u00fclearvutid ja m\u00e4nguarvutid\",\"url\":\"https:\/\/arvutipunkt.ee\/en\/\",\"logo\":{\"@type\":\"ImageObject\",\"inLanguage\":\"en-US\",\"@id\":\"https:\/\/arvutipunkt.ee\/en\/#\/schema\/logo\/image\/\",\"url\":\"https:\/\/arvutipunkt.ee\/wp-content\/uploads\/2023\/12\/cropped-ARVUTIPUNKT_LOGO_FINALE-2048x190-1.png\",\"contentUrl\":\"https:\/\/arvutipunkt.ee\/wp-content\/uploads\/2023\/12\/cropped-ARVUTIPUNKT_LOGO_FINALE-2048x190-1.png\",\"width\":2048,\"height\":190,\"caption\":\"Arvutipunkt - Parim valik m\u00e4nguri s\u00fclearvutid ja m\u00e4nguarvutid\"},\"image\":{\"@id\":\"https:\/\/arvutipunkt.ee\/en\/#\/schema\/logo\/image\/\"}}]}<\/script>\n<!-- \/ Yoast SEO plugin. -->","yoast_head_json":{"title":"About us - Arvutipunkt - Parim valik m\u00e4nguri s\u00fclearvutid ja m\u00e4nguarvutid","robots":{"index":"index","follow":"follow","max-snippet":"max-snippet:-1","max-image-preview":"max-image-preview:large","max-video-preview":"max-video-preview:-1"},"canonical":"https:\/\/arvutipunkt.ee\/en\/about-us\/","og_locale":"en_US","og_type":"article","og_title":"About us - Arvutipunkt - Parim valik m\u00e4nguri s\u00fclearvutid ja m\u00e4nguarvutid","og_description":"Who are we? Welcome to our e-shop! We are a specialized e-shop for gaming computers, where we offer gaming computers","og_url":"https:\/\/arvutipunkt.ee\/en\/about-us\/","og_site_name":"Arvutipunkt - Parim valik m\u00e4nguri s\u00fclearvutid ja m\u00e4nguarvutid","article_modified_time":"2024-10-21T12:57:18+00:00","og_image":[{"width":1280,"height":720,"url":"https:\/\/arvutipunkt.ee\/wp-content\/uploads\/2023\/12\/gaming-pc-build.webp","type":"image\/webp"}],"twitter_card":"summary_large_image","twitter_misc":{"Est. reading time":"1 minute"},"schema":{"@context":"https:\/\/schema.org","@graph":[{"@type":"WebPage","@id":"https:\/\/arvutipunkt.ee\/en\/about-us\/","url":"https:\/\/arvutipunkt.ee\/en\/about-us\/","name":"About us - Arvutipunkt - Parim valik m\u00e4nguri s\u00fclearvutid ja m\u00e4nguarvutid","isPartOf":{"@id":"https:\/\/arvutipunkt.ee\/en\/#website"},"primaryImageOfPage":{"@id":"https:\/\/arvutipunkt.ee\/en\/about-us\/#primaryimage"},"image":{"@id":"https:\/\/arvutipunkt.ee\/en\/about-us\/#primaryimage"},"thumbnailUrl":"https:\/\/arvutipunkt.ee\/wp-content\/uploads\/2023\/12\/gaming-pc-build.webp","datePublished":"2023-12-19T17:29:53+00:00","dateModified":"2024-10-21T12:57:18+00:00","breadcrumb":{"@id":"https:\/\/arvutipunkt.ee\/en\/about-us\/#breadcrumb"},"inLanguage":"en-US","potentialAction":[{"@type":"ReadAction","target":["https:\/\/arvutipunkt.ee\/en\/about-us\/"]}]},{"@type":"ImageObject","inLanguage":"en-US","@id":"https:\/\/arvutipunkt.ee\/en\/about-us\/#primaryimage","url":"https:\/\/arvutipunkt.ee\/wp-content\/uploads\/2023\/12\/gaming-pc-build.webp","contentUrl":"https:\/\/arvutipunkt.ee\/wp-content\/uploads\/2023\/12\/gaming-pc-build.webp"},{"@type":"BreadcrumbList","@id":"https:\/\/arvutipunkt.ee\/en\/about-us\/#breadcrumb","itemListElement":[{"@type":"ListItem","position":1,"name":"Home","item":"https:\/\/arvutipunkt.ee\/en\/"},{"@type":"ListItem","position":2,"name":"About us"}]},{"@type":"WebSite","@id":"https:\/\/arvutipunkt.ee\/en\/#website","url":"https:\/\/arvutipunkt.ee\/en\/","name":"Arvutipunkt - Parim valik m\u00e4nguri s\u00fclearvutid ja m\u00e4nguarvutid","description":"Avar valik m\u00e4nguri s\u00fclearvutid ja m\u00e4nguarvutid. Parimad gaming PC-d, m\u00e4nguri komplektid ja t\u00f6\u00f6jaamad. Lauaarvutite komplekteerimine vastavalt kliendi soovile.","publisher":{"@id":"https:\/\/arvutipunkt.ee\/en\/#organization"},"potentialAction":[{"@type":"SearchAction","target":{"@type":"EntryPoint","urlTemplate":"https:\/\/arvutipunkt.ee\/en\/?s={search_term_string}"},"query-input":{"@type":"PropertyValueSpecification","valueRequired":true,"valueName":"search_term_string"}}],"inLanguage":"en-US"},{"@type":"Organization","@id":"https:\/\/arvutipunkt.ee\/en\/#organization","name":"Arvutipunkt - Parim valik m\u00e4nguri s\u00fclearvutid ja m\u00e4nguarvutid","url":"https:\/\/arvutipunkt.ee\/en\/","logo":{"@type":"ImageObject","inLanguage":"en-US","@id":"https:\/\/arvutipunkt.ee\/en\/#\/schema\/logo\/image\/","url":"https:\/\/arvutipunkt.ee\/wp-content\/uploads\/2023\/12\/cropped-ARVUTIPUNKT_LOGO_FINALE-2048x190-1.png","contentUrl":"https:\/\/arvutipunkt.ee\/wp-content\/uploads\/2023\/12\/cropped-ARVUTIPUNKT_LOGO_FINALE-2048x190-1.png","width":2048,"height":190,"caption":"Arvutipunkt - Parim valik m\u00e4nguri s\u00fclearvutid ja m\u00e4nguarvutid"},"image":{"@id":"https:\/\/arvutipunkt.ee\/en\/#\/schema\/logo\/image\/"}}]}},"_links":{"self":[{"href":"https:\/\/arvutipunkt.ee\/en\/wp-json\/wp\/v2\/pages\/11913","targetHints":{"allow":["GET"]}}],"collection":[{"href":"https:\/\/arvutipunkt.ee\/en\/wp-json\/wp\/v2\/pages"}],"about":[{"href":"https:\/\/arvutipunkt.ee\/en\/wp-json\/wp\/v2\/types\/page"}],"author":[{"embeddable":true,"href":"https:\/\/arvutipunkt.ee\/en\/wp-json\/wp\/v2\/users\/2"}],"replies":[{"embeddable":true,"href":"https:\/\/arvutipunkt.ee\/en\/wp-json\/wp\/v2\/comments?post=11913"}],"version-history":[{"count":7,"href":"https:\/\/arvutipunkt.ee\/en\/wp-json\/wp\/v2\/pages\/11913\/revisions"}],"predecessor-version":[{"id":13280,"href":"https:\/\/arvutipunkt.ee\/en\/wp-json\/wp\/v2\/pages\/11913\/revisions\/13280"}],"wp:attachment":[{"href":"https:\/\/arvutipunkt.ee\/en\/wp-json\/wp\/v2\/media?parent=11913"}],"curies":[{"name":"wp","href":"https:\/\/api.w.org\/{rel}","templated":true}]}}